{"id":3595,"date":"2024-11-07T12:13:18","date_gmt":"2024-11-07T12:13:18","guid":{"rendered":"https:\/\/nfc-readers.com\/?post_type=product&#038;p=3595"},"modified":"2024-11-07T12:13:18","modified_gmt":"2024-11-07T12:13:18","slug":"custom-plastic-pvc-nfc-card-printing-for-business","status":"publish","type":"product","link":"https:\/\/nfc-readers.com\/it\/ic-reader\/custom-plastic-pvc-nfc-card-printing-for-business\/","title":{"rendered":"Stampa di carte NFC in PVC di plastica personalizzate per le aziende"},"content":{"rendered":"<h1><span style=\"color: #000080;\"><strong>Stampa di carte NFC in PVC di plastica personalizzate per le aziende<\/strong><\/span><\/h1>\n<p><strong><span style=\"color: #666699;\">Nel frenetico mondo digitale di oggi, ottimizzare le operazioni aziendali \u00e8 fondamentale e la stampa di tessere NFC in PVC di plastica personalizzate per le aziende \u00e8 all&#039;avanguardia. La tecnologia NFC (Near Field Communication) migliora il modo in cui le aziende gestiscono il controllo degli accessi, le interazioni con i clienti e le attivit\u00e0 promozionali. Le tessere NFC personalizzate non solo migliorano il coinvolgimento, ma consentono anche transazioni fluide, branding personalizzato e gestione efficace dei dati. Che tu stia cercando tessere di controllo degli accessi, tessere Mifare o tessere fedelt\u00e0, investire in soluzioni NFC personalizzate \u00e8 una mossa strategica che pu\u00f2 elevare la funzionalit\u00e0 della tua attivit\u00e0.<\/span><\/strong><\/p>\n<p><span style=\"color: #008080;\">Con numerosi vantaggi che vanno dalla sicurezza migliorata alla migliore esperienza del cliente, queste carte possono soddisfare vari settori, tra cui vendita al dettaglio, ospitalit\u00e0 e trasporto pubblico. Esploriamo i molteplici vantaggi e le caratteristiche delle carte NFC, perch\u00e9 valgono l&#039;investimento e come possono migliorare significativamente i tuoi processi aziendali.<\/span><\/p>\n<hr \/>\n<h2><\/h2>\n<h2 style=\"text-align: center;\"><span style=\"color: #333399;\"><em><strong>Attributi principali delle carte NFC personalizzate<\/strong><\/em><\/span><\/h2>\n<p><strong>Quando si opta per la stampa di tessere NFC in PVC di plastica personalizzate per le aziende, si adotta uno strumento versatile su misura per le proprie esigenze specifiche. Queste tessere possono essere realizzate in materiale PVC+Epoxy durevole, assicurando che resistano all&#039;usura quotidiana. La dimensione standard \u00e8 85,5 mm x 54 mm, ma la personalizzazione consente varie dimensioni per adattarsi alle proprie applicazioni. Inoltre, \u00e8 possibile optare per uno spessore personalizzato di 0,85 mm per una maggiore durata.<\/strong><\/p>\n<p>&nbsp;<\/p>\n<h2 style=\"text-align: center;\"><em><span style=\"color: #333399;\"><strong>Benefici<\/strong><\/span><\/em><\/h2>\n<ul>\n<li><strong>Durata<\/strong>: Il PVC personalizzato garantisce longevit\u00e0, rendendo il tuo investimento redditizio.<\/li>\n<li><strong>Personalizzazione<\/strong>: Scegli colori, loghi e stili di stampa che rispecchino l&#039;identit\u00e0 del tuo marchio.<\/li>\n<\/ul>\n<p>&nbsp;<\/p>\n<h2 style=\"text-align: center;\"><em><span style=\"color: #333399;\"><strong>Caratteristiche speciali<\/strong><\/span><\/em><\/h2>\n<p><strong>Impermeabile e resistente alle intemperie<\/strong><\/p>\n<p><strong>Le carte NFC personalizzate offrono funzionalit\u00e0 specifiche progettate per migliorare l&#039;esperienza utente e massimizzare la versatilit\u00e0. Possono essere realizzate impermeabili e resistenti alle intemperie, il che \u00e8 fondamentale per le aziende che operano in ambienti diversi.<\/strong><\/p>\n<h3><span style=\"color: #666699;\"><strong>Perch\u00e9 \u00e8 importante:<\/strong><\/span><\/h3>\n<ul>\n<li><strong>Versatilit\u00e0<\/strong>: Ideale per eventi all&#039;aperto, controllo degli accessi in luoghi all&#039;aperto e molto altro.<\/li>\n<li><strong>Longevit\u00e0<\/strong>: Le carte resistenti ai danni causati dall&#039;acqua durano pi\u00f9 a lungo, evitando cos\u00ec di dover sostenere frequenti costi di sostituzione.<\/li>\n<\/ul>\n<p>&nbsp;<\/p>\n<h2 style=\"text-align: center;\"><em><span style=\"color: #333399;\"><strong>Specifiche tecniche delle carte NFC in PVC<\/strong><\/span><\/em><\/h2>\n<p><span style=\"color: #008080;\"><strong>Per prendere decisioni consapevoli \u00e8 fondamentale conoscere le specifiche tecniche delle carte NFC. <\/strong><\/span><\/p>\n<p><span style=\"color: #008080;\"><strong>Ecco una ripartizione dei dettagli essenziali:<\/strong><\/span><\/p>\n<div class=\"table-with-header rounded-lg border border-solid border-grey-line2-normal w-fit max-w-full mb-2\">\n<div class=\"overflow-x-auto custom-scrollbar custom-scrollbar-float max-w-full\">\n<table class=\"w-fit !mb-0 !max-w-none\" style=\"height: 265px;\" width=\"435\">\n<thead>\n<tr>\n<th>Attributo<\/th>\n<th>Specificazione<\/th>\n<\/tr>\n<\/thead>\n<tbody>\n<tr>\n<td>Patata fritta<\/td>\n<td>F08\/NTag213\/Tag215\/Tag216 (2k\/4k\/8k)<\/td>\n<\/tr>\n<tr>\n<td>Misurare<\/td>\n<td>85,5 mm x 54 mm\/personalizzato<\/td>\n<\/tr>\n<tr>\n<td>Opzioni di stampa<\/td>\n<td>Stampa CMYK4C\/offset\/serigrafia<\/td>\n<\/tr>\n<tr>\n<td>Frequenza<\/td>\n<td>13,56 MHz<\/td>\n<\/tr>\n<tr>\n<td>Memoria<\/td>\n<td>Fino a 8k, personalizzabile<\/td>\n<\/tr>\n<tr>\n<td>Dimensioni della confezione<\/td>\n<td>5,55 cm x 5,4 cm x 0,01 cm<\/td>\n<\/tr>\n<tr>\n<td>Peso lordo<\/td>\n<td>0,010 kg<\/td>\n<\/tr>\n<\/tbody>\n<\/table>\n<\/div>\n<\/div>\n<h2><span style=\"color: #666699;\"><strong>Caratteristiche aggiuntive:<\/strong><\/span><\/h2>\n<ul>\n<li><strong>Logo personalizzato<\/strong>: L&#039;uso del tuo marchio aumenta la visibilit\u00e0 e la professionalit\u00e0.<\/li>\n<li><strong>Sottile ma forte<\/strong>: Lo spessore di 0,85 mm garantisce una carta leggera e durevole.<\/li>\n<\/ul>\n<p>&nbsp;<\/p>\n<h2 style=\"text-align: center;\"><strong><em><span style=\"color: #000080;\">Interfacce di comunicazione avanzate RFID e NFC<\/span><\/em><\/strong><\/h2>\n<p>IL <strong>interfacce di comunicazione<\/strong>\u00a0delle carte NFC sono parte integrante della loro funzione. Operano a una frequenza di\u00a0<strong>13,56 MHz<\/strong>Le carte NFC utilizzano sia la tecnologia RFID che NFC, che consentono uno scambio di dati rapido e senza contatto.<\/p>\n<h3><span style=\"color: #666699;\"><strong>Punti chiave:<\/strong><\/span><\/h3>\n<ul>\n<li><strong>Transazioni senza soluzione di continuit\u00e0<\/strong>: Interazioni utente rapide e senza problemi per pagamenti e accessi.<\/li>\n<li><strong>Compatibilit\u00e0<\/strong>: Funziona perfettamente con vari\u00a0<strong>lettori di carte<\/strong>\u00a0e sistemi di gestione, semplificando l&#039;integrazione.<\/li>\n<\/ul>\n<p>&nbsp;<\/p>\n<h3><span style=\"color: #666699;\"><strong>Applicazioni industriali: <\/strong><\/span><\/h3>\n<p><strong>Potenzia la tua attivit\u00e0Le carte NFC personalizzate sono incredibilmente versatili e possono essere utilizzate in numerosi settori industriali. Dalle carte Mifare per il trasporto pubblico alle carte di controllo degli accessi per ambienti sicuri, le applicazioni sono vaste.<\/strong><\/p>\n<p>&nbsp;<\/p>\n<h3><span style=\"color: #666699;\"><strong>Esempi di applicazione:<\/strong><\/span><\/h3>\n<ul>\n<li><strong>Vedere al dettaglio<\/strong>: Utilizza le carte fedelt\u00e0 per coinvolgere direttamente i clienti, premiando le visite ripetute e acquisendo dati preziosi.<\/li>\n<li><strong>Ospitalit\u00e0<\/strong>: Implementare chiavi intelligenti nelle camere degli hotel, offrendo agli ospiti un&#039;esperienza di check-in fluida.<\/li>\n<\/ul>\n<p>&nbsp;<\/p>\n<p>&nbsp;<\/p>\n<h2 style=\"text-align: center;\"><span style=\"color: #333399;\"><em><strong>Impatto ambientale e sostenibilit\u00e0<\/strong><\/em><\/span><\/h2>\n<p><strong>L&#039;adozione di pratiche ecosostenibili \u00e8 fondamentale per le aziende odierne. Le nostre carte NFC in PVC possono essere progettate per ridurre l&#039;impatto ambientale. L&#039;utilizzo di materiali riciclabili affronta le problematiche di sostenibilit\u00e0 mantenendo un&#039;elevata funzionalit\u00e0.<\/strong><\/p>\n<ul>\n<li><strong>Minore impronta di carbonio<\/strong>: L&#039;utilizzo di materiali sostenibili riduce gli sprechi.<\/li>\n<li><strong>Durata di vita durevole<\/strong>: Le carte di alta qualit\u00e0 comportano meno sostituzioni, il che \u00e8 meglio per l&#039;ambiente.<\/li>\n<\/ul>\n<p>&nbsp;<\/p>\n<h2 style=\"text-align: center;\"><em><span style=\"color: #333399;\"><strong>Recensioni dei clienti<\/strong><\/span><\/em><\/h2>\n<ul>\n<li><strong>Sara K.<\/strong>: &quot;Le opzioni di personalizzazione ci hanno permesso di integrare perfettamente il nostro branding. I nostri ospiti adorano le nuove chiavi intelligenti delle camere!&quot;<\/li>\n<li><strong>di Mike R.<\/strong>: &quot;Queste carte funzionano perfettamente con il nostro sistema di controllo degli accessi. L&#039;installazione \u00e8 stata rapida e ora possiamo gestire le nostre credenziali facilmente.&quot;<\/li>\n<\/ul>","protected":false},"excerpt":{"rendered":"<p>Ottimizza il tuo business con le carte NFC in PVC personalizzate, che offrono durata, caratteristiche di impermeabilit\u00e0, transazioni fluide e un marchio personalizzato per diverse applicazioni.<\/p>","protected":false},"featured_media":3597,"template":"","meta":[],"product_brand":[],"product_cat":[46],"product_tag":[],"class_list":{"0":"post-3595","1":"product","2":"type-product","3":"status-publish","4":"has-post-thumbnail","6":"product_cat-nfc-cards","8":"first","9":"instock","10":"shipping-taxable","11":"product-type-simple"},"_links":{"self":[{"href":"https:\/\/nfc-readers.com\/it\/wp-json\/wp\/v2\/product\/3595","targetHints":{"allow":["GET"]}}],"collection":[{"href":"https:\/\/nfc-readers.com\/it\/wp-json\/wp\/v2\/product"}],"about":[{"href":"https:\/\/nfc-readers.com\/it\/wp-json\/wp\/v2\/types\/product"}],"wp:featuredmedia":[{"embeddable":true,"href":"https:\/\/nfc-readers.com\/it\/wp-json\/wp\/v2\/media\/3597"}],"wp:attachment":[{"href":"https:\/\/nfc-readers.com\/it\/wp-json\/wp\/v2\/media?parent=3595"}],"wp:term":[{"taxonomy":"product_brand","embeddable":true,"href":"https:\/\/nfc-readers.com\/it\/wp-json\/wp\/v2\/product_brand?post=3595"},{"taxonomy":"product_cat","embeddable":true,"href":"https:\/\/nfc-readers.com\/it\/wp-json\/wp\/v2\/product_cat?post=3595"},{"taxonomy":"product_tag","embeddable":true,"href":"https:\/\/nfc-readers.com\/it\/wp-json\/wp\/v2\/product_tag?post=3595"}],"curies":[{"name":"wp","href":"https:\/\/api.w.org\/{rel}","templated":true}]}}