{"id":3602,"date":"2024-11-07T15:58:55","date_gmt":"2024-11-07T15:58:55","guid":{"rendered":"https:\/\/nfc-readers.com\/?post_type=product&#038;p=3602"},"modified":"2024-11-07T16:39:39","modified_gmt":"2024-11-07T16:39:39","slug":"write-url-dynamic-qr-code-ntag-213-nfc-card","status":"publish","type":"product","link":"https:\/\/nfc-readers.com\/it\/ic-reader\/write-url-dynamic-qr-code-ntag-213-nfc-card\/","title":{"rendered":"Scrivi URL codice QR dinamico Ntag 213 NFC card"},"content":{"rendered":"<h1 style=\"text-align: center;\"><span style=\"color: #000080;\"><strong>Scrivi URL codice QR dinamico Ntag 213 NFC card<\/strong><\/span><\/h1>\n<p><span style=\"color: #666699;\"><strong>Scrivi URL Codice QR dinamico NTAG213 NFC Card: trasforma le tue interazioni aziendaliIn un mondo sempre pi\u00f9 digitale, la comunicazione efficace e l&#039;efficienza operativa sono fondamentali per qualsiasi attivit\u00e0. La Write URL Dynamic QR Code NTAG213 NFC Card \u00e8 un prodotto rivoluzionario che migliora le interazioni, semplifica i processi e semplifica la connessione tra clienti e aziende.<\/strong><\/span><\/p>\n<p>Queste carte NFC utilizzano tecnologie all&#039;avanguardia\u00a0<strong>Tecnologia NTAG213<\/strong>\u00a0per fornire funzionalit\u00e0 URL dinamiche, consentendo alle aziende di indirizzare gli utenti a qualsiasi sito Web o risorsa digitale senza soluzione di continuit\u00e0. Questa potente combinazione di tecnologia NFC e codice QR consente applicazioni versatili, tra cui campagne di marketing, gestione di eventi, autenticazione di prodotti e molto altro. Investire nelle carte NFC NTAG213 non \u00e8 solo una mossa strategica, ma un passo verso la modernizzazione delle operazioni aziendali.<\/p>\n<hr \/>\n<p>&nbsp;<\/p>\n<p>&nbsp;<\/p>\n<h2 style=\"text-align: center;\"><em><strong><span style=\"color: #333399;\">Attributi principali della scheda NFC NTAG213<\/span><\/strong><\/em><\/h2>\n<p><span style=\"color: #008080;\"><strong>La NTAG213 NFC Card si distingue per le sue caratteristiche innovative e la sua costruzione robusta. Ecco gli attributi essenziali:<\/strong><\/span><\/p>\n<ul>\n<li><strong>Materiale<\/strong>: Realizzato in materiale di alta qualit\u00e0\u00a0<strong>PVC<\/strong>, queste carte sono progettate per durare a lungo e durare a lungo. Possono resistere ai rigori dell&#039;uso quotidiano, sia che vengano distribuite durante gli eventi o utilizzate nei sistemi di controllo degli accessi.<\/li>\n<li><strong>Tecnologia dei chip<\/strong>: Il chip NTAG213 \u00e8 progettato specificamente per applicazioni che richiedono dati dinamici, offrendo una capacit\u00e0 di memoria di\u00a0<strong>144 byte<\/strong>\u00a0e la possibilit\u00e0 di riscrivere gli URL in qualsiasi momento senza dover stampare nuove schede.<\/li>\n<li><strong>Dimensioni e personalizzazione<\/strong>: Le dimensioni standard sono\u00a0<strong>85,5 mm x 54 mm<\/strong>, consentendo uniformit\u00e0 con le dimensioni tradizionali delle carte di credito, rendendole facili da trasportare. Sono inoltre possibili personalizzazioni in termini di dimensioni e design per soddisfare le tue esigenze di branding.<\/li>\n<\/ul>\n<p>&nbsp;<\/p>\n<p>&nbsp;<\/p>\n<h2 style=\"text-align: center;\"><em><strong><span style=\"color: #333399;\">Caratteristiche speciali<\/span><\/strong><\/em><\/h2>\n<p style=\"text-align: left;\"><strong>Design impermeabile e resistente alle intemperie<\/strong><\/p>\n<p style=\"text-align: left;\">Una delle caratteristiche distintive delle carte Write URL NFC \u00e8 la loro\u00a0<strong>impermeabile e resistente alle intemperie<\/strong>\u00a0propriet\u00e0. Le aziende che operano in ambienti diversi possono trarre grandi vantaggi da queste caratteristiche.<\/p>\n<ul>\n<li><strong>Versatilit\u00e0<\/strong>: Queste carte sono ideali per eventi all&#039;aperto, dove l&#039;esposizione all&#039;umidit\u00e0 potrebbe danneggiare le carte standard. Che si tratti di un festival musicale, di un evento sportivo o di campagne di marketing all&#039;aperto, il tuo\u00a0<strong>Scheda NFC NTAG213<\/strong>\u00a0funzioner\u00e0 in modo affidabile.<\/li>\n<li><strong>Longevit\u00e0<\/strong>: La resistenza ai danni causati dall&#039;acqua non solo prolunga la durata della scheda, ma consente anche di risparmiare sui costi associati alle frequenti sostituzioni.<\/li>\n<\/ul>\n<p>&nbsp;<\/p>\n<h2 style=\"text-align: center;\"><em><strong><span style=\"color: #333399;\">Interfacce di comunicazione<\/span><\/strong><\/em><\/h2>\n<ul>\n<li><strong>RFID e NFC<\/strong>: Funzionante ad una frequenza di\u00a0<strong>13,56 MHz<\/strong>, queste carte utilizzano sia la tecnologia RFID che NFC per abilitare la comunicazione contactless. Ci\u00f2 garantisce uno scambio di dati rapido ed efficiente, migliorando l&#039;esperienza utente durante le transazioni.<\/li>\n<li><strong>Transazioni senza soluzione di continuit\u00e0<\/strong>: L&#039;integrazione della tecnologia NFC consente un&#039;interazione senza sforzo. Gli utenti possono semplicemente avvicinare la propria carta a un lettore compatibile, visualizzando immediatamente l&#039;URL collegato, che pu\u00f2 indirizzarli a un sito Web, un modulo o un contenuto multimediale.<\/li>\n<\/ul>\n<p>&nbsp;<\/p>\n<p>&nbsp;<\/p>\n<h2 style=\"text-align: center;\"><em><span style=\"color: #333399;\"><strong>Specifiche tecniche<\/strong><\/span><\/em><\/h2>\n<p><span style=\"color: #008080;\"><strong>Per un processo decisionale consapevole, ecco le specifiche tecniche dettagliate della scheda NFC NTAG213 con codice QR dinamico di Write URL:<\/strong><\/span><\/p>\n<div class=\"table-with-header rounded-lg border border-solid border-grey-line2-normal w-fit max-w-full mb-2\">\n<div class=\"overflow-x-auto custom-scrollbar custom-scrollbar-float max-w-full\">\n<table class=\"w-fit !mb-0 !max-w-none\">\n<thead>\n<tr>\n<th><strong>Attributo<\/strong><\/th>\n<th><strong>Specificazione<\/strong><\/th>\n<\/tr>\n<\/thead>\n<tbody>\n<tr>\n<td><strong>Patata fritta<\/strong><\/td>\n<td>NTAG213 (marchio registrato NXP\u00ae)<\/td>\n<\/tr>\n<tr>\n<td><strong>Materiale<\/strong><\/td>\n<td>PVC<\/td>\n<\/tr>\n<tr>\n<td><strong>Misurare<\/strong><\/td>\n<td>85,5 mm x 54 mm<\/td>\n<\/tr>\n<tr>\n<td><strong>Memoria<\/strong><\/td>\n<td>144 byte (opzioni personalizzate disponibili)<\/td>\n<\/tr>\n<tr>\n<td><strong>Frequenza<\/strong><\/td>\n<td>13,56 MHz<\/td>\n<\/tr>\n<tr>\n<td><strong>Opzioni di stampa<\/strong><\/td>\n<td>Stampa offset CMYK<\/td>\n<\/tr>\n<tr>\n<td><strong>Distanza di lettura<\/strong><\/td>\n<td>2-10 centimetri<\/td>\n<\/tr>\n<tr>\n<td><strong>Luogo d&#039;origine<\/strong><\/td>\n<td>Guangdong, Cina<\/td>\n<\/tr>\n<tr>\n<td><strong>Mestiere<\/strong><\/td>\n<td>Varie opzioni: codice laser, inchiostro UV, ecc.<\/td>\n<\/tr>\n<\/tbody>\n<\/table>\n<p>&nbsp;<\/p>\n<\/div>\n<\/div>\n<h2 style=\"text-align: center;\"><em><strong><span style=\"color: #333399;\">Applicazioni in tutti i settori<\/span><\/strong><\/em><\/h2>\n<p><span style=\"color: #008080;\"><strong>La carta NFC NTAG213 con codice QR dinamico URL Write ha diverse applicazioni in vari settori:<\/strong><\/span><\/p>\n<ul>\n<li><strong>Vendita al dettaglio e marketing<\/strong>: Utilizza queste carte per programmi fedelt\u00e0, consentendo ai clienti di accedere facilmente a link promozionali o offerte speciali.\u00a0<strong>URL dinamico<\/strong>\u00a0Questa funzionalit\u00e0 ti consente di aggiornare le promozioni istantaneamente senza dover acquistare nuove carte.<\/li>\n<li><strong>Gestione degli eventi<\/strong>: Perfette per conferenze, concerti o fiere, queste carte consentono l&#039;accesso contactless a programmi, informazioni sui relatori e aggiornamenti sugli eventi tramite codici QR collegati al chip NFC.<\/li>\n<\/ul>","protected":false},"excerpt":{"rendered":"<p>La scheda NFC NTAG213 con codice QR dinamico e URL di scrittura migliora le interazioni aziendali con URL dinamici, tecnologia NFC, design impermeabile e applicazioni versatili.<\/p>","protected":false},"featured_media":3604,"template":"","meta":[],"product_brand":[],"product_cat":[46],"product_tag":[],"class_list":{"0":"post-3602","1":"product","2":"type-product","3":"status-publish","4":"has-post-thumbnail","6":"product_cat-nfc-cards","8":"first","9":"instock","10":"shipping-taxable","11":"product-type-simple"},"_links":{"self":[{"href":"https:\/\/nfc-readers.com\/it\/wp-json\/wp\/v2\/product\/3602","targetHints":{"allow":["GET"]}}],"collection":[{"href":"https:\/\/nfc-readers.com\/it\/wp-json\/wp\/v2\/product"}],"about":[{"href":"https:\/\/nfc-readers.com\/it\/wp-json\/wp\/v2\/types\/product"}],"wp:featuredmedia":[{"embeddable":true,"href":"https:\/\/nfc-readers.com\/it\/wp-json\/wp\/v2\/media\/3604"}],"wp:attachment":[{"href":"https:\/\/nfc-readers.com\/it\/wp-json\/wp\/v2\/media?parent=3602"}],"wp:term":[{"taxonomy":"product_brand","embeddable":true,"href":"https:\/\/nfc-readers.com\/it\/wp-json\/wp\/v2\/product_brand?post=3602"},{"taxonomy":"product_cat","embeddable":true,"href":"https:\/\/nfc-readers.com\/it\/wp-json\/wp\/v2\/product_cat?post=3602"},{"taxonomy":"product_tag","embeddable":true,"href":"https:\/\/nfc-readers.com\/it\/wp-json\/wp\/v2\/product_tag?post=3602"}],"curies":[{"name":"wp","href":"https:\/\/api.w.org\/{rel}","templated":true}]}}