{"id":3610,"date":"2024-11-08T02:46:18","date_gmt":"2024-11-08T02:46:18","guid":{"rendered":"https:\/\/nfc-readers.com\/?post_type=product&#038;p=3610"},"modified":"2024-11-08T02:46:18","modified_gmt":"2024-11-08T02:46:18","slug":"nfc-soft-pvc-vinyl-wristband-card-for-rfid-fabric-wristband","status":"publish","type":"product","link":"https:\/\/nfc-readers.com\/it\/ic-reader\/nfc-soft-pvc-vinyl-wristband-card-for-rfid-fabric-wristband\/","title":{"rendered":"Braccialetto in vinile PVC morbido NFC per braccialetto in tessuto Rfid"},"content":{"rendered":"<h1><strong>Braccialetto in vinile PVC morbido NFC per braccialetto in tessuto RFID<\/strong><\/h1>\n<p>&nbsp;<\/p>\n<p>Nel mondo frenetico e guidato dalla tecnologia di oggi, l&#039; <strong>Braccialetto in vinile PVC morbido NFC per braccialetto in tessuto RFID<\/strong>\u00a0si distingue come uno strumento essenziale per un controllo degli accessi senza soluzione di continuit\u00e0, transazioni senza contanti ed esperienze utente migliorate. Realizzati in vinile di alta qualit\u00e0, questi braccialetti sono leggeri, colorati e incredibilmente versatili, il che li rende perfetti per vari eventi come concerti, festival, parchi a tema e riunioni aziendali. Con una frequenza operativa di\u00a0<strong>13,56 MHz<\/strong>\u00a0Grazie alla compatibilit\u00e0 con le tecnologie RFID e NFC, questi braccialetti offrono soluzioni uniche per gli organizzatori di eventi e le aziende che desiderano migliorare la sicurezza e semplificare le operazioni.<\/p>\n<p>&nbsp;<\/p>\n<h3><strong>Perch\u00e9 scegliere i braccialetti in vinile morbido PVC NFC?<\/strong><\/h3>\n<p>Investire in braccialetti NFC non \u00e8 solo una dichiarazione di moda, ma un aggiornamento funzionale per gestire eventi e interazioni con gli utenti in modo efficiente. Questi braccialetti eliminano la necessit\u00e0 di sistemi tradizionali di biglietteria e controllo accessi, riducendo i tempi di attesa e migliorando l&#039;esperienza degli ospiti. Con le opzioni di branding personalizzate disponibili, le aziende possono aumentare la propria visibilit\u00e0 offrendo al contempo un metodo affidabile e sicuro per pagamenti senza contanti. Che tu stia organizzando festival musicali, eventi sportivi o parchi di divertimento, questi braccialetti offrono l&#039;affidabilit\u00e0 e la funzionalit\u00e0 di cui hai bisogno.<\/p>\n<p>&nbsp;<\/p>\n<h2>Caratteristiche della tecnologia RFID e NFC<\/h2>\n<h3>Controllo di accesso migliorato<\/h3>\n<p>IL\u00a0<strong>Tecnologia RFID<\/strong>\u00a0incorporato in questi braccialetti consente di\u00a0<strong>controllo rapido degli accessi<\/strong>\u00a0agli eventi, assicurando che i punti di ingresso siano protetti e riducendo il tempo che gli ospiti trascorrono in coda. Gli organizzatori di eventi possono utilizzare\u00a0<strong>Braccialetti RFID<\/strong>\u00a0per varie funzioni, tra cui:<\/p>\n<ul>\n<li><strong>Accesso VIP<\/strong>: Distinguere tra ingresso generale e partecipanti VIP per aree speciali.<\/li>\n<li><strong>Pagamenti senza contanti<\/strong>: Abilita transazioni senza contanti per merci, cibo e bevande in loco, rendendo l&#039;esperienza complessiva pi\u00f9 comoda.<\/li>\n<\/ul>\n<h3>Operazioni semplificate<\/h3>\n<p>Utilizzando\u00a0<strong>Tecnologia del braccialetto NFC<\/strong>\u00a0semplifica notevolmente le operazioni dell&#039;evento. La capacit\u00e0 di condurre\u00a0<strong>raccolta dati<\/strong>\u00a0attraverso questi dispositivi consente ai venditori di analizzare efficacemente il comportamento dei partecipanti e i modelli di spesa. Queste informazioni possono quindi essere utilizzate per migliorare gli eventi futuri, potenziare le strategie di marketing e ottimizzare le esperienze dei clienti.<\/p>\n<p>&nbsp;<\/p>\n<h3><strong>Vantaggi dell&#039;utilizzo di braccialetti in vinile<\/strong><\/h3>\n<h3>Durata e comfort<\/h3>\n<p>Realizzato in materiali di alta qualit\u00e0\u00a0<strong>materiale vinilico<\/strong>, I braccialetti NFC sono progettati per resistere a vari elementi associati a festival, concerti ed eventi all&#039;aperto. A differenza dei biglietti cartacei o dei braccialetti in tessuto che possono facilmente strapparsi o danneggiarsi, i braccialetti in vinile sono impermeabili, resistenti allo strappo e al sudore, il che garantisce che rimangano intatti per tutta la durata dell&#039;evento.<\/p>\n<h3>Monouso e antimanomissione<\/h3>\n<p>IL\u00a0<strong>monouso<\/strong>\u00a0la natura di questi braccialetti garantisce la massima sicurezza. Una volta che un braccialetto viene utilizzato per l&#039;ingresso, diventa nullo e non pu\u00f2 essere riutilizzato. Ci\u00f2 riduce significativamente il rischio di frode sui biglietti, che \u00e8 un problema comune nei grandi eventi. Gli organizzatori di eventi possono stare tranquilli che i loro beni e le loro operazioni sono protetti.<\/p>\n<p>&nbsp;<\/p>\n<h3><strong>Opzioni personalizzabili per il branding<\/strong><\/h3>\n<h3>Creare un&#039;impressione duratura<\/h3>\n<p>I braccialetti NFC offrono diverse opzioni di personalizzazione per scopi di branding. Le aziende possono migliorare la propria visibilit\u00e0 con\u00a0<strong>stampa a trasferimento termico<\/strong>, loghi, codici a barre o codici QR sia sui braccialetti che sulle carte di accompagnamento. Queste opportunit\u00e0 di branding creano un aspetto professionale che lascia un&#039;impressione duratura sugli ospiti, promuovendo il riconoscimento del marchio anche dopo l&#039;evento.<\/p>\n<h3>Vantaggi del marketing<\/h3>\n<p>Il branding tramite braccialetti personalizzati si \u00e8 dimostrato uno strumento di marketing efficace. I partecipanti che indossano i braccialetti del tuo marchio diventano pubblicit\u00e0 ambulanti, che mettono in mostra il tuo logo e i tuoi design molto tempo dopo la conclusione dell&#039;evento. Ci\u00f2 aumenta la visibilit\u00e0 del marchio e potrebbe potenzialmente attrarre nuovi clienti che vedono il tuo marchio in vari contesti.<\/p>\n<p>&nbsp;<\/p>\n<h3><strong>Domande frequenti (FAQ)<\/strong><\/h3>\n<h2>1. Cosa sono i braccialetti in vinile PVC morbido NFC?<\/h2>\n<p>I braccialetti in vinile NFC Soft PVC sono una tecnologia indossabile che utilizza la Near Field Communication (NFC) e la Radio Frequency Identification (RFID) per fornire controllo degli accessi contactless, raccolta dati e opzioni di pagamento senza contanti agli eventi. Sono realizzati in materiale vinilico resistente e sono progettati per il comfort e la praticit\u00e0 dell&#039;utente.<\/p>\n<h2>2. Qual \u00e8 la frequenza di questi braccialetti?<\/h2>\n<p>Questi braccialetti funzionano ad una frequenza di\u00a0<strong>13,56 MHz<\/strong>, comune alle tecnologie NFC e RFID, che garantisce la compatibilit\u00e0 con la maggior parte dei lettori RFID e dei dispositivi abilitati NFC.<\/p>\n<h2>3. I braccialetti sono riutilizzabili?<\/h2>\n<p>No, i braccialetti in vinile PVC morbido NFC sono progettati per\u00a0<strong>monouso<\/strong>Questa caratteristica \u00e8 pensata per migliorare la sicurezza e ridurre al minimo il rischio di frode sui biglietti, rendendoli ideali per eventi in cui il controllo degli accessi \u00e8 fondamentale.<\/p>\n<h2>4. \u00c8 possibile personalizzare i braccialetti?<\/h2>\n<p>S\u00ec! Puoi personalizzare i braccialetti in vari modi, tra cui:<\/p>\n<ul>\n<li><strong>Stampa del logo<\/strong><\/li>\n<li><strong>Codici a barre e codici QR<\/strong><\/li>\n<li><strong>Disegni a colori<\/strong><\/li>\n<li><strong>Tecniche di lavorazione speciali<\/strong>\u00a0come la stampa a trasferimento termico e la codifica laser.<\/li>\n<\/ul>\n<p>Questa personalizzazione consente alle aziende di migliorare il branding e di conferire un aspetto professionale agli eventi.<\/p>","protected":false},"excerpt":{"rendered":"<p>La NFC Soft PVC Vinyl Wristband Card \u00e8 una soluzione durevole e personalizzabile per l&#039;accesso sicuro e le transazioni senza contanti agli eventi. Progettati per il comfort e la funzionalit\u00e0, questi braccialetti migliorano l&#039;esperienza complessiva degli ospiti, garantendo al contempo un controllo affidabile degli accessi.<\/p>","protected":false},"featured_media":3611,"template":"","meta":[],"product_brand":[],"product_cat":[50],"product_tag":[],"class_list":{"0":"post-3610","1":"product","2":"type-product","3":"status-publish","4":"has-post-thumbnail","6":"product_cat-silicone-rfid-nfc-wristbands","8":"first","9":"instock","10":"shipping-taxable","11":"product-type-simple"},"_links":{"self":[{"href":"https:\/\/nfc-readers.com\/it\/wp-json\/wp\/v2\/product\/3610","targetHints":{"allow":["GET"]}}],"collection":[{"href":"https:\/\/nfc-readers.com\/it\/wp-json\/wp\/v2\/product"}],"about":[{"href":"https:\/\/nfc-readers.com\/it\/wp-json\/wp\/v2\/types\/product"}],"wp:featuredmedia":[{"embeddable":true,"href":"https:\/\/nfc-readers.com\/it\/wp-json\/wp\/v2\/media\/3611"}],"wp:attachment":[{"href":"https:\/\/nfc-readers.com\/it\/wp-json\/wp\/v2\/media?parent=3610"}],"wp:term":[{"taxonomy":"product_brand","embeddable":true,"href":"https:\/\/nfc-readers.com\/it\/wp-json\/wp\/v2\/product_brand?post=3610"},{"taxonomy":"product_cat","embeddable":true,"href":"https:\/\/nfc-readers.com\/it\/wp-json\/wp\/v2\/product_cat?post=3610"},{"taxonomy":"product_tag","embeddable":true,"href":"https:\/\/nfc-readers.com\/it\/wp-json\/wp\/v2\/product_tag?post=3610"}],"curies":[{"name":"wp","href":"https:\/\/api.w.org\/{rel}","templated":true}]}}