{"id":3619,"date":"2024-11-08T04:21:11","date_gmt":"2024-11-08T04:21:11","guid":{"rendered":"https:\/\/nfc-readers.com\/?post_type=product&#038;p=3619"},"modified":"2024-11-08T04:21:11","modified_gmt":"2024-11-08T04:21:11","slug":"mifare-ultralight-ev1-rfid-stretchy-woven-nfc-rfid-wristband","status":"publish","type":"product","link":"https:\/\/nfc-readers.com\/it\/ic-reader\/mifare-ultralight-ev1-rfid-stretchy-woven-nfc-rfid-wristband\/","title":{"rendered":"Braccialetto RFID MIFARE Ultralight Ev1 RFID elastico in tessuto NFC RFID"},"content":{"rendered":"<h1 style=\"text-align: center;\"><strong>Braccialetto RFID MIFARE Ultralight Ev1 RFID elastico in tessuto NFC RFID<\/strong><\/h1>\n<p>&nbsp;<\/p>\n<p>IL <strong>Braccialetto elastico in tessuto NFC RFID MIFARE Ultralight EV1<\/strong>\u00a0\u00e8 la soluzione definitiva per la gestione moderna degli eventi, che fornisce un controllo degli accessi senza soluzione di continuit\u00e0, soluzioni di pagamento senza contanti e un&#039;esperienza degli ospiti migliorata. Realizzato pensando all&#039;innovazione, questo braccialetto combina la tecnologia RFID all&#039;avanguardia con design personalizzabili, diventando uno strumento essenziale per gli organizzatori di eventi e i partecipanti. Che tu stia organizzando un festival musicale, un&#039;attrazione di un parco acquatico o un evento aziendale, questo braccialetto RFID garantisce operazioni semplificate, maggiore sicurezza e un&#039;esperienza memorabile per tutti i soggetti coinvolti.<\/p>\n<p>&nbsp;<\/p>\n<h3><strong>Vantaggi del prodotto<\/strong><\/h3>\n<ul>\n<li><strong>Sicurezza avanzata<\/strong>:Il chip MIFARE Ultralight EV1 garantisce che il tuo braccialetto non solo sia a prova di manomissione, ma anche in grado di trasmettere dati in modo sicuro.<\/li>\n<li><strong>Impermeabile e durevole<\/strong>: Con un grado di protezione IP68, questo braccialetto \u00e8 impermeabile e resistente alle intemperie, progettato per resistere a diverse condizioni ambientali, senza subire danni durante eventi all&#039;aperto o attivit\u00e0 in acqua.<\/li>\n<li><strong>Facile da usare<\/strong>: Il braccialetto RFID elimina la necessit\u00e0 di transazioni in contanti, consentendo pagamenti senza contanti che migliorano l&#039;efficienza e riducono i tempi di attesa per gli ospiti.<\/li>\n<li><strong>Design personalizzabili<\/strong>: Grazie alla possibilit\u00e0 di stampa CMYK a colori, gli organizzatori di eventi possono creare braccialetti visivamente accattivanti che migliorano la visibilit\u00e0 del marchio.<\/li>\n<li><strong>Dimensioni e colori flessibili<\/strong>: Disponibili in diverse dimensioni (145x25x1,5 mm e 185x25x1,5 mm) e colori (blu, rosso, bianco, nero, verde, giallo, arancione, grigio), i braccialetti soddisfano diverse preferenze estetiche.<\/li>\n<\/ul>\n<p>&nbsp;<\/p>\n<h2><strong>Caratteristiche e specifiche principali<\/strong><\/h2>\n<h3>Chip MIFARE ad alte prestazioni<\/h3>\n<p>Il cuore del braccialetto \u00e8 il\u00a0<strong>Chip MIFARE Ultralight EV1<\/strong>, che fornisce prestazioni affidabili per il controllo degli accessi e la gestione dei dati. Il chip garantisce una comunicazione sicura con i lettori RFID, rendendolo ideale per eventi ad alto traffico in cui \u00e8 essenziale un&#039;elaborazione rapida.<\/p>\n<h3>Design impermeabile e resistente alle intemperie<\/h3>\n<p>Con un\u00a0<strong>Grado di protezione IP68<\/strong>, il braccialetto \u00e8 impermeabile, il che gli consente di rimanere funzionale anche in condizioni meteorologiche difficili. Che si tratti di pioggia a un concerto o di schizzi in un parco acquatico, gli utenti possono godersi le loro attivit\u00e0 senza preoccupazioni.<\/p>\n<h3>Soluzioni di pagamento senza contanti<\/h3>\n<p>Sono finiti i giorni in cui si portavano contanti o carte. Questo braccialetto consente un rapido e facile\u00a0<strong>pagamenti senza contanti<\/strong>, perfetto per eventi affollati in cui l&#039;efficienza \u00e8 fondamentale. Gli organizzatori di eventi possono monitorare facilmente le transazioni e semplificare le operazioni.<\/p>\n<h3>Personalizzazione e branding<\/h3>\n<p>Gli organizzatori di eventi possono sfruttare l&#039;\u00a0<strong>stampa CMYK a colori<\/strong>\u00a0possibilit\u00e0 di creare design personalizzati. Questo non solo migliora il branding, ma aggiunge anche un tocco unico, consentendo ai partecipanti di mostrare la loro esperienza dell&#039;evento.<\/p>\n<p>&nbsp;<\/p>\n<h2><strong>Domande frequenti (FAQ)<\/strong><\/h2>\n<h3>1.\u00a0<strong>Cos&#039;\u00e8 un braccialetto RFID?<\/strong><\/h3>\n<p>Un braccialetto RFID \u00e8 un dispositivo indossabile che utilizza la tecnologia di identificazione a radiofrequenza (RFID) per trasmettere dati tramite onde radio. Consente il controllo sicuro degli accessi, pagamenti senza contanti e raccolta dati durante gli eventi.<\/p>\n<h3>2.\u00a0<strong>Come funziona il braccialetto RFID MIFARE Ultralight EV1?<\/strong><\/h3>\n<p>Il braccialetto funziona tramite un chip che comunica con lettori RFID. Quando il braccialetto viene toccato contro un lettore, trasmette i dati memorizzati, concedendo l&#039;accesso o elaborando il pagamento.<\/p>\n<h3>3.\u00a0<strong>Il braccialetto \u00e8 impermeabile?<\/strong><\/h3>\n<p>S\u00ec, il nostro braccialetto RFID MIFARE Ultralight EV1 ha un grado di protezione IP68, ovvero \u00e8 completamente impermeabile e pu\u00f2 resistere all&#039;immersione in acqua, il che lo rende adatto a vari eventi all&#039;aperto, compresi i parchi acquatici.<\/p>\n<h3>4.\u00a0<strong>\u00c8 possibile personalizzare il braccialetto?<\/strong><\/h3>\n<p>Assolutamente! Offriamo opzioni di colore personalizzabili e stampa CMYK a colori, consentendoti di progettare braccialetti in linea con il marchio e il tema del tuo evento.<\/p>\n<p>&nbsp;<\/p>","protected":false},"excerpt":{"rendered":"<p>Il braccialetto MIFARE Ultralight EV1 RFID Stretchy Woven NFC \u00e8 progettato per il controllo sicuro degli accessi e le transazioni senza contanti durante gli eventi. Le sue caratteristiche impermeabili e personalizzabili lo rendono ideale per varie occasioni.<\/p>","protected":false},"featured_media":3620,"template":"","meta":[],"product_brand":[],"product_cat":[50],"product_tag":[],"class_list":{"0":"post-3619","1":"product","2":"type-product","3":"status-publish","4":"has-post-thumbnail","6":"product_cat-silicone-rfid-nfc-wristbands","8":"first","9":"instock","10":"shipping-taxable","11":"product-type-simple"},"_links":{"self":[{"href":"https:\/\/nfc-readers.com\/it\/wp-json\/wp\/v2\/product\/3619","targetHints":{"allow":["GET"]}}],"collection":[{"href":"https:\/\/nfc-readers.com\/it\/wp-json\/wp\/v2\/product"}],"about":[{"href":"https:\/\/nfc-readers.com\/it\/wp-json\/wp\/v2\/types\/product"}],"wp:featuredmedia":[{"embeddable":true,"href":"https:\/\/nfc-readers.com\/it\/wp-json\/wp\/v2\/media\/3620"}],"wp:attachment":[{"href":"https:\/\/nfc-readers.com\/it\/wp-json\/wp\/v2\/media?parent=3619"}],"wp:term":[{"taxonomy":"product_brand","embeddable":true,"href":"https:\/\/nfc-readers.com\/it\/wp-json\/wp\/v2\/product_brand?post=3619"},{"taxonomy":"product_cat","embeddable":true,"href":"https:\/\/nfc-readers.com\/it\/wp-json\/wp\/v2\/product_cat?post=3619"},{"taxonomy":"product_tag","embeddable":true,"href":"https:\/\/nfc-readers.com\/it\/wp-json\/wp\/v2\/product_tag?post=3619"}],"curies":[{"name":"wp","href":"https:\/\/api.w.org\/{rel}","templated":true}]}}