{"id":3626,"date":"2024-11-08T04:27:49","date_gmt":"2024-11-08T04:27:49","guid":{"rendered":"https:\/\/nfc-readers.com\/?post_type=product&#038;p=3626"},"modified":"2024-11-08T04:27:50","modified_gmt":"2024-11-08T04:27:50","slug":"concert-access-identification-tickets-nfc-elastic-wristband","status":"publish","type":"product","link":"https:\/\/nfc-readers.com\/it\/ic-reader\/concert-access-identification-tickets-nfc-elastic-wristband\/","title":{"rendered":"biglietti di identificazione per l&#039;accesso al concerto braccialetto elastico NFC"},"content":{"rendered":"<h1 style=\"text-align: center;\"><strong>biglietti di identificazione per l&#039;accesso al concerto braccialetto elastico NFC<\/strong><\/h1>\n<p>&nbsp;<\/p>\n<p>Navigare nel mondo degli eventi e dei festival non \u00e8 mai stato cos\u00ec facile, grazie all&#039;introduzione dei braccialetti elastici NFC. In un panorama sempre pi\u00f9 dipendente dalla tecnologia per sicurezza e praticit\u00e0, <strong>Braccialetto NFC<\/strong> emerge come un punto di svolta per l&#039;identificazione dell&#039;accesso ai concerti e la biglietteria. Realizzati con materiali durevoli e dotati di tecnologia RFID all&#039;avanguardia, questi braccialetti offrono una soluzione efficiente e senza problemi sia per gli organizzatori dell&#039;evento che per i partecipanti. Che tu stia gestendo un vivace festival musicale o un concerto intimo, investire in questi braccialetti avanzati pu\u00f2 semplificare il controllo degli accessi e migliorare l&#039;esperienza complessiva degli ospiti.<\/p>\n<p>&nbsp;<\/p>\n<h2><strong>Perch\u00e9 scegliere il braccialetto elastico NFC?<\/strong><\/h2>\n<p>Il braccialetto elastico NFC \u00e8 progettato per semplificare il processo di ingresso garantendo sicurezza e affidabilit\u00e0. Questi braccialetti sono impermeabili, personalizzabili e dotati di tecnologia NFC avanzata, consentendo soluzioni di pagamento senza contanti e un ingresso rapido. Incorporando funzionalit\u00e0 specificamente progettate per eventi ad alta capacit\u00e0, puoi ridurre significativamente i tempi di attesa e migliorare la sicurezza, il tutto offrendo un&#039;esperienza memorabile per i partecipanti.<\/p>\n<p>Questa guida completa esplora le varie caratteristiche e i vantaggi del braccialetto elastico NFC, spiegando perch\u00e9 rappresenta un investimento valido per qualsiasi evento.<\/p>\n<p>&nbsp;<\/p>\n<h2><strong>Caratteristiche e vantaggi del prodotto<\/strong><\/h2>\n<h3>1.\u00a0<strong>Tecnologia RFID e NFC avanzata<\/strong><\/h3>\n<p>Il braccialetto elastico NFC impiega tecnologie avanzate\u00a0<strong>RFID<\/strong>\u00a0(Identificazione a Radiofrequenza) e\u00a0<strong>Non-FC<\/strong>\u00a0(Near Field Communication) tecnologie che operano su una frequenza di\u00a0<strong>13,56 MHz<\/strong>Questa integrazione garantisce una comunicazione rapida tra il braccialetto e l&#039;apparecchiatura di scansione, facilitando un controllo degli accessi senza soluzione di continuit\u00e0, senza la necessit\u00e0 di armeggiare per trovare biglietti fisici.<\/p>\n<p>Incorporando entrambi\u00a0<strong>RFID<\/strong>\u00a0E\u00a0<strong>Non-FC<\/strong>\u00a0sfumature nella configurazione del tuo evento consente una raccolta dati efficiente, approfondimenti di marketing futuri e migliori esperienze per gli ospiti. Entrambe le tecnologie hanno dimostrato di essere\u00a0<strong>impermeabile<\/strong>, rendendoli ideali per concerti e festival all&#039;aperto, dove condizioni meteorologiche impreviste potrebbero altrimenti compromettere l&#039;evento.<\/p>\n<h3>2.\u00a0<strong>Opzioni di personalizzazione<\/strong><\/h3>\n<p>Una delle caratteristiche distintive del\u00a0<strong>Braccialetto NFC<\/strong>\u00a0\u00e8 la sua personalizzabilit\u00e0. Attraverso\u00a0<strong>stampa a trasferimento termico<\/strong>, puoi personalizzare questi braccialetti con loghi, colori e grafiche pertinenti al tuo evento. Che tu stia organizzando un gala aziendale, un festival estivo o un concerto, assicurarti che il tuo marchio sia visibile rafforza il riconoscimento del marchio tra i partecipanti.<\/p>\n<p>Inoltre, i nostri braccialetti sono disponibili in diverse misure, tra cui\u00a0<strong>180x20mm<\/strong>, oppure pu\u00f2 essere personalizzato per soddisfare le tue esigenze specifiche. Questo livello di personalizzazione aiuta a promuovere un senso di appartenenza e identit\u00e0 per i tuoi partecipanti.<\/p>\n<h3>3.\u00a0<strong>Esperienza degli ospiti migliorata<\/strong><\/h3>\n<p>Efficace\u00a0<strong>controllo degli accessi<\/strong>\u00a0\u00e8 fondamentale durante i grandi eventi. I nostri braccialetti elastici NFC forniscono una verifica immediata, consentendo agli ospiti di entrare rapidamente nei locali. Riducendo al minimo i colli di bottiglia e i tempi di attesa, crei un&#039;esperienza pi\u00f9 favorevole e piacevole per il tuo pubblico.<\/p>\n<p>Inoltre, questi braccialetti sono riutilizzabili e sono realizzati in materiale resistente\u00a0<strong>tessuto\/PVC<\/strong>\u00a0materiali che possono resistere a varie condizioni ambientali mantenendo la loro integrit\u00e0. Questa resilienza \u00e8 importante negli eventi all&#039;aperto in cui i braccialetti possono essere esposti ad acqua, sudore o persino a trattamenti bruschi.<\/p>\n<h3>4.\u00a0<strong>Soluzioni di pagamento efficienti<\/strong><\/h3>\n<p>Nella societ\u00e0 odierna senza contanti, offrire\u00a0<strong>pagamento senza contanti<\/strong>\u00a0opzioni \u00e8 diventato essenziale. I braccialetti elastici NFC facilitano le transazioni contactless, consentendo agli utenti di effettuare acquisti presso bancarelle di cibo, stand di merchandising e altro ancora senza dover usare denaro contante. Ci\u00f2 non solo migliora l&#039;esperienza degli ospiti, ma semplifica anche le operazioni dell&#039;evento riducendo le preoccupazioni relative alla gestione del denaro contante.<\/p>\n<p>Gli ospiti possono semplicemente avvicinare il loro braccialetto a qualsiasi punto vendita abilitato NFC, riducendo drasticamente i tempi di transazione e garantendo che nessuno si perda gli articoli pi\u00f9 richiesti!<\/p>\n<h3>5.\u00a0<strong>Sicurezza e raccolta dati<\/strong><\/h3>\n<p>Utilizzando\u00a0<strong>RFID<\/strong>\u00a0la tecnologia aumenta significativamente la sicurezza del tuo evento. Ogni braccialetto pu\u00f2 essere dotato di identificatori univoci che aiutano a tracciare e gestire l&#039;accesso degli ospiti; questa tecnologia consente il monitoraggio in tempo reale del flusso degli ospiti all&#039;interno della sede.<\/p>\n<p>Inoltre, le capacit\u00e0 di raccolta dati consentono di analizzare le tendenze, comprendere il comportamento dei partecipanti e implementare strategie di prezzo dinamiche per gli eventi futuri. Questa intuizione pu\u00f2 portare a una migliore pianificazione ed esecuzione per\u00a0<strong>Eventi RFID<\/strong>\u00a0in futuro.<\/p>\n<p>&nbsp;<\/p>\n<h2>Specifiche tecniche<\/h2>\n<table class=\"w-fit !mb-0 !max-w-none\">\n<thead>\n<tr>\n<th><strong>Attributo<\/strong><\/th>\n<th><strong>Descrizione<\/strong><\/th>\n<\/tr>\n<\/thead>\n<tbody>\n<tr>\n<td><strong>nome del prodotto<\/strong><\/td>\n<td>Braccialetto elastico NFC<\/td>\n<\/tr>\n<tr>\n<td><strong>Materiale<\/strong><\/td>\n<td>Tessuto\/PVC<\/td>\n<\/tr>\n<tr>\n<td><strong>Interfaccia di comunicazione<\/strong><\/td>\n<td>RFID, NFC<\/td>\n<\/tr>\n<tr>\n<td><strong>Frequenza<\/strong><\/td>\n<td>13,56 MHz<\/td>\n<\/tr>\n<tr>\n<td><strong>Opzioni chip<\/strong><\/td>\n<td>Tag213\/tag215\/tag216\/2k\/4k\/8k\/tk4100\/t5577<\/td>\n<\/tr>\n<tr>\n<td><strong>Protocollo<\/strong><\/td>\n<td>ISO14443A<\/td>\n<\/tr>\n<tr>\n<td><strong>Distanza di lettura<\/strong><\/td>\n<td>1-10 cm<\/td>\n<\/tr>\n<tr>\n<td><strong>Personalizzazione<\/strong><\/td>\n<td>Logo, Colore, Grafica<\/td>\n<\/tr>\n<\/tbody>\n<\/table>\n<p>&nbsp;<\/p>\n<h2><strong>Domande frequenti (FAQ)<\/strong><\/h2>\n<h3>1.\u00a0<strong>Cos&#039;\u00e8 un braccialetto elastico NFC?<\/strong><\/h3>\n<p>Un braccialetto elastico NFC \u00e8 un dispositivo indossabile dotato di tecnologia NFC (Near Field Communication) e RFID (Radio Frequency Identification). Consente un rapido controllo degli accessi, pagamenti senza contanti e raccolta dati durante gli eventi, migliorando l&#039;esperienza complessiva degli ospiti.<\/p>\n<h3>2.\u00a0<strong>Come funzionano i braccialetti NFC?<\/strong><\/h3>\n<p>I braccialetti NFC funzionano trasmettendo dati tramite onde radio quando vengono avvicinati a un lettore compatibile. Ci\u00f2 consente interazioni contactless, come la scansione di ingresso o l&#039;elaborazione dei pagamenti, semplicemente toccando il braccialetto contro un sensore.<\/p>\n<h3>3.\u00a0<strong>I braccialetti NFC sono impermeabili?<\/strong><\/h3>\n<p>S\u00ec, i nostri braccialetti elastici NFC sono progettati per essere impermeabili, il che li rende adatti all&#039;uso in vari ambienti, tra cui concerti ed eventi all&#039;aperto in cui potrebbe verificarsi l&#039;esposizione all&#039;acqua.<\/p>\n<h3>4.\u00a0<strong>\u00c8 possibile personalizzare i braccialetti?<\/strong><\/h3>\n<p>Assolutamente! I braccialetti elastici NFC possono essere personalizzati con il tuo logo, colori e grafica tramite stampa a trasferimento termico. Questa personalizzazione \u00e8 ideale per il branding e per migliorare l&#039;esperienza dell&#039;evento.<\/p>","protected":false},"excerpt":{"rendered":"<p>IL\u00a0<strong>Braccialetto elastico NFC per l&#039;identificazione dell&#039;accesso al concerto<\/strong>\u00a0\u00e8 una soluzione all&#039;avanguardia progettata per semplificare l&#039;ingresso agli eventi e migliorare l&#039;esperienza degli ospiti. Dotati di tecnologia RFID avanzata, questi braccialetti personalizzabili e impermeabili consentono un controllo degli accessi senza soluzione di continuit\u00e0 e pagamenti senza contanti, rendendoli ideali per concerti e festival di qualsiasi portata.<\/p>","protected":false},"featured_media":3627,"template":"","meta":[],"product_brand":[],"product_cat":[50],"product_tag":[],"class_list":{"0":"post-3626","1":"product","2":"type-product","3":"status-publish","4":"has-post-thumbnail","6":"product_cat-silicone-rfid-nfc-wristbands","8":"first","9":"instock","10":"shipping-taxable","11":"product-type-simple"},"_links":{"self":[{"href":"https:\/\/nfc-readers.com\/it\/wp-json\/wp\/v2\/product\/3626","targetHints":{"allow":["GET"]}}],"collection":[{"href":"https:\/\/nfc-readers.com\/it\/wp-json\/wp\/v2\/product"}],"about":[{"href":"https:\/\/nfc-readers.com\/it\/wp-json\/wp\/v2\/types\/product"}],"wp:featuredmedia":[{"embeddable":true,"href":"https:\/\/nfc-readers.com\/it\/wp-json\/wp\/v2\/media\/3627"}],"wp:attachment":[{"href":"https:\/\/nfc-readers.com\/it\/wp-json\/wp\/v2\/media?parent=3626"}],"wp:term":[{"taxonomy":"product_brand","embeddable":true,"href":"https:\/\/nfc-readers.com\/it\/wp-json\/wp\/v2\/product_brand?post=3626"},{"taxonomy":"product_cat","embeddable":true,"href":"https:\/\/nfc-readers.com\/it\/wp-json\/wp\/v2\/product_cat?post=3626"},{"taxonomy":"product_tag","embeddable":true,"href":"https:\/\/nfc-readers.com\/it\/wp-json\/wp\/v2\/product_tag?post=3626"}],"curies":[{"name":"wp","href":"https:\/\/api.w.org\/{rel}","templated":true}]}}