{"id":3667,"date":"2024-11-10T06:11:18","date_gmt":"2024-11-10T06:11:18","guid":{"rendered":"https:\/\/nfc-readers.com\/?post_type=product&#038;p=3667"},"modified":"2024-11-10T06:11:19","modified_gmt":"2024-11-10T06:11:19","slug":"custom-nfc-sticker-for-brand-authentication-anti-counterfeiting","status":"publish","type":"product","link":"https:\/\/nfc-readers.com\/it\/ic-reader\/custom-nfc-sticker-for-brand-authentication-anti-counterfeiting\/","title":{"rendered":"Adesivo NFC personalizzato per l&#039;autenticazione del marchio anticontraffazione"},"content":{"rendered":"<h1 style=\"text-align: center;\"><strong>Adesivo NFC personalizzato per l&#039;autenticazione del marchio anticontraffazione<\/strong><\/h1>\n<p>Nel mercato in rapida evoluzione di oggi, garantire la legittimit\u00e0 dei prodotti \u00e8 diventato pi\u00f9 critico che mai. Gli adesivi NFC personalizzati rappresentano una soluzione innovativa per l&#039;autenticazione del marchio e le misure anticontraffazione. Questi adesivi avanzati sfruttano la tecnologia Near Field Communication (NFC) per fornire un processo di verifica senza interruzioni, migliorando l&#039;integrit\u00e0 del marchio e la fiducia dei clienti. Questo prodotto non solo funge da misura di sicurezza, ma facilita anche un&#039;esperienza coinvolgente per il cliente. Con una gamma di opzioni personalizzabili, questi adesivi NFC rappresentano un investimento prezioso per qualsiasi azienda che desideri proteggere l&#039;identit\u00e0 del proprio marchio.<\/p>\n<p>&nbsp;<\/p>\n<h2>Perch\u00e9 scegliere adesivi NFC personalizzati?<\/h2>\n<p>Gli adesivi NFC personalizzati offrono numerosi vantaggi che li rendono una degna aggiunta all&#039;arsenale di sicurezza del tuo marchio. Integrando la tecnologia NFC, questi adesivi consentono un&#039;autenticazione rapida e senza sforzo tramite smartphone e dispositivi abilitati NFC. Con caratteristiche come la resistenza all&#039;acqua, varie dimensioni e forme e opzioni di stampa personalizzabili, questi adesivi non solo rafforzano la sicurezza, ma migliorano anche l&#039;aspetto dei tuoi prodotti.<\/p>\n<p>L&#039;investimento in adesivi NFC personalizzati pu\u00f2 ridurre significativamente il rischio di contraffazione, dando ai consumatori fiducia nell&#039;autenticit\u00e0 dei loro acquisti. Fornendo in modo trasparente informazioni sull&#039;origine del prodotto e sui dettagli di fabbricazione, questi adesivi possono anche migliorare l&#039;esperienza e l&#039;impegno del consumatore.<\/p>\n<p>&nbsp;<\/p>\n<h2>Caratteristiche degli adesivi NFC personalizzati<\/h2>\n<h3>Tecnologia avanzata e sicurezza<\/h3>\n<p>Gli adesivi NFC personalizzati sono dotati di tecnologia all&#039;avanguardia, come le interfacce di comunicazione RFID, che li rendono eccezionalmente efficienti nell&#039;autenticazione del marchio. Utilizzando\u00a0<strong>Scheda madre NXP NTAG213<\/strong>\u00a0chip, questi adesivi operano ad una frequenza di\u00a0<strong>13,56 MHz<\/strong>, assicurando una connessione affidabile con altri dispositivi abilitati NFC. Che siano applicati sulla confezione del prodotto o sulle etichette, questi adesivi forniscono una soluzione sofisticata per combattere la contraffazione con il minimo sforzo.<\/p>\n<h3>Applicazioni versatili<\/h3>\n<p>La versatilit\u00e0 degli adesivi NFC personalizzati li rende adatti a un&#039;ampia gamma di settori, dai beni di lusso all&#039;elettronica di consumo. Possono essere applicati su varie superfici, tra cui\u00a0<strong>PVC, PET<\/strong>e metallo, consentendo alle aziende di incorporarli nel loro marchio senza soluzione di continuit\u00e0. Le aziende possono scegliere tra pi\u00f9 design, tra cui\u00a0<strong>rotondo, quadrato<\/strong>e configurazioni personalizzate, per adattarle al meglio all&#039;estetica del loro prodotto.<\/p>\n<h2>2. Durata e usabilit\u00e0<\/h2>\n<h3>Design impermeabile e resistente alle intemperie<\/h3>\n<p>Quando si tratta di etichettatura dei prodotti, la durata \u00e8 fondamentale. Gli adesivi NFC personalizzati sono progettati per resistere a condizioni ambientali difficili. I loro\u00a0<strong>impermeabile<\/strong>\u00a0E\u00a0<strong>resistente alle intemperie<\/strong>\u00a0caratteristiche li rendono ideali per applicazioni esterne o prodotti esposti all&#039;umidit\u00e0. Ci\u00f2 garantisce che la tecnologia NFC rimanga pienamente operativa, indipendentemente dall&#039;ambiente esterno, proteggendo l&#039;integrit\u00e0 del tuo marchio.<\/p>\n<h3>Interfaccia intuitiva<\/h3>\n<p>La semplicit\u00e0 di utilizzo degli adesivi NFC personalizzati \u00e8 un altro vantaggio significativo. I clienti possono facilmente autenticare i prodotti toccando il loro\u00a0<strong>Smartphone abilitati NFC<\/strong>\u00a0contro l&#039;adesivo. Questa interazione intuitiva elimina i processi complessi, consentendo agli utenti di verificare l&#039;autenticit\u00e0 e di accedere rapidamente a informazioni aggiuntive sul prodotto. Di conseguenza, ci\u00f2 aumenta la soddisfazione e il coinvolgimento del cliente.<\/p>\n<p>&nbsp;<\/p>\n<p>&nbsp;<\/p>\n<h2>Specifiche tecniche<\/h2>\n<table class=\"w-fit !mb-0 !max-w-none\">\n<thead>\n<tr>\n<th>Specificazione<\/th>\n<th>Dettaglio<\/th>\n<\/tr>\n<\/thead>\n<tbody>\n<tr>\n<td><strong>Patata fritta<\/strong><\/td>\n<td>Ntag213, Ntag215, Ntag216<\/td>\n<\/tr>\n<tr>\n<td><strong>Frequenza<\/strong><\/td>\n<td>13,56 MHz<\/td>\n<\/tr>\n<tr>\n<td><strong>Protocollo<\/strong><\/td>\n<td>ISO14443A<\/td>\n<\/tr>\n<tr>\n<td><strong>Tipi di dati scrivibili<\/strong><\/td>\n<td>Sito web, testo, codici QR, altri formati<\/td>\n<\/tr>\n<tr>\n<td><strong>Opzioni di stampa<\/strong><\/td>\n<td>Stampa offset, Stampa digitale, Personalizzazione<\/td>\n<\/tr>\n<tr>\n<td><strong>Opzioni artigianali<\/strong><\/td>\n<td>Lucido, Opaco, Epossidico, Ologramma<\/td>\n<\/tr>\n<tr>\n<td><strong>Opzioni di dimensione<\/strong><\/td>\n<td>Rotondo (diametro 30 mm), Quadrato, Personalizzato<\/td>\n<\/tr>\n<tr>\n<td><strong>Dettagli dell&#039;imballaggio<\/strong><\/td>\n<td>200 pezzi in una scatola interna, 25 scatole per cartone; formato cartone: 48<em>22.5<\/em>30 centimetri<\/td>\n<\/tr>\n<tr>\n<td><strong>Peso<\/strong><\/td>\n<td>0,010 kg per adesivo<\/td>\n<\/tr>\n<\/tbody>\n<\/table>\n<p>&nbsp;<\/p>\n<p>&nbsp;<\/p>\n<h2>Domande frequenti (FAQ)<\/h2>\n<h3>1.\u00a0<strong>Cos&#039;\u00e8 la tecnologia NFC e come funziona?<\/strong><\/h3>\n<p>NFC (Near Field Communication) \u00e8 una tecnologia wireless a corto raggio che consente la comunicazione tra dispositivi compatibili quando vengono avvicinati, in genere entro pochi centimetri. Gli adesivi NFC personalizzati contengono un chip NFC che trasmette dati a smartphone e dispositivi abilitati NFC quando vengono toccati, consentendo agli utenti di verificare rapidamente l&#039;autenticit\u00e0 del prodotto o di accedere a informazioni aggiuntive.<\/p>\n<h3>2.\u00a0<strong>Quanto sono durevoli gli adesivi NFC personalizzati?<\/strong><\/h3>\n<p>Gli adesivi NFC personalizzati sono progettati per essere impermeabili e resistenti alle intemperie, il che li rende adatti sia per applicazioni indoor che outdoor. Possono resistere a varie condizioni ambientali, assicurando che la tecnologia NFC rimanga funzionale per un periodo prolungato.<\/p>\n<h3>3.\u00a0<strong>\u00c8 possibile personalizzare questi adesivi?<\/strong><\/h3>\n<p>S\u00ec! I nostri adesivi NFC personalizzati offrono una gamma di opzioni di personalizzazione, tra cui dimensioni, forma, design e metodi di stampa. Puoi stampare loghi, informazioni sui prodotti, codici QR e altri elementi di branding per allinearli all&#039;identit\u00e0 del tuo marchio.<\/p>\n<h3>4.\u00a0<strong>Quali materiali vengono utilizzati per gli adesivi?<\/strong><\/h3>\n<p>Gli adesivi NFC personalizzati possono essere realizzati con vari materiali, come PVC, PET o carta patinata. Ogni materiale viene scelto per la sua durevolezza e idoneit\u00e0 a diverse applicazioni, assicurando che gli adesivi possano aderire efficacemente ai tuoi prodotti.<\/p>","protected":false},"excerpt":{"rendered":"<p>Gli adesivi NFC personalizzati offrono una soluzione sofisticata per l&#039;autenticazione del marchio e l&#039;anticontraffazione. Verifica facilmente la legittimit\u00e0 del prodotto con un semplice tocco di uno smartphone.<\/p>","protected":false},"featured_media":3668,"template":"","meta":[],"product_brand":[],"product_cat":[48],"product_tag":[],"class_list":{"0":"post-3667","1":"product","2":"type-product","3":"status-publish","4":"has-post-thumbnail","6":"product_cat-nfc-stickers","8":"first","9":"instock","10":"shipping-taxable","11":"product-type-simple"},"_links":{"self":[{"href":"https:\/\/nfc-readers.com\/it\/wp-json\/wp\/v2\/product\/3667","targetHints":{"allow":["GET"]}}],"collection":[{"href":"https:\/\/nfc-readers.com\/it\/wp-json\/wp\/v2\/product"}],"about":[{"href":"https:\/\/nfc-readers.com\/it\/wp-json\/wp\/v2\/types\/product"}],"wp:featuredmedia":[{"embeddable":true,"href":"https:\/\/nfc-readers.com\/it\/wp-json\/wp\/v2\/media\/3668"}],"wp:attachment":[{"href":"https:\/\/nfc-readers.com\/it\/wp-json\/wp\/v2\/media?parent=3667"}],"wp:term":[{"taxonomy":"product_brand","embeddable":true,"href":"https:\/\/nfc-readers.com\/it\/wp-json\/wp\/v2\/product_brand?post=3667"},{"taxonomy":"product_cat","embeddable":true,"href":"https:\/\/nfc-readers.com\/it\/wp-json\/wp\/v2\/product_cat?post=3667"},{"taxonomy":"product_tag","embeddable":true,"href":"https:\/\/nfc-readers.com\/it\/wp-json\/wp\/v2\/product_tag?post=3667"}],"curies":[{"name":"wp","href":"https:\/\/api.w.org\/{rel}","templated":true}]}}