{"id":3683,"date":"2024-11-10T06:22:41","date_gmt":"2024-11-10T06:22:41","guid":{"rendered":"https:\/\/nfc-readers.com\/?post_type=product&#038;p=3683"},"modified":"2024-11-10T06:22:41","modified_gmt":"2024-11-10T06:22:41","slug":"wholesale-high-security-tamper-proof-nfc-tag-rfid-sticker","status":"publish","type":"product","link":"https:\/\/nfc-readers.com\/it\/ic-reader\/wholesale-high-security-tamper-proof-nfc-tag-rfid-sticker\/","title":{"rendered":"Adesivo RFID NFC antimanomissione ad alta sicurezza all&#039;ingrosso"},"content":{"rendered":"<h1 style=\"text-align: center;\"><strong>Adesivo RFID NFC antimanomissione ad alta sicurezza all&#039;ingrosso<\/strong><\/h1>\n<p>&nbsp;<\/p>\n<p>Sblocca il futuro della condivisione sicura delle informazioni con il nostro <strong>Adesivo RFID NFC antimanomissione ad alta sicurezza all&#039;ingrosso<\/strong>. Perfetti per soluzioni anticontraffazione, questi innovativi adesivi NFC combinano funzionalit\u00e0 di sicurezza di prim&#039;ordine con un&#039;ampia versatilit\u00e0 applicativa. Progettati per le aziende che danno priorit\u00e0 alla sicurezza e all&#039;efficienza, questi tag NFC rappresentano il passo successivo nella tecnologia contactless per vari settori, tra cui vendita al dettaglio, logistica e gestione eventi.<\/p>\n<p>&nbsp;<\/p>\n<p><strong>Perch\u00e9 acquistare i nostri tag NFC?<\/strong><br \/>\nI nostri tag NFC forniscono una soluzione sicura, efficiente e comoda per una vasta gamma di applicazioni, dall&#039;autenticazione dei prodotti alla fornitura di esperienze utente fluide nelle transazioni digitali. Garantendo che le tue informazioni siano al sicuro dalla contraffazione, i nostri tag NFC antimanomissione non solo migliorano la sicurezza, ma aggiungono anche valore al tuo marchio. Inoltre, la natura personalizzabile assicura che ogni tag possa essere adattato per soddisfare i tuoi requisiti specifici, rendendoli una scelta versatile per qualsiasi attivit\u00e0 commerciale.<\/p>\n<p>&nbsp;<\/p>\n<h2>Caratteristiche del tag NFC antimanomissione<\/h2>\n<p>Quando si tratta di sicurezza, il nostro\u00a0<strong>Adesivo RFID NFC antimanomissione ad alta sicurezza all&#039;ingrosso<\/strong>\u00a0si distingue per il suo\u00a0<strong>caratteristiche speciali<\/strong>\u00a0progettato per combattere la contraffazione.<\/p>\n<ul>\n<li><strong>Design antimanomissione<\/strong>:Una volta applicati, questi tag NFC sono praticamente impossibili da rimuovere senza subire danni significativi, rendendo facilmente rilevabile qualsiasi manomissione.<\/li>\n<li><strong>Dimensioni e stampa personalizzate<\/strong>: Le nostre etichette sono disponibili in dimensioni personalizzabili e vengono stampate utilizzando\u00a0<strong>Stampa offset CMYK 4C<\/strong>\u00a0per una grafica vivace e di alta qualit\u00e0 che valorizzi il marchio.<\/li>\n<li><strong>Capacit\u00e0 di memoria<\/strong>:Ogni tag presenta\u00a0<strong>416 byte<\/strong>\u00a0di memoria, consentendo l&#039;archiviazione sicura delle informazioni essenziali.<\/li>\n<\/ul>\n<p>Queste caratteristiche rendono il tag NFC affidabile ed efficiente, diventando uno strumento essenziale per le aziende che puntano a misure di sicurezza di alto livello nelle loro attivit\u00e0.<\/p>\n<p>&nbsp;<\/p>\n<h2>Applicazioni dei tag NFC<\/h2>\n<p>La versatilit\u00e0 dei nostri tag NFC consente la loro applicazione in numerosi settori, migliorando i processi aziendali e mantenendo transazioni sicure:<\/p>\n<ul>\n<li><strong>Anti-contraffazione<\/strong>:Le aziende possono utilizzare queste etichette per garantire l&#039;autenticit\u00e0 del prodotto, poich\u00e9 sono progettate per essere attaccate in modo sicuro e a prova di manomissione, scoraggiando le pratiche di contraffazione.<\/li>\n<li><strong>Gestione degli eventi<\/strong>: Utilizza i tag NFC per l&#039;emissione dei biglietti, consentendo un controllo degli accessi senza interruzioni e riducendo l&#039;incidenza delle frodi sui biglietti.<\/li>\n<li><strong>Marketing intelligente<\/strong>: Questi tag possono essere integrati nei materiali di marketing, consentendo ai clienti di interagire direttamente con il tuo marchio toccando i loro telefoni per accedere a promozioni, dettagli sui prodotti o biglietti da visita digitali.<\/li>\n<\/ul>\n<p>Sfruttando la potenza di queste applicazioni, le aziende possono proteggere efficacemente le proprie attivit\u00e0 e ottimizzare l&#039;interazione con i clienti.<\/p>\n<p>&nbsp;<\/p>\n<h2>Domande frequenti (FAQ)<\/h2>\n<h3>1.\u00a0<strong>Cos&#039;\u00e8 un tag NFC?<\/strong><\/h3>\n<p>Un tag NFC (Near Field Communication) \u00e8 un piccolo dispositivo che utilizza la tecnologia RFID (Radio Frequency Identification) per trasmettere informazioni in modalit\u00e0 wireless su brevi distanze (in genere entro un intervallo di 1-10 cm). Gli utenti possono toccare i loro dispositivi abilitati NFC contro il tag per accedere alle informazioni memorizzate o eseguire un&#039;azione.<\/p>\n<h3>2.\u00a0<strong>Come si programma un tag NFC?<\/strong><\/h3>\n<p>La programmazione di un tag NFC in genere comporta l&#039;uso di uno smartphone abilitato NFC o di altri dispositivi compatibili con un&#039;app NFC. Puoi scrivere dati sul tag (come URL o informazioni di contatto) usando queste app. Seleziona semplicemente i dati che desideri scrivere, tocca il tag con il tuo dispositivo e i dati verranno archiviati.<\/p>\n<h3>3.\u00a0<strong>Quali tipi di dati possono memorizzare i tag NFC?<\/strong><\/h3>\n<p>I tag NFC possono memorizzare vari tipi di dati, tra cui URL, testo, informazioni di contatto, dettagli di prodotto, comandi per app e altro. La quantit\u00e0 specifica di dati che pu\u00f2 essere memorizzata dipende dalla capacit\u00e0 di memoria del tag, con i nostri tag NFC che supportano\u00a0<strong>416 byte<\/strong>.<\/p>\n<h3>4.\u00a0<strong>I tuoi tag NFC sono riscrivibili?<\/strong><\/h3>\n<p>S\u00ec, i nostri tag NFC sono riscrivibili, il che significa che puoi programmarli con dati diversi a seconda delle necessit\u00e0. Questa funzionalit\u00e0 \u00e8 particolarmente utile per le aziende che desiderano flessibilit\u00e0 nelle loro applicazioni.<\/p>","protected":false},"excerpt":{"rendered":"<p>Aumenta la sicurezza del tuo marchio con i nostri adesivi RFID NFC antimanomissione ad alta sicurezza all&#039;ingrosso. Progettati per l&#039;anticontraffazione, offrono soluzioni personalizzabili e un accesso ai dati senza interruzioni.<\/p>","protected":false},"featured_media":3684,"template":"","meta":[],"product_brand":[],"product_cat":[47],"product_tag":[],"class_list":{"0":"post-3683","1":"product","2":"type-product","3":"status-publish","4":"has-post-thumbnail","6":"product_cat-nfc-tags","8":"first","9":"instock","10":"shipping-taxable","11":"product-type-simple"},"_links":{"self":[{"href":"https:\/\/nfc-readers.com\/it\/wp-json\/wp\/v2\/product\/3683","targetHints":{"allow":["GET"]}}],"collection":[{"href":"https:\/\/nfc-readers.com\/it\/wp-json\/wp\/v2\/product"}],"about":[{"href":"https:\/\/nfc-readers.com\/it\/wp-json\/wp\/v2\/types\/product"}],"wp:featuredmedia":[{"embeddable":true,"href":"https:\/\/nfc-readers.com\/it\/wp-json\/wp\/v2\/media\/3684"}],"wp:attachment":[{"href":"https:\/\/nfc-readers.com\/it\/wp-json\/wp\/v2\/media?parent=3683"}],"wp:term":[{"taxonomy":"product_brand","embeddable":true,"href":"https:\/\/nfc-readers.com\/it\/wp-json\/wp\/v2\/product_brand?post=3683"},{"taxonomy":"product_cat","embeddable":true,"href":"https:\/\/nfc-readers.com\/it\/wp-json\/wp\/v2\/product_cat?post=3683"},{"taxonomy":"product_tag","embeddable":true,"href":"https:\/\/nfc-readers.com\/it\/wp-json\/wp\/v2\/product_tag?post=3683"}],"curies":[{"name":"wp","href":"https:\/\/api.w.org\/{rel}","templated":true}]}}