{"id":3700,"date":"2024-11-10T06:34:49","date_gmt":"2024-11-10T06:34:49","guid":{"rendered":"https:\/\/nfc-readers.com\/?post_type=product&#038;p=3700"},"modified":"2024-11-10T06:38:34","modified_gmt":"2024-11-10T06:38:34","slug":"custom-nfc-fragile-sticker-for-commodity-label-product-tag","status":"publish","type":"product","link":"https:\/\/nfc-readers.com\/it\/ic-reader\/custom-nfc-fragile-sticker-for-commodity-label-product-tag\/","title":{"rendered":"Adesivo NFC Fragile personalizzato per etichetta di prodotto"},"content":{"rendered":"<h1 style=\"text-align: center;\"><strong>Adesivo NFC Fragile personalizzato per etichetta di prodotto<\/strong><\/h1>\n<p>&nbsp;<\/p>\n<p>IL <strong>Adesivo NFC Fragile personalizzato<\/strong>\u00a0per l&#039;etichettatura delle merci \u00e8 un prodotto rivoluzionario che integra tecnologie avanzate\u00a0<strong>NFC (comunicazione in prossimit\u00e0)<\/strong>\u00a0tecnologia nelle soluzioni di etichettatura di tutti i giorni. Realizzati per garantire un&#039;etichettatura sicura e affidabile di articoli fragili, questi adesivi consentono alle aziende di migliorare i protocolli di verifica e sicurezza dei prodotti. Con un mix di praticit\u00e0 e modernit\u00e0, investire nella tecnologia NFC per l&#039;etichettatura non \u00e8 mai stato cos\u00ec importante. Questo articolo approfondisce le caratteristiche, i vantaggi e l&#039;utilit\u00e0 complessiva dell&#039;adesivo NFC Fragile personalizzato, guidandoti a prendere una decisione informata.<\/p>\n<p>&nbsp;<\/p>\n<h2>Perch\u00e9 scegliere gli adesivi NFC Fragile?<\/h2>\n<p>IL\u00a0<strong>Adesivo NFC Fragile personalizzato<\/strong>\u00a0\u00e8 progettato per soddisfare le esigenze delle aziende che necessitano di un metodo affidabile per la marcatura e il tracciamento di merci fragili. Ecco alcuni motivi convincenti per cui dovresti prendere in considerazione l&#039;aggiornamento del tuo processo di etichettatura con questo prodotto innovativo:<\/p>\n<ol>\n<li><strong>Sicurezza e verifica migliorate<\/strong>: Questi adesivi assicurano che i processi di verifica siano efficienti e a prova di errore. Con il chip NTAG213 incorporato, ogni adesivo pu\u00f2 memorizzare in modo sicuro le informazioni e verificare l&#039;autenticit\u00e0 del pacco con un semplice tocco di un\u00a0<strong>Smartphone abilitato NFC<\/strong>.<\/li>\n<li><strong>Applicazione intuitiva<\/strong>: Dimentica i complicati processi di configurazione. Applicando il\u00a0<strong>Adesivo NFC fragile<\/strong>\u00a0\u00e8 incredibilmente semplice: basta staccarlo e attaccarlo, rendendolo accessibile a qualsiasi utente nella tua supply chain.<\/li>\n<li><strong>Durata e resistenza alle intemperie<\/strong>: Realizzato in materiale di alta qualit\u00e0\u00a0<strong>PET\/PVC\/Carta<\/strong>\u00a0materiali, questi adesivi sono progettati per resistere a varie condizioni ambientali. Che siano esposti all&#039;umidit\u00e0 o a temperature variabili, i nostri adesivi fragili NFC mantengono elevate prestazioni e affidabilit\u00e0.<\/li>\n<li><strong>Personalizzabile e versatile<\/strong>: Nostro\u00a0<strong>adesivo NFC personalizzato<\/strong>\u00a0pu\u00f2 essere personalizzato per soddisfare specifiche esigenze di branding e informazione, consentendo applicazioni sia funzionali che promozionali.<\/li>\n<\/ol>\n<p>&nbsp;<\/p>\n<h2>Caratteristiche principali degli adesivi NFC Fragile<\/h2>\n<p>Utilizzando\u00a0<strong>NFC (comunicazione in prossimit\u00e0)<\/strong>\u00a0tecnologia, i nostri adesivi fragili personalizzati sono dotati di una serie di caratteristiche speciali che li contraddistinguono:<\/p>\n<ul>\n<li><strong>Design impermeabile\/resistente alle intemperie<\/strong>: Questi adesivi resistono a condizioni ambientali difficili, il che li rende adatti sia per applicazioni interne che esterne.<\/li>\n<li><strong>Compatibilit\u00e0<\/strong>: IL\u00a0<strong>circuito integrato ntag213<\/strong>\u00a0\u00e8 riconosciuto per la sua ampia compatibilit\u00e0 con vari\u00a0<strong>Dispositivi NFC<\/strong>, garantendo facilit\u00e0 d&#039;uso.<\/li>\n<\/ul>\n<h3>Come funziona<\/h3>\n<p>Basta toccare il tuo\u00a0<strong>Smartphone abilitato NFC<\/strong>\u00a0sull&#039;adesivo per accedere alle informazioni memorizzate in precedenza o verificare i dettagli del prodotto, il che pu\u00f2 semplificare notevolmente i processi di inventario e vendita.<\/p>\n<p>&nbsp;<\/p>\n<h2>Specifiche tecniche<\/h2>\n<table class=\"w-fit !mb-0 !max-w-none\">\n<thead>\n<tr>\n<th><strong>Specificazione<\/strong><\/th>\n<th><strong>Dettagli<\/strong><\/th>\n<\/tr>\n<\/thead>\n<tbody>\n<tr>\n<td><strong>Patata fritta<\/strong><\/td>\n<td>NTAG213<\/td>\n<\/tr>\n<tr>\n<td><strong>Frequenza<\/strong><\/td>\n<td>13,56 MHz<\/td>\n<\/tr>\n<tr>\n<td><strong>Dimensione della memoria<\/strong><\/td>\n<td>144 byte<\/td>\n<\/tr>\n<tr>\n<td><strong>Materiale<\/strong><\/td>\n<td>PET\/PVC\/Carta<\/td>\n<\/tr>\n<tr>\n<td><strong>Diametro<\/strong><\/td>\n<td>30 millimetri<\/td>\n<\/tr>\n<tr>\n<td><strong>Stampa<\/strong><\/td>\n<td>Stampa offset CMYK<\/td>\n<\/tr>\n<tr>\n<td><strong>Impermeabile<\/strong><\/td>\n<td>S\u00cc<\/td>\n<\/tr>\n<tr>\n<td><strong>Dimensioni della confezione<\/strong><\/td>\n<td>200 pezzi\/scatola interna; 25 scatole\/cartone<\/td>\n<\/tr>\n<tr>\n<td><strong>Dimensioni della scatola<\/strong><\/td>\n<td>Dimensioni: 48 x 22,5 x 30 cm<\/td>\n<\/tr>\n<tr>\n<td><strong>Capacit\u00e0 di fornitura<\/strong><\/td>\n<td>5.000.000 di pezzi al mese<\/td>\n<\/tr>\n<tr>\n<td><strong>Dimensioni confezione singola<\/strong><\/td>\n<td>Dimensioni: 35 x 1,5 x 0,02 cm<\/td>\n<\/tr>\n<tr>\n<td><strong>Peso lordo<\/strong><\/td>\n<td>0,010 kg<\/td>\n<\/tr>\n<\/tbody>\n<\/table>\n<p>&nbsp;<\/p>\n<h2>Domande frequenti<\/h2>\n<h3>D: Gli adesivi NFC Fragile sono compatibili con tutti gli smartphone?<\/h3>\n<p><strong>UN<\/strong>: S\u00ec, a patto che lo smartphone abbia la funzionalit\u00e0 NFC abilitata.<\/p>\n<h3>D: Quanto durano gli adesivi?<\/h3>\n<p><strong>UN<\/strong>: I nostri adesivi sono durevoli e progettati per resistere a diverse condizioni, garantendone la durata per tutto il ciclo di vita del prodotto.<\/p>\n<h3>D: Posso monitorare l&#039;utilizzo in tempo reale?<\/h3>\n<p><strong>UN<\/strong>: Sebbene questi adesivi forniscano una verifica immediata, il monitoraggio in tempo reale potrebbe richiedere l&#039;integrazione con sistemi specifici di gestione dell&#039;inventario.<\/p>","protected":false},"excerpt":{"rendered":"<p>L&#039;adesivo NFC Fragile personalizzato per l&#039;etichettatura delle merci \u00e8 progettato per fornire tracciamento sicuro e verifica dell&#039;autenticit\u00e0 per prodotti fragili. Il suo design intuitivo assicura una facile applicazione migliorando al contempo la gestione dell&#039;inventario.<\/p>","protected":false},"featured_media":3708,"template":"","meta":[],"product_brand":[],"product_cat":[48],"product_tag":[],"class_list":{"0":"post-3700","1":"product","2":"type-product","3":"status-publish","4":"has-post-thumbnail","6":"product_cat-nfc-stickers","8":"first","9":"instock","10":"shipping-taxable","11":"product-type-simple"},"_links":{"self":[{"href":"https:\/\/nfc-readers.com\/it\/wp-json\/wp\/v2\/product\/3700","targetHints":{"allow":["GET"]}}],"collection":[{"href":"https:\/\/nfc-readers.com\/it\/wp-json\/wp\/v2\/product"}],"about":[{"href":"https:\/\/nfc-readers.com\/it\/wp-json\/wp\/v2\/types\/product"}],"wp:featuredmedia":[{"embeddable":true,"href":"https:\/\/nfc-readers.com\/it\/wp-json\/wp\/v2\/media\/3708"}],"wp:attachment":[{"href":"https:\/\/nfc-readers.com\/it\/wp-json\/wp\/v2\/media?parent=3700"}],"wp:term":[{"taxonomy":"product_brand","embeddable":true,"href":"https:\/\/nfc-readers.com\/it\/wp-json\/wp\/v2\/product_brand?post=3700"},{"taxonomy":"product_cat","embeddable":true,"href":"https:\/\/nfc-readers.com\/it\/wp-json\/wp\/v2\/product_cat?post=3700"},{"taxonomy":"product_tag","embeddable":true,"href":"https:\/\/nfc-readers.com\/it\/wp-json\/wp\/v2\/product_tag?post=3700"}],"curies":[{"name":"wp","href":"https:\/\/api.w.org\/{rel}","templated":true}]}}