{"id":1493,"date":"2024-04-07T02:35:08","date_gmt":"2024-04-07T02:35:08","guid":{"rendered":"https:\/\/nfc-readers.com\/?post_type=product&#038;p=1493"},"modified":"2024-10-16T07:54:06","modified_gmt":"2024-10-16T07:54:06","slug":"acr1255u-j1-bluetooth-nfc-reader-writer","status":"publish","type":"product","link":"https:\/\/nfc-readers.com\/lt\/ic-reader\/acr1255u-j1-bluetooth-nfc-reader-writer\/","title":{"rendered":"ACR1255U-J1 \u2013 Bluetooth\u00ae NFC skaitytuvas\/ra\u0161ytuvas"},"content":{"rendered":"<h1>ACR1255U-J1 \u2013 Bluetooth\u00ae NFC skaitytuvas\/ra\u0161ytuvas<\/h1>\n<p>ACR1255U-J1 ACS Secure Bluetooth\u00ae NFC skaitytuvas \/ ra\u0161iklis sukurtas taip, kad b\u016bt\u0173 galima lengvai \u012fjungti mobili\u0105sias intelektuali\u0105sias korteles ir NFC programas. \u0160is \u012frenginys, kuriame \u012fdiegta pa\u017eangi 13,56 MHz bekontakt\u0117 technologija ir \u201eBluetooth\u00ae\u201c integracija, yra \u0161iuolaikin\u0117s ne\u0161iojamosios technologijos liudijimas. Jis palaiko \u012fvairius formatus, \u012fskaitant ISO 14443 A ir B tipo intelektuali\u0105sias korteles, MIFARE\u00ae, FeliCa\u00ae, taip pat daugum\u0105 NFC \u017eym\u0173 ir \u012frenginiai, atitinkantys ISO 18092 standart\u0105, u\u017etikrinant ACR1255U-J1 pritaikym\u0105 \u012fvairiems tikslams. Nuo autentifikavimo be prisilietimo, skirto prieigos kontrolei, iki logistikos atsarg\u0173 valdymo, jo taikymo sritis yra \u012fvairi. ACR1255U-J1 si\u016blo dvigubos s\u0105sajos galimybes. Jis naudoja \u201eBluetooth Low Energy\u201c (BLE), dar vadinam\u0105 tiesiog \u201eBluetooth\u201c, mobiliajam ry\u0161iui ir \u201eUSB Full Speed\u201c, kad b\u016bt\u0173 galima tiesiogiai bendrauti su kompiuteriu. \u012erenginys atlieka skaitymo \/ ra\u0161ymo operacijas, kuri\u0173 greitis siekia 424 Kb\/s, o tai leid\u017eia greitai perduoti duomenis bekontak\u010diomis intelektualiosiomis kortel\u0117mis ir NFC \u012frenginiais. Sukurtas veiklai judant, ACR1255U-J1 pasi\u017eymi kompakti\u0161ka konstrukcija ir maitina energij\u0105 i\u0161 vidinio \u012fkraunamo li\u010dio jon\u0173. baterija. D\u0117l perkeliamumo j\u012f galima naudoti su daugeliu i\u0161mani\u0173j\u0173 telefon\u0173 ir plan\u0161etini\u0173 kompiuteri\u0173, kuriuose veikia \u201eBluetooth\u201c, kad ir kur b\u016btum\u0117te. Atnaujinama programin\u0117 \u012franga yra papildomas ACR1255U-J1 prana\u0161umas, suteikiantis ekonomi\u0161k\u0173 ir laiko taupymo privalum\u0173, kartu neatsiliekant nuo spartaus grei\u010dio. technologin\u0117 pa\u017eanga ir prisitaikymas prie \u012fvairi\u0173 vartotoj\u0173 reikalavim\u0173. Apsaugotas AES-128 \u0161ifravimu, NFC Bluetooth skaitytuvas lengvai ir saugiai jungiasi prie \u012frengini\u0173, veikian\u010di\u0173 Android\u2122 (4.3 ir naujesn\u0117s versijos), iOS (8.0 ir naujesn\u0117s versijos), taip pat Windows\u00ae ( 7 ir naujesn\u0117s versijos) ir \u201eMac OS\u00ae\u201c (10.7 ir naujesn\u0117s versijos). Staliniams kompiuteriams ACR1255U-J1 nesunku \u012fdiegti kompiuteriuose, kuriuose veikia \u201eWindows\u00ae\u201c, nes atitinka PC\/SC ir CCID. Be to, jis suderinamas su Linux\u00ae ir Mac OS\u00ae tvarkykl\u0117mis.<\/p>\n<ul>\n<li>\n<h2>Bluetooth\u00ae s\u0105saja<\/h2>\n<\/li>\n<li>\n<h2>USB 2.0 viso grei\u010dio s\u0105saja<\/h2>\n<\/li>\n<li>\n<h2>Maitinimo \u0161altinis:<\/h2>\n<ul>\n<li>\n<h3>Maitinamas baterijomis (yra li\u010dio jon\u0173 baterija, \u012fkraunama per USB Mini-B prievad\u0105)<\/h3>\n<\/li>\n<li>\n<h3>Maitinamas i\u0161 USB (per prijungt\u0105 prie kompiuterio re\u017eim\u0105)<\/h3>\n<\/li>\n<\/ul>\n<\/li>\n<li>\n<h2>CCID atitiktis<\/h2>\n<\/li>\n<li>\n<h2>I\u0161mani\u0173j\u0173 korteli\u0173 skaitytuvas:<\/h2>\n<ul>\n<li>\n<h3>Bekontakt\u0117 s\u0105saja:<\/h3>\n<ul>\n<li>\n<h4>Skaitymo \/ ra\u0161ymo greitis iki 424 kbps<\/h4>\n<\/li>\n<li>\n<h4>Integruota antena bekontaktei prieigai prie \u017eym\u0173, kortel\u0117s nuskaitymo atstumas iki 60 mm (priklausomai nuo \u017eymos tipo)<\/h4>\n<\/li>\n<li>\n<h4>Palaiko ISO 14443 A ir B tipo korteles, MIFARE, FeliCa ir vis\u0173 4 tip\u0173 NFC (ISO\/IEC 18092) \u017eymas<\/h4>\n<\/li>\n<li>\n<h4>Integruota apsaugos nuo susid\u016brimo funkcija (bet kuriuo metu pasiekiama tik 1 \u017eyma)<\/h4>\n<\/li>\n<li>\n<h4>NFC palaikymas<\/h4>\n<\/li>\n<li>\n<h4>Korteli\u0173 skaitytuvo \/ ra\u0161ymo re\u017eimas<\/h4>\n<\/li>\n<\/ul>\n<\/li>\n<\/ul>\n<\/li>\n<li>\n<h2>Integruoti periferiniai \u012frenginiai:<\/h2>\n<ul>\n<li>\n<h3>Du vartotojo valdomi dviej\u0173 spalv\u0173 \u0161viesos diodai<\/h3>\n<\/li>\n<li>\n<h3>Vartotojo valdomas garsinis signalas<\/h3>\n<\/li>\n<\/ul>\n<\/li>\n<li>\n<h2>Program\u0173 programavimo s\u0105saja:<\/h2>\n<ul>\n<li>\n<h3>Palaiko PC\/SC<\/h3>\n<\/li>\n<li>\n<h3>Palaiko CT-API (per d\u0117kl\u0105 kompiuterio \/ SC vir\u0161uje)<\/h3>\n<\/li>\n<\/ul>\n<\/li>\n<li>\n<h2>USB programin\u0117s \u012frangos atnaujinimas<\/h2>\n<\/li>\n<li>\n<h2>Palaiko Android\u2122 4.3 ir naujesnes versijas<\/h2>\n<\/li>\n<li>\n<h2>Palaiko iOS 8.0 ir naujesnes versijas<\/h2>\n<\/li>\n<li>\n<table width=\"719\">\n<tbody>\n<tr>\n<td colspan=\"2\" width=\"719\">Fizin\u0117s charakteristikos<\/td>\n<\/tr>\n<tr>\n<td width=\"326\">Matmenys (mm)<\/td>\n<td width=\"393\">85 mm (ilgis) x 54 mm (plotis) x 10 mm (auk\u0161tis)<\/td>\n<\/tr>\n<tr>\n<td width=\"326\">Svoris (g)<\/td>\n<td width=\"393\">37,5 g (74,1 g su kabeliu \u00b1 5 g nuokrypis)<\/td>\n<\/tr>\n<tr>\n<td colspan=\"2\" width=\"719\">Bluetooth s\u0105saja<\/td>\n<\/tr>\n<tr>\n<td width=\"326\">protokolas<\/td>\n<td width=\"393\">Bluetooth\u00ae (\u201eBluetooth 4.0\u201c)<\/td>\n<\/tr>\n<tr>\n<td width=\"326\">Maitinimo \u0161altinis<\/td>\n<td width=\"393\">\u012ekraunama li\u010dio jon\u0173 baterija (kraunama per USB)<\/td>\n<\/tr>\n<tr>\n<td width=\"326\">Greitis<\/td>\n<td width=\"393\">1 Mbps<\/td>\n<\/tr>\n<tr>\n<td colspan=\"2\" width=\"719\">USB s\u0105saja<\/td>\n<\/tr>\n<tr>\n<td width=\"326\">protokolas<\/td>\n<td width=\"393\">USB CCID<\/td>\n<\/tr>\n<tr>\n<td width=\"326\">Jungties tipas<\/td>\n<td width=\"393\">USB Mini-B<\/td>\n<\/tr>\n<tr>\n<td width=\"326\">Maitinimo \u0161altinis<\/td>\n<td width=\"393\">I\u0161 USB prievado<\/td>\n<\/tr>\n<tr>\n<td width=\"326\">Greitis<\/td>\n<td width=\"393\">Visas USB greitis (12 Mbps)<\/td>\n<\/tr>\n<tr>\n<td width=\"326\">Kabelio ilgis<\/td>\n<td width=\"393\">1 m, Nuimamas<\/td>\n<\/tr>\n<tr>\n<td colspan=\"2\" width=\"719\">Bekontakt\u0117 intelektualiosios kortel\u0117s s\u0105saja<\/td>\n<\/tr>\n<tr>\n<td width=\"326\">Standartinis<\/td>\n<td width=\"393\">ISO\/IEC 18092 NFC, ISO 14443 A ir B tipai, MIFARE, FeliCa<\/td>\n<\/tr>\n<tr>\n<td width=\"326\">protokolas<\/td>\n<td width=\"393\">ISO 14443-4 suderinama kortel\u0117, T=CL<br \/>\nMIFARE klasikin\u0117 kortel\u0117, T=CL<br \/>\nISO 18092, NFC \u017eymos<br \/>\nFeliCa<\/td>\n<\/tr>\n<tr>\n<td colspan=\"2\" width=\"719\">Integruoti periferiniai \u012frenginiai<\/td>\n<\/tr>\n<tr>\n<td width=\"326\">LED<\/td>\n<td width=\"393\">2 dvispalv\u0117s: raudona ir m\u0117lyna, raudona ir \u017ealia<\/td>\n<\/tr>\n<tr>\n<td width=\"326\">Skambutis<\/td>\n<td width=\"393\">Monotoni\u0161kas<\/td>\n<\/tr>\n<tr>\n<td colspan=\"2\" width=\"719\">Kitos funkcijos<\/td>\n<\/tr>\n<tr>\n<td width=\"326\">\u0160ifravimas<\/td>\n<td width=\"393\">\u012erenginyje esantis AES \u0161ifravimo algoritmas<\/td>\n<\/tr>\n<tr>\n<td width=\"326\">Programin\u0117s \u012frangos atnaujinimas<\/td>\n<td width=\"393\">Palaikoma<\/td>\n<\/tr>\n<tr>\n<td colspan=\"2\" width=\"719\">Sertifikatai \/ atitiktis<\/td>\n<\/tr>\n<tr>\n<td rowspan=\"14\" width=\"326\">Sertifikatai \/ atitiktis<\/td>\n<td>EN 60950\/IEC 60950<\/td>\n<\/tr>\n<tr>\n<td>ISO 18092<\/td>\n<\/tr>\n<tr>\n<td>ISO 14443<\/td>\n<\/tr>\n<tr>\n<td>USB visu grei\u010diu<\/td>\n<\/tr>\n<tr>\n<td>Bluetooth\u00ae<\/td>\n<\/tr>\n<tr>\n<td>PC\/SC<\/td>\n<\/tr>\n<tr>\n<td>CCID<\/td>\n<\/tr>\n<tr>\n<td>CE<\/td>\n<\/tr>\n<tr>\n<td>FCC<\/td>\n<\/tr>\n<tr>\n<td>RoHS<\/td>\n<\/tr>\n<tr>\n<td>REACH<\/td>\n<\/tr>\n<tr>\n<td>VCCI (Japonija)<\/td>\n<\/tr>\n<tr>\n<td>BIS (Indija)<\/td>\n<\/tr>\n<tr>\n<td>Microsoft\u00ae WHQL<\/td>\n<\/tr>\n<tr>\n<td colspan=\"2\" width=\"719\">\u012erenginio tvarkykl\u0117s operacin\u0117s sistemos palaikymas<\/td>\n<\/tr>\n<tr>\n<td rowspan=\"5\" width=\"326\">\u012erenginio tvarkykl\u0117s operacin\u0117s sistemos palaikymas<\/td>\n<td width=\"393\">Windows\u00ae<\/td>\n<\/tr>\n<tr>\n<td width=\"393\">Linux\u00ae<\/td>\n<\/tr>\n<tr>\n<td width=\"393\">MAC OS\u00ae 10.7 ir naujesn\u0117s versijos<\/td>\n<\/tr>\n<tr>\n<td width=\"393\">Android\u2122 4.3 ir naujesn\u0117s versijos<\/td>\n<\/tr>\n<tr>\n<td width=\"393\">iOS 8.0 ir naujesn\u0117s versijos<\/td>\n<\/tr>\n<\/tbody>\n<\/table>\n<\/li>\n<\/ul>","protected":false},"excerpt":{"rendered":"<p>ACR1255U-J1 yra universalus \u201eBluetooth\u00ae\u201c NFC skaitytuvas, apr\u016bpintas RFID technologija, leid\u017eian\u010diu skland\u017eiai bendrauti mobiliajame telefone ir darbalaukyje su intelektualiosiomis kortel\u0117mis ir NFC \u012frenginiais.<\/p>","protected":false},"featured_media":1496,"template":"","meta":[],"product_brand":[],"product_cat":[38,40],"product_tag":[],"class_list":{"0":"post-1493","1":"product","2":"type-product","3":"status-publish","4":"has-post-thumbnail","6":"product_cat-mobile-ble-nfc-reader","7":"product_cat-rfid-nfc-reader","9":"first","10":"instock","11":"shipping-taxable","12":"product-type-simple"},"_links":{"self":[{"href":"https:\/\/nfc-readers.com\/lt\/wp-json\/wp\/v2\/product\/1493","targetHints":{"allow":["GET"]}}],"collection":[{"href":"https:\/\/nfc-readers.com\/lt\/wp-json\/wp\/v2\/product"}],"about":[{"href":"https:\/\/nfc-readers.com\/lt\/wp-json\/wp\/v2\/types\/product"}],"wp:featuredmedia":[{"embeddable":true,"href":"https:\/\/nfc-readers.com\/lt\/wp-json\/wp\/v2\/media\/1496"}],"wp:attachment":[{"href":"https:\/\/nfc-readers.com\/lt\/wp-json\/wp\/v2\/media?parent=1493"}],"wp:term":[{"taxonomy":"product_brand","embeddable":true,"href":"https:\/\/nfc-readers.com\/lt\/wp-json\/wp\/v2\/product_brand?post=1493"},{"taxonomy":"product_cat","embeddable":true,"href":"https:\/\/nfc-readers.com\/lt\/wp-json\/wp\/v2\/product_cat?post=1493"},{"taxonomy":"product_tag","embeddable":true,"href":"https:\/\/nfc-readers.com\/lt\/wp-json\/wp\/v2\/product_tag?post=1493"}],"curies":[{"name":"wp","href":"https:\/\/api.w.org\/{rel}","templated":true}]}}