{"id":1511,"date":"2024-04-07T02:55:34","date_gmt":"2024-04-07T02:55:34","guid":{"rendered":"https:\/\/nfc-readers.com\/?post_type=product&#038;p=1511"},"modified":"2024-10-16T08:11:19","modified_gmt":"2024-10-16T08:11:19","slug":"acr1311u-n2-nfc-bluetooth-reader","status":"publish","type":"product","link":"https:\/\/nfc-readers.com\/lt\/ic-reader\/acr1311u-n2-nfc-bluetooth-reader\/","title":{"rendered":"ACR1311U-N2 NFC Bluetooth skaitytuvas"},"content":{"rendered":"<h1>ACR1311U-N2 NFC Bluetooth skaitytuvas<\/h1>\n<p>ACR1311U-N2 yra pritaikomo ir efektyvaus NFC skaitytuvo Bluetooth \u012frenginio pavyzdys. Platus suderinamumas su keliais intelektuali\u0173j\u0173 korteli\u0173 ir NFC standartais kartu su patogia, atnaujinama programine \u012franga u\u017etikrina, kad jis i\u0161siskirt\u0173 kaip atei\u010diai tinkamas ir daugiafunkcis \u012frankis, tinkantis \u012fvairioms RFID ir NFC programoms.<\/p>\n<ul>\n<li><iframe loading=\"lazy\" title=\"ACR1311 Bluetooth NFC Reader Writer\" width=\"1020\" height=\"574\" src=\"https:\/\/www.youtube.com\/embed\/gTAp1gC83Q8?feature=oembed\" frameborder=\"0\" allow=\"accelerometer; autoplay; clipboard-write; encrypted-media; gyroscope; picture-in-picture; web-share\" referrerpolicy=\"strict-origin-when-cross-origin\" allowfullscreen><\/iframe>\n<p>Bluetooth\u00ae s\u0105saja<\/li>\n<li>\n<h2>USB 2.0 viso grei\u010dio s\u0105saja<\/h2>\n<\/li>\n<li>\n<h2>Maitinimo \u0161altinis:<\/h2>\n<ul>\n<li>\n<h3>Maitinamas baterijomis (yra li\u010dio jon\u0173 baterija, \u012fkraunama per USB Mini-B prievad\u0105)<\/h3>\n<\/li>\n<li>\n<h3>Maitinamas i\u0161 USB (per prijungt\u0105 prie kompiuterio re\u017eim\u0105)<\/h3>\n<\/li>\n<\/ul>\n<\/li>\n<li>\n<h2>CCID atitiktis<\/h2>\n<\/li>\n<li>\n<h2>I\u0161mani\u0173j\u0173 korteli\u0173 skaitytuvas:<\/h2>\n<ul>\n<li>\n<h3>Bekontakt\u0117 s\u0105saja:<\/h3>\n<ul>\n<li>\n<h4>Skaitymo \/ ra\u0161ymo greitis iki 424 kbps<\/h4>\n<\/li>\n<li>\n<h4>Integruota antena bekontaktei prieigai prie \u017eym\u0173, kortel\u0117s nuskaitymo atstumas iki 60 mm (priklausomai nuo \u017eymos tipo)<\/h4>\n<\/li>\n<li>\n<h4>Palaiko ISO 14443 A ir B tipo korteles, MIFARE, FeliCa ir vis\u0173 4 tip\u0173 NFC (ISO\/IEC 18092) \u017eymas<\/h4>\n<\/li>\n<li>\n<h4>Integruota apsaugos nuo susid\u016brimo funkcija (bet kuriuo metu pasiekiama tik 1 \u017eyma)<\/h4>\n<\/li>\n<li>\n<h4>NFC palaikymas<\/h4>\n<\/li>\n<li>\n<h4>Korteli\u0173 skaitytuvo \/ ra\u0161ymo re\u017eimas<\/h4>\n<\/li>\n<\/ul>\n<\/li>\n<\/ul>\n<\/li>\n<li>\n<h2>Integruoti periferiniai \u012frenginiai:<\/h2>\n<ul>\n<li>\n<h3>Du vartotojo valdomi dviej\u0173 spalv\u0173 \u0161viesos diodai<\/h3>\n<\/li>\n<li>\n<h3>Vartotojo valdomas garsinis signalas<\/h3>\n<\/li>\n<\/ul>\n<\/li>\n<li>\n<h2>Program\u0173 programavimo s\u0105saja:<\/h2>\n<ul>\n<li>\n<h3>Palaiko PC\/SC<\/h3>\n<\/li>\n<li>\n<h3>Palaiko CT-API (per d\u0117kl\u0105 kompiuterio \/ SC vir\u0161uje)<\/h3>\n<\/li>\n<\/ul>\n<\/li>\n<li>\n<h2>USB programin\u0117s \u012frangos atnaujinimas<\/h2>\n<\/li>\n<li>\n<h2>Palaiko Android\u2122 4.3 ir naujesnes versijas<\/h2>\n<\/li>\n<li>\n<h2>Palaiko iOS 8.0 ir naujesnes versijas<\/h2>\n<\/li>\n<\/ul>\n<p><iframe loading=\"lazy\" title=\"Belaidis NFC korteli\u0173 skaitytuvo ra\u0161ytuvas | ACR1311U N2\" width=\"1020\" height=\"574\" src=\"https:\/\/www.youtube.com\/embed\/mSzbe8xRJLQ?feature=oembed\" frameborder=\"0\" allow=\"accelerometer; autoplay; clipboard-write; encrypted-media; gyroscope; picture-in-picture; web-share\" referrerpolicy=\"strict-origin-when-cross-origin\" allowfullscreen><\/iframe><\/p>\n<ul>\n<li>\n<table style=\"height: 1029px;\" width=\"722\">\n<tbody>\n<tr>\n<td colspan=\"2\" width=\"775\">Fizin\u0117s charakteristikos<\/td>\n<\/tr>\n<tr>\n<td width=\"382\">Matmenys (mm)<\/td>\n<td width=\"393\">60 mm (ilgis) \u00d7 47,98 mm (plotis) \u00d7 12 mm (auk\u0161tis)<\/td>\n<\/tr>\n<tr>\n<td width=\"382\">Svoris (g)<\/td>\n<td width=\"393\">30g<\/td>\n<\/tr>\n<tr>\n<td colspan=\"2\" width=\"775\">Bluetooth s\u0105saja<\/td>\n<\/tr>\n<tr>\n<td width=\"382\">protokolas<\/td>\n<td width=\"393\">Bluetooth\u00ae (\u201eBluetooth 4.0\u201c)<\/td>\n<\/tr>\n<tr>\n<td width=\"382\">Maitinimo \u0161altinis<\/td>\n<td width=\"393\">\u012ekraunama li\u010dio jon\u0173 baterija (kraunama per USB)<\/td>\n<\/tr>\n<tr>\n<td width=\"382\">Greitis<\/td>\n<td width=\"393\">1 Mbps<\/td>\n<\/tr>\n<tr>\n<td colspan=\"2\" width=\"775\">USB s\u0105saja<\/td>\n<\/tr>\n<tr>\n<td width=\"382\">protokolas<\/td>\n<td width=\"393\">USB CCID<\/td>\n<\/tr>\n<tr>\n<td width=\"382\">Jungties tipas<\/td>\n<td width=\"393\">USB mikro<\/td>\n<\/tr>\n<tr>\n<td width=\"382\">Maitinimo \u0161altinis<\/td>\n<td width=\"393\">I\u0161 USB prievado<\/td>\n<\/tr>\n<tr>\n<td width=\"382\">Greitis<\/td>\n<td width=\"393\">Visas USB greitis (12 Mbps)<\/td>\n<\/tr>\n<tr>\n<td width=\"382\">Kabelio ilgis<\/td>\n<td width=\"393\">1 m, Nuimamas<\/td>\n<\/tr>\n<tr>\n<td colspan=\"2\" width=\"775\">Bekontakt\u0117 intelektualiosios kortel\u0117s s\u0105saja<\/td>\n<\/tr>\n<tr>\n<td width=\"382\">Standartinis<\/td>\n<td width=\"393\">ISO 14443 A ir B tipai, MIFARE, DESFire<\/td>\n<\/tr>\n<tr>\n<td width=\"382\">protokolas<\/td>\n<td width=\"393\">ISO 14443 T=CL su ISO14443-4 suderinamoms kortel\u0117ms ir T=CL emuliacija MIFARE Classic 1K\/4K ir NFC \u017eymoms<\/td>\n<\/tr>\n<tr>\n<td colspan=\"2\" width=\"775\">Integruoti periferiniai \u012frenginiai<\/td>\n<\/tr>\n<tr>\n<td width=\"382\">LED<\/td>\n<td width=\"393\">2 dvispalv\u0117s: raudona ir m\u0117lyna, raudona ir \u017ealia<\/td>\n<\/tr>\n<tr>\n<td width=\"382\">Skambutis<\/td>\n<td width=\"393\">Monotoni\u0161kas<\/td>\n<\/tr>\n<tr>\n<td colspan=\"2\" width=\"775\">Kitos funkcijos<\/td>\n<\/tr>\n<tr>\n<td width=\"382\">Programin\u0117s \u012frangos atnaujinimas<\/td>\n<td width=\"393\">Palaikoma<\/td>\n<\/tr>\n<tr>\n<td colspan=\"2\" width=\"775\">Sertifikatai \/ atitiktis<\/td>\n<\/tr>\n<tr>\n<td rowspan=\"9\" width=\"382\">Sertifikatai \/ atitiktis<\/td>\n<td>EN 60950\/IEC 60950<\/td>\n<\/tr>\n<tr>\n<td>ISO 14443<\/td>\n<\/tr>\n<tr>\n<td>USB visu grei\u010diu<\/td>\n<\/tr>\n<tr>\n<td>Bluetooth\u00ae<\/td>\n<\/tr>\n<tr>\n<td>PC\/SC<\/td>\n<\/tr>\n<tr>\n<td>CCID<\/td>\n<\/tr>\n<tr>\n<td>RoHS2<\/td>\n<\/tr>\n<tr>\n<td>REACH<\/td>\n<\/tr>\n<tr>\n<td>Microsoft\u00ae WHQL<\/td>\n<\/tr>\n<tr>\n<td colspan=\"2\" width=\"775\">\u012erenginio tvarkykl\u0117s operacin\u0117s sistemos palaikymas<\/td>\n<\/tr>\n<tr>\n<td rowspan=\"5\" width=\"382\">\u012erenginio tvarkykl\u0117s operacin\u0117s sistemos palaikymas<\/td>\n<td width=\"393\">Windows\u00ae<\/td>\n<\/tr>\n<tr>\n<td width=\"393\">Linux\u00ae<\/td>\n<\/tr>\n<tr>\n<td width=\"393\">MAC OS\u00ae 10.7 ir naujesn\u0117s versijos<\/td>\n<\/tr>\n<tr>\n<td width=\"393\">Android\u2122 4.3 ir naujesn\u0117s versijos<\/td>\n<\/tr>\n<tr>\n<td width=\"393\">iOS 8.0 ir naujesn\u0117s versijos<\/td>\n<\/tr>\n<\/tbody>\n<\/table>\n<\/li>\n<\/ul>","protected":false},"excerpt":{"rendered":"<p>ACR1311U-N2 yra universalus Bluetooth NFC saugus skaitytuvas, palaikantis RFID programas, skirtas prieigos kontrolei ir atsarg\u0173 valdymui.<\/p>","protected":false},"featured_media":1507,"template":"","meta":[],"product_brand":[],"product_cat":[38,40],"product_tag":[],"class_list":{"0":"post-1511","1":"product","2":"type-product","3":"status-publish","4":"has-post-thumbnail","6":"product_cat-mobile-ble-nfc-reader","7":"product_cat-rfid-nfc-reader","9":"first","10":"instock","11":"shipping-taxable","12":"product-type-simple"},"_links":{"self":[{"href":"https:\/\/nfc-readers.com\/lt\/wp-json\/wp\/v2\/product\/1511","targetHints":{"allow":["GET"]}}],"collection":[{"href":"https:\/\/nfc-readers.com\/lt\/wp-json\/wp\/v2\/product"}],"about":[{"href":"https:\/\/nfc-readers.com\/lt\/wp-json\/wp\/v2\/types\/product"}],"wp:featuredmedia":[{"embeddable":true,"href":"https:\/\/nfc-readers.com\/lt\/wp-json\/wp\/v2\/media\/1507"}],"wp:attachment":[{"href":"https:\/\/nfc-readers.com\/lt\/wp-json\/wp\/v2\/media?parent=1511"}],"wp:term":[{"taxonomy":"product_brand","embeddable":true,"href":"https:\/\/nfc-readers.com\/lt\/wp-json\/wp\/v2\/product_brand?post=1511"},{"taxonomy":"product_cat","embeddable":true,"href":"https:\/\/nfc-readers.com\/lt\/wp-json\/wp\/v2\/product_cat?post=1511"},{"taxonomy":"product_tag","embeddable":true,"href":"https:\/\/nfc-readers.com\/lt\/wp-json\/wp\/v2\/product_tag?post=1511"}],"curies":[{"name":"wp","href":"https:\/\/api.w.org\/{rel}","templated":true}]}}