{"id":1512,"date":"2024-04-07T03:03:03","date_gmt":"2024-04-07T03:03:03","guid":{"rendered":"https:\/\/nfc-readers.com\/?post_type=product&#038;p=1512"},"modified":"2024-10-16T08:13:55","modified_gmt":"2024-10-16T08:13:55","slug":"acr35-nfc-mobilemate-card-reader","status":"publish","type":"product","link":"https:\/\/nfc-readers.com\/lt\/ic-reader\/acr35-nfc-mobilemate-card-reader\/","title":{"rendered":"ACR35 NFC MobileMate korteli\u0173 skaitytuvas"},"content":{"rendered":"<h1>ACR35 NFC MobileMate korteli\u0173 skaitytuvas<\/h1>\n<p>ACR35 NFC MobileMate korteli\u0173 skaitytuvas yra kompakti\u0161kas, stilingas ir ne\u0161iojamas NFC skaitytuvas, u\u017etikrinantis saugi\u0105 ir patogi\u0105 patirt\u012f. D\u0117l pa\u017eangi\u0173 \u0161ifravimo funkcij\u0173 ir \u012fkraunamo maitinimo \u0161altinio patogumo jis yra vertingas saugi\u0173 mobili\u0173j\u0173 operacij\u0173 turtas, \u012fk\u016bnijantis tobul\u0105 funkcionalumo ir perkeliamumo derin\u012f aktyviems vartotojams.<\/p>\n<p>&nbsp;<\/p>\n<p>3,5 mm garso lizdo s\u0105saja<br \/>\nMaitinamas i\u0161 li\u010dio jon\u0173 akumuliatoriaus (\u012fkraunamas naudojant su kompiuteriu susiet\u0105 re\u017eim\u0105)<br \/>\nI\u0161mani\u0173j\u0173 korteli\u0173 skaitytuvas:<br \/>\nIntegruota antena bekontaktei prieigai prie \u017eymos, nuskaitymo atstumas iki 50 mm (priklausomai nuo \u017eymos tipo)<br \/>\nPalaiko ISO 14443 4 dalies A ir B tipo korteles<br \/>\nPalaiko MIFARE<br \/>\nPalaiko FeliCa<br \/>\nPalaiko ISO 18092 \u017eymas (NFC \u017eymas)*<br \/>\nIntegruota apsaugos nuo susid\u016brimo funkcija<br \/>\nNFC palaikymas:<br \/>\nKorteli\u0173 skaitytuvo\/ra\u0161ymo re\u017eimas<br \/>\nMagnetini\u0173 juosteli\u0173 korteli\u0173 skaitytuvas:<br \/>\nNuskaito iki dviej\u0173 kortel\u0117s duomen\u0173 takeli\u0173 (1 takelis \/ 2 takelis)<br \/>\nGalimyb\u0117 skaityti dvikrypt\u012f<br \/>\nPalaiko AES128 \u0161ifravimo algoritm\u0105<br \/>\nPalaiko DUKPT rakt\u0173 valdymo sistem\u0105<br \/>\nPalaiko ISO 7810 \/ 7811 magnetines korteles<br \/>\nPalaiko Hi-Coercivity ir Low-Coercivity magnetines korteles<br \/>\nPalaikykite JIS1 ir JIS2<\/p>\n<table width=\"769\">\n<tbody>\n<tr>\n<td colspan=\"2\" width=\"769\">Fizin\u0117s charakteristikos<\/td>\n<\/tr>\n<tr>\n<td width=\"376\">Matmenys (mm)<\/td>\n<td width=\"393\">60,0 mm (ilgis) x 45,0 mm (plotis) x 13,3 mm (auk\u0161tis)<\/td>\n<\/tr>\n<tr>\n<td width=\"376\">Svoris (g)<\/td>\n<td width=\"393\">29,0 g (su baterija)<\/td>\n<\/tr>\n<tr>\n<td colspan=\"2\" width=\"769\">Garso lizdo ry\u0161io s\u0105saja<\/td>\n<\/tr>\n<tr>\n<td width=\"376\">protokolas<\/td>\n<td width=\"393\">Dviej\u0173 kryp\u010di\u0173 garso lizdo s\u0105saja<\/td>\n<\/tr>\n<tr>\n<td width=\"376\">Jungties tipas<\/td>\n<td width=\"393\">3,5 mm 4 poli\u0173 garso lizdas<\/td>\n<\/tr>\n<tr>\n<td width=\"376\">Maitinimo \u0161altinis<\/td>\n<td width=\"393\">Maitinamas baterijomis<\/td>\n<\/tr>\n<tr>\n<td colspan=\"2\" width=\"769\">USB s\u0105saja<\/td>\n<\/tr>\n<tr>\n<td width=\"376\">Jungties tipas<\/td>\n<td width=\"393\">Mikro USB<\/td>\n<\/tr>\n<tr>\n<td width=\"376\">Maitinimo \u0161altinis<\/td>\n<td width=\"393\">I\u0161 USB prievado<\/td>\n<\/tr>\n<tr>\n<td width=\"376\">Kabelio ilgis<\/td>\n<td width=\"393\">1 m, Nuimamas<\/td>\n<\/tr>\n<tr>\n<td colspan=\"2\" width=\"769\">Bekontakt\u0117 intelektualiosios kortel\u0117s s\u0105saja<\/td>\n<\/tr>\n<tr>\n<td width=\"376\">Standartinis<\/td>\n<td width=\"393\">ISO\/IEC 18092 NFC, ISO 14443 A ir B tipai, MIFARE, FeliCa<\/td>\n<\/tr>\n<tr>\n<td rowspan=\"4\" width=\"376\">protokolas<\/td>\n<td width=\"393\">ISO 14443-4 suderinama kortel\u0117, T=CL<\/td>\n<\/tr>\n<tr>\n<td width=\"393\">MIFARE klasikin\u0117 kortel\u0117, T=CL<\/td>\n<\/tr>\n<tr>\n<td width=\"393\">ISO 18092, NFC \u017eymos<\/td>\n<\/tr>\n<tr>\n<td width=\"393\">FeliCa<\/td>\n<\/tr>\n<tr>\n<td colspan=\"2\" width=\"769\">Magnetin\u0117s kortel\u0117s s\u0105saja<\/td>\n<\/tr>\n<tr>\n<td rowspan=\"2\" width=\"376\">Standartinis<\/td>\n<td width=\"393\">ISO 7810\/7811 Hi-Co ir Low-Co magnetin\u0117s kortel\u0117s<\/td>\n<\/tr>\n<tr>\n<td width=\"393\">JIS 1 ir JIS 2<\/td>\n<\/tr>\n<tr>\n<td colspan=\"2\" width=\"769\">Kitos funkcijos<\/td>\n<\/tr>\n<tr>\n<td rowspan=\"2\" width=\"376\">\u0160ifravimas<\/td>\n<td width=\"393\">\u012erenginyje esantis AES \u0161ifravimo algoritmas<\/td>\n<\/tr>\n<tr>\n<td width=\"393\">DUKPT rakt\u0173 valdymo sistema<\/td>\n<\/tr>\n<tr>\n<td colspan=\"2\" width=\"769\">Sertifikatai \/ atitiktis<\/td>\n<\/tr>\n<tr>\n<td rowspan=\"10\" width=\"376\">Sertifikatai \/ atitiktis<\/td>\n<td>EN 60950\/IEC 60950<\/td>\n<\/tr>\n<tr>\n<td>ISO 7811<\/td>\n<\/tr>\n<tr>\n<td>ISO 18092<\/td>\n<\/tr>\n<tr>\n<td>ISO 14443<\/td>\n<\/tr>\n<tr>\n<td>VCCI (Japonija)<\/td>\n<\/tr>\n<tr>\n<td>KC (Kor\u0117ja)<\/td>\n<\/tr>\n<tr>\n<td>CE<\/td>\n<\/tr>\n<tr>\n<td>FCC<\/td>\n<\/tr>\n<tr>\n<td>RoHS 2<\/td>\n<\/tr>\n<tr>\n<td>REACH<\/td>\n<\/tr>\n<tr>\n<td colspan=\"2\" width=\"769\">\u012erenginio tvarkykl\u0117s operacin\u0117s sistemos palaikymas<\/td>\n<\/tr>\n<tr>\n<td rowspan=\"2\" width=\"376\">\u012erenginio tvarkykl\u0117s operacin\u0117s sistemos palaikymas<\/td>\n<td>Android\u2122 2.0 ir naujesn\u0117s versijos<\/td>\n<\/tr>\n<tr>\n<td>iOS 5.0 ir naujesn\u0117s versijos<\/td>\n<\/tr>\n<\/tbody>\n<\/table>","protected":false},"excerpt":{"rendered":"<p>The ACR35 NFC MobileMate Reader is a portable contactless Reader that enhances mobile devices, offering secure NFC transactions for users on the move.<\/p>","protected":false},"featured_media":1499,"template":"","meta":[],"product_brand":[],"product_cat":[38],"product_tag":[],"class_list":{"0":"post-1512","1":"product","2":"type-product","3":"status-publish","4":"has-post-thumbnail","6":"product_cat-mobile-ble-nfc-reader","8":"first","9":"instock","10":"shipping-taxable","11":"product-type-simple"},"_links":{"self":[{"href":"https:\/\/nfc-readers.com\/lt\/wp-json\/wp\/v2\/product\/1512","targetHints":{"allow":["GET"]}}],"collection":[{"href":"https:\/\/nfc-readers.com\/lt\/wp-json\/wp\/v2\/product"}],"about":[{"href":"https:\/\/nfc-readers.com\/lt\/wp-json\/wp\/v2\/types\/product"}],"wp:featuredmedia":[{"embeddable":true,"href":"https:\/\/nfc-readers.com\/lt\/wp-json\/wp\/v2\/media\/1499"}],"wp:attachment":[{"href":"https:\/\/nfc-readers.com\/lt\/wp-json\/wp\/v2\/media?parent=1512"}],"wp:term":[{"taxonomy":"product_brand","embeddable":true,"href":"https:\/\/nfc-readers.com\/lt\/wp-json\/wp\/v2\/product_brand?post=1512"},{"taxonomy":"product_cat","embeddable":true,"href":"https:\/\/nfc-readers.com\/lt\/wp-json\/wp\/v2\/product_cat?post=1512"},{"taxonomy":"product_tag","embeddable":true,"href":"https:\/\/nfc-readers.com\/lt\/wp-json\/wp\/v2\/product_tag?post=1512"}],"curies":[{"name":"wp","href":"https:\/\/api.w.org\/{rel}","templated":true}]}}