{"id":1532,"date":"2024-04-07T04:16:02","date_gmt":"2024-04-07T04:16:02","guid":{"rendered":"https:\/\/nfc-readers.com\/?post_type=product&#038;p=1532"},"modified":"2024-10-16T08:01:13","modified_gmt":"2024-10-16T08:01:13","slug":"acr39u-nd-pocketmate-ii-micro-usb-smart-card-reader","status":"publish","type":"product","link":"https:\/\/nfc-readers.com\/lt\/ic-reader\/acr39u-nd-pocketmate-ii-micro-usb-smart-card-reader\/","title":{"rendered":"ACR39U-ND PocketMate II (mikro-USB) intelektuali\u0173j\u0173 korteli\u0173 skaitytuvas"},"content":{"rendered":"<div>\n<h1>ACR39U-ND PocketMate II (mikro-USB) intelektuali\u0173j\u0173 korteli\u0173 skaitytuvas<\/h1>\n<p>The ACR39 Pocketmate II, endowed with a Micro-USB connector, ingeniously evolves into a full-sized contact Smart Card Reader with a simple swivel action. Compact enough to fit on a keychain, this device stands ready to support sophisticated smart card applications with efficiency.This portable reader skillfully accommodates smart cards conforming to ISO 7816 Class A, B, and C (5 V, 3 V, and 1.8 V), along with microprocessor cards operating on both T=0 and T=1 protocols. Its versatility extends to an array of memory cards, including those utilized by the Department of Defense for Common Access (CAC) and SIPRNET. The ACR39U PocketMate II thrives in various scenarios, including Personal Identity Verification, access controls, digital signatures, and secure online transactions.The Micro-USB variant ensures the ACR39U Pocketmate II retains all the renowned features of the ACR39U series, while also providing reverse compatibility and ease of orientation. Well-suited to desktop and mobile integrations, its drivers harmonize with a multitude of operating systems like Windows\u00ae, Linux\u00ae, Solaris, and Mac OS\u00ae. Additionally, the ACR39U PocketMate II has expanded its utility to Android\u2122 devices running version 3.1 or higher.<\/p>\n<ul>\n<li>\n<h2>USB 2.0 viso grei\u010dio s\u0105saja<\/h2>\n<\/li>\n<li>\n<h2>USB mikro-USB jungtis<\/h2>\n<\/li>\n<li>\n<h2>\u201ePlug and Play\u201c \u2013 CCID palaikymas suteikia did\u017eiausi\u0105 mobilum\u0105<\/h2>\n<\/li>\n<li>\n<h2>Sukamojo judesio dizainas<\/h2>\n<\/li>\n<li>\n<h2>I\u0161mani\u0173j\u0173 korteli\u0173 skaitytuvas:<\/h2>\n<ul>\n<li>\n<h3>Palaiko ISO 7816 A, B ir C klas\u0117s (5 V, 3 V, 1,8 V) korteles<\/h3>\n<\/li>\n<li>\n<h3>Palaiko CAC<\/h3>\n<\/li>\n<li>\n<h3>Palaiko SIPRNET kortel\u0119<\/h3>\n<\/li>\n<li>\n<h3>Palaiko J-LIS kortel\u0119<\/h3>\n<\/li>\n<li>\n<h3>Palaiko Mykad kortel\u0119<\/h3>\n<\/li>\n<li>\n<h3>Palaiko mikroprocesorines korteles su T=0 arba T=1 protokolu<\/h3>\n<\/li>\n<li>\n<h3>Palaiko atminties korteles<\/h3>\n<\/li>\n<li>\n<h3>Palaiko PPS (protokolo ir parametr\u0173 pasirinkim\u0105)<\/h3>\n<\/li>\n<li>\n<h3>Apsauga nuo trumpojo jungimo<\/h3>\n<\/li>\n<\/ul>\n<\/li>\n<li>\n<h2>Program\u0173 programavimo s\u0105saja:<\/h2>\n<ul>\n<li>\n<h3>Palaiko PC\/SC<\/h3>\n<\/li>\n<li>\n<h3>Palaiko CT-API CT-API (per pakuot\u0119 kompiuterio \/ SC vir\u0161uje)<\/h3>\n<\/li>\n<\/ul>\n<\/li>\n<li>\n<h2>Palaiko Android\u2122 3.1 ir naujesnes versijas<\/h2>\n<\/li>\n<li>\n<table width=\"719\">\n<tbody>\n<tr>\n<td colspan=\"2\" width=\"719\">Fizin\u0117s charakteristikos<\/td>\n<\/tr>\n<tr>\n<td width=\"326\">Matmenys (mm)<\/td>\n<td width=\"393\">58,0 mm (ilgis) x 20,0 mm (plotis) x 13,7 mm (auk\u0161tis)<\/td>\n<\/tr>\n<tr>\n<td width=\"326\">Svoris (g)<\/td>\n<td width=\"393\">9,7 g<\/td>\n<\/tr>\n<tr>\n<td colspan=\"2\" width=\"719\">USB s\u0105saja<\/td>\n<\/tr>\n<tr>\n<td width=\"326\">protokolas<\/td>\n<td width=\"393\">USB CCID<\/td>\n<\/tr>\n<tr>\n<td width=\"326\">Jungties tipas<\/td>\n<td width=\"393\">Mikro USB<\/td>\n<\/tr>\n<tr>\n<td width=\"326\">Maitinimo \u0161altinis<\/td>\n<td width=\"393\">I\u0161 USB prievado<\/td>\n<\/tr>\n<tr>\n<td width=\"326\">Greitis<\/td>\n<td width=\"393\">Visas USB greitis (12 Mbps)<\/td>\n<\/tr>\n<tr>\n<td colspan=\"2\" width=\"719\">Susisiekite su Smart Card s\u0105saja<\/td>\n<\/tr>\n<tr>\n<td width=\"326\">Lizd\u0173 skai\u010dius<\/td>\n<td width=\"393\">1 viso dyd\u017eio korteli\u0173 lizdas<\/td>\n<\/tr>\n<tr>\n<td width=\"326\">Standartinis<\/td>\n<td width=\"393\">ISO 7816 1\u20133 dalys, A, B, C klas\u0117 (5 V, 3 V, 1,8 V)<\/td>\n<\/tr>\n<tr>\n<td width=\"326\">protokolas<\/td>\n<td width=\"393\">T=0; T=1; Atminties korteli\u0173 palaikymas<\/td>\n<\/tr>\n<tr>\n<td width=\"326\">Kiti<\/td>\n<td width=\"393\">\u0160MC, PIV, SIPRNET, J-LIS lustin\u0117s kortel\u0117s<\/td>\n<\/tr>\n<tr>\n<td colspan=\"2\" width=\"719\">Sertifikatai \/ atitiktis<\/td>\n<\/tr>\n<tr>\n<td rowspan=\"16\" width=\"326\">Sertifikatai \/ atitiktis<\/td>\n<td>EN 60950\/IEC 60950<\/td>\n<\/tr>\n<tr>\n<td>ISO 7816<\/td>\n<\/tr>\n<tr>\n<td>USB visu grei\u010diu<\/td>\n<\/tr>\n<tr>\n<td>EMV\u2122 1 lygis (kontaktai)<\/td>\n<\/tr>\n<tr>\n<td>PC\/SC<\/td>\n<\/tr>\n<tr>\n<td>CCID<\/td>\n<\/tr>\n<tr>\n<td>TAA (JAV)<\/td>\n<\/tr>\n<tr>\n<td>VCCI (Japonija)<\/td>\n<\/tr>\n<tr>\n<td>J-LIS (Japonija)<\/td>\n<\/tr>\n<tr>\n<td>PBOC (Kinija)<\/td>\n<\/tr>\n<tr>\n<td>CE<\/td>\n<\/tr>\n<tr>\n<td>FCC<\/td>\n<\/tr>\n<tr>\n<td>WEEE<\/td>\n<\/tr>\n<tr>\n<td>RoHS 2<\/td>\n<\/tr>\n<tr>\n<td>REACH<\/td>\n<\/tr>\n<tr>\n<td>Microsoft\u00ae WHQL<\/td>\n<\/tr>\n<tr>\n<td colspan=\"2\" width=\"719\">\u012erenginio tvarkykl\u0117s operacin\u0117s sistemos palaikymas<\/td>\n<\/tr>\n<tr>\n<td rowspan=\"5\" width=\"326\">\u012erenginio tvarkykl\u0117s operacin\u0117s sistemos palaikymas<\/td>\n<td>Windows\u00ae<\/td>\n<\/tr>\n<tr>\n<td>Linux\u00ae<\/td>\n<\/tr>\n<tr>\n<td>MAC OS\u00ae<\/td>\n<\/tr>\n<tr>\n<td>Solaris<\/td>\n<\/tr>\n<tr>\n<td>Android\u2122 3.1 ir naujesn\u0117s versijos<\/td>\n<\/tr>\n<\/tbody>\n<\/table>\n<\/li>\n<\/ul>\n<\/div>\n<div><\/div>","protected":false},"excerpt":{"rendered":"<p>The ACR39U Pocketmate II is a compact USB Secure Reader that offering high-speed support for various smart card applications.<\/p>","protected":false},"featured_media":1534,"template":"","meta":[],"product_brand":[],"product_cat":[39],"product_tag":[],"class_list":{"0":"post-1532","1":"product","2":"type-product","3":"status-publish","4":"has-post-thumbnail","6":"product_cat-usb-ic-smartcard-reader","8":"first","9":"instock","10":"shipping-taxable","11":"product-type-simple"},"_links":{"self":[{"href":"https:\/\/nfc-readers.com\/lt\/wp-json\/wp\/v2\/product\/1532","targetHints":{"allow":["GET"]}}],"collection":[{"href":"https:\/\/nfc-readers.com\/lt\/wp-json\/wp\/v2\/product"}],"about":[{"href":"https:\/\/nfc-readers.com\/lt\/wp-json\/wp\/v2\/types\/product"}],"wp:featuredmedia":[{"embeddable":true,"href":"https:\/\/nfc-readers.com\/lt\/wp-json\/wp\/v2\/media\/1534"}],"wp:attachment":[{"href":"https:\/\/nfc-readers.com\/lt\/wp-json\/wp\/v2\/media?parent=1532"}],"wp:term":[{"taxonomy":"product_brand","embeddable":true,"href":"https:\/\/nfc-readers.com\/lt\/wp-json\/wp\/v2\/product_brand?post=1532"},{"taxonomy":"product_cat","embeddable":true,"href":"https:\/\/nfc-readers.com\/lt\/wp-json\/wp\/v2\/product_cat?post=1532"},{"taxonomy":"product_tag","embeddable":true,"href":"https:\/\/nfc-readers.com\/lt\/wp-json\/wp\/v2\/product_tag?post=1532"}],"curies":[{"name":"wp","href":"https:\/\/api.w.org\/{rel}","templated":true}]}}