{"id":1537,"date":"2024-04-07T06:01:23","date_gmt":"2024-04-07T06:01:23","guid":{"rendered":"https:\/\/nfc-readers.com\/?post_type=product&#038;p=1537"},"modified":"2024-10-16T07:57:49","modified_gmt":"2024-10-16T07:57:49","slug":"acr3901u-s1-bluetooth-smart-card-reader-writer","status":"publish","type":"product","link":"https:\/\/nfc-readers.com\/lt\/ic-reader\/acr3901u-s1-bluetooth-smart-card-reader-writer\/","title":{"rendered":"ACR3901U-S1 Bluetooth\u00ae intelektuali\u0173j\u0173 korteli\u0173 skaitytuvas \u2013 ra\u0161iklis"},"content":{"rendered":"<h1>ACR3901U-S1 Bluetooth\u00ae intelektuali\u0173j\u0173 korteli\u0173 skaitytuvas \u2013 ra\u0161iklis<\/h1>\n<p>ACR3901U-S1 pristato save kaip auk\u0161t\u0173j\u0173 technologij\u0173 nfc skaitytuv\u0105 \u201eBluetooth\u201c, puikiai tinkant\u012f \u0161iuolaikines technologijas i\u0161manantiems \u017emon\u0117ms. Jis u\u017etikrina plat\u0173 suderinamum\u0105 su intelektualiosiomis kortel\u0117mis ir asmeniniais \u012frenginiais, sujungia greit\u0105 duomen\u0173 perdavimo spart\u0105 su perkeliamumu, padidina belaid\u017eio \u201eBluetooth\u201c galimybe, tod\u0117l tai yra nepakei\u010diamas \u012frankis tiems, kurie reikalauja saugi\u0173 ir lanks\u010di\u0173 lustini\u0173 korteli\u0173 operacij\u0173.<\/p>\n<ul>\n<li>\n<h2>Bluetooth\u00ae s\u0105saja<\/h2>\n<\/li>\n<li>\n<h2>USB 2.0 viso grei\u010dio s\u0105saja<\/h2>\n<\/li>\n<li>\n<h2>Maitinimo \u0161altinis<\/h2>\n<ul>\n<li>\n<h3>Maitinamas baterijomis (yra li\u010dio jon\u0173 baterija, \u012fkraunama per mikro USB prievad\u0105)<\/h3>\n<\/li>\n<li>\n<h3>Maitinamas i\u0161 USB (per prijungt\u0105 prie kompiuterio re\u017eim\u0105)<\/h3>\n<\/li>\n<\/ul>\n<\/li>\n<li>\n<h2>CCID atitiktis<\/h2>\n<\/li>\n<li>\n<h2>I\u0161mani\u0173j\u0173 korteli\u0173 skaitytuvas:<\/h2>\n<ul>\n<li>\n<h3>Kontaktin\u0117 s\u0105saja:<\/h3>\n<ul>\n<li>\n<h4>Palaiko ISO 7816 A, B ir C klas\u0117s (5 V, 3 V, 1,8 V) korteles<\/h4>\n<\/li>\n<li>\n<h4>Palaiko mikroprocesorines korteles su T=0 arba T=1 protokolu<\/h4>\n<\/li>\n<li>\n<h4>Palaiko atminties korteles<\/h4>\n<\/li>\n<li>\n<h4>Palaiko PPS (protokolo ir parametr\u0173 pasirinkim\u0105)<\/h4>\n<\/li>\n<li>\n<h4>Apsauga nuo trumpojo jungimo<\/h4>\n<\/li>\n<li>\n<h4>Palaiko AES-128 \u0161ifravimo algoritm\u0105<\/h4>\n<\/li>\n<\/ul>\n<\/li>\n<\/ul>\n<\/li>\n<li>\n<h2>Integruotas periferinis \u012frenginys:<\/h2>\n<ul>\n<li>\n<h3>Trys vienos spalvos \u0161viesos diodai<\/h3>\n<\/li>\n<\/ul>\n<\/li>\n<li>\n<h2>Program\u0173 programavimo s\u0105saja:<\/h2>\n<ul>\n<li>\n<h3>Palaiko PC\/SC<\/h3>\n<\/li>\n<li>\n<h3>Palaiko CT-API (per d\u0117kl\u0105 kompiuterio \/ SC vir\u0161uje)<\/h3>\n<\/li>\n<\/ul>\n<\/li>\n<li>\n<h2>USB programin\u0117s \u012frangos atnaujinimas<\/h2>\n<\/li>\n<li>\n<h2>Palaiko Android\u2122 4.3 ir naujesnes versijas<\/h2>\n<\/li>\n<li>\n<h2>Palaiko iOS 8.0 ir naujesnes versijas<\/h2>\n<\/li>\n<li>\n<div>\n<table width=\"556\">\n<tbody>\n<tr>\n<td colspan=\"2\" width=\"556\">Fizin\u0117s charakteristikos<\/td>\n<\/tr>\n<tr>\n<td width=\"190\">Matmenys (mm)<\/td>\n<td width=\"366\">94 mm (ilgis) \u00d7 60 mm (plotis) \u00d7 12 mm (auk\u0161tis)<\/td>\n<\/tr>\n<tr>\n<td width=\"190\">Svoris (g)<\/td>\n<td width=\"366\">30,8 g (59,7 g su kabeliu \u00b1 5 g nuokrypa)<\/td>\n<\/tr>\n<tr>\n<td colspan=\"2\" width=\"556\">Bluetooth s\u0105saja<\/td>\n<\/tr>\n<tr>\n<td width=\"190\">protokolas<\/td>\n<td width=\"366\">Bluetooth\u00ae (\u201eBluetooth Low Energy\u201c \/ \u201eBluetooth 4.0\u201c)<\/td>\n<\/tr>\n<tr>\n<td width=\"190\">Maitinimo \u0161altinis<\/td>\n<td width=\"366\">\u012ekraunama li\u010dio jon\u0173 baterija (kraunama per USB)<\/td>\n<\/tr>\n<tr>\n<td width=\"190\">Greitis<\/td>\n<td width=\"366\">1 Mbps<\/td>\n<\/tr>\n<tr>\n<td colspan=\"2\" width=\"556\">USB s\u0105saja<\/td>\n<\/tr>\n<tr>\n<td width=\"190\">protokolas<\/td>\n<td width=\"366\">USB CCID<\/td>\n<\/tr>\n<tr>\n<td width=\"190\">Jungties tipas<\/td>\n<td width=\"366\">Mikro USB<\/td>\n<\/tr>\n<tr>\n<td width=\"190\">Maitinimo \u0161altinis<\/td>\n<td width=\"366\">I\u0161 USB prievado<\/td>\n<\/tr>\n<tr>\n<td width=\"190\">Greitis<\/td>\n<td width=\"366\">Visas USB greitis (12 Mbps)<\/td>\n<\/tr>\n<tr>\n<td width=\"190\">Kabelio ilgis<\/td>\n<td width=\"366\">1 m, Nuimamas<\/td>\n<\/tr>\n<tr>\n<td colspan=\"2\" width=\"556\">Susisiekite su Smart Card s\u0105saja<\/td>\n<\/tr>\n<tr>\n<td width=\"190\">Lizd\u0173 skai\u010dius<\/td>\n<td width=\"366\">1 viso dyd\u017eio korteli\u0173 lizdas<\/td>\n<\/tr>\n<tr>\n<td width=\"190\">Standartinis<\/td>\n<td width=\"366\">ISO 7816 1\u20134 dalys, A, B, C klas\u0117 (5 V, 3 V, 1,8 V)<\/td>\n<\/tr>\n<tr>\n<td width=\"190\">protokolas<\/td>\n<td width=\"366\">T=0; T=1; Atminties korteli\u0173 palaikymas<\/td>\n<\/tr>\n<tr>\n<td colspan=\"2\" width=\"556\">Integruoti periferiniai \u012frenginiai<\/td>\n<\/tr>\n<tr>\n<td width=\"190\">LED<\/td>\n<td width=\"366\">3 vienos spalvos: raudona, m\u0117lyna ir \u017ealia<\/td>\n<\/tr>\n<tr>\n<td colspan=\"2\" width=\"556\">Kitos funkcijos<\/td>\n<\/tr>\n<tr>\n<td width=\"190\">\u0160ifravimas<\/td>\n<td width=\"366\">\u012erenginyje esantis AES \u0161ifravimo algoritmas<\/td>\n<\/tr>\n<tr>\n<td width=\"190\">Programin\u0117s \u012frangos atnaujinimas<\/td>\n<td width=\"366\">Palaikoma<\/td>\n<\/tr>\n<tr>\n<td colspan=\"2\" width=\"556\">Sertifikatai \/ atitiktis<\/td>\n<\/tr>\n<tr>\n<td rowspan=\"14\" width=\"190\">Sertifikatai \/ atitiktis<\/td>\n<td width=\"366\">EN 60950\/IEC 60950<\/td>\n<\/tr>\n<tr>\n<td width=\"366\">ISO 7816<\/td>\n<\/tr>\n<tr>\n<td width=\"366\">USB visu grei\u010diu<\/td>\n<\/tr>\n<tr>\n<td width=\"366\">Bluetooth\u00ae<\/td>\n<\/tr>\n<tr>\n<td width=\"366\">EMV\u2122 1 lygis (kontaktai)<\/td>\n<\/tr>\n<tr>\n<td width=\"366\">PC\/SC<\/td>\n<\/tr>\n<tr>\n<td width=\"366\">CCID<\/td>\n<\/tr>\n<tr>\n<td width=\"366\">CE<\/td>\n<\/tr>\n<tr>\n<td width=\"366\">FCC<\/td>\n<\/tr>\n<tr>\n<td width=\"366\">RoHS<\/td>\n<\/tr>\n<tr>\n<td width=\"366\">REACH<\/td>\n<\/tr>\n<tr>\n<td width=\"366\">VCCI (Japonija)<\/td>\n<\/tr>\n<tr>\n<td width=\"366\">MIC (Japonija)<\/td>\n<\/tr>\n<tr>\n<td width=\"366\">Microsoft\u00ae WHQL<\/td>\n<\/tr>\n<tr>\n<td colspan=\"2\" width=\"556\">\u012erenginio tvarkykl\u0117s operacin\u0117s sistemos palaikymas<\/td>\n<\/tr>\n<tr>\n<td rowspan=\"5\" width=\"190\">\u012erenginio tvarkykl\u0117s operacin\u0117s sistemos palaikymas<\/td>\n<td width=\"366\">Windows\u00ae<\/td>\n<\/tr>\n<tr>\n<td width=\"366\">Linux\u00ae<\/td>\n<\/tr>\n<tr>\n<td width=\"366\">MAC OS\u00ae 10.7 ir naujesn\u0117s versijos<\/td>\n<\/tr>\n<tr>\n<td width=\"366\">Android\u2122 4.3 ir naujesn\u0117s versijos<\/td>\n<\/tr>\n<tr>\n<td width=\"366\">iOS 8.0 ir naujesn\u0117s versijos<\/td>\n<\/tr>\n<\/tbody>\n<\/table>\n<\/div>\n<\/li>\n<\/ul>","protected":false},"excerpt":{"rendered":"<p>The ACR3901U-S1 is a portable USB Secure Reader and Bluetooth\u00ae Contact Reader, offering high-speed performance for smart card applications on the go.<\/p>","protected":false},"featured_media":1538,"template":"","meta":[],"product_brand":[],"product_cat":[39],"product_tag":[],"class_list":{"0":"post-1537","1":"product","2":"type-product","3":"status-publish","4":"has-post-thumbnail","6":"product_cat-usb-ic-smartcard-reader","8":"first","9":"instock","10":"shipping-taxable","11":"product-type-simple"},"_links":{"self":[{"href":"https:\/\/nfc-readers.com\/lt\/wp-json\/wp\/v2\/product\/1537","targetHints":{"allow":["GET"]}}],"collection":[{"href":"https:\/\/nfc-readers.com\/lt\/wp-json\/wp\/v2\/product"}],"about":[{"href":"https:\/\/nfc-readers.com\/lt\/wp-json\/wp\/v2\/types\/product"}],"wp:featuredmedia":[{"embeddable":true,"href":"https:\/\/nfc-readers.com\/lt\/wp-json\/wp\/v2\/media\/1538"}],"wp:attachment":[{"href":"https:\/\/nfc-readers.com\/lt\/wp-json\/wp\/v2\/media?parent=1537"}],"wp:term":[{"taxonomy":"product_brand","embeddable":true,"href":"https:\/\/nfc-readers.com\/lt\/wp-json\/wp\/v2\/product_brand?post=1537"},{"taxonomy":"product_cat","embeddable":true,"href":"https:\/\/nfc-readers.com\/lt\/wp-json\/wp\/v2\/product_cat?post=1537"},{"taxonomy":"product_tag","embeddable":true,"href":"https:\/\/nfc-readers.com\/lt\/wp-json\/wp\/v2\/product_tag?post=1537"}],"curies":[{"name":"wp","href":"https:\/\/api.w.org\/{rel}","templated":true}]}}