{"id":1545,"date":"2024-04-07T06:11:51","date_gmt":"2024-04-07T06:11:51","guid":{"rendered":"https:\/\/nfc-readers.com\/?post_type=product&#038;p=1545"},"modified":"2024-10-16T06:54:40","modified_gmt":"2024-10-16T06:54:40","slug":"acr1251u-nfc-reader-writer","status":"publish","type":"product","link":"https:\/\/nfc-readers.com\/lt\/ic-reader\/acr1251u-nfc-reader-writer\/","title":{"rendered":"ACR1251U NFC skaitytuvas\/ra\u0161ytuvas"},"content":{"rendered":"<h1>ACR1251U NFC skaitytuvas\/ra\u0161ytuvas<\/h1>\n<p>ACR1251U-A1 pasirodo kaip naujos kartos bekontaktis NFC skaitytuvas, pagerinantis vartotojo patirt\u012f su tokiomis funkcijomis kaip programin\u0117s \u012frangos atnaujinimas, SAM (saugios prieigos modulio) lizdas ir galimyb\u0117 s\u0105veikauti su NFC \u017eymomis ir \u012frenginiais. Jis i\u0161siskiria bekontak\u010di\u0173 funkcij\u0173 sfera ir si\u016blo papildom\u0105 saugumo lyg\u012f. D\u0117l SAM jis gali atlikti rakt\u0173 \u012fvairinim\u0105 ir abipus\u012f autentifikavim\u0105, smarkiai suma\u017eindamas rakt\u0173 ap\u0161vit\u0105 ir suma\u017eindamas rakto sugadinimo rizik\u0105, taip padidindamas bekontak\u010di\u0173 operacij\u0173 saugum\u0105. Sukurtas \u012fvairiems bekontak\u010di\u0173 intelektuali\u0173j\u0173 korteli\u0173 tikslams, ACR1251U-A1 tinka. tokioms programoms kaip asmens tapatyb\u0117s autentifikavimas, prieiga prie tinklo, elektronin\u0117 bankininkyst\u0117 ir nedidel\u0117s apimties operacijos. D\u0117l pa\u017eangi\u0173 NFC funkcij\u0173 jis taip pat puikiai tinka naujovi\u0161koms reikm\u0117ms, pavyzd\u017eiui, i\u0161maniesiems plakatams reklamuoti ir bendrauti su daugybe su NFC suderinam\u0173 i\u0161mani\u0173j\u0173 telefon\u0173. Suderinamumas su PC \/ SC skatina skland\u0173 keli\u0173 platform\u0173 integravim\u0105 visos programos mastu. ACR1251U-A1 taip pat palaiko nuotolinius programin\u0117s aparatin\u0117s \u012frangos atnaujinimus po \u012fdiegimo, i\u0161vengiant fizini\u0173 aparatin\u0117s \u012frangos pakeitim\u0173. D\u0117l glotnaus, erdv\u0119 nenaudojan\u010dio dizaino ir visapusi\u0161ko funkcionalumo ACR1251U-A1 yra puikus \u012frankis visiems, ie\u0161kantiems vis\u0173 NFC technologijos privalum\u0173.<\/p>\n<p><iframe loading=\"lazy\" title=\"ACR1251U C1 NFC SKAITYtuvas\" width=\"1020\" height=\"574\" src=\"https:\/\/www.youtube.com\/embed\/8QiOKOoec6k?feature=oembed\" frameborder=\"0\" allow=\"accelerometer; autoplay; clipboard-write; encrypted-media; gyroscope; picture-in-picture; web-share\" referrerpolicy=\"strict-origin-when-cross-origin\" allowfullscreen><\/iframe><\/p>\n<ul>\n<li>\n<h2>Viso grei\u010dio USB s\u0105saja<\/h2>\n<\/li>\n<li>\n<h2>CCID atitiktis<\/h2>\n<\/li>\n<li>\n<h2>I\u0161mani\u0173j\u0173 korteli\u0173 skaitytuvas:<\/h2>\n<ul>\n<li>\n<h3>Bekontakt\u0117 s\u0105saja:<\/h3>\n<ul>\n<li>\n<h4>Skaitymo \/ ra\u0161ymo greitis iki 424 kbps<\/h4>\n<\/li>\n<li>\n<h4>Integruota antena bekontaktei prieigai prie \u017eym\u0173, kortel\u0117s nuskaitymo atstumas iki 30 mm (priklausomai nuo \u017eymos tipo)<\/h4>\n<\/li>\n<li>\n<h4>Palaiko ISO 14443 A ir B tipo korteles, MIFARE\u00ae, FeliCa ir vis\u0173 4 tip\u0173 NFC (ISO\/IEC 18092) \u017eymas<\/h4>\n<\/li>\n<li>\n<h4>Integruota apsaugos nuo susid\u016brimo funkcija (bet kuriuo metu pasiekiama tik 1 \u017eyma)<\/h4>\n<\/li>\n<li>\n<h4>NFC palaikymas<\/h4>\n<\/li>\n<li>\n<h4>Korteli\u0173 skaitytuvo \/ ra\u0161ymo re\u017eimas<\/h4>\n<\/li>\n<\/ul>\n<\/li>\n<\/ul>\n<\/li>\n<li>\n<h2>Integruoti periferiniai \u012frenginiai:<\/h2>\n<ul>\n<li>\n<h3>\u0160viesos diodai:<\/h3>\n<ul>\n<li>\n<h4>Vartotojo valdomas dviej\u0173 spalv\u0173 LED<\/h4>\n<\/li>\n<\/ul>\n<\/li>\n<\/ul>\n<\/li>\n<li>\n<h2>Program\u0173 programavimo s\u0105saja:<\/h2>\n<ul>\n<li>\n<h3>Palaiko PC\/SC<\/h3>\n<\/li>\n<li>\n<h3>Palaiko CT-API (per d\u0117kl\u0105 kompiuterio \/ SC vir\u0161uje)<\/h3>\n<\/li>\n<\/ul>\n<\/li>\n<li>\n<h2>USB programin\u0117s \u012frangos atnaujinimas<\/h2>\n<\/li>\n<li>\n<h2>Palaiko Android\u2122 3.1 ir naujesnes versijas<\/h2>\n<\/li>\n<li>\n<div>\n<table width=\"843\">\n<tbody>\n<tr>\n<td colspan=\"2\" width=\"843\">Fizin\u0117s charakteristikos<\/td>\n<\/tr>\n<tr>\n<td width=\"450\">Matmenys (mm)<\/td>\n<td width=\"393\">98,0 mm (ilgis) x 65,0 mm (plotis) x 12,8 mm (auk\u0161tis)<\/td>\n<\/tr>\n<tr>\n<td width=\"450\">Svoris (g)<\/td>\n<td width=\"393\">70 g<\/td>\n<\/tr>\n<tr>\n<td colspan=\"2\" width=\"843\">USB s\u0105saja<\/td>\n<\/tr>\n<tr>\n<td width=\"450\">protokolas<\/td>\n<td width=\"393\">USB CCID<\/td>\n<\/tr>\n<tr>\n<td width=\"450\">Maitinimo \u0161altinis<\/td>\n<td width=\"393\">I\u0161 USB prievado<\/td>\n<\/tr>\n<tr>\n<td width=\"450\">Greitis<\/td>\n<td width=\"393\">Visas USB greitis (12 Mbps)<\/td>\n<\/tr>\n<tr>\n<td width=\"450\">Kabelio ilgis<\/td>\n<td width=\"393\">1,0 m, Fiksuotas<\/td>\n<\/tr>\n<tr>\n<td colspan=\"2\" width=\"843\">Bekontakt\u0117 intelektualiosios kortel\u0117s s\u0105saja<\/td>\n<\/tr>\n<tr>\n<td width=\"450\">Standartinis<\/td>\n<td width=\"393\">ISO\/IEC 18092 NFC, ISO 14443 A ir B tipai, MIFARE\u00ae, FeliCa<\/td>\n<\/tr>\n<tr>\n<td rowspan=\"4\" width=\"450\">protokolas<\/td>\n<td width=\"393\">ISO 14443-4 suderinama kortel\u0117, T=CL<\/td>\n<\/tr>\n<tr>\n<td width=\"393\">MIFARE\u00ae Classic kortel\u0117, T=CL<\/td>\n<\/tr>\n<tr>\n<td width=\"393\">ISO18092, NFC \u017eymos<\/td>\n<\/tr>\n<tr>\n<td width=\"393\">FeliCa<\/td>\n<\/tr>\n<tr>\n<td colspan=\"2\" width=\"843\">Integruoti periferiniai \u012frenginiai<\/td>\n<\/tr>\n<tr>\n<td width=\"450\">LED<\/td>\n<td width=\"393\">1 dvispalvis: raudona ir \u017ealia<\/td>\n<\/tr>\n<tr>\n<td width=\"450\">Skambutis<\/td>\n<td width=\"393\">Monotoni\u0161kas<\/td>\n<\/tr>\n<tr>\n<td colspan=\"2\" width=\"843\">Sertifikatai \/ atitiktis<\/td>\n<\/tr>\n<tr>\n<td rowspan=\"13\" width=\"450\">Sertifikatai \/ atitiktis<\/td>\n<td width=\"393\">EN 60950\/IEC 60950<\/td>\n<\/tr>\n<tr>\n<td width=\"393\">ISO 18092<\/td>\n<\/tr>\n<tr>\n<td width=\"393\">ISO 14443<\/td>\n<\/tr>\n<tr>\n<td width=\"393\">USB visu grei\u010diu<\/td>\n<\/tr>\n<tr>\n<td width=\"393\">PC\/SC<\/td>\n<\/tr>\n<tr>\n<td width=\"393\">CCID<\/td>\n<\/tr>\n<tr>\n<td width=\"393\">VCCI (Japonija)<\/td>\n<\/tr>\n<tr>\n<td width=\"393\">KC (Kor\u0117ja)<\/td>\n<\/tr>\n<tr>\n<td width=\"393\">Microsoft\u00ae WHQL<\/td>\n<\/tr>\n<tr>\n<td width=\"393\">CE<\/td>\n<\/tr>\n<tr>\n<td width=\"393\">FCC<\/td>\n<\/tr>\n<tr>\n<td width=\"393\">RoHS 2<\/td>\n<\/tr>\n<tr>\n<td width=\"393\">REACH<\/td>\n<\/tr>\n<tr>\n<td colspan=\"2\" width=\"843\">\u012erenginio tvarkykl\u0117s operacin\u0117s sistemos palaikymas<\/td>\n<\/tr>\n<tr>\n<td rowspan=\"6\" width=\"450\">\u012erenginio tvarkykl\u0117s operacin\u0117s sistemos palaikymas<\/td>\n<td width=\"393\">Windows\u00ae CE<\/td>\n<\/tr>\n<tr>\n<td width=\"393\">Windows\u00ae<\/td>\n<\/tr>\n<tr>\n<td width=\"393\">Linux\u00ae<\/td>\n<\/tr>\n<tr>\n<td width=\"393\">MAC OS\u00ae<\/td>\n<\/tr>\n<tr>\n<td width=\"393\">Solaris<\/td>\n<\/tr>\n<tr>\n<td width=\"393\">Android\u2122<\/td>\n<\/tr>\n<\/tbody>\n<\/table>\n<\/div>\n<\/li>\n<\/ul>","protected":false},"excerpt":{"rendered":"<p>ACR1251U-A1 yra pa\u017eangiausias USB NFC skaitytuvas su SAM lizdu, u\u017etikrinantis didesn\u012f saugum\u0105 ir universalum\u0105 \u012fvairioms bekontakt\u0117ms programoms.<\/p>","protected":false},"featured_media":1549,"template":"","meta":[],"product_brand":[],"product_cat":[45,40],"product_tag":[],"class_list":{"0":"post-1545","1":"product","2":"type-product","3":"status-publish","4":"has-post-thumbnail","6":"product_cat-contactless-nfc-reader","7":"product_cat-rfid-nfc-reader","9":"first","10":"instock","11":"shipping-taxable","12":"product-type-simple"},"_links":{"self":[{"href":"https:\/\/nfc-readers.com\/lt\/wp-json\/wp\/v2\/product\/1545","targetHints":{"allow":["GET"]}}],"collection":[{"href":"https:\/\/nfc-readers.com\/lt\/wp-json\/wp\/v2\/product"}],"about":[{"href":"https:\/\/nfc-readers.com\/lt\/wp-json\/wp\/v2\/types\/product"}],"wp:featuredmedia":[{"embeddable":true,"href":"https:\/\/nfc-readers.com\/lt\/wp-json\/wp\/v2\/media\/1549"}],"wp:attachment":[{"href":"https:\/\/nfc-readers.com\/lt\/wp-json\/wp\/v2\/media?parent=1545"}],"wp:term":[{"taxonomy":"product_brand","embeddable":true,"href":"https:\/\/nfc-readers.com\/lt\/wp-json\/wp\/v2\/product_brand?post=1545"},{"taxonomy":"product_cat","embeddable":true,"href":"https:\/\/nfc-readers.com\/lt\/wp-json\/wp\/v2\/product_cat?post=1545"},{"taxonomy":"product_tag","embeddable":true,"href":"https:\/\/nfc-readers.com\/lt\/wp-json\/wp\/v2\/product_tag?post=1545"}],"curies":[{"name":"wp","href":"https:\/\/api.w.org\/{rel}","templated":true}]}}