{"id":1550,"date":"2024-04-07T06:15:08","date_gmt":"2024-04-07T06:15:08","guid":{"rendered":"https:\/\/nfc-readers.com\/?post_type=product&#038;p=1550"},"modified":"2024-10-16T06:43:39","modified_gmt":"2024-10-16T06:43:39","slug":"acr1281u-c1-usb-dual-interface-reader","status":"publish","type":"product","link":"https:\/\/nfc-readers.com\/lt\/ic-reader\/acr1281u-c1-usb-dual-interface-reader\/","title":{"rendered":"ACR1281U-C1 usb dviej\u0173 s\u0105saj\u0173 skaitytuvas"},"content":{"rendered":"<h1>ACR1281U-C1 usb dviej\u0173 s\u0105saj\u0173 skaitytuvas<\/h1>\n<p>ACR1281U-C1 DualBoost II yra atnaujinta ACR128 DualBoost Reader versija. Veikdamas kaip intelektuali\u0173j\u0173 korteli\u0173 skaitytuvas, jis suteikia efektyvi\u0105 dvigub\u0105 s\u0105saj\u0105, galin\u010di\u0105 susieti su bet kokiomis intelektualiosiomis kortel\u0117mis, kurios atitinka ISO 7816 ir ISO 14443 standartus. \u0160is antrosios kartos \u201eDualBoost II\u201c sujungia tradici\u0161kai skirtingas kontaktines ir bekontak\u010di\u0173 intelektuali\u0173j\u0173 korteli\u0173 operacijas \u012f vien\u0105 vientis\u0105 vienet\u0105, leid\u017eiant\u012f naudoti vien\u0105 kortel\u0119 \u012fvairioms programoms. Jo naudingumas \u0161vie\u010dia elektronin\u0117je prekyboje, leid\u017eiantis saugiai apdoroti mok\u0117jimus internetu kreditin\u0117mis kortel\u0117mis, be to, jis atlieka pagrindin\u012f vaidmen\u012f vie\u0161ajame transporte, padedant \u012fkrauti bekontaktes korteles automatin\u0117se biliet\u0173 mokes\u010di\u0173 sistemose. Tai \u012fk\u016bnija vienos kortel\u0117s sprendimo vizij\u0105, kai daugyb\u0117 intelektuali\u0173j\u0173 korteli\u0173 funkcij\u0173 yra sujungtos \u012f vien\u0105 kortel\u0119. Atnaujinta \u201eDualBoost\u201c serija yra visi\u0161kai suderinama su kompiuteriu \/ SC, kad b\u016bt\u0173 galima skland\u017eiai s\u0105veikauti su kontaktin\u0117mis ir bekontak\u010diomis s\u0105sajomis. Kaip ne\u0161iojamasis NFC skaitytuvas, jis padidina bekontak\u010di\u0173 korteli\u0173 ry\u0161\u012f iki 848 kbps grei\u010diu, tod\u0117l tinka pa\u017eangioms programoms, kurioms reikalingas didelis na\u0161umas. Skaitytuvas taip pat apr\u016bpintas pa\u017eangiais hibridini\u0173 ir kombinuot\u0173 korteli\u0173 valdymo mechanizmais, suteikian\u010diais galimyb\u0119 atpa\u017einti bekontaktes korteles, neteisingai \u012fvestas \u012f kontakt\u0173 korteli\u0173 lizd\u0105. Neatsiejama jo konstrukcija yra SAM lizdas, kuris sustiprina abiej\u0173 s\u0105saj\u0173 saugum\u0105. Patobulintos funkcijos, pvz., galimyb\u0117 atnaujinti programin\u0119-aparatin\u0119 \u012frang\u0105 per USB, suderinamumas su kontakt\u0173 atminties kortel\u0117mis ir i\u0161pl\u0117st\u0173 APDU komand\u0173 palaikymas pabr\u0117\u017eia, kad ACR1281U-C1 DualBoost II kainuoja. efektyvus ir galingas \u201eviskas \u012fskai\u010diuota\u201c \u012frankis, kuris padidina daugelio intelektuali\u0173j\u0173 korteli\u0173 sistem\u0173 patogum\u0105 ir universalum\u0105.<\/p>\n<p><iframe loading=\"lazy\" title=\"ACR1281U C1 kontaktini\u0173 ir bekontak\u010di\u0173 intelektuali\u0173j\u0173 korteli\u0173 skaitytuvas\" width=\"1020\" height=\"574\" src=\"https:\/\/www.youtube.com\/embed\/dABTVMG9dvI?feature=oembed\" frameborder=\"0\" allow=\"accelerometer; autoplay; clipboard-write; encrypted-media; gyroscope; picture-in-picture; web-share\" referrerpolicy=\"strict-origin-when-cross-origin\" allowfullscreen><\/iframe><\/p>\n<ul>\n<li>\n<h2>USB 2.0 viso grei\u010dio s\u0105saja<\/h2>\n<\/li>\n<li>\n<h2>CCID atitiktis<\/h2>\n<\/li>\n<li>\n<h2>Bekontaktis intelektuali\u0173j\u0173 korteli\u0173 skaitytuvas:<\/h2>\n<ul>\n<li>\n<h3>Skaitymo \/ ra\u0161ymo greitis iki 848 kbps<\/h3>\n<\/li>\n<li>\n<h3>Integruota antena bekontaktei prieigai prie \u017eymos, kortel\u0117s nuskaitymo atstumas iki 50 mm (priklausomai nuo \u017eymos tipo)<\/h3>\n<\/li>\n<li>\n<h3>Palaiko ISO 14443 4 dalies A ir B tipo korteles ir MIFARE\u00ae serijas<\/h3>\n<\/li>\n<li>\n<h3>Integruota apsaugos nuo susid\u016brimo funkcija (bet kuriuo metu pasiekiama tik viena \u017eyma)<\/h3>\n<\/li>\n<li>\n<h3>Palaiko i\u0161pl\u0117stin\u012f APDU (maks. 64 kbit.)<\/h3>\n<\/li>\n<\/ul>\n<\/li>\n<li>\n<h2>Susisiekite su intelektuali\u0173j\u0173 korteli\u0173 skaitytuvu:<\/h2>\n<ul>\n<li>\n<h3>Palaiko ISO 7816 A, B ir C klases (5 V, 3 V ir 1,8 V)<\/h3>\n<\/li>\n<li>\n<h3>Palaiko CAC (bendr\u0105 prieigos kortel\u0119)<\/h3>\n<\/li>\n<li>\n<h3>Palaiko PIV (asmens tapatyb\u0117s patvirtinimo kortel\u0119)<\/h3>\n<\/li>\n<li>\n<h3>Palaiko mikroprocesorines korteles su T=0 arba T=1 protokolu<\/h3>\n<\/li>\n<li>\n<h3>Palaiko atminties korteles<\/h3>\n<\/li>\n<li>\n<h3>Su ISO 7816 suderinamas SAM lizdas<\/h3>\n<\/li>\n<\/ul>\n<\/li>\n<li>\n<h2>Program\u0173 programavimo s\u0105saja:<\/h2>\n<ul>\n<li>\n<h3>Palaiko PC\/SC<\/h3>\n<\/li>\n<li>\n<h3>Palaiko CT-API (per d\u0117kl\u0105 kompiuterio \/ SC vir\u0161uje)<\/h3>\n<\/li>\n<\/ul>\n<\/li>\n<li>\n<h2>Integruoti periferiniai \u012frenginiai:<\/h2>\n<ul>\n<li>\n<h3>Du vartotojo valdomi \u0161viesos diodai<\/h3>\n<\/li>\n<li>\n<h3>Vartotojo valdomas garsinis signalas<\/h3>\n<\/li>\n<\/ul>\n<\/li>\n<li>\n<h2>USB programin\u0117s \u012frangos atnaujinimas<\/h2>\n<\/li>\n<li>\n<div>\n<table width=\"551\">\n<tbody>\n<tr>\n<td colspan=\"2\" width=\"551\">Fizin\u0117s charakteristikos<\/td>\n<\/tr>\n<tr>\n<td width=\"230\">Matmenys (mm)<\/td>\n<td width=\"321\">120,5 mm (ilgis) x 72,0 mm (plotis) x 20,4 mm (auk\u0161tis)<\/td>\n<\/tr>\n<tr>\n<td width=\"230\">Svoris (g)<\/td>\n<td width=\"321\">140 g<\/td>\n<\/tr>\n<tr>\n<td colspan=\"2\" width=\"551\">USB s\u0105saja<\/td>\n<\/tr>\n<tr>\n<td width=\"230\">protokolas<\/td>\n<td width=\"321\">USB CCID<\/td>\n<\/tr>\n<tr>\n<td width=\"230\">Jungties tipas<\/td>\n<td width=\"321\">Standartinis A tipas<\/td>\n<\/tr>\n<tr>\n<td width=\"230\">Maitinimo \u0161altinis<\/td>\n<td width=\"321\">I\u0161 USB prievado<\/td>\n<\/tr>\n<tr>\n<td width=\"230\">Greitis<\/td>\n<td width=\"321\">Visas USB greitis (12 Mbps)<\/td>\n<\/tr>\n<tr>\n<td width=\"230\">Kabelio ilgis<\/td>\n<td width=\"321\">2,0 m, Fiksuotas<\/td>\n<\/tr>\n<tr>\n<td colspan=\"2\" width=\"551\">Susisiekite su Smart Card s\u0105saja<\/td>\n<\/tr>\n<tr>\n<td width=\"230\">Lizd\u0173 skai\u010dius<\/td>\n<td width=\"321\">1 viso dyd\u017eio korteli\u0173 lizdas<\/td>\n<\/tr>\n<tr>\n<td width=\"230\">Standartinis<\/td>\n<td width=\"321\">ISO 7816 A, B, C klas\u0117 (5 V, 3 V, 1,8 V)<\/td>\n<\/tr>\n<tr>\n<td width=\"230\">protokolas<\/td>\n<td width=\"321\">T=0; T=1<\/td>\n<\/tr>\n<tr>\n<td colspan=\"2\" width=\"551\">Bekontakt\u0117 intelektualiosios kortel\u0117s s\u0105saja<\/td>\n<\/tr>\n<tr>\n<td width=\"230\">Standartinis<\/td>\n<td width=\"321\">ISO 14443 A ir B 1\u20134 dalys<\/td>\n<\/tr>\n<tr>\n<td rowspan=\"2\" width=\"230\">protokolas<\/td>\n<td width=\"321\">ISO 14443-4 suderinama kortel\u0117, T=CL<\/td>\n<\/tr>\n<tr>\n<td width=\"321\">MIFARE\u00ae Classic kortel\u0117, T=CL<\/td>\n<\/tr>\n<tr>\n<td colspan=\"2\" width=\"551\">SAM kortel\u0117s s\u0105saja<\/td>\n<\/tr>\n<tr>\n<td width=\"230\">Lizd\u0173 skai\u010dius<\/td>\n<td width=\"321\">1 standartinio SIM dyd\u017eio kortel\u0117s lizdas<\/td>\n<\/tr>\n<tr>\n<td width=\"230\">Standartinis<\/td>\n<td width=\"321\">ISO 7816 A klas\u0117 (5 V)<\/td>\n<\/tr>\n<tr>\n<td width=\"230\">protokolas<\/td>\n<td width=\"321\">T=0; T=1<\/td>\n<\/tr>\n<tr>\n<td colspan=\"2\" width=\"551\">Integruoti periferiniai \u012frenginiai<\/td>\n<\/tr>\n<tr>\n<td width=\"230\">LED<\/td>\n<td width=\"321\">2 vienspalviai: raudona ir \u017ealia<\/td>\n<\/tr>\n<tr>\n<td width=\"230\">Skambutis<\/td>\n<td width=\"321\">Monotoni\u0161kas<\/td>\n<\/tr>\n<tr>\n<td colspan=\"2\" width=\"551\">Kitos funkcijos<\/td>\n<\/tr>\n<tr>\n<td width=\"230\">Programin\u0117s \u012frangos atnaujinimas<\/td>\n<td width=\"321\">Palaikoma<\/td>\n<\/tr>\n<tr>\n<td colspan=\"2\" width=\"551\">Sertifikatai \/ atitiktis<\/td>\n<\/tr>\n<tr>\n<td rowspan=\"10\" width=\"230\">Sertifikatai \/ atitiktis<\/td>\n<td width=\"321\">ISO 14443<\/td>\n<\/tr>\n<tr>\n<td width=\"321\">ISO 7816<\/td>\n<\/tr>\n<tr>\n<td width=\"321\">USB visu grei\u010diu<\/td>\n<\/tr>\n<tr>\n<td width=\"321\">PC\/SC<\/td>\n<\/tr>\n<tr>\n<td width=\"321\">CCID<\/td>\n<\/tr>\n<tr>\n<td width=\"321\">Microsoft\u00ae WHQL<\/td>\n<\/tr>\n<tr>\n<td width=\"321\">CE<\/td>\n<\/tr>\n<tr>\n<td width=\"321\">FCC<\/td>\n<\/tr>\n<tr>\n<td width=\"321\">RoHS<\/td>\n<\/tr>\n<tr>\n<td width=\"321\">REACH<\/td>\n<\/tr>\n<tr>\n<td colspan=\"2\" width=\"551\">\u012erenginio tvarkykl\u0117s operacin\u0117s sistemos palaikymas<\/td>\n<\/tr>\n<tr>\n<td rowspan=\"5\" width=\"230\">\u012erenginio tvarkykl\u0117s operacin\u0117s sistemos palaikymas<\/td>\n<td width=\"321\">Windows\u00ae<\/td>\n<\/tr>\n<tr>\n<td width=\"321\">Linux\u00ae<\/td>\n<\/tr>\n<tr>\n<td width=\"321\">MAC OS\u00ae<\/td>\n<\/tr>\n<tr>\n<td width=\"321\">Solaris<\/td>\n<\/tr>\n<tr>\n<td width=\"321\">Android\u2122<\/td>\n<\/tr>\n<\/tbody>\n<\/table>\n<\/div>\n<\/li>\n<\/ul>","protected":false},"excerpt":{"rendered":"<p>The ACR1281U-C1 is a versatile USB contact and contactless Reader, featuring a SAM slot and portable NFC capabilities for enhanced performance in smart card applications.<\/p>","protected":false},"featured_media":1557,"template":"","meta":[],"product_brand":[],"product_cat":[45],"product_tag":[],"class_list":{"0":"post-1550","1":"product","2":"type-product","3":"status-publish","4":"has-post-thumbnail","6":"product_cat-contactless-nfc-reader","8":"first","9":"instock","10":"shipping-taxable","11":"product-type-simple"},"_links":{"self":[{"href":"https:\/\/nfc-readers.com\/lt\/wp-json\/wp\/v2\/product\/1550","targetHints":{"allow":["GET"]}}],"collection":[{"href":"https:\/\/nfc-readers.com\/lt\/wp-json\/wp\/v2\/product"}],"about":[{"href":"https:\/\/nfc-readers.com\/lt\/wp-json\/wp\/v2\/types\/product"}],"wp:featuredmedia":[{"embeddable":true,"href":"https:\/\/nfc-readers.com\/lt\/wp-json\/wp\/v2\/media\/1557"}],"wp:attachment":[{"href":"https:\/\/nfc-readers.com\/lt\/wp-json\/wp\/v2\/media?parent=1550"}],"wp:term":[{"taxonomy":"product_brand","embeddable":true,"href":"https:\/\/nfc-readers.com\/lt\/wp-json\/wp\/v2\/product_brand?post=1550"},{"taxonomy":"product_cat","embeddable":true,"href":"https:\/\/nfc-readers.com\/lt\/wp-json\/wp\/v2\/product_cat?post=1550"},{"taxonomy":"product_tag","embeddable":true,"href":"https:\/\/nfc-readers.com\/lt\/wp-json\/wp\/v2\/product_tag?post=1550"}],"curies":[{"name":"wp","href":"https:\/\/api.w.org\/{rel}","templated":true}]}}