{"id":1555,"date":"2024-04-07T06:18:18","date_gmt":"2024-04-07T06:18:18","guid":{"rendered":"https:\/\/nfc-readers.com\/?post_type=product&#038;p=1555"},"modified":"2024-10-16T06:39:36","modified_gmt":"2024-10-16T06:39:36","slug":"acr1281s-c1-dualboost-ii-serial-reader","status":"publish","type":"product","link":"https:\/\/nfc-readers.com\/lt\/ic-reader\/acr1281s-c1-dualboost-ii-serial-reader\/","title":{"rendered":"ACR1281S-C1 DualBoost II serijinis skaitytuvas"},"content":{"rendered":"<h1>ACR1281S-C1 DualBoost II serijinis skaitytuvas<\/h1>\n<p>ACR1281S-C1 DualBoost II yra daugialypis skaitytuvas, palengvinantis s\u0105veik\u0105 tiek su kontaktin\u0117mis, tiek su bekontakt\u0117mis intelektualiosiomis kortel\u0117mis, atitinkan\u010diomis atitinkamai ISO 7816 ir ISO 14443 standartus. \u0160is dvigubos s\u0105sajos skaitytuvas skland\u017eiai sujungia funkcijas, kurios tradici\u0161kai naudojamos atskirose sistemose, \u012f vien\u0105 vienet\u0105, kuriame telpa ir kontaktin\u0117s, ir bekontakt\u0117s kortel\u0117s. Tai supaprastina \u012fvairias operacijas, nesvarbu, ar tai b\u016bt\u0173 atsiskaitymas elektronin\u0117s prekybos ir bankininkyst\u0117s sektoriuose naudojant kredito korteles, ar bekontak\u010di\u0173 korteli\u0173 patvirtinimas, kad b\u016bt\u0173 galima saugiai patekti \u012f nurodytas sritis ar sistemas. Tai puikiai dera su universalios intelektualiosios kortel\u0117s koncepcija, kuri sujungia kelias intelektualiosios kortel\u0117s funkcijas \u012f vien\u0105 fizin\u012f objekt\u0105. B\u016bdinga \u201eplug and play\u201c \u012frenginiams, ACR1281S-C1 nereikia \u012fdiegti sud\u0117ting\u0173 tvarkykli\u0173. Jame yra SAM (saugios prieigos modulio) lizdas, kuris sustiprina saugum\u0105 tiek kontaktinio, tiek bekontak\u010dio s\u0105veikos metu. \u012erenginio spartaus ry\u0161io paj\u0117gumas pasiekia iki 848 kbps dirbant bekontak\u010diose kortel\u0117se, u\u017etikrinant jo tinkamum\u0105 didelio na\u0161umo ir intensyvioms programoms. Su tokiomis galimyb\u0117mis kaip USB programin\u0117s \u012frangos atnaujinimas, kontaktini\u0173 atminties korteli\u0173 palaikymas ir galimyb\u0117 valdyti i\u0161pl\u0117stin\u012f APDU, ACR1281S-C1 Serial DualBoost II yra ekonomi\u0161kas ir tvirtas sprendimas. Jis suteikia dvigub\u0105 prana\u0161um\u0105 \u2013 patogum\u0105 ir pritaikomum\u0105 \u012fvairiose intelektuali\u0173j\u0173 korteli\u0173 programose.<\/p>\n<ul>\n<li>\n<h2>Serijin\u0117 RS232 s\u0105saja<\/h2>\n<\/li>\n<li>\n<h2>USB s\u0105saja maitinimo \u0161altiniui<\/h2>\n<\/li>\n<li>\n<h2>CCID pana\u0161us kadro formatas (dvejetainis formatas)<\/h2>\n<\/li>\n<li>\n<h2>Bekontaktis intelektuali\u0173j\u0173 korteli\u0173 skaitytuvas:<\/h2>\n<ul>\n<li>\n<h3>Skaitymo \/ ra\u0161ymo greitis iki 848 kbps<\/h3>\n<\/li>\n<li>\n<h3>Integruota antena bekontaktei prieigai prie \u017eymos, kortel\u0117s nuskaitymo atstumas iki 50 mm (priklausomai nuo \u017eymos tipo)<\/h3>\n<\/li>\n<li>\n<h3>Palaiko ISO 14443 4 dalies A ir B tipo korteles ir MIFARE\u00ae serijas<\/h3>\n<\/li>\n<li>\n<h3>Integruota apsaugos nuo susid\u016brimo funkcija (bet kuriuo metu pasiekiama tik viena \u017eyma)<\/h3>\n<\/li>\n<li>\n<h3>Palaiko i\u0161pl\u0117stin\u012f APDU (maks. 64 kbit.)<\/h3>\n<\/li>\n<\/ul>\n<\/li>\n<li>\n<h2>Susisiekite su intelektuali\u0173j\u0173 korteli\u0173 skaitytuvu:<\/h2>\n<ul>\n<li>\n<h3>Palaiko ISO 7816 A, B ir C klases (5 V, 3 V ir 1,8 V)<\/h3>\n<\/li>\n<li>\n<h3>Palaiko mikroprocesorines korteles su T=0 arba T=1 protokolu<\/h3>\n<\/li>\n<li>\n<h3>Palaiko atminties korteles<\/h3>\n<\/li>\n<li>\n<h3>ISO 7816 suderinamas SAM lizdas<\/h3>\n<\/li>\n<\/ul>\n<\/li>\n<li>\n<h2>Integruoti periferiniai \u012frenginiai:<\/h2>\n<ul>\n<li>\n<h3>Du vartotojo valdomi \u0161viesos diodai<\/h3>\n<\/li>\n<li>\n<h3>Vartotojo valdomas garsinis signalas<\/h3>\n<\/li>\n<\/ul>\n<\/li>\n<li>\n<h2>USB programin\u0117s \u012frangos atnaujinimas<\/h2>\n<\/li>\n<li>\n<div>\n<table width=\"500\">\n<tbody>\n<tr>\n<td colspan=\"2\" width=\"500\">Fizin\u0117s charakteristikos<\/td>\n<\/tr>\n<tr>\n<td width=\"181\">Matmenys (mm)<\/td>\n<td width=\"319\">120,5 mm (ilgis) x 72,0 mm (plotis) x 20,4 mm (auk\u0161tis)<\/td>\n<\/tr>\n<tr>\n<td width=\"181\">Svoris (g)<\/td>\n<td width=\"319\">150 g<\/td>\n<\/tr>\n<tr>\n<td colspan=\"2\" width=\"500\">Serijin\u0117 s\u0105saja<\/td>\n<\/tr>\n<tr>\n<td width=\"181\">protokolas<\/td>\n<td width=\"319\">RS-232<\/td>\n<\/tr>\n<tr>\n<td width=\"181\">Jungties tipas<\/td>\n<td width=\"319\">DB-9 jungtis<\/td>\n<\/tr>\n<tr>\n<td width=\"181\">Maitinimo \u0161altinis<\/td>\n<td width=\"319\">I\u0161 USB prievado<\/td>\n<\/tr>\n<tr>\n<td width=\"181\">Kabelio ilgis<\/td>\n<td width=\"319\">1,5 m, fiksuotas (DB9 + USB)<\/td>\n<\/tr>\n<tr>\n<td colspan=\"2\" width=\"500\">Susisiekite su Smart Card s\u0105saja<\/td>\n<\/tr>\n<tr>\n<td width=\"181\">Lizd\u0173 skai\u010dius<\/td>\n<td width=\"319\">1 viso dyd\u017eio korteli\u0173 lizdas<\/td>\n<\/tr>\n<tr>\n<td width=\"181\">Standartinis<\/td>\n<td width=\"319\">ISO 7816 A, B, C klas\u0117 (5 V, 3 V, 1,8 V)<\/td>\n<\/tr>\n<tr>\n<td width=\"181\">protokolas<\/td>\n<td width=\"319\">T=0; T=1<\/td>\n<\/tr>\n<tr>\n<td colspan=\"2\" width=\"500\">Bekontakt\u0117 intelektualiosios kortel\u0117s s\u0105saja<\/td>\n<\/tr>\n<tr>\n<td width=\"181\">Standartinis<\/td>\n<td width=\"319\">ISO 14443 A ir B 1\u20134 dalys<\/td>\n<\/tr>\n<tr>\n<td rowspan=\"2\" width=\"181\">protokolas<\/td>\n<td width=\"319\">ISO 14443-4 suderinama kortel\u0117, T=CL<\/td>\n<\/tr>\n<tr>\n<td width=\"319\">MIFARE\u00ae Classic kortel\u0117, T=CL<\/td>\n<\/tr>\n<tr>\n<td colspan=\"2\" width=\"500\">SAM kortel\u0117s s\u0105saja<\/td>\n<\/tr>\n<tr>\n<td width=\"181\">Lizd\u0173 skai\u010dius<\/td>\n<td width=\"319\">1 standartinio SIM dyd\u017eio kortel\u0117s lizdas<\/td>\n<\/tr>\n<tr>\n<td width=\"181\">Standartinis<\/td>\n<td width=\"319\">ISO 7816 A klas\u0117 (5 V)<\/td>\n<\/tr>\n<tr>\n<td width=\"181\">protokolas<\/td>\n<td width=\"319\">T=0; T=1<\/td>\n<\/tr>\n<tr>\n<td colspan=\"2\" width=\"500\">Integruoti periferiniai \u012frenginiai<\/td>\n<\/tr>\n<tr>\n<td width=\"181\">LED<\/td>\n<td width=\"319\">2 vienspalviai: raudona ir \u017ealia<\/td>\n<\/tr>\n<tr>\n<td width=\"181\">Skambutis<\/td>\n<td width=\"319\">Monotoni\u0161kas<\/td>\n<\/tr>\n<tr>\n<td colspan=\"2\" width=\"500\">Kitos funkcijos<\/td>\n<\/tr>\n<tr>\n<td width=\"181\">Programin\u0117s \u012frangos atnaujinimas<\/td>\n<td width=\"319\">Palaikoma<\/td>\n<\/tr>\n<tr>\n<td colspan=\"2\" width=\"500\">Sertifikatai \/ atitiktis<\/td>\n<\/tr>\n<tr>\n<td rowspan=\"5\" width=\"181\">Sertifikatai \/ atitiktis<\/td>\n<td width=\"319\">ISO 14443<\/td>\n<\/tr>\n<tr>\n<td width=\"319\">ISO 7816<\/td>\n<\/tr>\n<tr>\n<td width=\"319\">CE<\/td>\n<\/tr>\n<tr>\n<td width=\"319\">FCC<\/td>\n<\/tr>\n<tr>\n<td width=\"319\">RoHS<\/td>\n<\/tr>\n<tr>\n<td colspan=\"2\" width=\"500\">\u012erenginio tvarkykl\u0117s operacin\u0117s sistemos palaikymas<\/td>\n<\/tr>\n<tr>\n<td rowspan=\"2\" width=\"181\">\u012erenginio tvarkykl\u0117s operacin\u0117s sistemos palaikymas<\/td>\n<td width=\"319\">Windows\u00ae<\/td>\n<\/tr>\n<tr>\n<td width=\"319\">Linux\u00ae<\/td>\n<\/tr>\n<\/tbody>\n<\/table>\n<\/div>\n<\/li>\n<\/ul>","protected":false},"excerpt":{"rendered":"<p>ACR1281S-C1 yra dviej\u0173 funkcij\u0173 kontaktinis ir bekontaktis skaitytuvas, turintis SAM lizd\u0105, u\u017etikrinant\u012f didesn\u012f saugum\u0105 ir spart\u0173 intelektuali\u0173j\u0173 korteli\u0173 program\u0173 veikim\u0105.<\/p>","protected":false},"featured_media":1556,"template":"","meta":[],"product_brand":[],"product_cat":[45],"product_tag":[],"class_list":{"0":"post-1555","1":"product","2":"type-product","3":"status-publish","4":"has-post-thumbnail","6":"product_cat-contactless-nfc-reader","8":"first","9":"instock","10":"shipping-taxable","11":"product-type-simple"},"_links":{"self":[{"href":"https:\/\/nfc-readers.com\/lt\/wp-json\/wp\/v2\/product\/1555","targetHints":{"allow":["GET"]}}],"collection":[{"href":"https:\/\/nfc-readers.com\/lt\/wp-json\/wp\/v2\/product"}],"about":[{"href":"https:\/\/nfc-readers.com\/lt\/wp-json\/wp\/v2\/types\/product"}],"wp:featuredmedia":[{"embeddable":true,"href":"https:\/\/nfc-readers.com\/lt\/wp-json\/wp\/v2\/media\/1556"}],"wp:attachment":[{"href":"https:\/\/nfc-readers.com\/lt\/wp-json\/wp\/v2\/media?parent=1555"}],"wp:term":[{"taxonomy":"product_brand","embeddable":true,"href":"https:\/\/nfc-readers.com\/lt\/wp-json\/wp\/v2\/product_brand?post=1555"},{"taxonomy":"product_cat","embeddable":true,"href":"https:\/\/nfc-readers.com\/lt\/wp-json\/wp\/v2\/product_cat?post=1555"},{"taxonomy":"product_tag","embeddable":true,"href":"https:\/\/nfc-readers.com\/lt\/wp-json\/wp\/v2\/product_tag?post=1555"}],"curies":[{"name":"wp","href":"https:\/\/api.w.org\/{rel}","templated":true}]}}