{"id":1558,"date":"2024-04-07T06:20:55","date_gmt":"2024-04-07T06:20:55","guid":{"rendered":"https:\/\/nfc-readers.com\/?post_type=product&#038;p=1558"},"modified":"2024-10-16T06:35:34","modified_gmt":"2024-10-16T06:35:34","slug":"nfc-reader-with-lcd-acr1222l","status":"publish","type":"product","link":"https:\/\/nfc-readers.com\/lt\/ic-reader\/nfc-reader-with-lcd-acr1222l\/","title":{"rendered":"NFC skaitytuvas\/ra\u0161ytuvas su LCD | ACR1222L"},"content":{"rendered":"<h1>NFC skaitytuvas\/ra\u0161ytuvas su LCD | ACR1222L<\/h1>\n<p>ACR1222L i\u0161siskiria kaip universalus ir patogus NFC i\u0161mani\u0173j\u0173 korteli\u0173 skaitytuvas, idealiai tinkantis programoms, \u012fskaitant el. mok\u0117jimus, lojalumo programas ir prieigos kontrol\u0119. Skyst\u0173j\u0173 kristal\u0173 ekranas ir daugiakalbis palaikymas, kartu su tvirtomis saugos funkcijomis su trimis SAM lizdais, yra labai vertingas pasi\u016blymas, atsi\u017evelgiant \u012f funkcij\u0173 ir nfc skaitytuvo kainos pusiausvyr\u0105.<\/p>\n<p><iframe loading=\"lazy\" title=\"ACR1222L NFC skaitytuvas\" width=\"1020\" height=\"765\" src=\"https:\/\/www.youtube.com\/embed\/i-7zrKP8WJo?feature=oembed\" frameborder=\"0\" allow=\"accelerometer; autoplay; clipboard-write; encrypted-media; gyroscope; picture-in-picture; web-share\" referrerpolicy=\"strict-origin-when-cross-origin\" allowfullscreen><\/iframe><\/p>\n<h2>NFC skaitytuvas su LCD | ACR1222L<\/h2>\n<ul>\n<li data-sider-select-id=\"cbe5159f-0e15-4e91-8597-4873bf6b4e88\">\n<h2>USB 2.0 viso grei\u010dio s\u0105saja<\/h2>\n<\/li>\n<li>\n<h2>CCID atitiktis<\/h2>\n<\/li>\n<li>\n<h2>I\u0161mani\u0173j\u0173 korteli\u0173 skaitytuvas:<\/h2>\n<ul>\n<li>\n<h3>Skaitymo \/ ra\u0161ymo greitis iki 424 kbps<\/h3>\n<\/li>\n<li>\n<h3>Integruota antena bekontaktei prieigai prie \u017eymos, kortel\u0117s nuskaitymo atstumas iki 50 mm (priklausomai nuo \u017eymos tipo)<\/h3>\n<\/li>\n<li>\n<h3>Palaiko ISO 14443 A ir B tipo korteles, MIFARE\u00ae, FeliCa ir vis\u0173 4 tip\u0173 NFC (ISO\/IEC 18092) \u017eymas<\/h3>\n<\/li>\n<li>\n<h3>Integruota apsaugos nuo susid\u016brimo funkcija (bet kuriuo metu pasiekiama tik viena \u017eyma)<\/h3>\n<\/li>\n<li>\n<h3>Trys su ISO 7816 suderinami SAM lizdai<\/h3>\n<\/li>\n<\/ul>\n<\/li>\n<li>\n<h2>Integruoti periferiniai \u012frenginiai:<\/h2>\n<ul>\n<li>\n<h3>Dviej\u0173 eilu\u010di\u0173 grafinis skyst\u0173j\u0173 kristal\u0173 ekranas su interaktyviu valdymu (ty slinkti auk\u0161tyn ir \u017eemyn, kair\u0117n ir de\u0161in\u0117n ir pan.) ir keli\u0173 kalb\u0173 palaikymu (ty kin\u0173, angl\u0173, japon\u0173 ir keliomis Europos kalbomis)<\/h3>\n<\/li>\n<li>\n<h3>Keturi vartotojo valdomi \u0161viesos diodai<\/h3>\n<\/li>\n<li>\n<h3>Vartotojo valdomas garsinis signalas<\/h3>\n<\/li>\n<\/ul>\n<\/li>\n<li>\n<h2>USB programin\u0117s \u012frangos atnaujinimas<\/h2>\n<\/li>\n<\/ul>\n<div>\n<h2 data-sider-select-id=\"d4706cbf-1e8e-448d-9503-dfee41ca8b25\"><strong>ACR1222L NFC bekontak\u010dio skaitytuvo savyb\u0117s ir funkcijos:<\/strong><\/h2>\n<ul>\n<li>\n<h3><strong>Inovatyvi\u0173 technologij\u0173 integravimas<\/strong><\/h3>\n<p>ACR1222L skland\u017eiai integruoja skyst\u0173j\u0173 kristal\u0173 technologij\u0105 su PC-Link NFC funkcijomis ir si\u016blo patogi\u0105 s\u0105saj\u0105, leid\u017eian\u010di\u0105 lengvai bendrauti.<\/li>\n<li>\n<h3><strong>I\u0161samus suderinamumas<\/strong><\/h3>\n<p>Sukurtas remiantis 13,56 MHz RFID technologija ir ISO\/IEC 18092 standartu, ACR1222L gali pasigirti dideliu suderinamumu su ISO14443 A ir B tipo kortel\u0117mis, MIFARE, FeliCa ir vis\u0173 keturi\u0173 tip\u0173 NFC \u017eymomis.<\/li>\n<li>\n<h3><strong>Patobulinta vartotojo patirtis<\/strong><\/h3>\n<\/li>\n<\/ul>\n<p style=\"text-align: left; padding-left: 40px;\"><span style=\"color: #555555; font-size: 14.4px;\">ACR1222L, atitinkantis PC \/ SC, leid\u017eia lengvai atnaujinti intelektuali\u0173j\u0173 korteli\u0173 programas ir u\u017etikrinti skland\u0173 per\u0117jim\u0105 vartotojams, ie\u0161kantiems patobulint\u0173 funkcij\u0173 ir s\u0105veikos.<\/span><\/p>\n<ul>\n<li>\n<h3><strong>Intuityvi s\u0105saja<\/strong><\/h3>\n<\/li>\n<\/ul>\n<p style=\"text-align: left; padding-left: 40px;\">\u00a0ACR1222L, kuriame yra 4 \u0161viesos diodai, garsinis signalas ir daugiakalbis LCD ekranas, ai\u0161kiai rodo skaitytuvo ir program\u0173 b\u016bsenas, pagerindamas vartotojo supratim\u0105 ir \u012fsitraukim\u0105.<\/p>\n<ul>\n<li>\n<h3><strong>Keli\u0173 kalb\u0173 palaikymas<\/strong><\/h3>\n<p>Dviej\u0173 eilu\u010di\u0173 grafinis skyst\u0173j\u0173 kristal\u0173 ekranas palaiko kelias kalbas, \u012fskaitant kin\u0173, angl\u0173, japon\u0173 ir tam tikras Europos kalbas, tod\u0117l \u012fvairi naudotoj\u0173 baz\u0117 gali lengvai bendrauti su \u012frenginiu.<\/li>\n<li>\n<h3><strong>Interaktyvi operacija<\/strong><\/h3>\n<p>Skyst\u0173j\u0173 kristal\u0173 ekranas leid\u017eia atlikti interaktyvias operacijas, tokias kaip slinkimas, dar labiau padidindamas vartotojo patogum\u0105 ir prieinamum\u0105.<\/li>\n<li>\n<h3><strong>I\u0161pl\u0117stin\u0117s saugos funkcijos<\/strong><\/h3>\n<p>Su trimis integruotais SAM lizdais ACR1222L u\u017etikrina didesn\u012f saugum\u0105 bekontak\u010di\u0173 operacij\u0173 metu, apsaugodamas slaptus duomenis ir operacijas.<\/li>\n<\/ul>\n<\/div>\n<div><\/div>\n<div>\n<table width=\"702\">\n<tbody>\n<tr>\n<td colspan=\"2\" width=\"702\">Fizin\u0117s charakteristikos<\/td>\n<\/tr>\n<tr>\n<td rowspan=\"2\" width=\"250\">Matmenys (mm)<\/td>\n<td width=\"452\">Pagrindinis korpusas: 133,5 mm (ilgis) x 88,5 mm (plotis) x 21,0 mm (auk\u0161tis)<\/td>\n<\/tr>\n<tr>\n<td width=\"452\">Su stovu: 158,0 mm (ilgis) x 95,0 mm (plotis) x 95,0 mm (auk\u0161tis)<\/td>\n<\/tr>\n<tr>\n<td rowspan=\"2\" width=\"250\">Svoris (g)<\/td>\n<td width=\"452\">Pagrindinis korpusas: 173 g<\/td>\n<\/tr>\n<tr>\n<td width=\"452\">Su stovu: 415 g<\/td>\n<\/tr>\n<tr>\n<td colspan=\"2\" width=\"702\">USB s\u0105saja<\/td>\n<\/tr>\n<tr>\n<td width=\"250\">protokolas<\/td>\n<td width=\"452\">USB CCID<\/td>\n<\/tr>\n<tr>\n<td width=\"250\">Jungties tipas<\/td>\n<td width=\"452\">Standartinis A tipas<\/td>\n<\/tr>\n<tr>\n<td width=\"250\">Maitinimo \u0161altinis<\/td>\n<td width=\"452\">I\u0161 USB prievado<\/td>\n<\/tr>\n<tr>\n<td width=\"250\">Greitis<\/td>\n<td width=\"452\">Visas USB greitis (12 Mbps)<\/td>\n<\/tr>\n<tr>\n<td width=\"250\">Kabelio ilgis<\/td>\n<td width=\"452\">1,5 m, Stacionarus<\/td>\n<\/tr>\n<tr>\n<td colspan=\"2\" width=\"702\">Bekontakt\u0117 intelektualiosios kortel\u0117s s\u0105saja<\/td>\n<\/tr>\n<tr>\n<td width=\"250\">Standartinis<\/td>\n<td width=\"452\">ISO\/IEC 18092 NFC, ISO 14443 A ir B tipai, MIFARE\u00ae, FeliCa<\/td>\n<\/tr>\n<tr>\n<td rowspan=\"4\" width=\"250\">protokolas<\/td>\n<td width=\"452\">ISO 14443-4 suderinama kortel\u0117, T=CL<\/td>\n<\/tr>\n<tr>\n<td width=\"452\">MIFARE\u00ae Classic kortel\u0117, T=CL<\/td>\n<\/tr>\n<tr>\n<td width=\"452\">ISO18092, NFC \u017eymos<\/td>\n<\/tr>\n<tr>\n<td width=\"452\">FeliCa<\/td>\n<\/tr>\n<tr>\n<td colspan=\"2\" width=\"702\">SAM kortel\u0117s s\u0105saja<\/td>\n<\/tr>\n<tr>\n<td width=\"250\">Lizd\u0173 skai\u010dius<\/td>\n<td width=\"452\">3 standartiniai SIM dyd\u017eio korteli\u0173 lizdai<\/td>\n<\/tr>\n<tr>\n<td width=\"250\">Standartinis<\/td>\n<td width=\"452\">ISO 7816 A klas\u0117 (5 V)<\/td>\n<\/tr>\n<tr>\n<td width=\"250\">protokolas<\/td>\n<td width=\"452\">T=0; T=1<\/td>\n<\/tr>\n<tr>\n<td colspan=\"2\" width=\"702\">Integruoti periferiniai \u012frenginiai<\/td>\n<\/tr>\n<tr>\n<td rowspan=\"3\" width=\"250\">LCD<\/td>\n<td width=\"452\">Grafinis LCD su geltonai \u017ealiu foniniu ap\u0161vietimu<\/td>\n<\/tr>\n<tr>\n<td width=\"452\">Rezoliucija: 128x32 pikseliai<\/td>\n<\/tr>\n<tr>\n<td width=\"452\">Simboli\u0173 skai\u010dius: 16 simboli\u0173 x 2 eilut\u0117s<\/td>\n<\/tr>\n<tr>\n<td width=\"250\">LED<\/td>\n<td width=\"452\">4 vienos spalvos: \u017ealia, m\u0117lyna, oran\u017ein\u0117 ir raudona<\/td>\n<\/tr>\n<tr>\n<td width=\"250\">Skambutis<\/td>\n<td width=\"452\">Monotoni\u0161kas<\/td>\n<\/tr>\n<tr>\n<td colspan=\"2\" width=\"702\">Kitos funkcijos<\/td>\n<\/tr>\n<tr>\n<td width=\"250\">Programin\u0117s \u012frangos atnaujinimas<\/td>\n<td width=\"452\">Palaikoma<\/td>\n<\/tr>\n<tr>\n<td colspan=\"2\" width=\"702\">Sertifikatai \/ atitiktis<\/td>\n<\/tr>\n<tr>\n<td rowspan=\"13\" width=\"250\">Sertifikatai \/ atitiktis<\/td>\n<td width=\"452\">ISO 18092<\/td>\n<\/tr>\n<tr>\n<td width=\"452\">ISO 14443<\/td>\n<\/tr>\n<tr>\n<td width=\"452\">ISO 7816 (SAM lizdas)<\/td>\n<\/tr>\n<tr>\n<td width=\"452\">USB visu grei\u010diu<\/td>\n<\/tr>\n<tr>\n<td width=\"452\">PC\/SC<\/td>\n<\/tr>\n<tr>\n<td width=\"452\">CCID<\/td>\n<\/tr>\n<tr>\n<td width=\"452\">VCCI (Japonija)<\/td>\n<\/tr>\n<tr>\n<td width=\"452\">KC (Kor\u0117ja)<\/td>\n<\/tr>\n<tr>\n<td width=\"452\">Microsoft\u00ae WHQL<\/td>\n<\/tr>\n<tr>\n<td width=\"452\">CE<\/td>\n<\/tr>\n<tr>\n<td width=\"452\">FCC<\/td>\n<\/tr>\n<tr>\n<td width=\"452\">RoHS<\/td>\n<\/tr>\n<tr>\n<td width=\"452\">REACH<\/td>\n<\/tr>\n<tr>\n<td colspan=\"2\" width=\"702\">\u012erenginio tvarkykl\u0117s operacin\u0117s sistemos palaikymas<\/td>\n<\/tr>\n<tr>\n<td rowspan=\"5\" width=\"250\">\u012erenginio tvarkykl\u0117s operacin\u0117s sistemos palaikymas<\/td>\n<td width=\"452\">Windows\u00ae<\/td>\n<\/tr>\n<tr>\n<td width=\"452\">Linux\u00ae<\/td>\n<\/tr>\n<tr>\n<td width=\"452\">MAC OS\u00ae<\/td>\n<\/tr>\n<tr>\n<td width=\"452\">Solaris<\/td>\n<\/tr>\n<tr>\n<td width=\"452\">Android\u2122<\/td>\n<\/tr>\n<\/tbody>\n<\/table>\n<\/div>\n<div><\/div>\n<div><\/div>\n<div><\/div>\n<div><\/div>","protected":false},"excerpt":{"rendered":"<p>ACR1222L yra universalus bekontaktis USB skaitytuvas su LCD ekranu, palaikantis RFID NFC technologij\u0105 ir u\u017etikrinantis patobulint\u0105 intelektuali\u0173j\u0173 korteli\u0173 program\u0173 saugum\u0105.<\/p>","protected":false},"featured_media":1563,"template":"","meta":[],"product_brand":[],"product_cat":[45,40],"product_tag":[],"class_list":{"0":"post-1558","1":"product","2":"type-product","3":"status-publish","4":"has-post-thumbnail","6":"product_cat-contactless-nfc-reader","7":"product_cat-rfid-nfc-reader","9":"first","10":"instock","11":"shipping-taxable","12":"product-type-simple"},"_links":{"self":[{"href":"https:\/\/nfc-readers.com\/lt\/wp-json\/wp\/v2\/product\/1558","targetHints":{"allow":["GET"]}}],"collection":[{"href":"https:\/\/nfc-readers.com\/lt\/wp-json\/wp\/v2\/product"}],"about":[{"href":"https:\/\/nfc-readers.com\/lt\/wp-json\/wp\/v2\/types\/product"}],"wp:featuredmedia":[{"embeddable":true,"href":"https:\/\/nfc-readers.com\/lt\/wp-json\/wp\/v2\/media\/1563"}],"wp:attachment":[{"href":"https:\/\/nfc-readers.com\/lt\/wp-json\/wp\/v2\/media?parent=1558"}],"wp:term":[{"taxonomy":"product_brand","embeddable":true,"href":"https:\/\/nfc-readers.com\/lt\/wp-json\/wp\/v2\/product_brand?post=1558"},{"taxonomy":"product_cat","embeddable":true,"href":"https:\/\/nfc-readers.com\/lt\/wp-json\/wp\/v2\/product_cat?post=1558"},{"taxonomy":"product_tag","embeddable":true,"href":"https:\/\/nfc-readers.com\/lt\/wp-json\/wp\/v2\/product_tag?post=1558"}],"curies":[{"name":"wp","href":"https:\/\/api.w.org\/{rel}","templated":true}]}}