{"id":1564,"date":"2024-04-07T06:24:04","date_gmt":"2024-04-07T06:24:04","guid":{"rendered":"https:\/\/nfc-readers.com\/?post_type=product&#038;p=1564"},"modified":"2024-10-16T06:23:32","modified_gmt":"2024-10-16T06:23:32","slug":"acm1281u-c7-usb-contactless-reader-module-with-sam-slot","status":"publish","type":"product","link":"https:\/\/nfc-readers.com\/lt\/ic-reader\/acm1281u-c7-usb-contactless-reader-module-with-sam-slot\/","title":{"rendered":"ACM1281U-C7 USB bekontak\u010dio skaitytuvo modulis su SAM lizdu"},"content":{"rendered":"<h1>ACM1281U-C7 USB bekontak\u010dio skaitytuvo modulis su SAM lizdu<\/h1>\n<p>ACM1281U-C7 i\u0161siskiria kaip sud\u0117tingas intelektuali\u0173j\u0173 korteli\u0173 skaitytuvas, sukurtas skland\u017eiai integruoti \u012f \u012fvairias \u012fterpt\u0105sias sistemas. \u0160is ne\u0161iojamasis NFC skaitytuvas, palaikantis pagrindini\u0173 korteli\u0173 technologij\u0173 ISO 14443 A\/B standart\u0105 ir si\u016blantis gili\u0105 apsaug\u0105 per suderinam\u0105 SAM lizd\u0105, taip pat lankstum\u0105 vietoje atnaujinamos programin\u0117s \u012frangos, yra pritaikytas aplinkoms, kuriose saugumas ir patikimumas yra svarbiausi, pvz. mok\u0117jimo ir \u017eaidim\u0173 sistemos.<\/p>\n<ul>\n<li>\n<h2>USB 2.0 viso grei\u010dio s\u0105saja<\/h2>\n<\/li>\n<li>\n<h2>CCID atitiktis<\/h2>\n<\/li>\n<li>\n<h2>USB programin\u0117s \u012frangos atnaujinimas<\/h2>\n<\/li>\n<li>\n<h2>I\u0161mani\u0173j\u0173 korteli\u0173 skaitytuvas:<\/h2>\n<ul>\n<li>\n<h3>Bekontakt\u0117 s\u0105saja:<\/h3>\n<ul>\n<li>\n<h4>Skaitymo \/ ra\u0161ymo greitis iki 848 kbps<\/h4>\n<\/li>\n<li>\n<h4>Integruota antena bekontaktei prieigai prie \u017eymos, kortel\u0117s nuskaitymo atstumas iki 50 mm (priklausomai nuo \u017eymos tipo)<\/h4>\n<\/li>\n<li>\n<h4>Palaiko ISO 14443 4 dalies A ir B tipo korteles ir MIFARE\u00ae Classic serij\u0105<\/h4>\n<\/li>\n<li>\n<h4>Integruota apsaugos nuo susid\u016brimo funkcija (bet kuriuo metu pasiekiama tik 1 \u017eyma)<\/h4>\n<\/li>\n<li>\n<h4>Palaiko i\u0161pl\u0117stin\u012f APDU (maks. 64 kbit.)<\/h4>\n<\/li>\n<\/ul>\n<\/li>\n<li>\n<h3>SAM s\u0105saja:<\/h3>\n<ul>\n<li>\n<h4>Su ISO 7816 suderinamas SAM lizdas, A klas\u0117 (5 V)<\/h4>\n<\/li>\n<\/ul>\n<\/li>\n<\/ul>\n<\/li>\n<li>\n<h2>Program\u0173 programavimo s\u0105saja:<\/h2>\n<ul>\n<li>\n<h3>Palaiko PC\/SC<\/h3>\n<\/li>\n<li>\n<h3>Palaiko CT-API (per d\u0117kl\u0105 kompiuterio \/ SC vir\u0161uje)<\/h3>\n<\/li>\n<\/ul>\n<\/li>\n<li>\n<h2>I\u0161oriniai \u012frenginiai:<\/h2>\n<ul>\n<li>\n<h3>Vartotojo valdomas dviej\u0173 spalv\u0173 LED<\/h3>\n<\/li>\n<li>\n<h3>Vartotojo valdomas garsinis signalas<\/h3>\n<\/li>\n<li>\n<div>\n<table width=\"558\">\n<tbody>\n<tr>\n<td colspan=\"2\" width=\"558\">Fizin\u0117s charakteristikos<\/td>\n<\/tr>\n<tr>\n<td width=\"234\">Matmenys (mm)<\/td>\n<td width=\"324\">106,6 mm (ilgis) x 67,0 mm (plotis) x 16,0 mm (auk\u0161tis)<\/td>\n<\/tr>\n<tr>\n<td width=\"234\">Svoris (g)<\/td>\n<td width=\"324\">20,8 g<\/td>\n<\/tr>\n<tr>\n<td colspan=\"2\" width=\"558\">USB s\u0105saja<\/td>\n<\/tr>\n<tr>\n<td width=\"234\">protokolas<\/td>\n<td width=\"324\">USB CCID<\/td>\n<\/tr>\n<tr>\n<td width=\"234\">Jungties tipas<\/td>\n<td width=\"324\">Standartinis A tipas<\/td>\n<\/tr>\n<tr>\n<td width=\"234\">Maitinimo \u0161altinis<\/td>\n<td width=\"324\">I\u0161 USB prievado<\/td>\n<\/tr>\n<tr>\n<td width=\"234\">Greitis<\/td>\n<td width=\"324\">Visas USB greitis (12 Mbps)<\/td>\n<\/tr>\n<tr>\n<td width=\"234\">Kabelio ilgis<\/td>\n<td width=\"324\">1,0 m, nuimamas (pasirinktinai)<\/td>\n<\/tr>\n<tr>\n<td colspan=\"2\" width=\"558\">Bekontakt\u0117 intelektualiosios kortel\u0117s s\u0105saja<\/td>\n<\/tr>\n<tr>\n<td width=\"234\">Standartinis<\/td>\n<td width=\"324\">ISO 14443 A ir B 1\u20134 dalys<\/td>\n<\/tr>\n<tr>\n<td rowspan=\"2\" width=\"234\">protokolas<\/td>\n<td width=\"324\">ISO14443-4 suderinamos kortel\u0117s, T=CL<\/td>\n<\/tr>\n<tr>\n<td width=\"324\">MIFARE\u00ae Classic kortel\u0117s protokolas, T=CL<\/td>\n<\/tr>\n<tr>\n<td width=\"234\">Antena<\/td>\n<td width=\"324\">65 mm x 60 mm<\/td>\n<\/tr>\n<tr>\n<td colspan=\"2\" width=\"558\">SAM kortel\u0117s s\u0105saja<\/td>\n<\/tr>\n<tr>\n<td width=\"234\">Lizd\u0173 skai\u010dius<\/td>\n<td width=\"324\">1<\/td>\n<\/tr>\n<tr>\n<td width=\"234\">Standartinis<\/td>\n<td width=\"324\">ISO 7816 1\u20133 dalys, A klas\u0117 (5 V)<\/td>\n<\/tr>\n<tr>\n<td width=\"234\">protokolas<\/td>\n<td width=\"324\">T=0; T=1<\/td>\n<\/tr>\n<tr>\n<td colspan=\"2\" width=\"558\">Integruoti periferiniai \u012frenginiai<\/td>\n<\/tr>\n<tr>\n<td width=\"234\">LED<\/td>\n<td width=\"324\">2 vienspalviai: raudona ir \u017ealia<\/td>\n<\/tr>\n<tr>\n<td width=\"234\">Skambutis<\/td>\n<td width=\"324\">Monotoni\u0161kas<\/td>\n<\/tr>\n<tr>\n<td colspan=\"2\" width=\"558\">Kitos funkcijos<\/td>\n<\/tr>\n<tr>\n<td width=\"234\">Programin\u0117s \u012frangos atnaujinimas<\/td>\n<td width=\"324\">Palaikoma<\/td>\n<\/tr>\n<tr>\n<td colspan=\"2\" width=\"558\">Sertifikatai \/ atitiktis<\/td>\n<\/tr>\n<tr>\n<td rowspan=\"10\" width=\"234\">Sertifikatai \/ atitiktis<\/td>\n<td width=\"324\">ISO 7816 (SAM lizdas)<\/td>\n<\/tr>\n<tr>\n<td width=\"324\">ISO 14443<\/td>\n<\/tr>\n<tr>\n<td width=\"324\">USB visu grei\u010diu<\/td>\n<\/tr>\n<tr>\n<td width=\"324\">PC\/SC<\/td>\n<\/tr>\n<tr>\n<td width=\"324\">CCID<\/td>\n<\/tr>\n<tr>\n<td width=\"324\">CE<\/td>\n<\/tr>\n<tr>\n<td width=\"324\">FCC<\/td>\n<\/tr>\n<tr>\n<td width=\"324\">RoHS<\/td>\n<\/tr>\n<tr>\n<td width=\"324\">REACH<\/td>\n<\/tr>\n<tr>\n<td width=\"324\">Microsoft\u00ae WHQL<\/td>\n<\/tr>\n<tr>\n<td colspan=\"2\" width=\"558\">\u012erenginio tvarkykl\u0117s operacin\u0117s sistemos palaikymas<\/td>\n<\/tr>\n<tr>\n<td rowspan=\"5\" width=\"234\">\u012erenginio tvarkykl\u0117s operacin\u0117s sistemos palaikymas<\/td>\n<td width=\"324\">Windows\u00ae<\/td>\n<\/tr>\n<tr>\n<td width=\"324\">Linux\u00ae<\/td>\n<\/tr>\n<tr>\n<td width=\"324\">MAC OS\u00ae<\/td>\n<\/tr>\n<tr>\n<td width=\"324\">Solaris<\/td>\n<\/tr>\n<tr>\n<td width=\"324\">Android\u2122<\/td>\n<\/tr>\n<\/tbody>\n<\/table>\n<\/div>\n<\/li>\n<\/ul>\n<\/li>\n<\/ul>","protected":false},"excerpt":{"rendered":"<p>The ACM1281U-C7 is a versatile USB Contactless Reader with a SAM , supporting CCID and PC\/SC, ideal for secure NFC applications like vending payments.<\/p>","protected":false},"featured_media":1565,"template":"","meta":[],"product_brand":[],"product_cat":[41],"product_tag":[],"class_list":{"0":"post-1564","1":"product","2":"type-product","3":"status-publish","4":"has-post-thumbnail","6":"product_cat-module-ic-reader","8":"first","9":"instock","10":"shipping-taxable","11":"product-type-simple"},"_links":{"self":[{"href":"https:\/\/nfc-readers.com\/lt\/wp-json\/wp\/v2\/product\/1564","targetHints":{"allow":["GET"]}}],"collection":[{"href":"https:\/\/nfc-readers.com\/lt\/wp-json\/wp\/v2\/product"}],"about":[{"href":"https:\/\/nfc-readers.com\/lt\/wp-json\/wp\/v2\/types\/product"}],"wp:featuredmedia":[{"embeddable":true,"href":"https:\/\/nfc-readers.com\/lt\/wp-json\/wp\/v2\/media\/1565"}],"wp:attachment":[{"href":"https:\/\/nfc-readers.com\/lt\/wp-json\/wp\/v2\/media?parent=1564"}],"wp:term":[{"taxonomy":"product_brand","embeddable":true,"href":"https:\/\/nfc-readers.com\/lt\/wp-json\/wp\/v2\/product_brand?post=1564"},{"taxonomy":"product_cat","embeddable":true,"href":"https:\/\/nfc-readers.com\/lt\/wp-json\/wp\/v2\/product_cat?post=1564"},{"taxonomy":"product_tag","embeddable":true,"href":"https:\/\/nfc-readers.com\/lt\/wp-json\/wp\/v2\/product_tag?post=1564"}],"curies":[{"name":"wp","href":"https:\/\/api.w.org\/{rel}","templated":true}]}}