{"id":1566,"date":"2024-04-07T06:26:05","date_gmt":"2024-04-07T06:26:05","guid":{"rendered":"https:\/\/nfc-readers.com\/?post_type=product&#038;p=1566"},"modified":"2024-10-16T06:20:36","modified_gmt":"2024-10-16T06:20:36","slug":"acm1281s-c7-serial-contactless-reader-module-with-sam-slot","status":"publish","type":"product","link":"https:\/\/nfc-readers.com\/lt\/ic-reader\/acm1281s-c7-serial-contactless-reader-module-with-sam-slot\/","title":{"rendered":"ACM1281S-C7 serijinis bekontaktis skaitytuvo modulis su SAM lizdu"},"content":{"rendered":"<h1>ACM1281S-C7 serijinis bekontaktis skaitytuvo modulis su SAM lizdu<\/h1>\n<p>ACM1281S-C7 yra pa\u017eangus nuoseklusis bekontaktis intelektuali\u0173j\u0173 korteli\u0173 skaitytuvas su didel\u0117s spartos ir ne\u0161iojamomis savyb\u0117mis, tinkantis daugybei program\u0173, reikalaujan\u010di\u0173 greitos, patikimos ir saugios s\u0105veikos. D\u0117l galimyb\u0117s palaikyti i\u0161pl\u0117stin\u012f APDU ir naudojimo paprastum\u0105 \u0161is skaitytuvas yra patikimas sprendimas tiek mobiliojoje, tiek fiksuotoje aplinkoje.<\/p>\n<ul>\n<li>\n<h2>Serijin\u0117 RS232 s\u0105saja<\/h2>\n<\/li>\n<li>\n<h2>USB s\u0105saja maitinimo \u0161altiniui<\/h2>\n<\/li>\n<li>\n<h2>CCID pana\u0161us kadro formatas (dvejetainis formatas)<\/h2>\n<\/li>\n<li>\n<h2>USB programin\u0117s \u012frangos atnaujinimas<\/h2>\n<\/li>\n<li>\n<h2>I\u0161mani\u0173j\u0173 korteli\u0173 skaitytuvas:<\/h2>\n<ul>\n<li>\n<h3>Bekontakt\u0117 s\u0105saja:<\/h3>\n<ul>\n<li>\n<h4>Skaitymo \/ ra\u0161ymo greitis iki 848 kbps<\/h4>\n<\/li>\n<li>\n<h4>Integruota antena bekontaktei prieigai prie \u017eymos, kortel\u0117s nuskaitymo atstumas iki 50 mm (priklausomai nuo \u017eymos tipo)<\/h4>\n<\/li>\n<li>\n<h4>Palaiko ISO 14443 4 dalies A ir B tipo korteles ir MIFARE\u00ae Classic serij\u0105<\/h4>\n<\/li>\n<li>\n<h4>Integruota apsaugos nuo susid\u016brimo funkcija (bet kuriuo metu pasiekiama tik 1 \u017eyma)<\/h4>\n<\/li>\n<li>\n<h4>Palaiko i\u0161pl\u0117stin\u012f APDU (maks. 64 kbit.)<\/h4>\n<\/li>\n<\/ul>\n<\/li>\n<li>\n<h3>SAM s\u0105saja:<\/h3>\n<ul>\n<li>\n<h4>Su ISO 7816 suderinamas SAM lizdas, A klas\u0117 (5 V)<\/h4>\n<\/li>\n<\/ul>\n<\/li>\n<\/ul>\n<\/li>\n<li>\n<h2>I\u0161oriniai \u012frenginiai:<\/h2>\n<ul>\n<li>\n<h3>Vartotojo valdomas dviej\u0173 spalv\u0173 LED<\/h3>\n<\/li>\n<li>\n<h3>Vartotojo valdomas garsinis signalas<\/h3>\n<\/li>\n<li>\n<div>\n<table width=\"551\">\n<tbody>\n<tr>\n<td colspan=\"2\" width=\"551\">Fizin\u0117s charakteristikos<\/td>\n<\/tr>\n<tr>\n<td width=\"226\">Matmenys (mm)<\/td>\n<td width=\"325\">106,6 mm (ilgis) x 67,0 g (plotis) x 16,0 g (auk\u0161tis)<\/td>\n<\/tr>\n<tr>\n<td width=\"226\">Svoris (g)<\/td>\n<td width=\"325\">20,8 g<\/td>\n<\/tr>\n<tr>\n<td colspan=\"2\" width=\"551\">Serijin\u0117 s\u0105saja<\/td>\n<\/tr>\n<tr>\n<td width=\"226\">protokolas<\/td>\n<td width=\"325\">RS-232<\/td>\n<\/tr>\n<tr>\n<td width=\"226\">Jungties tipas<\/td>\n<td width=\"325\">DB-9 jungtis<\/td>\n<\/tr>\n<tr>\n<td width=\"226\">Maitinimo \u0161altinis<\/td>\n<td width=\"325\">Per USB kabel\u012f<\/td>\n<\/tr>\n<tr>\n<td width=\"226\">Kabelio ilgis<\/td>\n<td width=\"325\">1,5 m, nuimamas (pasirinktinai)<\/td>\n<\/tr>\n<tr>\n<td colspan=\"2\" width=\"551\">Bekontakt\u0117 intelektualiosios kortel\u0117s s\u0105saja<\/td>\n<\/tr>\n<tr>\n<td width=\"226\">Standartinis<\/td>\n<td width=\"325\">ISO 14443 A ir B 1\u20134 dalys<\/td>\n<\/tr>\n<tr>\n<td rowspan=\"2\" width=\"226\">protokolas<\/td>\n<td width=\"325\">ISO14443-4 suderinamos kortel\u0117s, T=CL<\/td>\n<\/tr>\n<tr>\n<td width=\"325\">MIFARE\u00ae Classic kortel\u0117s protokolas, T=CL<\/td>\n<\/tr>\n<tr>\n<td width=\"226\">Antena<\/td>\n<td width=\"325\">65 mm x 60 mm<\/td>\n<\/tr>\n<tr>\n<td colspan=\"2\" width=\"551\">SAM kortel\u0117s s\u0105saja<\/td>\n<\/tr>\n<tr>\n<td width=\"226\">Lizd\u0173 skai\u010dius<\/td>\n<td width=\"325\">1<\/td>\n<\/tr>\n<tr>\n<td width=\"226\">Standartinis<\/td>\n<td width=\"325\">ISO 7816 1\u20133 dalys, A klas\u0117 (5 V)<\/td>\n<\/tr>\n<tr>\n<td width=\"226\">protokolas<\/td>\n<td width=\"325\">T=0; T=1<\/td>\n<\/tr>\n<tr>\n<td colspan=\"2\" width=\"551\">Integruoti periferiniai \u012frenginiai<\/td>\n<\/tr>\n<tr>\n<td width=\"226\">LED<\/td>\n<td width=\"325\">2 vienspalviai: raudona ir \u017ealia<\/td>\n<\/tr>\n<tr>\n<td width=\"226\">Skambutis<\/td>\n<td width=\"325\">Monotoni\u0161kas<\/td>\n<\/tr>\n<tr>\n<td colspan=\"2\" width=\"551\">Kitos funkcijos<\/td>\n<\/tr>\n<tr>\n<td width=\"226\">Programin\u0117s \u012frangos atnaujinimas<\/td>\n<td width=\"325\">Palaikoma<\/td>\n<\/tr>\n<tr>\n<td colspan=\"2\" width=\"551\">Sertifikatai \/ atitiktis<\/td>\n<\/tr>\n<tr>\n<td rowspan=\"6\" width=\"226\">Sertifikatai \/ atitiktis<\/td>\n<td width=\"325\">ISO 7816 (SAM lizdas)<\/td>\n<\/tr>\n<tr>\n<td width=\"325\">ISO 14443<\/td>\n<\/tr>\n<tr>\n<td width=\"325\">CE<\/td>\n<\/tr>\n<tr>\n<td width=\"325\">FCC<\/td>\n<\/tr>\n<tr>\n<td width=\"325\">RoHS<\/td>\n<\/tr>\n<tr>\n<td width=\"325\">REACH<\/td>\n<\/tr>\n<tr>\n<td colspan=\"2\" width=\"551\">\u012erenginio tvarkykl\u0117s operacin\u0117s sistemos palaikymas<\/td>\n<\/tr>\n<tr>\n<td rowspan=\"2\" width=\"226\">\u012erenginio tvarkykl\u0117s operacin\u0117s sistemos palaikymas<\/td>\n<td width=\"325\">Windows\u00ae<\/td>\n<\/tr>\n<tr>\n<td width=\"325\">Linux\u00ae<\/td>\n<\/tr>\n<\/tbody>\n<\/table>\n<\/div>\n<\/li>\n<\/ul>\n<\/li>\n<\/ul>","protected":false},"excerpt":{"rendered":"<p>The ACM1281S-C7 is a compact Serial Contactless Reader with a SAM module, offering high-speed performance and easy integration for various embedded applications.<\/p>","protected":false},"featured_media":1567,"template":"","meta":[],"product_brand":[],"product_cat":[45,41],"product_tag":[],"class_list":{"0":"post-1566","1":"product","2":"type-product","3":"status-publish","4":"has-post-thumbnail","6":"product_cat-contactless-nfc-reader","7":"product_cat-module-ic-reader","9":"first","10":"instock","11":"shipping-taxable","12":"product-type-simple"},"_links":{"self":[{"href":"https:\/\/nfc-readers.com\/lt\/wp-json\/wp\/v2\/product\/1566","targetHints":{"allow":["GET"]}}],"collection":[{"href":"https:\/\/nfc-readers.com\/lt\/wp-json\/wp\/v2\/product"}],"about":[{"href":"https:\/\/nfc-readers.com\/lt\/wp-json\/wp\/v2\/types\/product"}],"wp:featuredmedia":[{"embeddable":true,"href":"https:\/\/nfc-readers.com\/lt\/wp-json\/wp\/v2\/media\/1567"}],"wp:attachment":[{"href":"https:\/\/nfc-readers.com\/lt\/wp-json\/wp\/v2\/media?parent=1566"}],"wp:term":[{"taxonomy":"product_brand","embeddable":true,"href":"https:\/\/nfc-readers.com\/lt\/wp-json\/wp\/v2\/product_brand?post=1566"},{"taxonomy":"product_cat","embeddable":true,"href":"https:\/\/nfc-readers.com\/lt\/wp-json\/wp\/v2\/product_cat?post=1566"},{"taxonomy":"product_tag","embeddable":true,"href":"https:\/\/nfc-readers.com\/lt\/wp-json\/wp\/v2\/product_tag?post=1566"}],"curies":[{"name":"wp","href":"https:\/\/api.w.org\/{rel}","templated":true}]}}