{"id":1572,"date":"2024-04-07T06:32:56","date_gmt":"2024-04-07T06:32:56","guid":{"rendered":"https:\/\/nfc-readers.com\/?post_type=product&#038;p=1572"},"modified":"2024-10-16T06:13:06","modified_gmt":"2024-10-16T06:13:06","slug":"acm1252u-z2-small-nfc-reader-module","status":"publish","type":"product","link":"https:\/\/nfc-readers.com\/lt\/ic-reader\/acm1252u-z2-small-nfc-reader-module\/","title":{"rendered":"ACM1252U-Z2 ma\u017eas NFC skaitytuvo modulis"},"content":{"rendered":"<h1>ACM1252U-Z2 ma\u017eas NFC skaitytuvo modulis<\/h1>\n<p>ACM1252U-Z2 yra universalus ir tvirtas NFC skaitytuvo modulis, sukurtas integruotoms sistemoms integruoti, si\u016blantis verting\u0105 plataus protokolo palaikymo ir veiksming\u0173 funkcij\u0173 derin\u012f. Jo apsaugos nuo susid\u016brimo funkcija suteikia naudingumo keli\u0173 korteli\u0173 scenarijuose ir sustiprina jo, kaip ekonomi\u0161ko sprendimo, vaidmen\u012f NFC technologijos aplinkoje.<\/p>\n<ul>\n<li>\n<h2>USB 2.0 viso grei\u010dio s\u0105saja<\/h2>\n<\/li>\n<li>\n<h2>CCID atitiktis<\/h2>\n<\/li>\n<li>\n<h2>Bekontak\u010di\u0173 korteli\u0173 palaikymas:<\/h2>\n<ul>\n<li>\n<h3>Skaitymo \/ ra\u0161ymo greitis iki 424 kbps<\/h3>\n<\/li>\n<li>\n<h3>Integruota antena bekontaktei prieigai prie \u017eymos, kortel\u0117s nuskaitymo atstumas iki 30 mm (priklausomai nuo \u017eymos tipo)<\/h3>\n<\/li>\n<li>\n<h3>Palaiko ISO 14443 4 dalies A ir B tipo korteles, MIFARE\u00ae, FeliCa ir vis\u0173 keturi\u0173 tip\u0173 NFC (ISO 18092 \u017eymas)<\/h3>\n<\/li>\n<li>\n<h3>Integruota apsaugos nuo susid\u016brimo funkcija (bet kuriuo metu pasiekiama tik viena \u017eyma)<\/h3>\n<\/li>\n<\/ul>\n<\/li>\n<li>\n<h2>Program\u0173 programavimo s\u0105saja<\/h2>\n<ul>\n<li>\n<h3>Palaiko PC\/SC<\/h3>\n<\/li>\n<\/ul>\n<\/li>\n<li>\n<h2>USB programin\u0117s \u012frangos atnaujinimas<\/h2>\n<\/li>\n<li>\n<div>\n<table width=\"574\">\n<tbody>\n<tr>\n<td colspan=\"2\" width=\"574\">Fizin\u0117s charakteristikos<\/td>\n<\/tr>\n<tr>\n<td width=\"204\">Matmenys (mm)<\/td>\n<td width=\"370\">52,0 mm (ilgis) x 20,0 mm (plotis) x 6,0 mm (auk\u0161tis)<\/td>\n<\/tr>\n<tr>\n<td width=\"204\">Svoris (g)<\/td>\n<td width=\"370\">3,65 g<\/td>\n<\/tr>\n<tr>\n<td colspan=\"2\" width=\"574\">USB s\u0105saja<\/td>\n<\/tr>\n<tr>\n<td width=\"204\">protokolas<\/td>\n<td width=\"370\">USB CCID<\/td>\n<\/tr>\n<tr>\n<td width=\"204\">Jungties tipas<\/td>\n<td width=\"370\">Mikro USB<\/td>\n<\/tr>\n<tr>\n<td width=\"204\">Maitinimo \u0161altinis<\/td>\n<td width=\"370\">I\u0161 USB prievado<\/td>\n<\/tr>\n<tr>\n<td width=\"204\">Greitis<\/td>\n<td width=\"370\">Visas USB greitis (12 Mbps)<\/td>\n<\/tr>\n<tr>\n<td width=\"204\">Kabelio ilgis<\/td>\n<td width=\"370\">1,0 m, nuimamas (pasirinktinai)<\/td>\n<\/tr>\n<tr>\n<td colspan=\"2\" width=\"574\">Bekontakt\u0117 intelektualiosios kortel\u0117s s\u0105saja<\/td>\n<\/tr>\n<tr>\n<td width=\"204\">Standartinis<\/td>\n<td width=\"370\">ISO\/IEC 18092 NFC, ISO 14443 A ir B tipai, MIFARE\u00ae, FeliCa<\/td>\n<\/tr>\n<tr>\n<td rowspan=\"4\" width=\"204\">protokolas<\/td>\n<td width=\"370\">ISO14443-4 suderinamos kortel\u0117s, T=CL<\/td>\n<\/tr>\n<tr>\n<td width=\"370\">MIFARE\u00ae Classic kortel\u0117s protokolas, T=CL<\/td>\n<\/tr>\n<tr>\n<td width=\"370\">ISO 18092, NFC \u017eymos<\/td>\n<\/tr>\n<tr>\n<td width=\"370\">FeliCa<\/td>\n<\/tr>\n<tr>\n<td width=\"204\">Antena<\/td>\n<td width=\"370\">20 mm x 22 mm<\/td>\n<\/tr>\n<tr>\n<td colspan=\"2\" width=\"574\">Integruoti periferiniai \u012frenginiai<\/td>\n<\/tr>\n<tr>\n<td width=\"204\">LED<\/td>\n<td width=\"370\">1 dvispalvis: raudona ir \u017ealia<\/td>\n<\/tr>\n<tr>\n<td colspan=\"2\" width=\"574\">Kitos funkcijos<\/td>\n<\/tr>\n<tr>\n<td width=\"204\">Programin\u0117s \u012frangos atnaujinimas<\/td>\n<td width=\"370\">Palaikoma<\/td>\n<\/tr>\n<tr>\n<td colspan=\"2\" width=\"574\">Sertifikatai \/ atitiktis<\/td>\n<\/tr>\n<tr>\n<td rowspan=\"10\" width=\"204\">Sertifikatai \/ atitiktis<\/td>\n<td width=\"370\">ISO 14443<\/td>\n<\/tr>\n<tr>\n<td width=\"370\">ISO 18092<\/td>\n<\/tr>\n<tr>\n<td width=\"370\">USB visu grei\u010diu<\/td>\n<\/tr>\n<tr>\n<td width=\"370\">PC\/SC<\/td>\n<\/tr>\n<tr>\n<td width=\"370\">CCID<\/td>\n<\/tr>\n<tr>\n<td width=\"370\">CE<\/td>\n<\/tr>\n<tr>\n<td width=\"370\">FCC<\/td>\n<\/tr>\n<tr>\n<td width=\"370\">RoHS<\/td>\n<\/tr>\n<tr>\n<td width=\"370\">REACH<\/td>\n<\/tr>\n<tr>\n<td width=\"370\">Microsoft\u00ae WHQL<\/td>\n<\/tr>\n<tr>\n<td colspan=\"2\" width=\"574\">\u012erenginio tvarkykl\u0117s operacin\u0117s sistemos palaikymas<\/td>\n<\/tr>\n<tr>\n<td rowspan=\"5\" width=\"204\">\u012erenginio tvarkykl\u0117s operacin\u0117s sistemos palaikymas<\/td>\n<td width=\"370\">Windows\u00ae<\/td>\n<\/tr>\n<tr>\n<td width=\"370\">Linux\u00ae<\/td>\n<\/tr>\n<tr>\n<td width=\"370\">MAC OS\u00ae<\/td>\n<\/tr>\n<tr>\n<td width=\"370\">Solaris<\/td>\n<\/tr>\n<tr>\n<td width=\"370\">Android\u2122<\/td>\n<\/tr>\n<\/tbody>\n<\/table>\n<\/div>\n<\/li>\n<\/ul>","protected":false},"excerpt":{"rendered":"<p>The ACM1252U-Z2 is a high-performance NFC USB module operating at 13.56M, supporting ISO 14443 and 18092, making it ideal for embedded NFC applications.<\/p>","protected":false},"featured_media":1573,"template":"","meta":[],"product_brand":[],"product_cat":[45,41,40],"product_tag":[],"class_list":{"0":"post-1572","1":"product","2":"type-product","3":"status-publish","4":"has-post-thumbnail","6":"product_cat-contactless-nfc-reader","7":"product_cat-module-ic-reader","8":"product_cat-rfid-nfc-reader","10":"first","11":"instock","12":"shipping-taxable","13":"product-type-simple"},"_links":{"self":[{"href":"https:\/\/nfc-readers.com\/lt\/wp-json\/wp\/v2\/product\/1572","targetHints":{"allow":["GET"]}}],"collection":[{"href":"https:\/\/nfc-readers.com\/lt\/wp-json\/wp\/v2\/product"}],"about":[{"href":"https:\/\/nfc-readers.com\/lt\/wp-json\/wp\/v2\/types\/product"}],"wp:featuredmedia":[{"embeddable":true,"href":"https:\/\/nfc-readers.com\/lt\/wp-json\/wp\/v2\/media\/1573"}],"wp:attachment":[{"href":"https:\/\/nfc-readers.com\/lt\/wp-json\/wp\/v2\/media?parent=1572"}],"wp:term":[{"taxonomy":"product_brand","embeddable":true,"href":"https:\/\/nfc-readers.com\/lt\/wp-json\/wp\/v2\/product_brand?post=1572"},{"taxonomy":"product_cat","embeddable":true,"href":"https:\/\/nfc-readers.com\/lt\/wp-json\/wp\/v2\/product_cat?post=1572"},{"taxonomy":"product_tag","embeddable":true,"href":"https:\/\/nfc-readers.com\/lt\/wp-json\/wp\/v2\/product_tag?post=1572"}],"curies":[{"name":"wp","href":"https:\/\/api.w.org\/{rel}","templated":true}]}}