{"id":1598,"date":"2024-04-07T07:36:03","date_gmt":"2024-04-07T07:36:03","guid":{"rendered":"https:\/\/nfc-readers.com\/?post_type=product&#038;p=1598"},"modified":"2024-10-16T03:12:59","modified_gmt":"2024-10-16T03:12:59","slug":"acr1552u-m1-nfc-rfid-reader-writer","status":"publish","type":"product","link":"https:\/\/nfc-readers.com\/lt\/ic-reader\/acr1552u-m1-nfc-rfid-reader-writer\/","title":{"rendered":"ACR1552U-M1 NFC rfid skaitytuvas\/ra\u0161ytuvas"},"content":{"rendered":"<h1>ACR1552U-M1 NFC rfid skaitytuvas\/ra\u0161ytuvas<\/h1>\n<p>ACR1552U-M1 USB-C NFC skaitytuvas apima galing\u0105, universal\u0173 \u012frengin\u012f, kuris teikia daugyb\u0119 intelektuali\u0173j\u0173 korteli\u0173 funkcij\u0173. Jis nuramina vartotojus pa\u017eangiomis funkcijomis, pabr\u0117\u017eian\u010diomis saugum\u0105, pritaikomum\u0105 ir visapus\u012f suderinamum\u0105 su intelektualiosiomis kortel\u0117mis, tod\u0117l jis yra nepakei\u010diamas \u012frankis \u012fvairiose pramon\u0117s \u0161akose.<\/p>\n<ul>\n<li>\n<h2>USB 2.0 viso grei\u010dio s\u0105saja<\/h2>\n<\/li>\n<li>\n<h2>CCID atitiktis<\/h2>\n<\/li>\n<li>\n<h2>Bekontaktis intelektuali\u0173j\u0173 korteli\u0173 skaitytuvas:<\/h2>\n<ul>\n<li>\n<h3>Skaitymo \/ ra\u0161ymo greitis iki 848 kbps<\/h3>\n<\/li>\n<li>\n<h3>Integruota antena bekontaktei prieigai prie \u017eymos, kortel\u0117s nuskaitymo atstumas iki 70 mm (priklausomai nuo \u017eymos tipo)<\/h3>\n<\/li>\n<li>\n<h3>Palaiko ISO 14443 A ir B tipo korteles, ISO 15693 korteles ir ISO18092 NFC<\/h3>\n<\/li>\n<li>\n<h3>Palaiko MIFARE\u00ae (T=CL), FeliCa, NFC \u017eymas, SRI\/SRIX, CTS, Innovatron, Picopass, Topaz Card<\/h3>\n<\/li>\n<li>\n<h3>Integruota apsaugos nuo susid\u016brimo funkcija<\/h3>\n<\/li>\n<li>\n<h3>Palaiko i\u0161pl\u0117stin\u012f APDU (maks. 64 kbit.)<\/h3>\n<\/li>\n<li>\n<h3>Vienas su ISO7816 suderinamas SAM lizdas (A klas\u0117)<\/h3>\n<\/li>\n<li>\n<h3>NFC palaikymas<\/h3>\n<ul>\n<li>\n<h4>\u00a0 \u00a0I\u0161mani\u0173j\u0173 korteli\u0173 skaitytuvo \/ ra\u0161ymo re\u017eimas<\/h4>\n<\/li>\n<li>\n<h4>\u00a0 \u00a0Kortel\u0117s emuliacijos re\u017eimas<\/h4>\n<\/li>\n<li>\n<h4>\u00a0 \u00a0Klaviat\u016bros emuliacijos re\u017eimas<\/h4>\n<\/li>\n<\/ul>\n<\/li>\n<\/ul>\n<\/li>\n<li>\n<h2>Program\u0173 programavimo s\u0105saja:<\/h2>\n<ul>\n<li>\n<h3>Palaiko PC\/SC<\/h3>\n<\/li>\n<li>\n<h3>Palaiko CT-API (per d\u0117kl\u0105 kompiuterio \/ SC vir\u0161uje)<\/h3>\n<\/li>\n<\/ul>\n<\/li>\n<li>\n<h2>I\u0161oriniai \u012frenginiai:<\/h2>\n<ul>\n<li>\n<h3>Vartotojo valdomas dviej\u0173 spalv\u0173 LED (m\u0117lyna ir \u017ealia)<\/h3>\n<\/li>\n<li>\n<h3>Naudotojo valdomas garsinis signalas (monotoninis)<\/h3>\n<\/li>\n<li>\n<h3>Vienas SAM lizdas<\/h3>\n<\/li>\n<\/ul>\n<\/li>\n<li>\n<h2>USB programin\u0117s \u012frangos atnaujinimas<\/h2>\n<\/li>\n<li>\n<div>\n<table width=\"528\">\n<tbody>\n<tr>\n<td colspan=\"2\" width=\"528\">Fizin\u0117s charakteristikos<\/td>\n<\/tr>\n<tr>\n<td rowspan=\"2\" width=\"215\">Matmenys (mm)<\/td>\n<td width=\"313\">Pagrindinis korpusas: 98 x 65 x 12,8 mm<\/td>\n<\/tr>\n<tr>\n<td width=\"313\">Antenos dydis: 50 x 40 mm<\/td>\n<\/tr>\n<tr>\n<td width=\"215\">Svoris (g)<\/td>\n<td width=\"313\">89 g<\/td>\n<\/tr>\n<tr>\n<td colspan=\"2\" width=\"528\">USB s\u0105saja<\/td>\n<\/tr>\n<tr>\n<td width=\"215\">protokolas<\/td>\n<td width=\"313\">USB CCID<\/td>\n<\/tr>\n<tr>\n<td width=\"215\">Jungties tipas<\/td>\n<td width=\"313\">A tipo USB (ACR1552U-M1), USB tipo C (ACR1552U-MF)<\/td>\n<\/tr>\n<tr>\n<td width=\"215\">Maitinimo \u0161altinis<\/td>\n<td width=\"313\">I\u0161 USB prievado<\/td>\n<\/tr>\n<tr>\n<td width=\"215\">Greitis<\/td>\n<td width=\"313\">Visas USB greitis (12 Mbps)<\/td>\n<\/tr>\n<tr>\n<td width=\"215\">Kabelio ilgis<\/td>\n<td width=\"313\">1m, Nenuimamas<\/td>\n<\/tr>\n<tr>\n<td colspan=\"2\" width=\"528\">Bekontakt\u0117 intelektualiosios kortel\u0117s s\u0105saja<\/td>\n<\/tr>\n<tr>\n<td width=\"215\">Standartinis<\/td>\n<td width=\"313\">ISO\/IEC 18092 NFC, ISO 14443 A ir B tipai, ISO 15693, MIFARE\u00ae, FeliCa<\/td>\n<\/tr>\n<tr>\n<td rowspan=\"5\" width=\"215\">protokolas<\/td>\n<td width=\"313\">ISO 14443-4 suderinama kortel\u0117, T=CL<\/td>\n<\/tr>\n<tr>\n<td width=\"313\">MIFARE\u00ae Classic kortel\u0117, T=CL<\/td>\n<\/tr>\n<tr>\n<td width=\"313\">ISO 15693<\/td>\n<\/tr>\n<tr>\n<td width=\"313\">ISO 18092 NFC \u017eymos<\/td>\n<\/tr>\n<tr>\n<td width=\"313\">FeliCa<\/td>\n<\/tr>\n<tr>\n<td colspan=\"2\" width=\"528\">SAM kortel\u0117s s\u0105saja<\/td>\n<\/tr>\n<tr>\n<td width=\"215\">Lizd\u0173 skai\u010dius<\/td>\n<td width=\"313\">1 standartinio SIM dyd\u017eio kortel\u0117s lizdas<\/td>\n<\/tr>\n<tr>\n<td width=\"215\">Standartinis<\/td>\n<td width=\"313\">ISO 7816 A klas\u0117 (5 V)<\/td>\n<\/tr>\n<tr>\n<td width=\"215\">protokolas<\/td>\n<td width=\"313\">T=0; T=1<\/td>\n<\/tr>\n<tr>\n<td colspan=\"2\" width=\"528\">Integruoti periferiniai \u012frenginiai<\/td>\n<\/tr>\n<tr>\n<td width=\"215\">LED<\/td>\n<td width=\"313\">1 dvispalvis: m\u0117lyna ir \u017ealia<\/td>\n<\/tr>\n<tr>\n<td width=\"215\">Skambutis<\/td>\n<td width=\"313\">Taip<\/td>\n<\/tr>\n<tr>\n<td colspan=\"2\" width=\"528\">Kitos funkcijos<\/td>\n<\/tr>\n<tr>\n<td rowspan=\"4\" width=\"215\">Kitos funkcijos<\/td>\n<td width=\"313\">Palaikomi korteli\u0173 tipai:<\/td>\n<\/tr>\n<tr>\n<td width=\"313\">ISO 14443 A ir B tipo 1\u20134 dalys, ISO 15693, ISO 18092 NFC, MIFARE\u00ae, FeliCa, SRI\/SRIX, CTS, Innovatron, Picopass, Topaz kortel\u0117<\/td>\n<\/tr>\n<tr>\n<td width=\"313\">\u00a0 NFC ypatyb\u0117s:<\/td>\n<\/tr>\n<tr>\n<td width=\"313\">I\u0161mani\u0173j\u0173 korteli\u0173 skaitytuvas\/ra\u0161ytuvas, klaviat\u016bros emuliavimas, korteli\u0173 emuliavimas<\/td>\n<\/tr>\n<tr>\n<td width=\"215\">Programin\u0117s \u012frangos atnaujinimas<\/td>\n<td width=\"313\">Palaikoma<\/td>\n<\/tr>\n<tr>\n<td colspan=\"2\" width=\"528\">Sertifikatai \/ atitiktis<\/td>\n<\/tr>\n<tr>\n<td rowspan=\"4\" width=\"215\">Sertifikatai \/ atitiktis<\/td>\n<td width=\"313\">Sertifikatai:<\/td>\n<\/tr>\n<tr>\n<td width=\"313\">IEC\/EN 62368, CE, UKCA, FCC, VCCI, KC, J-LIS, RoHS, REACH, WEEE, Microsoft\u00ae WHQL<\/td>\n<\/tr>\n<tr>\n<td width=\"313\">Atitiktis:<\/td>\n<\/tr>\n<tr>\n<td width=\"313\">USB CCID, PC\/SC<\/td>\n<\/tr>\n<tr>\n<td colspan=\"2\" width=\"528\">\u012erenginio tvarkykl\u0117s operacin\u0117s sistemos palaikymas<\/td>\n<\/tr>\n<tr>\n<td width=\"215\">\u012erenginio tvarkykl\u0117s operacin\u0117s sistemos palaikymas<\/td>\n<td width=\"313\">Windows\u00ae, Linux\u00ae, macOS, Android\u2122, iOS\/iPadOS (16 ar naujesn\u0117s versijos)<\/td>\n<\/tr>\n<\/tbody>\n<\/table>\n<\/div>\n<\/li>\n<\/ul>","protected":false},"excerpt":{"rendered":"<p>ACR1552U yra didel\u0117s spartos NFC USB skaitytuvas, suderinamas su CCID ir PC\/SC, palaikantis ISO 14443 ir 15693, idealiai tinkantis \u012fvairioms intelektuali\u0173j\u0173 korteli\u0173 programoms.<\/p>","protected":false},"featured_media":1599,"template":"","meta":[],"product_brand":[],"product_cat":[45,40],"product_tag":[],"class_list":{"0":"post-1598","1":"product","2":"type-product","3":"status-publish","4":"has-post-thumbnail","6":"product_cat-contactless-nfc-reader","7":"product_cat-rfid-nfc-reader","9":"first","10":"instock","11":"shipping-taxable","12":"product-type-simple"},"_links":{"self":[{"href":"https:\/\/nfc-readers.com\/lt\/wp-json\/wp\/v2\/product\/1598","targetHints":{"allow":["GET"]}}],"collection":[{"href":"https:\/\/nfc-readers.com\/lt\/wp-json\/wp\/v2\/product"}],"about":[{"href":"https:\/\/nfc-readers.com\/lt\/wp-json\/wp\/v2\/types\/product"}],"wp:featuredmedia":[{"embeddable":true,"href":"https:\/\/nfc-readers.com\/lt\/wp-json\/wp\/v2\/media\/1599"}],"wp:attachment":[{"href":"https:\/\/nfc-readers.com\/lt\/wp-json\/wp\/v2\/media?parent=1598"}],"wp:term":[{"taxonomy":"product_brand","embeddable":true,"href":"https:\/\/nfc-readers.com\/lt\/wp-json\/wp\/v2\/product_brand?post=1598"},{"taxonomy":"product_cat","embeddable":true,"href":"https:\/\/nfc-readers.com\/lt\/wp-json\/wp\/v2\/product_cat?post=1598"},{"taxonomy":"product_tag","embeddable":true,"href":"https:\/\/nfc-readers.com\/lt\/wp-json\/wp\/v2\/product_tag?post=1598"}],"curies":[{"name":"wp","href":"https:\/\/api.w.org\/{rel}","templated":true}]}}