{"id":1603,"date":"2024-04-07T07:42:37","date_gmt":"2024-04-07T07:42:37","guid":{"rendered":"https:\/\/nfc-readers.com\/?post_type=product&#038;p=1603"},"modified":"2024-10-16T02:49:08","modified_gmt":"2024-10-16T02:49:08","slug":"acr1581u-c1-15693-dualboost-iii-dual-interface-nfc-reader-writer","status":"publish","type":"product","link":"https:\/\/nfc-readers.com\/lt\/ic-reader\/acr1581u-c1-15693-dualboost-iii-dual-interface-nfc-reader-writer\/","title":{"rendered":"ACR1581U-C1 15693 DualBoost III dvigubos s\u0105sajos NFC skaitytuvo ra\u0161iklis"},"content":{"rendered":"<h1>ACR1581U-C1 15693 DualBoost III dvigubos s\u0105sajos NFC skaitytuvo ra\u0161iklis<\/h1>\n<p>ACR1581U DualBoost III yra pa\u017eangaus universalumo ir saugumo \u012fsik\u016bnijimas, efektyviai suderinantis kontaktines ir bekontaktes technologijas po vienu stogu su did\u017eiuliu \u012fvairi\u0173 intelektuali\u0173j\u0173 korteli\u0173 format\u0173 palaikymu. Nesvarbu, ar j\u016bs\u0173 ambicijos siejasi su technologine pa\u017eanga, ar tvirtu intelektuali\u0173j\u0173 korteli\u0173 funkcij\u0173 saugumu, ACR1581U yra neprilygstamas intelektuali\u0173j\u0173 korteli\u0173 skaitytuv\u0173 patikimumo \u0161alininkas.<\/p>\n<ul>\n<li>\n<h2>USB 2.0 viso grei\u010dio s\u0105saja<\/h2>\n<\/li>\n<li>\n<h2>CCID atitiktis<\/h2>\n<\/li>\n<li>\n<h2>Bekontaktis intelektuali\u0173j\u0173 korteli\u0173 skaitytuvas:<\/h2>\n<ul>\n<li>\n<h3>Skaitymo \/ ra\u0161ymo ISO 14443A\/B greitis iki 848 kbps<\/h3>\n<\/li>\n<li>\n<h3>Laikrod\u017eio da\u017enis iki 13,56 MHz<\/h3>\n<\/li>\n<li>\n<h3>Integruota antena bekontaktei prieigai prie \u017eymos, kortel\u0117s nuskaitymo atstumas iki 70 mm (priklausomai nuo \u017eymos tipo)<\/h3>\n<\/li>\n<li>\n<h3>Palaiko ISO 14443 tipo A ir B korteles, ISO 15693 korteles<\/h3>\n<\/li>\n<li>\n<h3>Palaiko MIFARE\u00ae, FeliCa, NFC \u017eymas, SRI\/SRIX, CTS, Innovatron, Picopass, Topaz kortel\u0119<\/h3>\n<\/li>\n<\/ul>\n<\/li>\n<li>\n<h2>Palaiko i\u0161pl\u0117stin\u012f APDU (maks. 64 kbit.)<\/h2>\n<\/li>\n<li>\n<h2><strong>Susisiekite su intelektuali\u0173j\u0173 korteli\u0173 skaitytuvu<\/strong><\/h2>\n<ul>\n<li>\n<h3>Palaiko ISO 7816 A, B ir C klas\u0117s (5 V, 3 V ir 1,8 V) greit\u012f iki 1 250 kbps<\/h3>\n<\/li>\n<li>\n<h3>Palaiko CAC (bendr\u0105 prieigos kortel\u0119)<\/h3>\n<\/li>\n<li>\n<h3>Palaiko PIV (asmens tapatyb\u0117s patvirtinimo kortel\u0119)<\/h3>\n<\/li>\n<li>\n<h3>Palaiko mikroprocesorines korteles su T=0 arba T=1 protokolu<\/h3>\n<\/li>\n<li>\n<h3>Palaiko atminties korteles<\/h3>\n<\/li>\n<li>\n<h3>Su ISO 7816 suderinamas SAM lizdas (A klas\u0117)<\/h3>\n<\/li>\n<\/ul>\n<\/li>\n<li>\n<h2>Program\u0173 programavimo s\u0105saja:<\/h2>\n<ul>\n<li>\n<h3>Palaiko PC\/SC<\/h3>\n<\/li>\n<\/ul>\n<\/li>\n<li>\n<h2>I\u0161oriniai \u012frenginiai:<\/h2>\n<ul>\n<li>\n<h3>Vartotojo valdomas dviej\u0173 spalv\u0173 LED (m\u0117lyna ir \u017ealia)<\/h3>\n<\/li>\n<li>\n<h3>Vartotojo valdomas garsinis signalas<\/h3>\n<\/li>\n<\/ul>\n<\/li>\n<li>\n<h2>USB programin\u0117s \u012frangos atnaujinimas<\/h2>\n<\/li>\n<li>\n<div>\n<table width=\"483\">\n<tbody>\n<tr>\n<td colspan=\"2\" width=\"483\">Fizin\u0117s charakteristikos<\/td>\n<\/tr>\n<tr>\n<td width=\"188\">Matmenys (mm)<\/td>\n<td width=\"295\">120,5 mm (ilgis) x 72,0 mm (plotis) x 20,4 mm (auk\u0161tis)<\/td>\n<\/tr>\n<tr>\n<td width=\"188\">Svoris (g)<\/td>\n<td width=\"295\">143 g<\/td>\n<\/tr>\n<tr>\n<td colspan=\"2\" width=\"483\">USB s\u0105saja<\/td>\n<\/tr>\n<tr>\n<td width=\"188\">protokolas<\/td>\n<td width=\"295\">USB CCID<\/td>\n<\/tr>\n<tr>\n<td width=\"188\">Jungties tipas<\/td>\n<td width=\"295\">A tipo USB (ACR1581U-C1), USB tipo C (ACR1581U-CF)<\/td>\n<\/tr>\n<tr>\n<td width=\"188\">Maitinimo \u0161altinis<\/td>\n<td width=\"295\">I\u0161 USB prievado<\/td>\n<\/tr>\n<tr>\n<td width=\"188\">Greitis<\/td>\n<td width=\"295\">Visas USB greitis (12 Mbps)<\/td>\n<\/tr>\n<tr>\n<td width=\"188\">Kabelio ilgis<\/td>\n<td width=\"295\">2m, Nenuimamas<\/td>\n<\/tr>\n<tr>\n<td colspan=\"2\" width=\"483\">Susisiekite su Smart Card s\u0105saja<\/td>\n<\/tr>\n<tr>\n<td width=\"188\">Lizd\u0173 skai\u010dius<\/td>\n<td width=\"295\">1 viso dyd\u017eio korteli\u0173 lizdas<\/td>\n<\/tr>\n<tr>\n<td width=\"188\">Standartinis<\/td>\n<td width=\"295\">ISO 7816 A, B, C klas\u0117 (5 V, 3 V, 1,8 V)<\/td>\n<\/tr>\n<tr>\n<td width=\"188\">protokolas<\/td>\n<td width=\"295\">T=0; T=1<\/td>\n<\/tr>\n<tr>\n<td colspan=\"2\" width=\"483\">Bekontakt\u0117 intelektualiosios kortel\u0117s s\u0105saja<\/td>\n<\/tr>\n<tr>\n<td width=\"188\">Standartinis<\/td>\n<td width=\"295\">ISO 14443 A ir B tipai, ISO 15693, MIFARE\u00ae, FeliCa<\/td>\n<\/tr>\n<tr>\n<td rowspan=\"4\" width=\"188\">protokolas<\/td>\n<td width=\"295\">ISO 14443-4 suderinama kortel\u0117, T=CL<\/td>\n<\/tr>\n<tr>\n<td width=\"295\">ISO 15693<\/td>\n<\/tr>\n<tr>\n<td width=\"295\">MIFARE\u00ae Classic kortel\u0117, T=CL<\/td>\n<\/tr>\n<tr>\n<td width=\"295\">FeliCa<\/td>\n<\/tr>\n<tr>\n<td colspan=\"2\" width=\"483\">SAM kortel\u0117s s\u0105saja<\/td>\n<\/tr>\n<tr>\n<td width=\"188\">Lizd\u0173 skai\u010dius<\/td>\n<td width=\"295\">1 standartinio SIM dyd\u017eio kortel\u0117s lizdas<\/td>\n<\/tr>\n<tr>\n<td width=\"188\">Standartinis<\/td>\n<td width=\"295\">ISO 7816 A klas\u0117 (5 V)<\/td>\n<\/tr>\n<tr>\n<td width=\"188\">protokolas<\/td>\n<td width=\"295\">T=0; T=1<\/td>\n<\/tr>\n<tr>\n<td colspan=\"2\" width=\"483\">Integruoti periferiniai \u012frenginiai<\/td>\n<\/tr>\n<tr>\n<td width=\"188\">LED<\/td>\n<td width=\"295\">2 vienos spalvos: m\u0117lyna ir \u017ealia<\/td>\n<\/tr>\n<tr>\n<td width=\"188\">Skambutis<\/td>\n<td width=\"295\">Monotoni\u0161kas<\/td>\n<\/tr>\n<tr>\n<td colspan=\"2\" width=\"483\">Kitos funkcijos<\/td>\n<\/tr>\n<tr>\n<td rowspan=\"5\" width=\"188\">Kitos funkcijos<\/td>\n<td width=\"295\">Palaikomi korteli\u0173 tipai:<\/td>\n<\/tr>\n<tr>\n<td width=\"295\">ISO 14443 A ir B tipo 1\u20134 dalys,<\/td>\n<\/tr>\n<tr>\n<td width=\"295\">ISO 15693, MIFARE\u00ae, FeliCa, NFC \u017eymos, SRI\/SRIX, CTS, Innovatron, Picopass, Topaz kortel\u0117<\/td>\n<\/tr>\n<tr>\n<td width=\"295\">Kitos NFC funkcijos:<\/td>\n<\/tr>\n<tr>\n<td width=\"295\">I\u0161mani\u0173j\u0173 korteli\u0173 skaitytuvas\/ra\u0161ytuvas, klaviat\u016bros emuliavimas, korteli\u0173 emuliavimas<\/td>\n<\/tr>\n<tr>\n<td width=\"188\">Programin\u0117s \u012frangos atnaujinimas<\/td>\n<td width=\"295\">Palaikoma<\/td>\n<\/tr>\n<tr>\n<td colspan=\"2\" width=\"483\">Sertifikatai \/ atitiktis<\/td>\n<\/tr>\n<tr>\n<td rowspan=\"4\" width=\"188\">Sertifikatai \/ atitiktis<\/td>\n<td width=\"295\">Sertifikatai:<\/td>\n<\/tr>\n<tr>\n<td width=\"295\">IEC\/EN 62368, CE, FCC, UKCA, VCCI, RoHS, REACH, WEEE<\/td>\n<\/tr>\n<tr>\n<td width=\"295\">Atitiktis:<\/td>\n<\/tr>\n<tr>\n<td width=\"295\">USB CCID, PC\/SC<\/td>\n<\/tr>\n<tr>\n<td colspan=\"2\" width=\"483\">\u012erenginio tvarkykl\u0117s operacin\u0117s sistemos palaikymas<\/td>\n<\/tr>\n<tr>\n<td width=\"188\">\u012erenginio tvarkykl\u0117s operacin\u0117s sistemos palaikymas<\/td>\n<td width=\"295\">Windows\u00ae, Linux\u00ae, macOS, Android\u2122, iOS\/iPadOS (16 ar naujesn\u0117s versijos)<\/td>\n<\/tr>\n<\/tbody>\n<\/table>\n<\/div>\n<\/li>\n<\/ul>","protected":false},"excerpt":{"rendered":"<p>The ACR1581U is a high-speed NFC Smart Card Reader, offering support for NFC &amp; ISO\/IEC 15693\uff0c14443.<\/p>","protected":false},"featured_media":1605,"template":"","meta":[],"product_brand":[],"product_cat":[45,40],"product_tag":[],"class_list":{"0":"post-1603","1":"product","2":"type-product","3":"status-publish","4":"has-post-thumbnail","6":"product_cat-contactless-nfc-reader","7":"product_cat-rfid-nfc-reader","9":"first","10":"instock","11":"shipping-taxable","12":"product-type-simple"},"_links":{"self":[{"href":"https:\/\/nfc-readers.com\/lt\/wp-json\/wp\/v2\/product\/1603","targetHints":{"allow":["GET"]}}],"collection":[{"href":"https:\/\/nfc-readers.com\/lt\/wp-json\/wp\/v2\/product"}],"about":[{"href":"https:\/\/nfc-readers.com\/lt\/wp-json\/wp\/v2\/types\/product"}],"wp:featuredmedia":[{"embeddable":true,"href":"https:\/\/nfc-readers.com\/lt\/wp-json\/wp\/v2\/media\/1605"}],"wp:attachment":[{"href":"https:\/\/nfc-readers.com\/lt\/wp-json\/wp\/v2\/media?parent=1603"}],"wp:term":[{"taxonomy":"product_brand","embeddable":true,"href":"https:\/\/nfc-readers.com\/lt\/wp-json\/wp\/v2\/product_brand?post=1603"},{"taxonomy":"product_cat","embeddable":true,"href":"https:\/\/nfc-readers.com\/lt\/wp-json\/wp\/v2\/product_cat?post=1603"},{"taxonomy":"product_tag","embeddable":true,"href":"https:\/\/nfc-readers.com\/lt\/wp-json\/wp\/v2\/product_tag?post=1603"}],"curies":[{"name":"wp","href":"https:\/\/api.w.org\/{rel}","templated":true}]}}