{"id":1615,"date":"2024-04-07T07:52:08","date_gmt":"2024-04-07T07:52:08","guid":{"rendered":"https:\/\/nfc-readers.com\/?post_type=product&#038;p=1615"},"modified":"2024-10-16T02:36:24","modified_gmt":"2024-10-16T02:36:24","slug":"acm1552u-z2-small-multi-iso-nfc-module-reader-writer","status":"publish","type":"product","link":"https:\/\/nfc-readers.com\/lt\/ic-reader\/acm1552u-z2-small-multi-iso-nfc-module-reader-writer\/","title":{"rendered":"ACM1552U-Z2 \u2013 ma\u017eas keli\u0173 ISO NFC moduli\u0173 skaitytuvas \/ ra\u0161iklis"},"content":{"rendered":"<h1>ACM1552U-Z2 \u2013 ma\u017eas keli\u0173 ISO NFC moduli\u0173 skaitytuvas \/ ra\u0161iklis<\/h1>\n<p>ACM1552U-Z2 i\u0161siskiria kaip kompakti\u0161kas ir universalus modulis, si\u016blantis didel\u0117s spartos NFC galimybes ir suderinamum\u0105 su keliais standartais. Su papildomomis saugumo ir energij\u0105 taupan\u010diomis funkcijomis bei patogia s\u0105saja jis yra sud\u0117tingas bekontak\u010dio ry\u0161io kompaktiniuose \u012frenginiuose sprendimas.<\/p>\n<ul>\n<li>\n<h2>USB 2.0 viso grei\u010dio s\u0105saja<\/h2>\n<\/li>\n<li>\n<h2>CCID atitiktis<\/h2>\n<\/li>\n<li>\n<h2>Bekontak\u010di\u0173 intelektuali\u0173j\u0173 korteli\u0173 palaikymas:<\/h2>\n<ul>\n<li>\n<h3>Skaitymo \/ ra\u0161ymo greitis iki 848 kbps<\/h3>\n<\/li>\n<li>\n<h3>Integruota antena bekontaktei prieigai prie \u017eymos, kortel\u0117s nuskaitymo atstumas iki 70 mm (priklausomai nuo \u017eymos tipo)<\/h3>\n<\/li>\n<li>\n<h3>Palaiko ISO 14443 A ir B tipo korteles, ISO 15693 korteles ir ISO18092 NFC<\/h3>\n<\/li>\n<li>\n<h3>Palaiko MIFARE Classic\u00ae, MIFARE\u00ae, DESFire\u00ae, MIFARE Ultralight\u00ae, MIFARE Plus\u00ae, FeliCa ir Topaz<\/h3>\n<\/li>\n<li>\n<h3>Integruota apsaugos nuo susid\u016brimo funkcija<\/h3>\n<\/li>\n<li>\n<h3>Palaiko i\u0161pl\u0117stin\u012f APDU (maks. 64 kbit.)<\/h3>\n<\/li>\n<\/ul>\n<\/li>\n<li>\n<h2>NFC palaikymas:<\/h2>\n<ul>\n<li>\n<h3>I\u0161mani\u0173j\u0173 korteli\u0173 skaitytuvo \/ ra\u0161ymo re\u017eimas<\/h3>\n<\/li>\n<li>\n<h3>Kortel\u0117s emuliacijos re\u017eimas<\/h3>\n<\/li>\n<li>\n<h3>Klaviat\u016bros emuliacijos re\u017eimas<\/h3>\n<\/li>\n<\/ul>\n<\/li>\n<li>\n<h2>Program\u0173 programavimo s\u0105saja:<\/h2>\n<ul>\n<li>\n<h3>Palaiko PC\/SC<\/h3>\n<\/li>\n<li>\n<h3>Palaiko CT-API (per d\u0117kl\u0105 kompiuterio \/ SC vir\u0161uje)<\/h3>\n<\/li>\n<\/ul>\n<\/li>\n<li>\n<h2>I\u0161oriniai \u012frenginiai:<\/h2>\n<ul>\n<li>\n<h3>Vartotojo valdomas dviej\u0173 spalv\u0173 LED (m\u0117lyna ir \u017ealia)<\/h3>\n<\/li>\n<\/ul>\n<\/li>\n<li>\n<h2>Kompakti\u0161kas dydis<\/h2>\n<\/li>\n<li>\n<h2>USB programin\u0117s \u012frangos atnaujinimas<\/h2>\n<\/li>\n<li>\n<div>\n<table width=\"545\">\n<tbody>\n<tr>\n<td colspan=\"2\" width=\"545\">Fizin\u0117s charakteristikos<\/td>\n<\/tr>\n<tr>\n<td width=\"228\">Matmenys (mm)<\/td>\n<td width=\"317\">52,0 x 20,0 x 5,7<\/td>\n<\/tr>\n<tr>\n<td width=\"228\">Svoris (g)<\/td>\n<td width=\"317\">3.4<\/td>\n<\/tr>\n<tr>\n<td colspan=\"2\" width=\"545\">USB s\u0105saja<\/td>\n<\/tr>\n<tr>\n<td width=\"228\">protokolas<\/td>\n<td width=\"317\">USB CCID<\/td>\n<\/tr>\n<tr>\n<td width=\"228\">Jungties tipas<\/td>\n<td width=\"317\">5 kontakt\u0173, 1 mm \u017eingsnio, suderinama su JST SH serija<\/td>\n<\/tr>\n<tr>\n<td width=\"228\">Maitinimo \u0161altinis<\/td>\n<td width=\"317\">I\u0161 USB prievado<\/td>\n<\/tr>\n<tr>\n<td width=\"228\">Greitis<\/td>\n<td width=\"317\">USB 2.0 Full Speed (12 Mbps), suderinamas su USB 3.0<\/td>\n<\/tr>\n<tr>\n<td width=\"228\">Kabelio ilgis<\/td>\n<td width=\"317\">1m, nuimamas (pagal pageidavim\u0105)<\/td>\n<\/tr>\n<tr>\n<td colspan=\"2\" width=\"545\">Bekontakt\u0117 intelektualiosios kortel\u0117s s\u0105saja<\/td>\n<\/tr>\n<tr>\n<td width=\"228\">Standartinis<\/td>\n<td width=\"317\">ISO 18092 NFC, ISO 14443 A ir B tipai, ISO 15693, MIFARE\u00ae, FeliCa<\/td>\n<\/tr>\n<tr>\n<td rowspan=\"5\" width=\"228\">protokolas<\/td>\n<td width=\"317\">ISO 14443-4 suderinama kortel\u0117, T=CL<\/td>\n<\/tr>\n<tr>\n<td width=\"317\">MIFARE\u00ae Classic kortel\u0117, T=CL<\/td>\n<\/tr>\n<tr>\n<td width=\"317\">ISO 15693<\/td>\n<\/tr>\n<tr>\n<td width=\"317\">ISO 18092 NFC \u017eymos<\/td>\n<\/tr>\n<tr>\n<td width=\"317\">FeliCa<\/td>\n<\/tr>\n<tr>\n<td colspan=\"2\" width=\"545\">Integruoti periferiniai \u012frenginiai<\/td>\n<\/tr>\n<tr>\n<td width=\"228\">LED<\/td>\n<td width=\"317\">1 dvispalvis: m\u0117lyna ir \u017ealia<\/td>\n<\/tr>\n<tr>\n<td colspan=\"2\" width=\"545\">Kitos funkcijos<\/td>\n<\/tr>\n<tr>\n<td rowspan=\"6\" width=\"228\">Kitos funkcijos<\/td>\n<td width=\"317\">Palaikomi korteli\u0173 tipai:<\/td>\n<\/tr>\n<tr>\n<td width=\"317\">ISO 14443 A ir B tipo 1\u20134 dalys,<\/td>\n<\/tr>\n<tr>\n<td width=\"317\">ISO 15693, ISO 18092 NFC,<\/td>\n<\/tr>\n<tr>\n<td width=\"317\">MIFARE Classic\u00ae, MIFARE DESFire\u00ae, MIFARE Ultralight\u00ae, MIFARE Plus\u00ae, FeliCa ir Topaz<\/td>\n<\/tr>\n<tr>\n<td width=\"317\">Kitos NFC funkcijos:<\/td>\n<\/tr>\n<tr>\n<td width=\"317\">I\u0161mani\u0173j\u0173 korteli\u0173 skaitytuvas\/ra\u0161ytuvas, klaviat\u016bros emuliavimas, korteli\u0173 emuliavimas<\/td>\n<\/tr>\n<tr>\n<td width=\"228\">Programin\u0117s \u012frangos atnaujinimas<\/td>\n<td width=\"317\">Palaikoma<\/td>\n<\/tr>\n<tr>\n<td colspan=\"2\" width=\"545\">Sertifikatai \/ atitiktis<\/td>\n<\/tr>\n<tr>\n<td rowspan=\"4\" width=\"228\">Sertifikatai \/ atitiktis<\/td>\n<td width=\"317\">Sertifikatai:<\/td>\n<\/tr>\n<tr>\n<td width=\"317\">IEC\/EN 62368, CE, UKCA, FCC, VCCI, RoHS, REACH, WEEE, Microsoft\u00ae WHQL<\/td>\n<\/tr>\n<tr>\n<td width=\"317\">\u00a0 Atitiktis:<\/td>\n<\/tr>\n<tr>\n<td width=\"317\">USB CCID, PC\/SC<\/td>\n<\/tr>\n<tr>\n<td colspan=\"2\" width=\"545\">\u012erenginio tvarkykl\u0117s operacin\u0117s sistemos palaikymas<\/td>\n<\/tr>\n<tr>\n<td width=\"228\">\u012erenginio tvarkykl\u0117s operacin\u0117s sistemos palaikymas<\/td>\n<td width=\"317\">Windows\u00ae, Linux\u00ae, macOS, Android\u2122<\/td>\n<\/tr>\n<\/tbody>\n<\/table>\n<\/div>\n<\/li>\n<\/ul>","protected":false},"excerpt":{"rendered":"<p>The ACM1552U-Z2 is a high-speed USB NFC module supporting Smart Card Reader\/Writer and Card Emulation, designed for efficient and secure contactless operations.<\/p>","protected":false},"featured_media":1616,"template":"","meta":[],"product_brand":[],"product_cat":[41,40],"product_tag":[],"class_list":{"0":"post-1615","1":"product","2":"type-product","3":"status-publish","4":"has-post-thumbnail","6":"product_cat-module-ic-reader","7":"product_cat-rfid-nfc-reader","9":"first","10":"instock","11":"shipping-taxable","12":"product-type-simple"},"_links":{"self":[{"href":"https:\/\/nfc-readers.com\/lt\/wp-json\/wp\/v2\/product\/1615","targetHints":{"allow":["GET"]}}],"collection":[{"href":"https:\/\/nfc-readers.com\/lt\/wp-json\/wp\/v2\/product"}],"about":[{"href":"https:\/\/nfc-readers.com\/lt\/wp-json\/wp\/v2\/types\/product"}],"wp:featuredmedia":[{"embeddable":true,"href":"https:\/\/nfc-readers.com\/lt\/wp-json\/wp\/v2\/media\/1616"}],"wp:attachment":[{"href":"https:\/\/nfc-readers.com\/lt\/wp-json\/wp\/v2\/media?parent=1615"}],"wp:term":[{"taxonomy":"product_brand","embeddable":true,"href":"https:\/\/nfc-readers.com\/lt\/wp-json\/wp\/v2\/product_brand?post=1615"},{"taxonomy":"product_cat","embeddable":true,"href":"https:\/\/nfc-readers.com\/lt\/wp-json\/wp\/v2\/product_cat?post=1615"},{"taxonomy":"product_tag","embeddable":true,"href":"https:\/\/nfc-readers.com\/lt\/wp-json\/wp\/v2\/product_tag?post=1615"}],"curies":[{"name":"wp","href":"https:\/\/api.w.org\/{rel}","templated":true}]}}