{"id":1909,"date":"2024-10-15T13:42:27","date_gmt":"2024-10-15T13:42:27","guid":{"rendered":"https:\/\/nfc-readers.com\/?post_type=product&#038;p=1909"},"modified":"2024-10-28T15:36:29","modified_gmt":"2024-10-28T15:36:29","slug":"acr1222l-contactless-rfid-nfc-reader-writer","status":"publish","type":"product","link":"https:\/\/nfc-readers.com\/lt\/ic-reader\/acr1222l-contactless-rfid-nfc-reader-writer\/","title":{"rendered":"ACR1222L bekontaktis RFID NFC skaitytuvas"},"content":{"rendered":"<p><iframe loading=\"lazy\" title=\"ACR1222L NFC skaitytuvas\" width=\"1020\" height=\"765\" src=\"https:\/\/www.youtube.com\/embed\/i-7zrKP8WJo?feature=oembed\" frameborder=\"0\" allow=\"accelerometer; autoplay; clipboard-write; encrypted-media; gyroscope; picture-in-picture; web-share\" referrerpolicy=\"strict-origin-when-cross-origin\" allowfullscreen><\/iframe><\/p>\n<div>\n<h1><strong>ACR1222L bekontaktis RFID NFC skaitytuvas<\/strong><\/h1>\n<p>The\u00a0<strong>ACR1222L bekontaktis RFID NFC skaitytuvas<\/strong>\u00a0yra auk\u0161\u010diausios kokyb\u0117s \u012frenginys, sukurtas palengvinti skland\u0173 s\u0105veik\u0105 su daugybe bekontak\u010di\u0173 intelektuali\u0173j\u0173 korteli\u0173 ir NFC \u017eym\u0173. D\u0117l pa\u017eangi\u0173 technologij\u0173 integravimo ir patogi\u0173 funkcij\u0173, tai\u00a0<strong>NFC skaitytuvas<\/strong>\u00a0puikiai tinka \u012fvairioms programoms, \u012fskaitant saugi\u0105 prieigos kontrol\u0119, bekontak\u010dius mok\u0117jimus ir duomen\u0173 rinkim\u0105. Jei norite pagerinti savo veikl\u0105 naudodami patikim\u0105 ir efektyv\u0173\u00a0<strong>korteli\u0173 skaitytuvas<\/strong>, verta apsvarstyti ACR1222L.<\/p>\n<p>\u0160is \u012frenginys pasi\u017eymi i\u0161skirtiniu suderinamumu su keliomis NFC \u017eymomis ir intelektualiosiomis kortel\u0117mis, padedant \u012fmon\u0117ms atlikti supaprastintas operacijas ir pagerinti vartotoj\u0173 \u012fsitraukim\u0105. Investavimo \u012f ACR1222L prana\u0161umai apima jo pa\u017eangias saugos funkcijas, interaktyvi\u0105 s\u0105saj\u0105 su \u012fmontuotu LCD ekranu ir plat\u0173 \u012fvairi\u0173 tip\u0173 korteli\u0173 palaikym\u0105. Su\u017einokite daugiau, kod\u0117l \u0161is \u012frenginys yra b\u016btinas \u012fmon\u0117ms, norin\u010dioms i\u0161naudoti jo gali\u0105\u00a0<strong>RFID<\/strong>\u00a0technologija.<\/p>\n<h3>1. I\u0161samus suderinamumas su keliomis NFC technologijomis<\/h3>\n<p>ACR1222L sukurtas ant pa\u017eangios\u00a0<strong>13,56 MHz RFID technologija<\/strong>, u\u017etikrinant suderinamum\u0105 su pla\u010diu bekontak\u010di\u0173 korteli\u0173 spektru ir\u00a0<strong>NFC<\/strong>\u00a0\u017eym\u0117s. Tai apima\u00a0<strong>ISO 14443 A ir B tipo kortel\u0117s, MIFARE<\/strong>, FeliCa ir vis\u0173 keturi\u0173 tip\u0173 NFC \u017eym\u0173. D\u0117l tokio universalumo ACR1222L yra esminis \u012frankis \u012fmon\u0117ms, norin\u010dioms integruoti bekontaktes technologijas \u012f savo veikl\u0105.<\/p>\n<p>Be to,\u00a0<strong>ACR1222L<\/strong>\u00a0palaiko\u00a0<strong>NFC funkcijos<\/strong>\u00a0kurios leid\u017eia efektyviai skaityti ir ra\u0161yti NFC \u017eymas. \u0160i galimyb\u0117 gali b\u016bti ypa\u010d naudinga \u012fmon\u0117ms, kurios naudojasi\u00a0<strong>i\u0161manusis telefonas<\/strong>\u00a0sandoriai, pvz\u00a0<strong>Google Pay<\/strong>, leid\u017eianti skland\u017eiai apdoroti mok\u0117jimus naudojant \u012frenginius su NFC. Nesvarbu, ar dirbate su tradicin\u0117mis RFID kortel\u0117mis, ar naujausiomis\u00a0<strong>NFC lustai<\/strong>, \u0161is \u012frenginys i\u0161siskiria kaip geriausias pasirinkimas rinkoje.<\/p>\n<h3>2. Patobulintos saugi\u0173 operacij\u0173 saugos funkcijos<\/h3>\n<p>Saugumas yra svarbiausias r\u016bpestis bet kuriai organizacijai, dirban\u010diai su neskelbtinais duomenimis. ACR1222L savyb\u0117s\u00a0<strong>trys su ISO 7816 suderinami saugios prieigos moduliai (SAM)<\/strong>\u00a0lizdai, u\u017etikrinantys didesn\u012f bekontak\u010di\u0173 operacij\u0173 saugum\u0105. \u0160ie SAM lizdai leid\u017eia saugiai valdyti kriptografinius raktus ir u\u017etikrinti, kad b\u016bt\u0173 apdorojamos tik \u012fgaliotos operacijos.<\/p>\n<p>Naudodamas integruot\u0105 apsaugos nuo susid\u016brimo technologij\u0105, ACR1222L gali vienu metu valdyti kelias NFC korteles, u\u017etikrinant, kad kiekvien\u0105 kart\u0105 b\u016bt\u0173 pasiekiama tik viena \u017eyma. \u0160i funkcija padidina duomen\u0173 vientisum\u0105 ir suma\u017eina neteis\u0117tos prieigos rizik\u0105, kuri yra labai svarbi prieigos kontrol\u0117s sistem\u0173 ir finansini\u0173 operacij\u0173 prie\u017eastis. D\u0117l to \u0161is\u00a0<strong>NFC skaitytuvas<\/strong>\u00a0ne tik atitinka, bet ir vir\u0161ija pramon\u0117s saugumo standartus.<\/p>\n<h3>3. Intuityvi vartotojo s\u0105saja skland\u017eiam s\u0105veikai<\/h3>\n<p>ACR1222L turi a\u00a0<strong>dviej\u0173 eilu\u010di\u0173 grafinis LCD<\/strong>\u00a0kuri palaiko kelias kalbas, \u012fskaitant kin\u0173, angl\u0173, japon\u0173 ir kelias Europos kalbas. \u0160is keli\u0173 kalb\u0173 palaikymas palengvina \u012fvairi\u0173 vartotoj\u0173 s\u0105veik\u0105 ir u\u017etikrina, kad visi vartotojai supras \u012frengin\u012f ir jo funkcijas.<\/p>\n<p>Be to, interaktyvus skyst\u0173j\u0173 kristal\u0173 ekranas leid\u017eia vartotojams slinkti per parinktis ir lengvai pasiekti \u012fvairius nustatymus. Kartu su\u00a0<strong>keturi vartotojo valdomi \u0161viesos diodai<\/strong>\u00a0ir garsinis b\u016bsenos prane\u0161im\u0173 signalas, ACR1222L garantuoja ai\u0161ki\u0105 ir patraukli\u0105 vartotojo patirt\u012f. \u0160i intuityvi s\u0105saja skirta pagerinti vartotojo supratim\u0105 ir supaprastinti darbo eig\u0105, tod\u0117l ji puikiai papildo bet kok\u012f technologij\u0173 kr\u016bv\u0105.<\/p>\n<h3>4. Universalios programos \u012fvairiose pramon\u0117s \u0161akose<\/h3>\n<p>ACR1222L bekontaktis RFID NFC skaitytuvas gali b\u016bti naudojamas \u012fvairiose pramon\u0117s \u0161akose, \u012fskaitant ma\u017emenin\u0119 prekyb\u0105, sveikatos prie\u017ei\u016br\u0105 ir transportavim\u0105. Ma\u017emenin\u0117je prekyboje galimyb\u0117 skaityti ir ra\u0161yti NFC \u017eymas leid\u017eia \u012fmon\u0117ms supaprastinti operacijas ir padidinti klient\u0173 \u012ftraukim\u0105.\u00a0<strong>NFC \u012frankiai<\/strong>\u00a0gali b\u016bti integruota valdyti lojalumo programas ar palengvinti bekontak\u010dius mok\u0117jimus, gerinant bendr\u0105 klient\u0173 pasitenkinim\u0105.<\/p>\n<p>Sveikatos prie\u017ei\u016bros srityje ACR1222L gali pad\u0117ti supaprastinti pacient\u0173 registracij\u0105, u\u017etikrinti saugi\u0105 prieig\u0105 prie slaptos informacijos ir u\u017etikrinti, kad medicinos personalas tur\u0117t\u0173 greit\u0105 prieig\u0105 prie duomen\u0173. Be to, d\u0117l suderinamumo su RFID kortel\u0117mis jis idealiai tinka kontroliuoti prieig\u0105 prie ribot\u0173 zon\u0173, taip padidinant saugum\u0105 transporto mazguose.<\/p>\n<h3>5. Technin\u0117s specifikacijos ir na\u0161umo metrika<\/h3>\n<p>Technin\u012f ACR1222L meistri\u0161kum\u0105 liudija \u012fsp\u016bdingos jo specifikacijos:<\/p>\n<\/div>\n<div>\n<table width=\"702\">\n<tbody>\n<tr>\n<td colspan=\"2\" width=\"702\">Fizin\u0117s charakteristikos<\/td>\n<\/tr>\n<tr>\n<td rowspan=\"2\" width=\"250\">Matmenys (mm)<\/td>\n<td width=\"452\">Pagrindinis korpusas: 133,5 mm (ilgis) x 88,5 mm (plotis) x 21,0 mm (auk\u0161tis)<\/td>\n<\/tr>\n<tr>\n<td width=\"452\">Su stovu: 158,0 mm (ilgis) x 95,0 mm (plotis) x 95,0 mm (auk\u0161tis)<\/td>\n<\/tr>\n<tr>\n<td rowspan=\"2\" width=\"250\">Svoris (g)<\/td>\n<td width=\"452\">Pagrindinis korpusas: 173 g<\/td>\n<\/tr>\n<tr>\n<td width=\"452\">Su stovu: 415 g<\/td>\n<\/tr>\n<tr>\n<td colspan=\"2\" width=\"702\">USB s\u0105saja<\/td>\n<\/tr>\n<tr>\n<td width=\"250\">protokolas<\/td>\n<td width=\"452\">USB CCID<\/td>\n<\/tr>\n<tr>\n<td width=\"250\">Jungties tipas<\/td>\n<td width=\"452\">Standartinis A tipas<\/td>\n<\/tr>\n<tr>\n<td width=\"250\">Maitinimo \u0161altinis<\/td>\n<td width=\"452\">I\u0161 USB prievado<\/td>\n<\/tr>\n<tr>\n<td width=\"250\">Greitis<\/td>\n<td width=\"452\">Visas USB greitis (12 Mbps)<\/td>\n<\/tr>\n<tr>\n<td width=\"250\">Kabelio ilgis<\/td>\n<td width=\"452\">1,5 m, Stacionarus<\/td>\n<\/tr>\n<tr>\n<td colspan=\"2\" width=\"702\">Bekontakt\u0117 intelektualiosios kortel\u0117s s\u0105saja<\/td>\n<\/tr>\n<tr>\n<td width=\"250\">Standartinis<\/td>\n<td width=\"452\">ISO\/IEC 18092 NFC, ISO 14443 A ir B tipai, MIFARE\u00ae, FeliCa<\/td>\n<\/tr>\n<tr>\n<td rowspan=\"4\" width=\"250\">protokolas<\/td>\n<td width=\"452\">ISO 14443-4 suderinama kortel\u0117, T=CL<\/td>\n<\/tr>\n<tr>\n<td width=\"452\">MIFARE\u00ae Classic kortel\u0117, T=CL<\/td>\n<\/tr>\n<tr>\n<td width=\"452\">ISO18092, NFC \u017eymos<\/td>\n<\/tr>\n<tr>\n<td width=\"452\">FeliCa<\/td>\n<\/tr>\n<tr>\n<td colspan=\"2\" width=\"702\">SAM kortel\u0117s s\u0105saja<\/td>\n<\/tr>\n<tr>\n<td width=\"250\">Lizd\u0173 skai\u010dius<\/td>\n<td width=\"452\">3 standartiniai SIM dyd\u017eio korteli\u0173 lizdai<\/td>\n<\/tr>\n<tr>\n<td width=\"250\">Standartinis<\/td>\n<td width=\"452\">ISO 7816 A klas\u0117 (5 V)<\/td>\n<\/tr>\n<tr>\n<td width=\"250\">protokolas<\/td>\n<td width=\"452\">T=0; T=1<\/td>\n<\/tr>\n<tr>\n<td colspan=\"2\" width=\"702\">Integruoti periferiniai \u012frenginiai<\/td>\n<\/tr>\n<tr>\n<td rowspan=\"3\" width=\"250\">LCD<\/td>\n<td width=\"452\">Grafinis LCD su geltonai \u017ealiu foniniu ap\u0161vietimu<\/td>\n<\/tr>\n<tr>\n<td width=\"452\">Rezoliucija: 128x32 pikseliai<\/td>\n<\/tr>\n<tr>\n<td width=\"452\">Simboli\u0173 skai\u010dius: 16 simboli\u0173 x 2 eilut\u0117s<\/td>\n<\/tr>\n<tr>\n<td width=\"250\">LED<\/td>\n<td width=\"452\">4 vienos spalvos: \u017ealia, m\u0117lyna, oran\u017ein\u0117 ir raudona<\/td>\n<\/tr>\n<tr>\n<td width=\"250\">Skambutis<\/td>\n<td width=\"452\">Monotoni\u0161kas<\/td>\n<\/tr>\n<tr>\n<td colspan=\"2\" width=\"702\">Kitos funkcijos<\/td>\n<\/tr>\n<tr>\n<td width=\"250\">Programin\u0117s \u012frangos atnaujinimas<\/td>\n<td width=\"452\">Palaikoma<\/td>\n<\/tr>\n<tr>\n<td colspan=\"2\" width=\"702\">Sertifikatai \/ atitiktis<\/td>\n<\/tr>\n<tr>\n<td rowspan=\"13\" width=\"250\">Sertifikatai \/ atitiktis<\/td>\n<td width=\"452\">ISO 18092<\/td>\n<\/tr>\n<tr>\n<td width=\"452\">ISO 14443<\/td>\n<\/tr>\n<tr>\n<td width=\"452\">ISO 7816 (SAM lizdas)<\/td>\n<\/tr>\n<tr>\n<td width=\"452\">USB visu grei\u010diu<\/td>\n<\/tr>\n<tr>\n<td width=\"452\">PC\/SC<\/td>\n<\/tr>\n<tr>\n<td width=\"452\">CCID<\/td>\n<\/tr>\n<tr>\n<td width=\"452\">VCCI (Japonija)<\/td>\n<\/tr>\n<tr>\n<td width=\"452\">KC (Kor\u0117ja)<\/td>\n<\/tr>\n<tr>\n<td width=\"452\">Microsoft\u00ae WHQL<\/td>\n<\/tr>\n<tr>\n<td width=\"452\">CE<\/td>\n<\/tr>\n<tr>\n<td width=\"452\">FCC<\/td>\n<\/tr>\n<tr>\n<td width=\"452\">RoHS<\/td>\n<\/tr>\n<tr>\n<td width=\"452\">REACH<\/td>\n<\/tr>\n<tr>\n<td colspan=\"2\" width=\"702\">\u012erenginio tvarkykl\u0117s operacin\u0117s sistemos palaikymas<\/td>\n<\/tr>\n<tr>\n<td rowspan=\"5\" width=\"250\">\u012erenginio tvarkykl\u0117s operacin\u0117s sistemos palaikymas<\/td>\n<td width=\"452\">Windows\u00ae<\/td>\n<\/tr>\n<tr>\n<td width=\"452\">Linux\u00ae<\/td>\n<\/tr>\n<tr>\n<td width=\"452\">MAC OS\u00ae<\/td>\n<\/tr>\n<tr>\n<td width=\"452\">Solaris<\/td>\n<\/tr>\n<tr>\n<td width=\"452\">Android\u2122<\/td>\n<\/tr>\n<\/tbody>\n<\/table>\n<\/div>\n<div><\/div>\n<div>\n<p>D\u0117l savo didelio grei\u010dio skaitymo galimybi\u0173 ir lankstumo valdant \u012fvairias korteles, ACR1222L i\u0161siskiria kaip galingas\u00a0<strong>lustini\u0173 korteli\u0173 skaitytuvas<\/strong>.<\/p>\n<h3>6. Patogi s\u0105ranka ir integravimas<\/h3>\n<p>ACR1222L nustatymas yra paprastas, tod\u0117l j\u012f gali pasiekti ir techniniai, ir netechniniai vartotojai. Prietais\u0105 galima lengvai integruoti \u012f esamas sistemas per\u00a0<strong>USB<\/strong>, u\u017etikrinant suderinamum\u0105 su populiariomis operacin\u0117mis sistemomis, \u012fskaitant \u201eWindows\u201c, \u201eLinux\u201c ir \u201eMacOS\u201c. Be to,\u00a0<strong>USB programin\u0117s \u012frangos atnaujinimas<\/strong>\u00a0funkcija leid\u017eia vartotojams nuolat atnaujinti savo \u012frenginius naudojant naujausius patobulinimus ir saugos funkcijas.<\/p>\n<p>Toks s\u0105rankos paprastumas ypa\u010d naudingas \u012fmon\u0117ms, norin\u010dioms greitai \u012fdiegti\u00a0<strong>bekontak\u010diai sprendimai<\/strong>\u00a0be ilg\u0173 prastov\u0173 ar sud\u0117ting\u0173 \u012frengim\u0173.<\/p>\n<h3>7. Poveikis aplinkai ir tvarus naudojimas<\/h3>\n<p>Kadangi \u012fmon\u0117s vis labiau suvokia savo poveik\u012f aplinkai, ACR1222L laikosi tvaraus naudojimo princip\u0173. Sunaudojant ma\u017eai energijos, \u012frenginys ne tik suma\u017eina energijos s\u0105naudas, bet ir prisideda prie ma\u017eesnio anglies p\u0117dsako.<\/p>\n<p>Be to, prietaisas sukurtas taip, kad veikt\u0173 ilgaam\u017eiai, kuo labiau suma\u017eint\u0173 poreik\u012f da\u017enai keisti ir laikui b\u0117gant suma\u017eint\u0173 elektronini\u0173 atliek\u0173 kiek\u012f. \u0160is tvarumo patrauklumas yra esminis veiksnys organizacijoms, norin\u010dioms skatinti ekologi\u0161kas iniciatyvas savo veikloje.<\/p>\n<h3>8. Klient\u0173 atsiliepimai ir atsiliepimai<\/h3>\n<p>Klient\u0173 atsiliepimai apie ACR1222L pabr\u0117\u017eia jo patikimum\u0105, naudojimo paprastum\u0105 ir visapusi\u0161kas funkcijas. Vartotojai vertina skland\u0173 na\u0161um\u0105 skaitydami ir ra\u0161ydami NFC \u017eymas bei tvirtas saugos funkcijas.<\/p>\n<p>Vienas vartotojas parei\u0161k\u0117: \u201eACR1222L pakeit\u0117 m\u016bs\u0173 sandori\u0173 procesus. Tai greita, saugu, o \u012ftaisytas ekranas yra nepaprastai naudingas norint informuoti klientus.<\/p>\n<\/div>\n<div><\/div>\n<div><\/div>","protected":false},"excerpt":{"rendered":"<p>ACR1222L bekontaktis RFID NFC skaitytuvas gali b\u016bti naudojamas \u012fvairiose pramon\u0117s \u0161akose, \u012fskaitant ma\u017emenin\u0119 prekyb\u0105, sveikatos prie\u017ei\u016br\u0105 ir transportavim\u0105. Ma\u017emenin\u0117je prekyboje galimyb\u0117 skaityti ir ra\u0161yti NFC \u017eymas leid\u017eia \u012fmon\u0117ms supaprastinti operacijas ir padidinti klient\u0173 \u012fsitraukim\u0105. <strong>NFC \u012frankiai<\/strong>\u00a0gali b\u016bti integruota valdyti lojalumo programas ar palengvinti bekontak\u010dius mok\u0117jimus, gerinant bendr\u0105 klient\u0173 pasitenkinim\u0105.<\/p>","protected":false},"featured_media":1563,"template":"","meta":[],"product_brand":[],"product_cat":[45,40],"product_tag":[],"class_list":{"0":"post-1909","1":"product","2":"type-product","3":"status-publish","4":"has-post-thumbnail","6":"product_cat-contactless-nfc-reader","7":"product_cat-rfid-nfc-reader","9":"first","10":"instock","11":"shipping-taxable","12":"product-type-simple"},"_links":{"self":[{"href":"https:\/\/nfc-readers.com\/lt\/wp-json\/wp\/v2\/product\/1909","targetHints":{"allow":["GET"]}}],"collection":[{"href":"https:\/\/nfc-readers.com\/lt\/wp-json\/wp\/v2\/product"}],"about":[{"href":"https:\/\/nfc-readers.com\/lt\/wp-json\/wp\/v2\/types\/product"}],"wp:featuredmedia":[{"embeddable":true,"href":"https:\/\/nfc-readers.com\/lt\/wp-json\/wp\/v2\/media\/1563"}],"wp:attachment":[{"href":"https:\/\/nfc-readers.com\/lt\/wp-json\/wp\/v2\/media?parent=1909"}],"wp:term":[{"taxonomy":"product_brand","embeddable":true,"href":"https:\/\/nfc-readers.com\/lt\/wp-json\/wp\/v2\/product_brand?post=1909"},{"taxonomy":"product_cat","embeddable":true,"href":"https:\/\/nfc-readers.com\/lt\/wp-json\/wp\/v2\/product_cat?post=1909"},{"taxonomy":"product_tag","embeddable":true,"href":"https:\/\/nfc-readers.com\/lt\/wp-json\/wp\/v2\/product_tag?post=1909"}],"curies":[{"name":"wp","href":"https:\/\/api.w.org\/{rel}","templated":true}]}}