{"id":2020,"date":"2024-04-19T13:15:51","date_gmt":"2024-04-19T13:15:51","guid":{"rendered":"https:\/\/nfc-readers.com\/?post_type=product&#038;p=2020"},"modified":"2024-09-29T07:28:08","modified_gmt":"2024-09-29T07:28:08","slug":"cr100-bluetooth-emv-nfc-reader-writer","status":"publish","type":"product","link":"https:\/\/nfc-readers.com\/lt\/ic-reader\/cr100-bluetooth-emv-nfc-reader-writer\/","title":{"rendered":"CR100 Bluetooth EMV nfc skaitytuvas"},"content":{"rendered":"<h1>CR100 Bluetooth EMV nfc skaitytuvas<\/h1>\n<p>CR100 yra galingas ir lankstus mPOS \u012frenginys, u\u017etikrinantis patikimum\u0105 ir lengv\u0105 integravim\u0105 \u012fmon\u0117ms, leid\u017eiantis apdoroti EMV ir NFC mok\u0117jimus keliaujant. D\u0117l suderinamumo su \u012fvairiomis operacin\u0117mis sistemomis ir ry\u0161io galimyb\u0117mis, tokiomis kaip \u201eBluetooth\u201c ir USB, jis yra universalus pasirinkimas \u0161iuolaikin\u0117ms mok\u0117jimo programoms.<\/p>\n<p><iframe loading=\"lazy\" title=\"CR100 EMV NFC skaitytuvas\" width=\"1020\" height=\"574\" src=\"https:\/\/www.youtube.com\/embed\/oXxrfqKoQoM?feature=oembed\" frameborder=\"0\" allow=\"accelerometer; autoplay; clipboard-write; encrypted-media; gyroscope; picture-in-picture; web-share\" referrerpolicy=\"strict-origin-when-cross-origin\" allowfullscreen><\/iframe><\/p>\n<table width=\"730\">\n<tbody>\n<tr>\n<td width=\"336\">EMV korteli\u0173 skaitytuvas<\/td>\n<td width=\"394\">EMV\/PBOC lustini\u0173 korteli\u0173 skaitytuvas, atitinkantis ISO 7816 A, B, C klas\u0117s<\/td>\n<\/tr>\n<tr>\n<td width=\"336\">NFC skaitytuvas<\/td>\n<td width=\"394\">EMV bekontaktis, ISO 14443A\/B<\/td>\n<\/tr>\n<tr>\n<td width=\"336\">Bendravimas<\/td>\n<td width=\"394\">Bluetooth\u00ae v3.0, Bluetooth\u00ae v4.0 ir USB<\/td>\n<\/tr>\n<tr>\n<td width=\"336\">Rodiklis<\/td>\n<td width=\"394\">LED b\u016bsenos indikatorius ir garsinis signalas<\/td>\n<\/tr>\n<tr>\n<td rowspan=\"3\" width=\"336\">Rakt\u0173 valdymas<\/td>\n<td width=\"394\">DUKPT<\/td>\n<\/tr>\n<tr>\n<td width=\"394\">Fiksuotas raktas<\/td>\n<\/tr>\n<tr>\n<td width=\"394\">MK\/SK<\/td>\n<\/tr>\n<tr>\n<td rowspan=\"5\" width=\"336\">\u0160ifravimo algoritmas<\/td>\n<td width=\"394\">DES<\/td>\n<\/tr>\n<tr>\n<td width=\"394\">3DES<\/td>\n<\/tr>\n<tr>\n<td width=\"394\">AES<\/td>\n<\/tr>\n<tr>\n<td width=\"394\">RSA<\/td>\n<\/tr>\n<tr>\n<td width=\"394\">SHA-256<\/td>\n<\/tr>\n<tr>\n<td rowspan=\"4\" width=\"336\">Palaikoma operacin\u0117 sistema<\/td>\n<td width=\"394\">Android 2.1 arba naujesn\u0117 versija<\/td>\n<\/tr>\n<tr>\n<td width=\"394\">iOS 6.0 arba naujesn\u0117 versija<\/td>\n<\/tr>\n<tr>\n<td width=\"394\">Windows Phone 8<\/td>\n<\/tr>\n<tr>\n<td width=\"394\">MS Windows<\/td>\n<\/tr>\n<tr>\n<td rowspan=\"12\" width=\"336\">Sertifikatai<\/td>\n<td width=\"394\">EMV L1 ir L2<\/td>\n<\/tr>\n<tr>\n<td width=\"394\">EMV bekontaktis L1<\/td>\n<\/tr>\n<tr>\n<td width=\"394\">PBOC L1 ir L2<\/td>\n<\/tr>\n<tr>\n<td width=\"394\">MasterCard PayPass<\/td>\n<\/tr>\n<tr>\n<td width=\"394\">Visa PayWave<\/td>\n<\/tr>\n<tr>\n<td width=\"394\">VISA paruo\u0161ta<\/td>\n<\/tr>\n<tr>\n<td width=\"394\">PCI-PTS 5.x su SRED<\/td>\n<\/tr>\n<tr>\n<td width=\"394\">MasterCard TQM<\/td>\n<\/tr>\n<tr>\n<td width=\"394\">AMEX Pay<\/td>\n<\/tr>\n<tr>\n<td width=\"394\">Bluetooth BQB<\/td>\n<\/tr>\n<tr>\n<td width=\"394\">FCC<\/td>\n<\/tr>\n<tr>\n<td width=\"394\">CE<\/td>\n<\/tr>\n<tr>\n<td width=\"336\">\u012ekrovimo b\u016bdas<\/td>\n<td width=\"394\">Mikro USB<\/td>\n<\/tr>\n<tr>\n<td width=\"336\">Baterija<\/td>\n<td width=\"394\">Li\u010dio polimero \u012fkraunama baterija 3,7 V, didesn\u0117 nei 250 mAh<\/td>\n<\/tr>\n<tr>\n<td width=\"336\">Matmenys<\/td>\n<td width=\"394\">66 x 66 x 9,8 mm (PxAxG)<\/td>\n<\/tr>\n<tr>\n<td rowspan=\"2\" width=\"336\">Priedai<\/td>\n<td width=\"394\">Mikro USB laidas<\/td>\n<\/tr>\n<tr>\n<td width=\"394\">\u012ekrovimo dokas<\/td>\n<\/tr>\n<\/tbody>\n<\/table>","protected":false},"excerpt":{"rendered":"<p>The CR100 mPOS device delivers excellent performance with an EMV reader and RFID reader, ensuring reliable payment processing across multiple platforms.<\/p>","protected":false},"featured_media":2021,"template":"","meta":[],"product_brand":[],"product_cat":[15,45,40],"product_tag":[],"class_list":{"0":"post-2020","1":"product","2":"type-product","3":"status-publish","4":"has-post-thumbnail","6":"product_cat-pos-machine","7":"product_cat-contactless-nfc-reader","8":"product_cat-rfid-nfc-reader","10":"first","11":"instock","12":"shipping-taxable","13":"product-type-simple"},"_links":{"self":[{"href":"https:\/\/nfc-readers.com\/lt\/wp-json\/wp\/v2\/product\/2020","targetHints":{"allow":["GET"]}}],"collection":[{"href":"https:\/\/nfc-readers.com\/lt\/wp-json\/wp\/v2\/product"}],"about":[{"href":"https:\/\/nfc-readers.com\/lt\/wp-json\/wp\/v2\/types\/product"}],"wp:featuredmedia":[{"embeddable":true,"href":"https:\/\/nfc-readers.com\/lt\/wp-json\/wp\/v2\/media\/2021"}],"wp:attachment":[{"href":"https:\/\/nfc-readers.com\/lt\/wp-json\/wp\/v2\/media?parent=2020"}],"wp:term":[{"taxonomy":"product_brand","embeddable":true,"href":"https:\/\/nfc-readers.com\/lt\/wp-json\/wp\/v2\/product_brand?post=2020"},{"taxonomy":"product_cat","embeddable":true,"href":"https:\/\/nfc-readers.com\/lt\/wp-json\/wp\/v2\/product_cat?post=2020"},{"taxonomy":"product_tag","embeddable":true,"href":"https:\/\/nfc-readers.com\/lt\/wp-json\/wp\/v2\/product_tag?post=2020"}],"curies":[{"name":"wp","href":"https:\/\/api.w.org\/{rel}","templated":true}]}}