{"id":2038,"date":"2024-04-19T14:36:49","date_gmt":"2024-04-19T14:36:49","guid":{"rendered":"https:\/\/nfc-readers.com\/?post_type=product&#038;p=2038"},"modified":"2024-09-29T07:24:42","modified_gmt":"2024-09-29T07:24:42","slug":"d20-smart-mpos","status":"publish","type":"product","link":"https:\/\/nfc-readers.com\/lt\/ic-reader\/d20-smart-mpos\/","title":{"rendered":"D20 smart MPos"},"content":{"rendered":"<h1>D20 smart MPos<\/h1>\n<div class=\"p\">Ergonomi\u0161ko dizaino Android i\u0161manusis POS, puikiai tinkantis rankoje. 4 coli\u0173 lietimui jautrus ekranas, QR kodo skaitytuvas ir platus ry\u0161io parink\u010di\u0173 asortimentas laukia patogesn\u0117s mok\u0117jimo patirties.<\/div>\n<div><\/div>\n<div class=\"p_list\">\n<div class=\"span clearfix\">Didelis na\u0161umas<\/div>\n<div><\/div>\n<div class=\"span clearfix\">Daugiafunkcis ry\u0161ys: 4G\/3G\/2G\/WIFI\/BT<\/div>\n<div><\/div>\n<div class=\"span clearfix\">Visi\u0161kas mok\u0117jimo palaikymas: MSR\/IC\/NFC<\/div>\n<div><\/div>\n<\/div>\n<table width=\"539\">\n<tbody>\n<tr>\n<td width=\"166\">OS<\/td>\n<td width=\"373\">Android 10<\/td>\n<\/tr>\n<tr>\n<td width=\"166\"><\/td>\n<td rowspan=\"2\" width=\"373\">Taikymo procesorius: 4*A53@ 1,8GHz Saugumo procesorius: 32 bit\u0173 ARM 192MHz<\/td>\n<\/tr>\n<tr>\n<td width=\"166\">Procesorius<\/td>\n<\/tr>\n<tr>\n<td rowspan=\"2\" width=\"166\">Atmintis<\/td>\n<td width=\"373\">1GB + 16GB<\/td>\n<\/tr>\n<tr>\n<td width=\"373\">2 GB + 16 GB (pasirenkama)<\/td>\n<\/tr>\n<tr>\n<td width=\"166\"><\/td>\n<td width=\"373\">4,0 coli\u0173 480*800 TFT IPS ekranas<\/td>\n<\/tr>\n<tr>\n<td width=\"166\">Ekranas<\/td>\n<td width=\"373\">Jutiklinio ekrano ekranas<\/td>\n<\/tr>\n<tr>\n<td width=\"166\"><\/td>\n<td width=\"373\">LTE I WCDMA ir GSM<\/td>\n<\/tr>\n<tr>\n<td width=\"166\">Ry\u0161iai<\/td>\n<td width=\"373\">Bluetooth 5.0 I WiFi: 802.11 a\/b\/g\/n\/ac, 2.4GHz ir 5G, palaiko AP<\/td>\n<\/tr>\n<tr>\n<td width=\"166\">Palydovin\u0117s pad\u0117ties nustatymas<\/td>\n<td width=\"373\">GPS | A-GPS | GLONASS<\/td>\n<\/tr>\n<tr>\n<td width=\"166\">Fotoaparatas<\/td>\n<td width=\"373\">Gale: 0.3M FF pikseli\u0173<\/td>\n<\/tr>\n<tr>\n<td width=\"166\">EMV korteli\u0173 skaitytuvas<\/td>\n<td width=\"373\">EMV L1 ir L2<\/td>\n<\/tr>\n<tr>\n<td width=\"166\">NFC skaitytuvas<\/td>\n<td width=\"373\">EMV bekontaktis L1<\/td>\n<\/tr>\n<tr>\n<td width=\"166\">Magnetini\u0173 juosteli\u0173 korteli\u0173 skaitytuvas<\/td>\n<td width=\"373\">ISO-7811\/7813\/7810<\/td>\n<\/tr>\n<tr>\n<td width=\"166\"><\/td>\n<td width=\"373\">PCI PTS 5.x SRED<\/td>\n<\/tr>\n<tr>\n<td width=\"166\"><\/td>\n<td width=\"373\">EMV L1&amp;L2, EMV bekontaktis L1<\/td>\n<\/tr>\n<tr>\n<td width=\"166\">Sertifikatai<\/td>\n<td width=\"373\">Visa Paywave, MasterCard Paypass, Amex Expresspay Discovery D-PAS, Rupay qSPARC<\/td>\n<\/tr>\n<tr>\n<td width=\"166\"><\/td>\n<td width=\"373\">PCI PIN apsauga, MasterCard TQM CE, FCC, BQB, RoHS, WEEE<\/td>\n<\/tr>\n<tr>\n<td width=\"166\">Adapteris<\/td>\n<td width=\"373\">DC 5V\/1A<\/td>\n<\/tr>\n<tr>\n<td width=\"166\">Baterija<\/td>\n<td width=\"373\">4,35 V \/ 2450 mAh<\/td>\n<\/tr>\n<tr>\n<td width=\"166\">Garsas<\/td>\n<td width=\"373\">Prane\u0161\u0117jas<\/td>\n<\/tr>\n<tr>\n<td width=\"166\"><\/td>\n<td width=\"373\">1 Type-C (OTG)<\/td>\n<\/tr>\n<tr>\n<td width=\"166\">Periferiniai prievadai<\/td>\n<td width=\"373\">1 Nano SIM + 1 Mini SIM + 1 Mini SAM<\/td>\n<\/tr>\n<tr>\n<td width=\"166\"><\/td>\n<td width=\"373\">1 Micro SD kortel\u0117s lizdas, palaiko iki 32 GB<\/td>\n<\/tr>\n<tr>\n<td width=\"166\"><\/td>\n<td width=\"373\">Darbin\u0117 temperat\u016bra: nuo 0 \u2103 iki + 45 \u2103<\/td>\n<\/tr>\n<tr>\n<td width=\"166\">Aplinkos s\u0105lygos<\/td>\n<td width=\"373\">Laikymo temperat\u016bra: nuo 0 \u2103 iki + 50 \u2103<\/td>\n<\/tr>\n<tr>\n<td width=\"166\"><\/td>\n<td width=\"373\">Santykin\u0117 oro dr\u0117gm\u0117: nuo 10% iki 90% nekondensuojanti<\/td>\n<\/tr>\n<tr>\n<td width=\"166\">Matmenys<\/td>\n<td width=\"373\">129 mm x 68,5 mm x 17,4 mm, 168 g (su akumuliatoriumi)<\/td>\n<\/tr>\n<\/tbody>\n<\/table>","protected":false},"excerpt":{"rendered":"<p>This ergonomic Android mPOS features a 4&#8243; touch screen and QR code scanner, ensuring a seamless payment experience with robust connectivity options.<\/p>","protected":false},"featured_media":2039,"template":"","meta":[],"product_brand":[],"product_cat":[15],"product_tag":[],"class_list":{"0":"post-2038","1":"product","2":"type-product","3":"status-publish","4":"has-post-thumbnail","6":"product_cat-pos-machine","8":"first","9":"instock","10":"shipping-taxable","11":"product-type-simple"},"_links":{"self":[{"href":"https:\/\/nfc-readers.com\/lt\/wp-json\/wp\/v2\/product\/2038","targetHints":{"allow":["GET"]}}],"collection":[{"href":"https:\/\/nfc-readers.com\/lt\/wp-json\/wp\/v2\/product"}],"about":[{"href":"https:\/\/nfc-readers.com\/lt\/wp-json\/wp\/v2\/types\/product"}],"wp:featuredmedia":[{"embeddable":true,"href":"https:\/\/nfc-readers.com\/lt\/wp-json\/wp\/v2\/media\/2039"}],"wp:attachment":[{"href":"https:\/\/nfc-readers.com\/lt\/wp-json\/wp\/v2\/media?parent=2038"}],"wp:term":[{"taxonomy":"product_brand","embeddable":true,"href":"https:\/\/nfc-readers.com\/lt\/wp-json\/wp\/v2\/product_brand?post=2038"},{"taxonomy":"product_cat","embeddable":true,"href":"https:\/\/nfc-readers.com\/lt\/wp-json\/wp\/v2\/product_cat?post=2038"},{"taxonomy":"product_tag","embeddable":true,"href":"https:\/\/nfc-readers.com\/lt\/wp-json\/wp\/v2\/product_tag?post=2038"}],"curies":[{"name":"wp","href":"https:\/\/api.w.org\/{rel}","templated":true}]}}