{"id":2046,"date":"2024-04-20T12:17:56","date_gmt":"2024-04-20T12:17:56","guid":{"rendered":"https:\/\/nfc-readers.com\/?post_type=product&#038;p=2046"},"modified":"2024-09-29T07:20:59","modified_gmt":"2024-09-29T07:20:59","slug":"fudan-f08-nfc-card","status":"publish","type":"product","link":"https:\/\/nfc-readers.com\/lt\/ic-reader\/fudan-f08-nfc-card\/","title":{"rendered":"Fudan F08 NFC kortel\u0117"},"content":{"rendered":"<h1>Fudan F08 NFC kortel\u0117<\/h1>\n<p>Fudan F08 NFC kortel\u0117 yra auk\u0161to da\u017enio bekontakt\u0117 intelektualioji kortel\u0117, kuri\u0105 suk\u016br\u0117 Fudan Microelectronics Group, \u012fsik\u016brusi \u0160anchajuje, Kinijoje. Ji apima pa\u017eangias saugos technologijas ir \u0161ifravimo algoritmus, si\u016blan\u010dius saug\u0173 ir patikim\u0105 tapatyb\u0117s patikrinim\u0105 ir duomen\u0173 perdavim\u0105 \u012fvairioms programoms. Fudan F08 pirmiausia naudojamas prieigos kontrol\u0117s sistemose, lankomumo sistemose, transporto bilietuose, universiteto kortel\u0117se ir kt. Fudan F08 kortel\u0117 yra suderinama su MIFARE Classic\u00ae 1K kortel\u0117s programomis, tod\u0117l vartotojams suteikiama papildom\u0173 pasirinkim\u0173.<\/p>\n<table width=\"388\">\n<tbody>\n<tr style=\"font-style: inherit; font-weight: inherit;\">\n<td style=\"font-style: inherit;\" width=\"137\">\n<p data-spm-anchor-id=\"a2700.details.0.i74.641d36fcHPDT7G\">Med\u017eiaga<\/p>\n<\/td>\n<td style=\"font-style: inherit;\" width=\"251\">PVC, PETG<\/td>\n<\/tr>\n<tr style=\"font-style: inherit; font-weight: inherit;\">\n<td style=\"font-style: inherit;\" width=\"137\">Dydis<\/td>\n<td style=\"font-style: inherit;\" width=\"251\">\n<p data-spm-anchor-id=\"a2700.details.0.i69.641d36fcHPDT7G\">CR80 85,5 * 54 mm kaip kreditin\u0117 kortel\u0117 arba pritaikytas dydis arba netaisyklingos formos<\/p>\n<\/td>\n<\/tr>\n<tr style=\"font-style: inherit; font-weight: inherit;\">\n<td style=\"font-style: inherit;\" width=\"137\">Storis<\/td>\n<td style=\"font-style: inherit;\" width=\"251\">0,84 mm kaip kredito kortel\u0117 arba pritaikytas storis<\/td>\n<\/tr>\n<tr style=\"font-style: inherit; font-weight: inherit;\">\n<td style=\"font-style: inherit;\" width=\"137\">Spausdinimas<\/td>\n<td style=\"font-style: inherit;\" width=\"251\">Heidelbergo ofsetin\u0117 spauda \/ Pantone spalvota spauda \/ \u0160ilkografija: 100% atitinka kliento pageidaujam\u0105 spalv\u0105 arba pavyzd\u012f<\/td>\n<\/tr>\n<tr style=\"font-style: inherit; font-weight: inherit;\">\n<td style=\"font-style: inherit;\" width=\"137\">Pavir\u0161ius<\/td>\n<td style=\"font-style: inherit;\" width=\"251\">Blizgus, matinis, blizgantis, metalinis, lazeris arba su perdanga terminiam spausdintuvui arba specialiu laku Epson ra\u0161aliniam spausdintuvui<\/td>\n<\/tr>\n<tr style=\"font-style: inherit; font-weight: inherit;\">\n<td style=\"font-style: inherit;\" rowspan=\"10\" width=\"137\">Personalizavimas arba specialus amatas<\/td>\n<td style=\"font-style: inherit;\" width=\"251\">Magnetin\u0117 juostel\u0117: Loco 300oe, Hico 2750oe, 2 arba 3 takeliai, juoda\/auksin\u0117\/sidabrin\u0117 magija<\/td>\n<\/tr>\n<tr>\n<td width=\"251\">Br\u016bk\u0161ninis kodas: EAN-13, EAN-128, CODE128, CODE39, QR br\u016bk\u0161ninis kodas ir kt.<\/td>\n<\/tr>\n<tr>\n<td width=\"251\">Sidabrin\u0117s arba auksin\u0117s spalvos skai\u010di\u0173 arba raid\u017ei\u0173 \u012fspaudimas<\/td>\n<\/tr>\n<tr>\n<td width=\"251\">Metalin\u0117 spauda aukso arba sidabro fone<\/td>\n<\/tr>\n<tr>\n<td width=\"251\">Para\u0161o skydelis \/ Nubraukiamas skydelis<\/td>\n<\/tr>\n<tr>\n<td width=\"251\">Lazerinis numeri\u0173 graviravimas<\/td>\n<\/tr>\n<tr>\n<td width=\"251\">Aukso \/ sidabro folijos \u0161tampavimas<\/td>\n<\/tr>\n<tr>\n<td width=\"251\">UV ta\u0161kinis spausdinimas<\/td>\n<\/tr>\n<tr>\n<td width=\"251\">Mai\u0161elis apvalios arba ovalios skyl\u0117s<\/td>\n<\/tr>\n<tr>\n<td width=\"251\">Apsauginis spausdinimas: Holograma, OVI saugos spausdinimas, Brailio ra\u0161tas, Fluorescencinis anti-counter feiting, Mikro teksto spausdinimas<\/td>\n<\/tr>\n<tr style=\"font-style: inherit; font-weight: inherit;\">\n<td style=\"font-style: inherit;\" width=\"137\">Galimas 13,56 MHz lustas<\/td>\n<td style=\"font-style: inherit;\" width=\"251\">NTAG213, NTAG215, NTAG216 ir kt.<\/td>\n<\/tr>\n<tr style=\"font-style: inherit; font-weight: inherit;\">\n<td style=\"font-style: inherit;\" rowspan=\"2\" width=\"137\">Programos<\/td>\n<td style=\"font-style: inherit;\" width=\"251\">\n<p data-spm-anchor-id=\"a2700.details.0.i70.641d36fcHPDT7G\">\u012emon\u0117s, mokykla, klubas, reklama, eismas, prekybos centras, automobili\u0173 stov\u0117jimo aik\u0161tel\u0117, bankas, vyriausyb\u0117, draudimas, medicinin\u0117 prie\u017ei\u016bra, reklama,<\/p>\n<\/td>\n<\/tr>\n<tr>\n<td width=\"251\">lankantis ir pan.<\/td>\n<\/tr>\n<\/tbody>\n<\/table>","protected":false},"excerpt":{"rendered":"<p>The Fudan F08 NFC chip is a secure smart card ideal for access control and ticketing, compatible with RFID MIFARE Classic\u00ae 1K applications for added flexibility.<\/p>","protected":false},"featured_media":2047,"template":"","meta":[],"product_brand":[],"product_cat":[46],"product_tag":[],"class_list":{"0":"post-2046","1":"product","2":"type-product","3":"status-publish","4":"has-post-thumbnail","6":"product_cat-nfc-cards","8":"first","9":"instock","10":"shipping-taxable","11":"product-type-simple"},"_links":{"self":[{"href":"https:\/\/nfc-readers.com\/lt\/wp-json\/wp\/v2\/product\/2046","targetHints":{"allow":["GET"]}}],"collection":[{"href":"https:\/\/nfc-readers.com\/lt\/wp-json\/wp\/v2\/product"}],"about":[{"href":"https:\/\/nfc-readers.com\/lt\/wp-json\/wp\/v2\/types\/product"}],"wp:featuredmedia":[{"embeddable":true,"href":"https:\/\/nfc-readers.com\/lt\/wp-json\/wp\/v2\/media\/2047"}],"wp:attachment":[{"href":"https:\/\/nfc-readers.com\/lt\/wp-json\/wp\/v2\/media?parent=2046"}],"wp:term":[{"taxonomy":"product_brand","embeddable":true,"href":"https:\/\/nfc-readers.com\/lt\/wp-json\/wp\/v2\/product_brand?post=2046"},{"taxonomy":"product_cat","embeddable":true,"href":"https:\/\/nfc-readers.com\/lt\/wp-json\/wp\/v2\/product_cat?post=2046"},{"taxonomy":"product_tag","embeddable":true,"href":"https:\/\/nfc-readers.com\/lt\/wp-json\/wp\/v2\/product_tag?post=2046"}],"curies":[{"name":"wp","href":"https:\/\/api.w.org\/{rel}","templated":true}]}}