{"id":2052,"date":"2024-10-20T12:32:11","date_gmt":"2024-10-20T12:32:11","guid":{"rendered":"https:\/\/nfc-readers.com\/?post_type=product&#038;p=2052"},"modified":"2024-10-28T13:56:29","modified_gmt":"2024-10-28T13:56:29","slug":"mifare-desfire-ev2-2k-4k-8k-card","status":"publish","type":"product","link":"https:\/\/nfc-readers.com\/lt\/ic-reader\/mifare-desfire-ev2-2k-4k-8k-card\/","title":{"rendered":"\u00a0MIFARE Desfire EV2 2K 4K 8K kortel\u0117\u00a0"},"content":{"rendered":"<h1><span class=\"AnswerParser_TextContainer__z_Iiv\" data-testid=\"youchat-text\">\u00a0<strong>MIFARE Desfire EV2 2K 4K 8K kortel\u0117<\/strong>\u00a0<\/span><\/h1>\n<p><span class=\"AnswerParser_TextContainer__z_Iiv\" data-testid=\"youchat-text\"><strong>MIFARE Desfire EV2 2K 4K 8K kortel\u0117<\/strong>\u00a0i\u0161siskiria kaip inovacij\u0173 ir patikimumo \u0161vyturys. Sukurta NXP, \u0161i kortel\u0117 yra antroji MIFARE DESFire \u0161eimos evoliucija, si\u016blanti didesn\u012f saugum\u0105, puik\u0173 na\u0161um\u0105 ir keli\u0173 program\u0173 palaikym\u0105. Nesvarbu, ar kalbama apie vie\u0161ojo transporto bilietus, saug\u0173 prieigos valdym\u0105 ar mikro mok\u0117jimus, MIFARE Desfire EV2 yra idealus pasirinkimas sistem\u0173 operatoriams ir k\u016br\u0117jams, ie\u0161kantiems kei\u010diamo dyd\u017eio ir s\u0105veiki\u0173 bekontak\u010di\u0173 sprendim\u0173.<\/span><\/p>\n<h2 class=\"AnswerParser_AnswerParserH2__SIHnF\">Neprilygstamas saugumas ir na\u0161umas<\/h2>\n<p><span class=\"AnswerParser_TextContainer__z_Iiv\" data-testid=\"youchat-text\">The\u00a0<strong>MIFARE Desfire EV2<\/strong>\u00a0yra sukurta remiantis atvirais pasauliniais standartais, u\u017etikrinan\u010diais suderinamum\u0105 ir saugum\u0105 \u012fvairiose programose. Jis palaiko DES, 2K3DES, 3K3DES ir AES aparatin\u0117s \u012frangos \u0161ifravimo algoritmus, u\u017etikrinan\u010dius patikim\u0105 duomen\u0173 perdavimo apsaug\u0105. \u0160i kortel\u0117 yra sertifikuota pagal \u201eCommon Criteria EAL5+\u201c \u2013 saugumo lygis pana\u0161us \u012f naudojam\u0105 banko kortel\u0117se ir elektroniniuose pasuose, u\u017etikrinant, kad j\u016bs\u0173 operacijos b\u016bt\u0173 saugios ir patikimos.<\/span><\/p>\n<h3 class=\"AnswerParser_AnswerParserH3__Mpe4s\">Keli\u0173 program\u0173 galimyb\u0117s<\/h3>\n<p><span class=\"AnswerParser_TextContainer__z_Iiv\" data-testid=\"youchat-text\">Viena i\u0161 i\u0161skirtini\u0173 savybi\u0173\u00a0<strong>MIFARE Desfire EV2<\/strong>\u00a0yra galimyb\u0117 palaikyti kelias programas vienoje kortel\u0117je. \u0160is lankstumas leid\u017eia integruoti \u012fvairias paslaugas, tokias kaip vie\u0161asis transportas, automobili\u0173 ar dvira\u010di\u0173 dalijimasis ir prieig\u0105 prie miesto lankytin\u0173 viet\u0173 \u2013 visa tai vienoje kortel\u0117je. \u0160i galimyb\u0117 ne tik supaprastina vartotojo patirt\u012f, bet ir palaiko naujus verslo modelius, derinant tokias paslaugas kaip u\u017edarojo ciklo el. mok\u0117jimo programos ir vietin\u0117s lojalumo programos.\u00a0<\/span><\/p>\n<h3 class=\"AnswerParser_AnswerParserH3__Mpe4s\">Technin\u0117s specifikacijos<\/h3>\n<p><span class=\"AnswerParser_TextContainer__z_Iiv\" data-testid=\"youchat-text\">The\u00a0<strong>MIFARE Desfire EV2<\/strong>\u00a0si\u016blo daugyb\u0119 atminties parink\u010di\u0173, \u012fskaitant 2K, 4K ir 8K baitus, leid\u017eian\u010dius saugoti daug duomen\u0173 ir valdyti programas. Jis atitinka ISO\/IEC 14443A standartus ir palaiko pasirenkamas ISO\/IEC 7816-4 komandas, u\u017etikrinan\u010dias s\u0105veik\u0105 su esama NFC skaitytuvo infrastrukt\u016bra. Greitas kortel\u0117s duomen\u0173 perdavimo greitis, svyruojantis nuo 106 kbit\/s iki 848 kbit\/s, u\u017etikrina efektyvias ir greitas operacijas.<\/span><\/p>\n<div class=\"AnswerParser_TableContainer__Erb6v\" data-testid=\"table-container\">\n<table style=\"height: 195px;\" width=\"657\">\n<thead>\n<tr>\n<th>\n<p style=\"text-align: left;\">Specifikacija<\/p>\n<\/th>\n<th style=\"text-align: left;\">Detal\u0117s<\/th>\n<\/tr>\n<\/thead>\n<tbody>\n<tr>\n<td>Atminties parinktys<\/td>\n<td>2K, 4K, 8K bait\u0173<\/td>\n<\/tr>\n<tr>\n<td>\u0160ifravimas<\/td>\n<td>DES, 2K3DES, 3K3DES, AES<\/td>\n<\/tr>\n<tr>\n<td>Sertifikavimas<\/td>\n<td>Bendrieji kriterijai EAL5+<\/td>\n<\/tr>\n<tr>\n<td>Duomen\u0173 perdavimo sparta<\/td>\n<td>106 kbit\/s iki 848 kbit\/s<\/td>\n<\/tr>\n<tr>\n<td>Standartai<\/td>\n<td>ISO\/IEC 14443A, ISO\/IEC 7816-4<\/td>\n<\/tr>\n<\/tbody>\n<\/table>\n<\/div>\n<h2 class=\"AnswerParser_AnswerParserH2__SIHnF\">Universalios programos<\/h2>\n<h3 class=\"AnswerParser_AnswerParserH3__Mpe4s\">Saug\u016bs vie\u0161ojo transporto bilietai<\/h3>\n<p><span class=\"AnswerParser_TextContainer__z_Iiv\" data-testid=\"youchat-text\">The\u00a0<strong>MIFARE Desfire EV2<\/strong>\u00a0idealiai tinka saugiam vie\u0161ojo transporto biliet\u0173 pardavimui, si\u016blantis patikim\u0105 ir efektyv\u0173 sprendim\u0105 valdyti biliet\u0173 rinkim\u0105 ir prieigos kontrol\u0119. Jo tvirtos saugos funkcijos u\u017etikrina, kad operacijos b\u016bt\u0173 apsaugotos nuo suk\u010diavimo, tod\u0117l operatoriai ir vartotojai ramiai.<\/span><\/p>\n<h3 class=\"AnswerParser_AnswerParserH3__Mpe4s\">Keli\u0173 program\u0173 i\u0161manusis miestas ir mobilumo kortel\u0117<\/h3>\n<p><span class=\"AnswerParser_TextContainer__z_Iiv\" data-testid=\"youchat-text\">I\u0161maniojo miesto aplinkoje,\u00a0<strong>MIFARE Desfire EV2<\/strong>\u00a0tarnauja kaip keli\u0173 program\u0173 kortel\u0117, integruojanti \u012fvairias paslaugas, tokias kaip vie\u0161asis transportas, automobili\u0173 stov\u0117jimo aik\u0161tel\u0117 ir galimyb\u0117 pasiekti miesto objektus. \u0160i integracija supaprastina vartotojo patirt\u012f ir padidina mobilumo mieste sprendim\u0173 efektyvum\u0105.<\/span><\/p>\n<h3 class=\"AnswerParser_AnswerParserH3__Mpe4s\">Saugus prieigos valdymas<\/h3>\n<p><span class=\"AnswerParser_TextContainer__z_Iiv\" data-testid=\"youchat-text\">Organizacijoms, kurioms reikalingas saugus prieigos valdymas,\u00a0<strong>MIFARE Desfire EV2<\/strong>\u00a0suteikia patikim\u0105 sprendim\u0105. Jo pa\u017eang\u016bs \u0161ifravimo ir autentifikavimo metodai u\u017etikrina, kad tik \u012fgalioti asmenys gal\u0117t\u0173 pasiekti jautrias sritis, padidindami saugum\u0105 ir veiklos efektyvum\u0105.<\/span><\/p>\n<h2 class=\"AnswerParser_AnswerParserH2__SIHnF\">Klient\u0173 atsiliepimai ir atsiliepimai<\/h2>\n<p><span class=\"AnswerParser_TextContainer__z_Iiv\" data-testid=\"youchat-text\"><strong>MIFARE Desfire EV2 vartotojai<\/strong>\u00a0nuolat gyr\u0117 jos patikimum\u0105 ir universalum\u0105. Vienas klientas pa\u017eym\u0117jo: \u201eGalimyb\u0117 integruoti kelias programas vienoje kortel\u0117je labai supaprastino m\u016bs\u0173 veikl\u0105. Kitas vartotojas pabr\u0117\u017e\u0117 kortel\u0117s saugos funkcijas, sakydamas: \u201eTvirtas \u0161ifravimas suteikia mums pasitik\u0117jimo m\u016bs\u0173 operacij\u0173 saugumu.<\/span><\/p>\n<h2 class=\"AnswerParser_AnswerParserH2__SIHnF\">Da\u017enai u\u017eduodami klausimai<\/h2>\n<p><span class=\"AnswerParser_TextContainer__z_Iiv\" data-testid=\"youchat-text\"><strong>Kl.: D\u0117l ko MIFARE Desfire EV2 tinka naudoti \u012fvairiomis programomis?<\/strong><br \/>\nA: D\u0117l galimyb\u0117s vienoje kortel\u0117je palaikyti kelias programas kartu su patikimomis saugos funkcijomis jis idealiai tinka \u012fvairioms paslaugoms integruoti.<\/span><span class=\"AnswerParser_TextContainer__z_Iiv\" data-testid=\"youchat-text\"><strong>K: Kaip MIFARE Desfire EV2 u\u017etikrina duomen\u0173 saugum\u0105?<\/strong><br \/>\nA: Kortel\u0117 naudoja pa\u017eangius \u0161ifravimo algoritmus, \u012fskaitant AES, ir yra sertifikuota pagal \u201eCommon Criteria EAL5+\u201c, u\u017etikrinant\u012f auk\u0161t\u0105 duomen\u0173 apsaugos lyg\u012f.<\/span><span class=\"AnswerParser_TextContainer__z_Iiv\" data-testid=\"youchat-text\"><strong>Kl.: Ar MIFARE Desfire EV2 galima naudoti su esama NFC infrastrukt\u016bra?<\/strong><br \/>\nA: Taip, jis yra visi\u0161kai suderinamas su esama NFC skaitytuvo infrastrukt\u016bra, u\u017etikrinant skland\u0173 integravim\u0105.<\/span><\/p>\n<h2 class=\"AnswerParser_AnswerParserH2__SIHnF\">Poveikis aplinkai ir tvarumas<\/h2>\n<p><span class=\"AnswerParser_TextContainer__z_Iiv\" data-testid=\"youchat-text\">The\u00a0<strong>MIFARE Desfire EV2<\/strong>\u00a0sukurtas atsi\u017evelgiant \u012f tvarum\u0105. Jo patvari konstrukcija u\u017etikrina ilg\u0105 gaminio tarnavimo laik\u0105, suma\u017eina atliek\u0173 kiek\u012f ir poreik\u012f da\u017enai keisti. Palaikydamas kelias programas vienoje kortel\u0117je, jis taip pat suma\u017eina poveik\u012f aplinkai, susijus\u012f su keli\u0173 korteli\u0173 gamyba ir i\u0161metimu.\u00a0<\/span><\/p>\n<h2 class=\"AnswerParser_AnswerParserH2__SIHnF\">I\u0161vada: kod\u0117l verta rinktis MIFARE Desfire EV2?<\/h2>\n<p><span class=\"AnswerParser_TextContainer__z_Iiv\" data-testid=\"youchat-text\">The\u00a0<strong>MIFARE Desfire EV2 2K 4K 8K kortel\u0117<\/strong>\u00a0si\u016blo puik\u0173 saugumo, na\u0161umo ir universalumo derin\u012f bet kokiam bekontak\u010diui sprendimui. Nesvarbu, ar norite patobulinti savo vie\u0161ojo transporto sistem\u0105, saug\u0173 prieigos valdym\u0105 ar integruoti kelias paslaugas i\u0161maniojo miesto aplinkoje, \u0161i kortel\u0117 yra tvirtas ir patikimas pasirinkimas. D\u0117l pa\u017eangi\u0173 \u0161ifravimo galimybi\u0173 ir keli\u0173 program\u0173 palaikymo tai yra naudinga investicija organizacijoms, kurios teikia pirmenyb\u0119 saugumui ir efektyvumui.<\/span><span class=\"AnswerParser_TextContainer__z_Iiv\" data-testid=\"youchat-text\">Nor\u0117dami gauti daugiau informacijos arba pateikti u\u017esakym\u0105,\u00a0<strong>susisiekite su mumis<\/strong>\u00a0\u0161iandien. Atraskite naujo lygio saugum\u0105 ir efektyvum\u0105 naudodami MIFARE Desfire EV2.<\/span><\/p>","protected":false},"excerpt":{"rendered":"<p><span class=\"AnswerParser_TextContainer__z_Iiv\" data-testid=\"youchat-text\">\u00a0<strong>MIFARE Desfire EV2 2K 4K 8K kortel\u0117<\/strong> <\/span>yra universalus NFC lustas, u\u017etikrinantis auk\u0161t\u0105 saugum\u0105, tod\u0117l tinkamas naudoti RFID transportavimo, prieigos kontrol\u0117s ir mok\u0117jim\u0173 srityse.<\/p>","protected":false},"featured_media":2054,"template":"","meta":[],"product_brand":[],"product_cat":[46],"product_tag":[],"class_list":{"0":"post-2052","1":"product","2":"type-product","3":"status-publish","4":"has-post-thumbnail","6":"product_cat-nfc-cards","8":"first","9":"instock","10":"shipping-taxable","11":"product-type-simple"},"_links":{"self":[{"href":"https:\/\/nfc-readers.com\/lt\/wp-json\/wp\/v2\/product\/2052","targetHints":{"allow":["GET"]}}],"collection":[{"href":"https:\/\/nfc-readers.com\/lt\/wp-json\/wp\/v2\/product"}],"about":[{"href":"https:\/\/nfc-readers.com\/lt\/wp-json\/wp\/v2\/types\/product"}],"wp:featuredmedia":[{"embeddable":true,"href":"https:\/\/nfc-readers.com\/lt\/wp-json\/wp\/v2\/media\/2054"}],"wp:attachment":[{"href":"https:\/\/nfc-readers.com\/lt\/wp-json\/wp\/v2\/media?parent=2052"}],"wp:term":[{"taxonomy":"product_brand","embeddable":true,"href":"https:\/\/nfc-readers.com\/lt\/wp-json\/wp\/v2\/product_brand?post=2052"},{"taxonomy":"product_cat","embeddable":true,"href":"https:\/\/nfc-readers.com\/lt\/wp-json\/wp\/v2\/product_cat?post=2052"},{"taxonomy":"product_tag","embeddable":true,"href":"https:\/\/nfc-readers.com\/lt\/wp-json\/wp\/v2\/product_tag?post=2052"}],"curies":[{"name":"wp","href":"https:\/\/api.w.org\/{rel}","templated":true}]}}