{"id":2109,"date":"2024-04-22T02:26:55","date_gmt":"2024-04-22T02:26:55","guid":{"rendered":"https:\/\/nfc-readers.com\/?post_type=product&#038;p=2109"},"modified":"2024-09-29T01:56:55","modified_gmt":"2024-09-29T01:56:55","slug":"nfc-stickers-ntag213216","status":"publish","type":"product","link":"https:\/\/nfc-readers.com\/lt\/ic-reader\/nfc-stickers-ntag213216\/","title":{"rendered":"NFC lipdukai NTAG213 215 216"},"content":{"rendered":"<h1>NFC lipdukai NTAG213 215 216<\/h1>\n<table width=\"534\">\n<tbody>\n<tr style=\"font-style: inherit; font-weight: inherit;\">\n<td style=\"font-style: inherit;\" width=\"215\">\n<p data-spm-anchor-id=\"a2700.pc-decorate.0.i49.7c5c3333IeSDv6\">daiktas<\/p>\n<\/td>\n<td width=\"319\">Specifikatinai<\/td>\n<\/tr>\n<tr style=\"font-style: inherit; font-weight: inherit;\">\n<td style=\"font-style: inherit;\" width=\"215\">\n<p data-spm-anchor-id=\"a2700.pc-decorate.0.i22.bd1b3333wXnVY0\">Kilm\u0117s vieta<\/p>\n<\/td>\n<td width=\"319\">Kinija<\/td>\n<\/tr>\n<tr style=\"font-style: inherit; font-weight: inherit;\">\n<td style=\"font-style: inherit;\" width=\"215\">\n<p data-spm-anchor-id=\"0.0.0.i10.277b4f05XiiaMd\">Sertifikavimas<\/p>\n<\/td>\n<td width=\"319\">\n<p data-spm-anchor-id=\"a2700.pc-decorate.0.i10.bd1b3333wXnVY0\">CE\/ROHS<\/p>\n<\/td>\n<\/tr>\n<tr style=\"font-style: inherit; font-weight: inherit;\">\n<td style=\"font-style: inherit;\" width=\"215\">Med\u017eiaga<\/td>\n<td width=\"319\">\n<p data-spm-anchor-id=\"a2700.pc-decorate.0.i50.7c5c3333IeSDv6\">PET, dengtas popierius, epoksidin\u0117 derva, terminis popierius ir kt.<\/p>\n<\/td>\n<\/tr>\n<tr style=\"font-style: inherit; font-weight: inherit;\">\n<td style=\"font-style: inherit;\" width=\"215\">Chip<\/td>\n<td width=\"319\">\n<p data-spm-anchor-id=\"a2700.pc-decorate.0.i50.bd1b3333wXnVY0\">NTAG 213 \/ NTAG 215 \/ Ntag 216 \/ Fudan F08 arba tinkinkite<\/p>\n<\/td>\n<\/tr>\n<tr style=\"font-style: inherit; font-weight: inherit;\">\n<td style=\"font-style: inherit;\" width=\"215\">Da\u017enis<\/td>\n<td width=\"319\">\n<p data-spm-anchor-id=\"0.0.0.i5.277b4f05QIK8KU\">13.56Mhz<\/p>\n<\/td>\n<\/tr>\n<tr style=\"font-style: inherit; font-weight: inherit;\">\n<td style=\"font-style: inherit;\" width=\"215\">\n<p data-spm-anchor-id=\"a2700.pc-decorate.0.i90.6e273333nK6FqH\">protokolas<\/p>\n<\/td>\n<td width=\"319\">\n<p data-spm-anchor-id=\"a2700.pc-decorate.0.i51.bd1b3333wXnVY0\">ISO 14443A<\/p>\n<\/td>\n<\/tr>\n<tr style=\"font-style: inherit; font-weight: inherit;\">\n<td style=\"font-style: inherit;\" rowspan=\"3\" width=\"215\">Dydis<\/td>\n<td width=\"319\">\n<p data-spm-anchor-id=\"a2700.pc-decorate.0.i53.bd1b3333wXnVY0\">Apvalus 18,25, 30, 35,40 mm<\/p>\n<\/td>\n<\/tr>\n<tr>\n<td width=\"319\">\n<p data-spm-anchor-id=\"a2700.pc-decorate.0.i53.bd1b3333wXnVY0\">Kvadratas 86*54,40*25,55*18,10*20,18*18,30*15<\/p>\n<\/td>\n<\/tr>\n<tr>\n<td width=\"319\">\n<p data-spm-anchor-id=\"a2700.pc-decorate.0.i53.bd1b3333wXnVY0\">arba pritaikytas dydis<\/p>\n<\/td>\n<\/tr>\n<tr style=\"font-style: inherit; font-weight: inherit;\">\n<td style=\"font-style: inherit;\" width=\"215\">\n<p data-spm-anchor-id=\"0.0.0.i1.277b4f05XiiaMd\">Funkcija<\/p>\n<\/td>\n<td width=\"319\">\n<p data-spm-anchor-id=\"a2700.pc-decorate.0.i47.bd1b3333wXnVY0\">gerai, jei norite dalytis duomenimis per telefon\u0105, kuriame \u012fjungtas nfc, grei\u010diau ir patogiau nei \u012fprastos \u017eymos<\/p>\n<\/td>\n<\/tr>\n<tr style=\"font-style: inherit; font-weight: inherit;\">\n<td style=\"font-style: inherit;\" width=\"215\">\n<p data-spm-anchor-id=\"0.0.0.i8.277b4f05XiiaMd\">Pavyzdys<\/p>\n<\/td>\n<td width=\"319\">\n<p data-spm-anchor-id=\"a2700.pc-decorate.0.i39.6e273333nK6FqH\">galima nemokamai<\/p>\n<\/td>\n<\/tr>\n<tr style=\"font-style: inherit; font-weight: inherit;\">\n<td style=\"font-style: inherit;\" width=\"215\">\n<p data-spm-anchor-id=\"a2700.pc-decorate.0.i95.6e273333nK6FqH\">Skaitymo atstumas<\/p>\n<\/td>\n<td width=\"319\">\n<p data-spm-anchor-id=\"a2700.pc-decorate.0.i89.6e273333nK6FqH\">0-10 cm<\/p>\n<\/td>\n<\/tr>\n<tr style=\"font-style: inherit; font-weight: inherit;\">\n<td style=\"font-style: inherit;\" width=\"215\">\n<p data-spm-anchor-id=\"a2700.pc-decorate.0.i35.6e273333nK6FqH\">Produkto pavadinimas<\/p>\n<\/td>\n<td width=\"319\">\n<p data-spm-anchor-id=\"a2700.pc-decorate.0.i12.bd1b3333wXnVY0\">Pasirinktiniai NTAG 213 NFC lipdukai apval\u016bs 18 mm tu\u0161\u010dia balta etiket\u0117 NTAG 213 \u017eymos puikiai veikia su mobiliuoju telefonu su NFC<\/p>\n<\/td>\n<\/tr>\n<tr style=\"font-style: inherit; font-weight: inherit;\">\n<td style=\"font-style: inherit;\" rowspan=\"3\" width=\"215\">Personalizavimas<\/td>\n<td style=\"font-style: inherit;\" width=\"319\">-Priskirtas logotipas, spalvotas spausdintas pavir\u0161iniam popieriui<\/td>\n<\/tr>\n<tr>\n<td width=\"319\">-Pavir\u0161iaus med\u017eiaga pagal u\u017esakym\u0105<\/td>\n<\/tr>\n<tr>\n<td width=\"319\">- tinkinta duomen\u0173 informacija, \u012fra\u0161oma \u012f lust\u0105, pvz., url (svetain\u0117), serijos numeriai ir kt.<\/td>\n<\/tr>\n<tr style=\"font-style: inherit; font-weight: inherit;\">\n<td style=\"font-style: inherit;\" rowspan=\"3\" width=\"215\">Taikymas<\/td>\n<td style=\"font-style: inherit;\" width=\"319\">NFC socialin\u0117 \u017einiasklaida, logistika, valdymas, turto valdymas, tiekimo grandin\u0117s valdymas, transporto priemoni\u0173 valdymas, gamybos kontrol\u0117,<\/td>\n<\/tr>\n<tr>\n<td width=\"319\">sand\u0117lio valdymas, produkt\u0173 valdymas, produkt\u0173 tikrinimas, turto sekimas, baga\u017eo tvarkymo sekimas, atsarg\u0173 valdymas,<\/td>\n<\/tr>\n<tr>\n<td width=\"319\">ir tt<\/td>\n<\/tr>\n<\/tbody>\n<\/table>\n<p>&nbsp;<\/p>\n<p><img loading=\"lazy\" decoding=\"async\" class=\"alignnone wp-image-2110\" src=\"https:\/\/nfc-readers.com\/wp-content\/uploads\/2024\/04\/H13e28f218c5e4df380794f87c5769ff4e-300x252.jpg\" alt=\"\" width=\"573\" height=\"481\" srcset=\"https:\/\/nfc-readers.com\/wp-content\/uploads\/2024\/04\/H13e28f218c5e4df380794f87c5769ff4e-300x252.jpg 300w, https:\/\/nfc-readers.com\/wp-content\/uploads\/2024\/04\/H13e28f218c5e4df380794f87c5769ff4e-600x503.jpg 600w, https:\/\/nfc-readers.com\/wp-content\/uploads\/2024\/04\/H13e28f218c5e4df380794f87c5769ff4e.jpg 750w\" sizes=\"auto, (max-width: 573px) 100vw, 573px\" \/><\/p>\n<div class=\"J_module\">\n<div class=\"detail-decorate-json-renderer-container\">\n<div class=\"magic-1\">\n<div class=\"magic-2\">\n<div class=\"magic-3\">\n<div class=\"magic-4\">\n<div class=\"magic-5\" data-spm-anchor-id=\"a2700.details.0.i69.2c8dabc3vwGabt\"><b class=\"magic-6\"><span class=\"magic-7\">Pasirinktiniai NTAG 213 NFC lipdukai apval\u016bs 18 mm tu\u0161\u010dia balta etiket\u0117 NTAG 213 \u017eymos puikiai veikia su mobiliuoju telefonu su NFC<\/span><\/b><\/div>\n<div>\n<div><\/div>\n<\/div>\n<\/div>\n<\/div>\n<\/div>\n<\/div>\n<\/div>\n<\/div>\n<div class=\"J_module\">\n<div class=\"detail-decorate-json-renderer-container\">\n<div class=\"magic-1\">\n<div class=\"magic-2\">\n<div class=\"magic-3\">\n<div class=\"magic-4\"><b><span class=\"magic-8\">Kas yra NFC \u017eyma ir kaip ji veikia <\/span><\/b><br \/>\nNFC, artimojo lauko komunikacijos, \u017eymos yra ma\u017ei integriniai grandynai, skirti saugoti informacij\u0105, kuri\u0105 gali gauti<br \/>\nNFC palaikantys \u012frenginiai, pvz., i\u0161manieji telefonai ir plan\u0161etiniai kompiuteriai. Tai ma\u017ei apval\u016bs arba kvadratiniai lipdukai, kuri\u0173 dydis prilygsta didelei monetai. \u0160ie ma\u017ei belaid\u0117s technologijos lipdukai taip pat leid\u017eia perduoti duomenis tarp dviej\u0173 NFC palaikan\u010di\u0173 \u012frengini\u0173.<\/p>\n<div>\n<div>NFC \u017eymos gali tur\u0117ti skirting\u0105 atminties talp\u0105; Galite i\u0161saugoti telefono numer\u012f arba URL (\u017einiatinklio adres\u0105) ir, kad padidintum\u0117te apsaug\u0105, NFC \u017eymas galima u\u017erakinti, kad \u012fra\u0161ius duomenis neb\u016bt\u0173 galima j\u0173 pakeisti. Ta\u010diau jas galima kelis kartus perkoduoti, kol jos bus u\u017erakintos, o u\u017erakinus NFC \u017eym\u0173 atrakinti negalima.<\/div>\n<div><\/div>\n<div>Jei norite naudoti NFC \u017eymas, turite bakstel\u0117ti lipduk\u0105 savo \u012frenginiu, kuriame \u012fgalintas NFC, arba turite priartinti \u012frengin\u012f pakankamai arti (galb\u016bt colio atstumu), kad \u012frenginys atlikt\u0173 u\u017eprogramuot\u0105 kain\u0105.<\/div>\n<\/div>\n<\/div>\n<\/div>\n<\/div>\n<\/div>\n<\/div>\n<\/div>\n<div class=\"J_module\">\n<div class=\"detail-decorate-json-renderer-container\">\n<div class=\"magic-1\">\n<div class=\"magic-2\">\n<div class=\"magic-3\">\n<div class=\"magic-4\"><span class=\"magic-9\"><span class=\"magic-10\"><b>13,56 MHz rfid \u017eyma, nfc \u017eyma yra lengvai programuojama, pavyzd\u017eiui, u\u017ekoduota URL, kad gal\u0117t\u0173 veikti su Andriod \/ IOS i\u0161maniuoju telefonu su NFC.<br \/>\nKai NFC \u017eyma u\u017edaroma \u012f NFC pad\u0117t\u012f i\u0161maniajame telefone, i\u0161 karto pasirodo u\u017eprogramuota svetain\u0117s nuoroda. Jis daugiausia naudojamas daugeliui program\u0173, toki\u0173 kaip vizitin\u0117 kortel\u0117, \u012fmon\u0117s reklama, i\u0161manusis plakatas, rengini\u0173 bilietai, pramoninis naudojimas ir kt.<\/b><\/span><\/span><\/p>\n<div><b><span class=\"magic-9\">\u00a0<\/span><\/b><\/div>\n<div><span class=\"magic-10\"><b class=\"magic-9\">M\u016bs\u0173 savyb\u0117s:<br \/>\n<\/b><span class=\"magic-11\" style=\"font-family: Arial;\">1.Tinkintas<br \/>\n2. Greitas pristatymo greitis<br \/>\n3.RFID \u017eymos strukt\u016bra: RFID lustas + RFID antena + pavir\u0161iaus med\u017eiagos<br \/>\n4. Profesionalus RFID produkt\u0173 tiek\u0117jas<\/span><\/span><\/div>\n<\/div>\n<\/div>\n<\/div>\n<\/div>\n<\/div>\n<\/div>\n<p>&nbsp;<\/p>\n<p>&nbsp;<\/p>","protected":false},"excerpt":{"rendered":"<p>Compact NFC stickers with NTAG213 215 216 chips enable smart advertising, product authentication, and quick pairing, making RFID solutions accessible and effective.<\/p>","protected":false},"featured_media":2111,"template":"","meta":[],"product_brand":[],"product_cat":[48],"product_tag":[],"class_list":{"0":"post-2109","1":"product","2":"type-product","3":"status-publish","4":"has-post-thumbnail","6":"product_cat-nfc-stickers","8":"first","9":"instock","10":"shipping-taxable","11":"product-type-simple"},"_links":{"self":[{"href":"https:\/\/nfc-readers.com\/lt\/wp-json\/wp\/v2\/product\/2109","targetHints":{"allow":["GET"]}}],"collection":[{"href":"https:\/\/nfc-readers.com\/lt\/wp-json\/wp\/v2\/product"}],"about":[{"href":"https:\/\/nfc-readers.com\/lt\/wp-json\/wp\/v2\/types\/product"}],"wp:featuredmedia":[{"embeddable":true,"href":"https:\/\/nfc-readers.com\/lt\/wp-json\/wp\/v2\/media\/2111"}],"wp:attachment":[{"href":"https:\/\/nfc-readers.com\/lt\/wp-json\/wp\/v2\/media?parent=2109"}],"wp:term":[{"taxonomy":"product_brand","embeddable":true,"href":"https:\/\/nfc-readers.com\/lt\/wp-json\/wp\/v2\/product_brand?post=2109"},{"taxonomy":"product_cat","embeddable":true,"href":"https:\/\/nfc-readers.com\/lt\/wp-json\/wp\/v2\/product_cat?post=2109"},{"taxonomy":"product_tag","embeddable":true,"href":"https:\/\/nfc-readers.com\/lt\/wp-json\/wp\/v2\/product_tag?post=2109"}],"curies":[{"name":"wp","href":"https:\/\/api.w.org\/{rel}","templated":true}]}}