{"id":2117,"date":"2024-04-22T02:40:43","date_gmt":"2024-04-22T02:40:43","guid":{"rendered":"https:\/\/nfc-readers.com\/?post_type=product&#038;p=2117"},"modified":"2024-09-24T06:42:23","modified_gmt":"2024-09-24T06:42:23","slug":"nfc-wet-inlay-ntag213216","status":"publish","type":"product","link":"https:\/\/nfc-readers.com\/lt\/ic-reader\/nfc-wet-inlay-ntag213216\/","title":{"rendered":"NFC sausas\/\u0161lapias \u012fd\u0117klas NTAG213 215 216"},"content":{"rendered":"<h1>NFC sausas\/\u0161lapias \u012fd\u0117klas NTAG213 215 216<\/h1>\n<table width=\"504\">\n<tbody>\n<tr style=\"font-style: inherit; font-weight: inherit;\">\n<td style=\"font-style: inherit;\" width=\"149\">\n<p data-spm-anchor-id=\"a2700.details.0.i60.4f6d26e9ifeROs\">Produktas<\/p>\n<\/td>\n<td style=\"font-style: inherit;\" width=\"355\">Gamyklos tiekimas 13,56 MHz RFID lipduk\u0173 etiket\u0117s NFC sausas \/ \u0161lapias \u012fd\u0117klas NTAG213 215 216<\/td>\n<\/tr>\n<tr style=\"font-style: inherit; font-weight: inherit;\">\n<td style=\"font-style: inherit;\" width=\"149\">Antenos med\u017eiaga<\/td>\n<td style=\"font-style: inherit;\" width=\"355\">Aliuminio Al (30 \u03bcm) + PET (38 \u03bcm) + Al tiltas (10 \u03bcm)<\/td>\n<\/tr>\n<tr style=\"font-style: inherit; font-weight: inherit;\">\n<td style=\"font-style: inherit;\" width=\"149\">\n<p data-spm-anchor-id=\"a2700.details.0.i59.4f6d26e9ifeROs\">Antenos forma<\/p>\n<\/td>\n<td style=\"font-style: inherit;\" width=\"355\">Apvalus arba kvadratinis<\/td>\n<\/tr>\n<tr style=\"font-style: inherit; font-weight: inherit;\">\n<td style=\"font-style: inherit;\" width=\"149\">Storis<\/td>\n<td style=\"font-style: inherit;\" width=\"355\">0,07 mm (lusto vieta: 0,23 mm)<\/td>\n<\/tr>\n<tr style=\"font-style: inherit; font-weight: inherit;\">\n<td style=\"font-style: inherit;\" width=\"149\">Da\u017enis<\/td>\n<td style=\"font-style: inherit;\" width=\"355\">13,56 MHz<\/td>\n<\/tr>\n<tr style=\"font-style: inherit; font-weight: inherit;\">\n<td style=\"font-style: inherit;\" width=\"149\">Sausas \u012fklotas<\/td>\n<td style=\"font-style: inherit;\" width=\"355\">12 * 18 mm, 14,5 * 14,5 mm, 76 * 45 mm, skersmuo 20 mm, 40 mm ir tt<\/td>\n<\/tr>\n<tr style=\"font-style: inherit; font-weight: inherit;\">\n<td style=\"font-style: inherit;\" width=\"149\">Darbin\u0117 temperat\u016bra<\/td>\n<td style=\"font-style: inherit;\" width=\"355\">-20\u2103 iki +60\u2103<\/td>\n<\/tr>\n<tr style=\"font-style: inherit; font-weight: inherit;\">\n<td style=\"font-style: inherit;\" width=\"149\">Laikymo temperat\u016bra<\/td>\n<td style=\"font-style: inherit;\" width=\"355\">-25 \u2103 iki +65 \u2103<\/td>\n<\/tr>\n<tr style=\"font-style: inherit; font-weight: inherit;\">\n<td style=\"font-style: inherit;\" width=\"149\">Darbinis gyvenimas<\/td>\n<td style=\"font-style: inherit;\" width=\"355\">100 000 kart\u0173 \/ 10 met\u0173<\/td>\n<\/tr>\n<tr style=\"font-style: inherit; font-weight: inherit;\">\n<td style=\"font-style: inherit;\" width=\"149\">Nominalus skaitymo diapazonas<\/td>\n<td style=\"font-style: inherit;\" width=\"355\">2\u20136 cm, priklausomai nuo antenos geometrijos ir skaitytuvo konfig\u016bracijos<\/td>\n<\/tr>\n<tr style=\"font-style: inherit; font-weight: inherit;\">\n<td style=\"font-style: inherit;\" width=\"149\">Taikymas<\/td>\n<td width=\"355\">Identifikavimas, kortel\u0117, logistika, biblioteka, turto valdymas, mok\u0117jimas, prieiga<\/td>\n<\/tr>\n<\/tbody>\n<\/table>\n<p>&nbsp;<\/p>\n<p><span style=\"font-size: medium;\"><b>Kokios doz\u0117s RFID \u012fd\u0117klas naudojamas?<\/b><\/span><\/p>\n<p><span style=\"color: #0000ff;\">\u2606<\/span>\u00a0 Pirmiausia turime i\u0161siai\u0161kinti, kas yra RFID sausas \u012fd\u0117klas. RFID sausas \u012fd\u0117klas, sudarytas i\u0161 3 dali\u0173: aliuminio, mikroschem\u0173 rinkinio ir PET. RFID sausas \u012fd\u0117klas yra pusgaminis RFID, jis gali b\u016bti HF arba UHF ir gali b\u016bti perskaitytas skaitytuvo. Kiekvienas RFID sausas \u012fd\u0117klas turi savo unikal\u0173 ID numer\u012f.<\/p>\n<p><span style=\"color: #0000ff;\">\u2606<\/span>\u00a0 RFID sausas \u012fd\u0117klas gali b\u016bti naudojamas kortel\u0117se, lipdukuose, i\u0161maniajame b\u016bste ir kt.<br \/>\n<span style=\"color: #0000ff;\">\u2606\u00a0<\/span>\u00a0Faktin\u0117s programos, tokios kaip prieigos kontrol\u0117, turto valdymas, lankomumo valdymas, gyv\u016bn\u0173 identifikavimo sistema, parkavimo sistema, logistikos valdymas, pramon\u0117s automatizavimas, prekybos centras, parduotuvi\u0173 valdymas, apsaugos sistema, medicinos \u012fstaig\u0173 valdymas ir kt.<\/p>\n<p><img loading=\"lazy\" decoding=\"async\" class=\"alignnone wp-image-2119\" src=\"https:\/\/nfc-readers.com\/wp-content\/uploads\/2024\/04\/HTB1wkZ8X6DuK1Rjy1zjq6zraFXae-300x164.jpg\" alt=\"\" width=\"561\" height=\"307\" srcset=\"https:\/\/nfc-readers.com\/wp-content\/uploads\/2024\/04\/HTB1wkZ8X6DuK1Rjy1zjq6zraFXae-300x164.jpg 300w, https:\/\/nfc-readers.com\/wp-content\/uploads\/2024\/04\/HTB1wkZ8X6DuK1Rjy1zjq6zraFXae-600x329.jpg 600w, https:\/\/nfc-readers.com\/wp-content\/uploads\/2024\/04\/HTB1wkZ8X6DuK1Rjy1zjq6zraFXae.jpg 730w\" sizes=\"auto, (max-width: 561px) 100vw, 561px\" \/><\/p>\n<p><img loading=\"lazy\" decoding=\"async\" class=\"alignnone wp-image-2120\" src=\"https:\/\/nfc-readers.com\/wp-content\/uploads\/2024\/04\/HTB1IBVIDTtYBeNjy1Xdq6xXyVXaq-300x300.jpg\" alt=\"\" width=\"561\" height=\"561\" srcset=\"https:\/\/nfc-readers.com\/wp-content\/uploads\/2024\/04\/HTB1IBVIDTtYBeNjy1Xdq6xXyVXaq-300x300.jpg 300w, https:\/\/nfc-readers.com\/wp-content\/uploads\/2024\/04\/HTB1IBVIDTtYBeNjy1Xdq6xXyVXaq-150x150.jpg 150w, https:\/\/nfc-readers.com\/wp-content\/uploads\/2024\/04\/HTB1IBVIDTtYBeNjy1Xdq6xXyVXaq-600x600.jpg 600w, https:\/\/nfc-readers.com\/wp-content\/uploads\/2024\/04\/HTB1IBVIDTtYBeNjy1Xdq6xXyVXaq-100x100.jpg 100w, https:\/\/nfc-readers.com\/wp-content\/uploads\/2024\/04\/HTB1IBVIDTtYBeNjy1Xdq6xXyVXaq.jpg 750w\" sizes=\"auto, (max-width: 561px) 100vw, 561px\" \/><\/p>","protected":false},"excerpt":{"rendered":"<p>NFC dry\/wet inlays NTAG213 feature an NFC chip for versatile applications, with dry inlays having adhesive-only structures and wet inlays offering extra protection.<\/p>","protected":false},"featured_media":2122,"template":"","meta":[],"product_brand":[],"product_cat":[48],"product_tag":[],"class_list":{"0":"post-2117","1":"product","2":"type-product","3":"status-publish","4":"has-post-thumbnail","6":"product_cat-nfc-stickers","8":"first","9":"instock","10":"shipping-taxable","11":"product-type-simple"},"_links":{"self":[{"href":"https:\/\/nfc-readers.com\/lt\/wp-json\/wp\/v2\/product\/2117","targetHints":{"allow":["GET"]}}],"collection":[{"href":"https:\/\/nfc-readers.com\/lt\/wp-json\/wp\/v2\/product"}],"about":[{"href":"https:\/\/nfc-readers.com\/lt\/wp-json\/wp\/v2\/types\/product"}],"wp:featuredmedia":[{"embeddable":true,"href":"https:\/\/nfc-readers.com\/lt\/wp-json\/wp\/v2\/media\/2122"}],"wp:attachment":[{"href":"https:\/\/nfc-readers.com\/lt\/wp-json\/wp\/v2\/media?parent=2117"}],"wp:term":[{"taxonomy":"product_brand","embeddable":true,"href":"https:\/\/nfc-readers.com\/lt\/wp-json\/wp\/v2\/product_brand?post=2117"},{"taxonomy":"product_cat","embeddable":true,"href":"https:\/\/nfc-readers.com\/lt\/wp-json\/wp\/v2\/product_cat?post=2117"},{"taxonomy":"product_tag","embeddable":true,"href":"https:\/\/nfc-readers.com\/lt\/wp-json\/wp\/v2\/product_tag?post=2117"}],"curies":[{"name":"wp","href":"https:\/\/api.w.org\/{rel}","templated":true}]}}