{"id":2133,"date":"2024-04-22T03:16:50","date_gmt":"2024-04-22T03:16:50","guid":{"rendered":"https:\/\/nfc-readers.com\/?post_type=product&#038;p=2133"},"modified":"2024-09-24T06:04:13","modified_gmt":"2024-09-24T06:04:13","slug":"silicone-rfid-nfc-wristbands","status":"publish","type":"product","link":"https:\/\/nfc-readers.com\/lt\/ic-reader\/silicone-rfid-nfc-wristbands\/","title":{"rendered":"Silikonin\u0117s RFID NFC apyrank\u0117s"},"content":{"rendered":"<table width=\"476\">\n<tbody>\n<tr style=\"font-style: inherit; font-weight: inherit;\">\n<td style=\"font-style: inherit;\" width=\"187\"><span style=\"font-style: inherit; font-weight: inherit;\" data-spm-anchor-id=\"a2700.details.0.i62.23d334f5zYksZe\">Produktas<\/span><\/td>\n<td style=\"font-style: inherit;\" width=\"289\"><span style=\"font-style: inherit; font-weight: inherit;\">\u00a0RFID silikonin\u0117 apyrank\u0117\u00a0<\/span><\/td>\n<\/tr>\n<tr style=\"font-style: inherit; font-weight: inherit;\">\n<td style=\"font-style: inherit;\" width=\"187\"><span style=\"font-style: inherit; font-weight: inherit;\">\u00a0Med\u017eiaga\u00a0<\/span><\/td>\n<td style=\"font-style: inherit;\" width=\"289\"><span style=\"font-style: inherit; font-weight: inherit;\">\u00a0Silikonas<\/span><\/td>\n<\/tr>\n<tr style=\"font-style: inherit; font-weight: inherit;\">\n<td style=\"font-style: inherit;\" width=\"187\"><span style=\"font-style: inherit; font-weight: inherit;\">\u00a0Dydis<\/span><\/td>\n<td style=\"font-style: inherit;\" width=\"289\"><span style=\"font-style: inherit; font-weight: inherit;\">\u00a0Pritaikyta<\/span><\/td>\n<\/tr>\n<tr style=\"font-style: inherit; font-weight: inherit;\">\n<td style=\"font-style: inherit;\" width=\"187\"><span style=\"font-style: inherit; font-weight: inherit;\">\u00a0Spalva<\/span><\/td>\n<td style=\"font-style: inherit;\" width=\"289\"><span style=\"font-style: inherit; font-weight: inherit;\">\u00a0M\u0117lyna \/ raudona \/ juoda \/ balta \/ geltona \/ pilka \/ \u017ealia \/ ro\u017ein\u0117 ir tt arba pritaikyta<\/span><\/td>\n<\/tr>\n<tr style=\"font-style: inherit; font-weight: inherit;\">\n<td style=\"font-style: inherit;\" width=\"187\"><span style=\"font-style: inherit; font-weight: inherit;\">\u00a0protokolas<\/span><\/td>\n<td width=\"289\"><span style=\"font-style: inherit; font-weight: inherit;\">\u00a0ISO14443A, ISO15693<\/span><\/td>\n<\/tr>\n<tr style=\"font-style: inherit; font-weight: inherit;\">\n<td style=\"font-style: inherit;\" width=\"187\"><span style=\"font-style: inherit; font-weight: inherit;\">\u00a0HF lustas (13,56 MHz)\u00a0<\/span><\/td>\n<td style=\"font-style: inherit;\" width=\"289\"><span style=\"font-style: inherit; font-weight: inherit;\">\u00a0FM11RF08, S50, S70, M1K, nfc tag213\/216 ir kt<\/span><\/td>\n<\/tr>\n<tr style=\"font-style: inherit; font-weight: inherit;\">\n<td style=\"font-style: inherit;\" rowspan=\"4\" width=\"187\"><span style=\"font-style: inherit; font-weight: inherit;\">\u00a0Amatas<\/span><\/td>\n<td style=\"font-style: inherit;\" width=\"289\"><span style=\"font-style: inherit; font-weight: inherit;\">\u00a0Tinkinkite spausdinim\u0105<\/span><\/td>\n<\/tr>\n<tr>\n<td width=\"289\"><span style=\"font-style: inherit; font-weight: inherit;\">\u00a0Galima kodavimo paslauga<\/span><\/td>\n<\/tr>\n<tr>\n<td width=\"289\">\u00a0Lazerinio \/ spausdinimo UID arba serijos numeris kortel\u0117je<\/td>\n<\/tr>\n<tr>\n<td width=\"289\">\u00a0UID ir serijos numeris gali b\u016bti pateikti Excel formatu<\/td>\n<\/tr>\n<tr style=\"font-style: inherit; font-weight: inherit;\">\n<td style=\"font-style: inherit;\" width=\"187\"><span style=\"font-style: inherit; font-weight: inherit;\">\u00a0Savyb\u0117s<\/span><\/td>\n<td style=\"font-style: inherit;\" width=\"289\"><span style=\"font-style: inherit; font-weight: inherit;\">\u00a0Lengva ne\u0161ioti ir naudoti, didelis na\u0161umas, ma\u017ea kaina, ekologi\u0161kas, netoksi\u0161kas<\/span><\/td>\n<\/tr>\n<tr style=\"font-style: inherit; font-weight: inherit;\">\n<td style=\"font-style: inherit;\" width=\"187\"><span style=\"font-style: inherit; font-weight: inherit;\">\u00a0Taikymas\u00a0<\/span><\/td>\n<td style=\"font-style: inherit;\" width=\"289\"><span style=\"font-style: inherit; font-weight: inherit;\">\u00a0Pla\u010diai taikoma vakar\u0117liuose, sporto renginiuose, sporto sal\u0117je, restorane, maratone ir kt., kaip prieigos kontrol\u0119 ir mok\u0117jim\u0105<\/span><\/td>\n<\/tr>\n<\/tbody>\n<\/table>\n<div>Silikonin\u0117s RFID apyrank\u0117s<\/div>\n<div><\/div>\n<div>RFID RIE\u0160IN\u0116S RV PARKAMS IR STOVYKL\u0116MS Saugus patogumas. Naudokite RFID apyrankes savo RV parke ar stovyklaviet\u0117se, kad gal\u0117tum\u0117te saugiai kontroliuoti prieig\u0105 prie skirting\u0173 svetain\u0117s viet\u0173 ir sukurti be gryn\u0173j\u0173 pinig\u0173, kur viskas tvarkoma vienu \u010diaupu. Pirkimai be gryn\u0173j\u0173 pinig\u0173.<\/div>\n<div><\/div>\n<div>RFID apyrank\u0117s \u0161eimos pramog\u0173 centrams. Naudokite m\u016bs\u0173 RFID apyrankes saugiam debeto, NFC ir POS operacijoms \u0161eimos pramog\u0173 centruose, arkadose, kazino ir \u017eaidim\u0173 centruose.<\/div>\n<div><\/div>\n<div>Bet kokiai programai. M\u016bs\u0173 vandeniui atsparias silikonines RFID apyrankes naudokite bet kur: sporto sal\u0117je, baseine, SPA centre, vandens parke ar vie\u0161butyje. Mok\u0117kite u\u017e maist\u0105, paslaugas ir patogumus vienu bakstel\u0117jimu m\u016bs\u0173 sistemoje arba savo POS terminale. Silikonin\u0117s RFID apyrank\u0117s taip pat tinka RFID prieigos kontrol\u0117s, u\u017erakinimo ir personalo steb\u0117jimo programoms j\u016bs\u0173 pastate, biure, laboratorijoje ar sand\u0117lyje.<\/div>\n<div><\/div>\n<div><img loading=\"lazy\" decoding=\"async\" class=\"alignnone wp-image-2134\" src=\"https:\/\/nfc-readers.com\/wp-content\/uploads\/2024\/04\/H41cec2b20d6746e4bf71ea249b81ff01N-300x246.jpg\" alt=\"\" width=\"525\" height=\"431\" srcset=\"https:\/\/nfc-readers.com\/wp-content\/uploads\/2024\/04\/H41cec2b20d6746e4bf71ea249b81ff01N-300x246.jpg 300w, https:\/\/nfc-readers.com\/wp-content\/uploads\/2024\/04\/H41cec2b20d6746e4bf71ea249b81ff01N-1024x839.jpg 1024w, https:\/\/nfc-readers.com\/wp-content\/uploads\/2024\/04\/H41cec2b20d6746e4bf71ea249b81ff01N-768x629.jpg 768w, https:\/\/nfc-readers.com\/wp-content\/uploads\/2024\/04\/H41cec2b20d6746e4bf71ea249b81ff01N-1536x1258.jpg 1536w, https:\/\/nfc-readers.com\/wp-content\/uploads\/2024\/04\/H41cec2b20d6746e4bf71ea249b81ff01N-2048x1678.jpg 2048w, https:\/\/nfc-readers.com\/wp-content\/uploads\/2024\/04\/H41cec2b20d6746e4bf71ea249b81ff01N-600x491.jpg 600w\" sizes=\"auto, (max-width: 525px) 100vw, 525px\" \/><\/div>\n<div><img loading=\"lazy\" decoding=\"async\" class=\"alignnone wp-image-2135\" src=\"https:\/\/nfc-readers.com\/wp-content\/uploads\/2024\/04\/HTB1OdAhDr9YBuNjy0Fgq6AxcXXaH-300x300.jpg\" alt=\"\" width=\"527\" height=\"527\" srcset=\"https:\/\/nfc-readers.com\/wp-content\/uploads\/2024\/04\/HTB1OdAhDr9YBuNjy0Fgq6AxcXXaH-300x300.jpg 300w, https:\/\/nfc-readers.com\/wp-content\/uploads\/2024\/04\/HTB1OdAhDr9YBuNjy0Fgq6AxcXXaH-150x150.jpg 150w, https:\/\/nfc-readers.com\/wp-content\/uploads\/2024\/04\/HTB1OdAhDr9YBuNjy0Fgq6AxcXXaH-600x600.jpg 600w, https:\/\/nfc-readers.com\/wp-content\/uploads\/2024\/04\/HTB1OdAhDr9YBuNjy0Fgq6AxcXXaH-100x100.jpg 100w, https:\/\/nfc-readers.com\/wp-content\/uploads\/2024\/04\/HTB1OdAhDr9YBuNjy0Fgq6AxcXXaH.jpg 750w\" sizes=\"auto, (max-width: 527px) 100vw, 527px\" \/><\/div>\n<div><\/div>\n<div>\n<p>DUK:<\/p>\n<p><strong>1. AR GALITE PASI\u016aLYTI MUMS KELIUS PAVYZD\u017dIUS?<\/strong><\/p>\n<p>Kai ai\u0161kiai \u017einosime, koki\u0173 produkt\u0173 jums reikia, galime pasi\u016blyti pana\u0161\u0173 esam\u0105 pavyzd\u012f j\u016bs\u0173 nuorodai.<\/p>\n<p>Pavyzdys nemokamas su sumok\u0117ta pristatymo kaina.<\/p>\n<p>Jei jums reikia pritaikyto \u017eymos pavyzd\u017eio pagal j\u016bs\u0173 dizain\u0105 ir reikalavimus, atitinkamai imamas pagr\u012fstas pavyzdinis mokestis.<\/p>\n<p>&nbsp;<\/p>\n<p><strong>2. MES NESOME J\u016aS\u0172 TECHNOLOGIJOS PIRK\u0116JAS EKSPERTUAS, KOKIOS INFORMACIJOS JUMS REIKIA I\u0160 M\u016aS\u0172, KAD PASI\u016aLYTUME?<\/strong><\/p>\n<p>Mielas drauge, pra\u0161ome ai\u0161kiai informuoti apie \u017eymos program\u0105, kok\u012f tiksl\u0105 norite pasiekti,<\/p>\n<p>Mes pasi\u016blysime jums tinkam\u0105 produkt\u0105 u\u017e ger\u0105 kain\u0105<\/p>\n<p>&nbsp;<\/p>\n<p><strong>3. AR GALIME APLANKYTI J\u016aS\u0172 GAMYKL\u0104?<\/strong><\/p>\n<p>Taip, nuo\u0161ird\u017eiai sveikiname j\u016bs\u0173 ekskursij\u0105 \u012f gamykl\u0105. Ir man didel\u0117 garb\u0117 b\u016bti j\u016bs\u0173 gidu j\u016bs\u0173 kelion\u0117je \u012f Kinij\u0105.<\/p>\n<p>&nbsp;<\/p>\n<\/div>\n<p>&nbsp;<\/p>","protected":false},"excerpt":{"rendered":"<p>Silicone RFID Wristbands with NFC chip technology enable contactless identification for ticketing, access control, and event management efficiently.<\/p>","protected":false},"featured_media":2136,"template":"","meta":[],"product_brand":[],"product_cat":[50],"product_tag":[],"class_list":{"0":"post-2133","1":"product","2":"type-product","3":"status-publish","4":"has-post-thumbnail","6":"product_cat-silicone-rfid-nfc-wristbands","8":"first","9":"instock","10":"shipping-taxable","11":"product-type-simple"},"_links":{"self":[{"href":"https:\/\/nfc-readers.com\/lt\/wp-json\/wp\/v2\/product\/2133","targetHints":{"allow":["GET"]}}],"collection":[{"href":"https:\/\/nfc-readers.com\/lt\/wp-json\/wp\/v2\/product"}],"about":[{"href":"https:\/\/nfc-readers.com\/lt\/wp-json\/wp\/v2\/types\/product"}],"wp:featuredmedia":[{"embeddable":true,"href":"https:\/\/nfc-readers.com\/lt\/wp-json\/wp\/v2\/media\/2136"}],"wp:attachment":[{"href":"https:\/\/nfc-readers.com\/lt\/wp-json\/wp\/v2\/media?parent=2133"}],"wp:term":[{"taxonomy":"product_brand","embeddable":true,"href":"https:\/\/nfc-readers.com\/lt\/wp-json\/wp\/v2\/product_brand?post=2133"},{"taxonomy":"product_cat","embeddable":true,"href":"https:\/\/nfc-readers.com\/lt\/wp-json\/wp\/v2\/product_cat?post=2133"},{"taxonomy":"product_tag","embeddable":true,"href":"https:\/\/nfc-readers.com\/lt\/wp-json\/wp\/v2\/product_tag?post=2133"}],"curies":[{"name":"wp","href":"https:\/\/api.w.org\/{rel}","templated":true}]}}