{"id":2144,"date":"2024-04-22T03:53:51","date_gmt":"2024-04-22T03:53:51","guid":{"rendered":"https:\/\/nfc-readers.com\/?post_type=product&#038;p=2144"},"modified":"2024-09-24T06:02:28","modified_gmt":"2024-09-24T06:02:28","slug":"nfc-smart-ring","status":"publish","type":"product","link":"https:\/\/nfc-readers.com\/lt\/ic-reader\/nfc-smart-ring\/","title":{"rendered":"NFC i\u0161manusis \u017eiedas"},"content":{"rendered":"<table width=\"443\">\n<tbody>\n<tr style=\"font-style: inherit; font-weight: inherit;\">\n<td style=\"font-style: inherit;\" width=\"152\">Produkto pavadinimas<\/td>\n<td style=\"font-style: inherit;\" width=\"291\">NFC \u017eiedas<\/td>\n<\/tr>\n<tr style=\"font-style: inherit; font-weight: inherit;\">\n<td style=\"font-style: inherit;\" width=\"152\">Med\u017eiaga<\/td>\n<td style=\"font-style: inherit;\" width=\"291\">Pagrindinis korpusas cirkonio keramika, pavir\u0161ius epoksidin\u0117 derva<\/td>\n<\/tr>\n<tr style=\"font-style: inherit; font-weight: inherit;\">\n<td style=\"font-style: inherit;\" width=\"152\">Vidinis \u017eiedo skersmuo<\/td>\n<td style=\"font-style: inherit;\" width=\"291\">16 mm, 17 mm, 18 mm, 19 mm, 20 mm, 21 mm, 22 mm, 23 mm<\/td>\n<\/tr>\n<tr style=\"font-style: inherit; font-weight: inherit;\">\n<td style=\"font-style: inherit;\" width=\"152\">Chip<\/td>\n<td style=\"font-style: inherit;\" width=\"291\">NFC 215 213 216, IC (UID), ID (EM4305)<\/td>\n<\/tr>\n<tr style=\"font-style: inherit; font-weight: inherit;\">\n<td style=\"font-style: inherit;\" width=\"152\">protokolas<\/td>\n<td style=\"font-style: inherit;\" width=\"291\">NFC forumas Type 2 ISO14443A<\/td>\n<\/tr>\n<tr style=\"font-style: inherit; font-weight: inherit;\">\n<td style=\"font-style: inherit;\" width=\"152\">Da\u017enis<\/td>\n<td style=\"font-style: inherit;\" width=\"291\">13,56 MHz<\/td>\n<\/tr>\n<tr style=\"font-style: inherit; font-weight: inherit;\">\n<td style=\"font-style: inherit;\" width=\"152\">Krypties jutimas<\/td>\n<td style=\"font-style: inherit;\" width=\"291\">Daugiakryptis jutimas<\/td>\n<\/tr>\n<tr style=\"font-style: inherit; font-weight: inherit;\">\n<td style=\"font-style: inherit;\" width=\"152\">Jutimo atstumas<\/td>\n<td style=\"font-style: inherit;\" width=\"291\">0-10 cm (priklauso nuo skaitytojo)<\/td>\n<\/tr>\n<tr style=\"font-style: inherit; font-weight: inherit;\">\n<td style=\"font-style: inherit;\" width=\"152\">Paketas<\/td>\n<td style=\"font-style: inherit;\" width=\"291\">NFC \u017eiedas + vadovas<\/td>\n<\/tr>\n<\/tbody>\n<\/table>\n<p>&nbsp;<\/p>\n<p>Ypatyb\u0117:<br \/>\nI\u0161manusis \u017eiedas yra ne\u0161iojam\u0173 \u012ftais\u0173 komponentai, mobiliajame telefone atlieka magi\u0161kas funkcijas, valdo mobili\u0105j\u0105 funkcij\u0105 ir dalijasi duomenimis naudodama NFC belaid\u017eio da\u017enio ry\u0161io technologij\u0105, pa\u017eangaus dizaino funkcijos: APP u\u017eraktas, automatinis veikimas, APP sl\u0117pimas, Bendrinkite vizitin\u0119 kortel\u0119, bendrinkite interneto nuorod\u0105, bendrinkite tekst\u0105 ir bendrinkite internetin\u012f fail\u0105. Produkto forma sukurta pagal tarptautinius populiarius elementus, sukurtus i\u0161 gryno medicininio titano, nereikia \u012fkrauti, yra atsparus vandeniui ir tinka bet kuriam \u017emogui bet kuriuo metu.<\/p>\n<p>&nbsp;<\/p>\n<p><iframe loading=\"lazy\" title=\"NFC \u017eiedas\" width=\"1020\" height=\"574\" src=\"https:\/\/www.youtube.com\/embed\/rflL5fkvj6c?feature=oembed\" frameborder=\"0\" allow=\"accelerometer; autoplay; clipboard-write; encrypted-media; gyroscope; picture-in-picture; web-share\" referrerpolicy=\"strict-origin-when-cross-origin\" allowfullscreen><\/iframe><\/p>\n<p>&nbsp;<\/p>\n<p><span class=\"magic-26\"><b data-spm-anchor-id=\"a2700.details.0.i59.2acc580aDAbgjP\">A) Kaip gal\u0117\u010diau gauti pavyzd\u012f? <\/b><\/span><\/p>\n<div><span class=\"magic-26\">Prie\u0161 gav\u0119 pirm\u0105j\u012f u\u017esakym\u0105, sumok\u0117kite pavyzd\u017eio kain\u0105 ir greit\u0105 mokest\u012f. Mes gr\u0105\u017einsime<br \/>\npavyzd\u017eio kaina gr\u0105\u017einama jums per pirm\u0105j\u012f u\u017esakym\u0105. <\/span><\/div>\n<div><\/div>\n<div><\/div>\n<div><\/div>\n<div><span class=\"magic-26\"><b>B) Ar gal\u0117tum\u0117te sukurti m\u016bs\u0173 prek\u0117s \u017eenkl\u0105 savo produktams?<\/b><\/span><\/div>\n<div><span class=\"magic-26\">Taip. Galime atspausdinti j\u016bs\u0173 logotip\u0105 tiek ant gamini\u0173, tiek ant pakuo\u010di\u0173, jei galite atitikti m\u016bs\u0173 MOQ. <\/span><\/div>\n<div><span class=\"magic-26\">\u00a0<\/span><\/div>\n<div><span class=\"magic-26\"><b>C) Ar gal\u0117tum\u0117te pagaminti savo gaminius pagal m\u016bs\u0173 spalv\u0105? <\/b><\/span><\/div>\n<div><span class=\"magic-26\">Taip, gamini\u0173 spalv\u0105 galima pritaikyti, jei galite atitikti m\u016bs\u0173 MOQ. <\/span><\/div>\n<div><span class=\"magic-26\">\u00a0<\/span><\/div>\n<div><span class=\"magic-26\"><b>D) Kaip u\u017etikrinti savo gamini\u0173 kokyb\u0119? <\/b><\/span><\/div>\n<div><span class=\"magic-26\" data-spm-anchor-id=\"a2700.details.0.i60.2acc580aDAbgjP\">1) Grie\u017etas aptikimas gamybos metu. <\/span><\/div>\n<div><span class=\"magic-26\">2) Grie\u017etas produkt\u0173 m\u0117gini\u0173 \u0117mimo patikrinimas prie\u0161 i\u0161siuntim\u0105 ir nepa\u017eeista produkto pakuot\u0117<\/span><\/div>","protected":false},"excerpt":{"rendered":"<p>The NFC Smart Ring, featuring an NFC chip and RFID technology at 13.56M, offers a stylish way to wirelessly interact with smartphones and access systems.<\/p>","protected":false},"featured_media":2145,"template":"","meta":[],"product_brand":[],"product_cat":[52],"product_tag":[],"class_list":{"0":"post-2144","1":"product","2":"type-product","3":"status-publish","4":"has-post-thumbnail","6":"product_cat-nfc-smart-ring","8":"first","9":"instock","10":"shipping-taxable","11":"product-type-simple"},"_links":{"self":[{"href":"https:\/\/nfc-readers.com\/lt\/wp-json\/wp\/v2\/product\/2144","targetHints":{"allow":["GET"]}}],"collection":[{"href":"https:\/\/nfc-readers.com\/lt\/wp-json\/wp\/v2\/product"}],"about":[{"href":"https:\/\/nfc-readers.com\/lt\/wp-json\/wp\/v2\/types\/product"}],"wp:featuredmedia":[{"embeddable":true,"href":"https:\/\/nfc-readers.com\/lt\/wp-json\/wp\/v2\/media\/2145"}],"wp:attachment":[{"href":"https:\/\/nfc-readers.com\/lt\/wp-json\/wp\/v2\/media?parent=2144"}],"wp:term":[{"taxonomy":"product_brand","embeddable":true,"href":"https:\/\/nfc-readers.com\/lt\/wp-json\/wp\/v2\/product_brand?post=2144"},{"taxonomy":"product_cat","embeddable":true,"href":"https:\/\/nfc-readers.com\/lt\/wp-json\/wp\/v2\/product_cat?post=2144"},{"taxonomy":"product_tag","embeddable":true,"href":"https:\/\/nfc-readers.com\/lt\/wp-json\/wp\/v2\/product_tag?post=2144"}],"curies":[{"name":"wp","href":"https:\/\/api.w.org\/{rel}","templated":true}]}}