{"id":2249,"date":"2024-04-26T07:56:44","date_gmt":"2024-04-26T07:56:44","guid":{"rendered":"https:\/\/nfc-readers.com\/?post_type=product&#038;p=2249"},"modified":"2024-09-24T06:00:37","modified_gmt":"2024-09-24T06:00:37","slug":"contactless-acr1281u-c2-uid-card-reader","status":"publish","type":"product","link":"https:\/\/nfc-readers.com\/lt\/ic-reader\/contactless-acr1281u-c2-uid-card-reader\/","title":{"rendered":"ACR1281U-C2 UID korteli\u0173 skaitytuvas"},"content":{"rendered":"<h1>ACR1281U-C2 UID korteli\u0173 skaitytuvas<\/h1>\n<p>Kortel\u0117s UID skaitytuvas ACR1281U-C2 yra idealus sprendimas lengvai integruoti \u012f kompiuterio aplink\u0105, be vargo diegiant tvarkykles (Pos Nereikalingas diskas) ir sukurtas efektyviai veikti keliose sistemose. Kartu su galimybe nuskaityti kortel\u0119 toli, \u012f vartotoj\u0105 orientuot\u0105 dizain\u0105 ir patvari\u0105 konstrukcij\u0105, ji u\u017etikrina patikim\u0105, greit\u0105 ir patog\u0173 vartotojui veikim\u0105, puikiai tinka \u012fvairioms programoms, kur svarbiausia saugus ir greitas identifikavimas.<\/p>\n<ul>\n<li>\n<h2>USB 2.0 viso grei\u010dio s\u0105saja<\/h2>\n<\/li>\n<li>\n<h2>USB HID klaviat\u016bros klas\u0117<\/h2>\n<\/li>\n<li>\n<h2>Bekontak\u010di\u0173 korteli\u0173 palaikymas:<\/h2>\n<ul>\n<li>\n<h3>Skaitymo \/ ra\u0161ymo greitis iki 848 kbps<\/h3>\n<\/li>\n<li>\n<h3>Integruota antena bekontaktei prieigai prie \u017eymos, kortel\u0117s nuskaitymo atstumas iki 50 mm (priklausomai nuo \u017eymos tipo)<\/h3>\n<\/li>\n<li>\n<h3>Palaiko ISO 14443 4 dalies A ir B tipo korteles ir MIFARE\u00ae serijas<\/h3>\n<\/li>\n<li>\n<h3>Integruota apsaugos nuo susid\u016brimo funkcija (bet kuriuo metu pasiekiama tik viena \u017eyma)<\/h3>\n<\/li>\n<\/ul>\n<\/li>\n<li>\n<h2>USB programin\u0117s \u012frangos atnaujinimas<\/h2>\n<\/li>\n<li>\n<table width=\"498\">\n<tbody>\n<tr>\n<td colspan=\"2\" width=\"498\">Fizin\u0117s charakteristikos<\/td>\n<\/tr>\n<tr>\n<td width=\"209\">Matmenys (mm)<\/td>\n<td width=\"289\">120,5 mm (ilgis) x 72,0 mm (plotis) x 20,4 mm (auk\u0161tis)<\/td>\n<\/tr>\n<tr>\n<td width=\"209\">Svoris (g)<\/td>\n<td width=\"289\">140 g<\/td>\n<\/tr>\n<tr>\n<td colspan=\"2\" width=\"498\">USB s\u0105saja<\/td>\n<\/tr>\n<tr>\n<td width=\"209\">protokolas<\/td>\n<td width=\"289\">USB HID klaviat\u016bros klas\u0117<\/td>\n<\/tr>\n<tr>\n<td width=\"209\">Jungties tipas<\/td>\n<td width=\"289\">Standartinis A tipas<\/td>\n<\/tr>\n<tr>\n<td width=\"209\">Maitinimo \u0161altinis<\/td>\n<td width=\"289\">I\u0161 USB prievado<\/td>\n<\/tr>\n<tr>\n<td width=\"209\">Greitis<\/td>\n<td width=\"289\">Visas USB greitis (12 Mbps)<\/td>\n<\/tr>\n<tr>\n<td width=\"209\">Kabelio ilgis<\/td>\n<td width=\"289\">2,0 m, Fiksuotas<\/td>\n<\/tr>\n<tr>\n<td colspan=\"2\" width=\"498\">Bekontakt\u0117 intelektualiosios kortel\u0117s s\u0105saja<\/td>\n<\/tr>\n<tr>\n<td width=\"209\">Standartinis<\/td>\n<td width=\"289\">ISO 14443 A ir B 1\u20134 dalys, MIFARE\u00ae<\/td>\n<\/tr>\n<tr>\n<td rowspan=\"2\" width=\"209\">protokolas<\/td>\n<td width=\"289\">ISO 14443-4 suderinama kortel\u0117, T=CL<\/td>\n<\/tr>\n<tr>\n<td width=\"289\">MIFARE\u00ae Classic kortel\u0117, T=CL<\/td>\n<\/tr>\n<tr>\n<td colspan=\"2\" width=\"498\">Integruoti periferiniai \u012frenginiai<\/td>\n<\/tr>\n<tr>\n<td width=\"209\">LED<\/td>\n<td width=\"289\">2 vienspalviai: raudona ir \u017ealia<\/td>\n<\/tr>\n<tr>\n<td width=\"209\">Skambutis<\/td>\n<td width=\"289\">Monotoni\u0161kas<\/td>\n<\/tr>\n<tr>\n<td colspan=\"2\" width=\"498\">Kitos funkcijos<\/td>\n<\/tr>\n<tr>\n<td width=\"209\">Programin\u0117s \u012frangos atnaujinimas<\/td>\n<td width=\"289\">Palaikoma<\/td>\n<\/tr>\n<tr>\n<td colspan=\"2\" width=\"498\">Sertifikatai \/ atitiktis<\/td>\n<\/tr>\n<tr>\n<td rowspan=\"6\" width=\"209\">Sertifikatai \/ atitiktis<\/td>\n<td width=\"289\">ISO 14443<\/td>\n<\/tr>\n<tr>\n<td width=\"289\">USB visu grei\u010diu<\/td>\n<\/tr>\n<tr>\n<td width=\"289\">USB-HID<\/td>\n<\/tr>\n<tr>\n<td width=\"289\">CE<\/td>\n<\/tr>\n<tr>\n<td width=\"289\">FCC<\/td>\n<\/tr>\n<tr>\n<td width=\"289\">RoHS<\/td>\n<\/tr>\n<tr>\n<td colspan=\"2\" width=\"498\">\u012erenginio tvarkykl\u0117s operacin\u0117s sistemos palaikymas<\/td>\n<\/tr>\n<tr>\n<td rowspan=\"4\" width=\"209\">\u012erenginio tvarkykl\u0117s operacin\u0117s sistemos palaikymas<\/td>\n<td width=\"289\">Windows\u00ae<\/td>\n<\/tr>\n<tr>\n<td width=\"289\">Linux\u00ae<\/td>\n<\/tr>\n<tr>\n<td width=\"289\">MAC OS\u00ae<\/td>\n<\/tr>\n<tr>\n<td width=\"289\">Android\u2122<\/td>\n<\/tr>\n<\/tbody>\n<\/table>\n<\/li>\n<li><iframe loading=\"lazy\" title=\"ACR1281U-C2 kortel\u0117s UID skaitytuvas \u2013 demonstracin\u0117 versija (su konfig\u016bravimo \u012frankiu)\" width=\"1020\" height=\"574\" src=\"https:\/\/www.youtube.com\/embed\/1UjSlask-OY?feature=oembed\" frameborder=\"0\" allow=\"accelerometer; autoplay; clipboard-write; encrypted-media; gyroscope; picture-in-picture; web-share\" referrerpolicy=\"strict-origin-when-cross-origin\" allowfullscreen><\/iframe><\/li>\n<\/ul>","protected":false},"excerpt":{"rendered":"<p>The ACR1281U-C2 UID Card Reader simplifies setup, capturing RFID card UIDs at 13.56M without drivers, ideal for identity verification and access control.<\/p>","protected":false},"featured_media":2250,"template":"","meta":[],"product_brand":[],"product_cat":[45,40],"product_tag":[],"class_list":{"0":"post-2249","1":"product","2":"type-product","3":"status-publish","4":"has-post-thumbnail","6":"product_cat-contactless-nfc-reader","7":"product_cat-rfid-nfc-reader","9":"first","10":"instock","11":"shipping-taxable","12":"product-type-simple"},"_links":{"self":[{"href":"https:\/\/nfc-readers.com\/lt\/wp-json\/wp\/v2\/product\/2249","targetHints":{"allow":["GET"]}}],"collection":[{"href":"https:\/\/nfc-readers.com\/lt\/wp-json\/wp\/v2\/product"}],"about":[{"href":"https:\/\/nfc-readers.com\/lt\/wp-json\/wp\/v2\/types\/product"}],"wp:featuredmedia":[{"embeddable":true,"href":"https:\/\/nfc-readers.com\/lt\/wp-json\/wp\/v2\/media\/2250"}],"wp:attachment":[{"href":"https:\/\/nfc-readers.com\/lt\/wp-json\/wp\/v2\/media?parent=2249"}],"wp:term":[{"taxonomy":"product_brand","embeddable":true,"href":"https:\/\/nfc-readers.com\/lt\/wp-json\/wp\/v2\/product_brand?post=2249"},{"taxonomy":"product_cat","embeddable":true,"href":"https:\/\/nfc-readers.com\/lt\/wp-json\/wp\/v2\/product_cat?post=2249"},{"taxonomy":"product_tag","embeddable":true,"href":"https:\/\/nfc-readers.com\/lt\/wp-json\/wp\/v2\/product_tag?post=2249"}],"curies":[{"name":"wp","href":"https:\/\/api.w.org\/{rel}","templated":true}]}}