{"id":2259,"date":"2024-04-26T08:18:30","date_gmt":"2024-04-26T08:18:30","guid":{"rendered":"https:\/\/nfc-readers.com\/?post_type=product&#038;p=2259"},"modified":"2024-09-24T02:58:25","modified_gmt":"2024-09-24T02:58:25","slug":"apple-pay-mobile-walletmate-vas-nfc-reader","status":"publish","type":"product","link":"https:\/\/nfc-readers.com\/lt\/ic-reader\/apple-pay-mobile-walletmate-vas-nfc-reader\/","title":{"rendered":"Apple Pay Mobile WalletMate VAS NFC skaitytuvas"},"content":{"rendered":"<h1>Apple Pay Mobile WalletMate VAS NFC skaitytuvas<\/h1>\n<p>\u201eWalletMate\u201c mobiliosios pinigin\u0117s NFC skaitytuvas yra pa\u017eangiausias \u012frankis, apimantis VAS protokolus ir nfc prieigos kontrol\u0117s skaitytuvo funkcijas, kad b\u016bt\u0173 galima naudoti optimizuot\u0105 patirt\u012f be korteli\u0173. Prid\u0117jus pozicin\u012f terminal\u0105 su nfc skaitytuvu, padidint\u0105 saug\u0105 ir plat\u0173 suderinamum\u0105 su programomis, prasideda nauja patogumo ir efektyvumo era. D\u0117l to jis yra esminis turtas vartotojams ir \u012fmon\u0117ms, siekian\u010dioms panaudoti NFC technologijos gali\u0105 skland\u017eioms, saugioms ir greitoms operacijoms.<\/p>\n<p><iframe loading=\"lazy\" title=\"ACS WalletMate Apple \/ Google VAS testavimo \u012frankis \u2013 demonstracin\u0117 versija\" width=\"1020\" height=\"574\" src=\"https:\/\/www.youtube.com\/embed\/aOWbdgwvHDg?feature=oembed\" frameborder=\"0\" allow=\"accelerometer; autoplay; clipboard-write; encrypted-media; gyroscope; picture-in-picture; web-share\" referrerpolicy=\"strict-origin-when-cross-origin\" allowfullscreen><\/iframe><\/p>\n<ul>\n<li>\n<h2>USB 2.0 viso grei\u010dio s\u0105saja<\/h2>\n<\/li>\n<li>\n<h2>CCID atitiktis<\/h2>\n<\/li>\n<li>\n<h2>Mobilioji pinigin\u0117 ir bekontaktis intelektuali\u0173j\u0173 korteli\u0173 skaitytuvas:<\/h2>\n<ul>\n<li>\n<h3>Apple VAS ir Google Smart Tap sertifikuoti (WalletMate yra tik VAS, o ne mok\u0117jimo terminalai)<\/h3>\n<\/li>\n<\/ul>\n<\/li>\n<li>\n<h3>Skaitymo \/ ra\u0161ymo greitis iki 424 kbps<\/h3>\n<\/li>\n<li>\n<h3>Integruota antena bekontaktei prieigai prie \u017eymos, kortel\u0117s nuskaitymo atstumas iki 50 mm (priklausomai nuo \u017eymos tipo)<\/h3>\n<\/li>\n<li>\n<h3>Palaiko ISO 14443 A ir B tipo korteles, MIFARE\u00ae, FeliCa ir vis\u0173 4 tip\u0173 NFC (ISO\/IEC 18092) \u017eymas<\/h3>\n<\/li>\n<li>\n<h3>Palaiko MIFARE\u00ae 7 bait\u0173 UID, MIFARE\u00ae Plus ir MIFARE\u00ae DESfire<\/h3>\n<\/li>\n<li>\n<h3>Integruota apsaugos nuo susid\u016brimo funkcija (bet kuriuo metu pasiekiama tik 1 \u017eyma)<\/h3>\n<\/li>\n<li>\n<h2>NFC palaikymas:<\/h2>\n<ul>\n<li>\n<h3>NFC skaitytuvo \/ ra\u0161ymo re\u017eimas<\/h3>\n<\/li>\n<li>\n<h3>\u201ePeer-to-Peer\u201c re\u017eimas<\/h3>\n<\/li>\n<li>\n<h3>Kortel\u0117s emuliacijos re\u017eimas<\/h3>\n<\/li>\n<\/ul>\n<\/li>\n<li>\n<h2>Program\u0173 programavimo s\u0105saja:<\/h2>\n<ul>\n<li>\n<h3>Apple VAS ir Google Smart Tap API, skirta Windows ir Linux platformoms<\/h3>\n<\/li>\n<li>\n<h3>Palaiko PC\/SC<\/h3>\n<\/li>\n<li>\n<h3>Palaiko CT-API (per d\u0117kl\u0105 kompiuterio \/ SC vir\u0161uje)<\/h3>\n<\/li>\n<\/ul>\n<\/li>\n<li>\n<h2>I\u0161oriniai \u012frenginiai:<\/h2>\n<ul>\n<li>\n<h3>Vartotojo valdomas dviej\u0173 spalv\u0173 LED<\/h3>\n<\/li>\n<li>\n<h3>Vartotojo valdomas garsinis signalas<\/h3>\n<\/li>\n<\/ul>\n<\/li>\n<li>\n<h2>USB programin\u0117s \u012frangos atnaujinimas<\/h2>\n<\/li>\n<li>\n<table width=\"559\">\n<tbody>\n<tr>\n<td colspan=\"2\" width=\"559\">Fizin\u0117s charakteristikos<\/td>\n<\/tr>\n<tr>\n<td width=\"214\">Matmenys (mm)<\/td>\n<td width=\"345\">98,0 mm (ilgis) x 65,0 mm (plotis) x 12,8 mm (auk\u0161tis)<\/td>\n<\/tr>\n<tr>\n<td width=\"214\">Svoris (g)<\/td>\n<td width=\"345\">81 g<\/td>\n<\/tr>\n<tr>\n<td colspan=\"2\" width=\"559\">USB s\u0105saja<\/td>\n<\/tr>\n<tr>\n<td width=\"214\">protokolas<\/td>\n<td width=\"345\">USB CCID<\/td>\n<\/tr>\n<tr>\n<td width=\"214\">Jungties tipas<\/td>\n<td width=\"345\">A tipo USB (ACR1252U-MW)<\/td>\n<\/tr>\n<tr>\n<td width=\"214\">Maitinimo \u0161altinis<\/td>\n<td width=\"345\">I\u0161 USB prievado<\/td>\n<\/tr>\n<tr>\n<td width=\"214\">Greitis<\/td>\n<td width=\"345\">Visas USB greitis (12 Mbps)<\/td>\n<\/tr>\n<tr>\n<td width=\"214\">Kabelio ilgis<\/td>\n<td width=\"345\">1,0 m, Nenuimamas<\/td>\n<\/tr>\n<tr>\n<td colspan=\"2\" width=\"559\">Bekontakt\u0117 intelektualiosios kortel\u0117s s\u0105saja<\/td>\n<\/tr>\n<tr>\n<td width=\"214\">Standartinis<\/td>\n<td width=\"345\">ISO\/IEC 18092 NFC, ISO 14443 A ir B tipai, MIFARE\u00ae, FeliCa<\/td>\n<\/tr>\n<tr>\n<td rowspan=\"4\" width=\"214\">protokolas<\/td>\n<td width=\"345\">ISO 14443-4 suderinama kortel\u0117, T=CL<\/td>\n<\/tr>\n<tr>\n<td width=\"345\">MIFARE\u00ae Classic kortel\u0117, T=CL<\/td>\n<\/tr>\n<tr>\n<td width=\"345\">ISO18092, NFC \u017eymos<\/td>\n<\/tr>\n<tr>\n<td width=\"345\">FeliCa<\/td>\n<\/tr>\n<tr>\n<td colspan=\"2\" width=\"559\">Integruoti periferiniai \u012frenginiai<\/td>\n<\/tr>\n<tr>\n<td width=\"214\">LED<\/td>\n<td width=\"345\">1 dvispalvis: raudona ir \u017ealia<\/td>\n<\/tr>\n<tr>\n<td width=\"214\">Skambutis<\/td>\n<td width=\"345\">Monotoni\u0161kas<\/td>\n<\/tr>\n<tr>\n<td colspan=\"2\" width=\"559\">Kitos funkcijos<\/td>\n<\/tr>\n<tr>\n<td width=\"214\">Programin\u0117s \u012frangos atnaujinimas<\/td>\n<td width=\"345\">Palaikoma<\/td>\n<\/tr>\n<tr>\n<td colspan=\"2\" width=\"559\">Sertifikatai \/ atitiktis<\/td>\n<\/tr>\n<tr>\n<td rowspan=\"4\" width=\"214\">Sertifikatai \/ atitiktis<\/td>\n<td width=\"345\">Sertifikatai:<\/td>\n<\/tr>\n<tr>\n<td width=\"345\">Apple VAS, Google Smart Tap, NFC forumo sertifikavimo \u017eenklas, IEC\/EN 62368, CE, FCC, UKCA, J-LIS, VCCI, TELEC, KC, BIS, RoHS, REACH, WEEE<\/td>\n<\/tr>\n<tr>\n<td width=\"345\">Atitiktis:<\/td>\n<\/tr>\n<tr>\n<td width=\"345\">USB CCID, PC\/SC<\/td>\n<\/tr>\n<tr>\n<td colspan=\"2\" width=\"559\">\u012erenginio tvarkykl\u0117s operacin\u0117s sistemos palaikymas<\/td>\n<\/tr>\n<tr>\n<td width=\"214\">\u012erenginio tvarkykl\u0117s operacin\u0117s sistemos palaikymas<\/td>\n<td width=\"345\">\u201eWindows\u00ae\u201c, \u201eLinux\u00ae\u201c, \u201emacOS\u201c (kuriama), \u201eAndroid\u2122\u201c (kuriama)<\/td>\n<\/tr>\n<\/tbody>\n<\/table>\n<\/li>\n<\/ul>","protected":false},"excerpt":{"rendered":"<div>The WalletMate,Innovative NFC Reader supports cardless engagement with digital passes, backed by VAS Apple and Google VAS for iOS and Android devices.<\/div>","protected":false},"featured_media":2260,"template":"","meta":[],"product_brand":[],"product_cat":[45,40],"product_tag":[],"class_list":{"0":"post-2259","1":"product","2":"type-product","3":"status-publish","4":"has-post-thumbnail","6":"product_cat-contactless-nfc-reader","7":"product_cat-rfid-nfc-reader","9":"first","10":"instock","11":"shipping-taxable","12":"product-type-simple"},"_links":{"self":[{"href":"https:\/\/nfc-readers.com\/lt\/wp-json\/wp\/v2\/product\/2259","targetHints":{"allow":["GET"]}}],"collection":[{"href":"https:\/\/nfc-readers.com\/lt\/wp-json\/wp\/v2\/product"}],"about":[{"href":"https:\/\/nfc-readers.com\/lt\/wp-json\/wp\/v2\/types\/product"}],"wp:featuredmedia":[{"embeddable":true,"href":"https:\/\/nfc-readers.com\/lt\/wp-json\/wp\/v2\/media\/2260"}],"wp:attachment":[{"href":"https:\/\/nfc-readers.com\/lt\/wp-json\/wp\/v2\/media?parent=2259"}],"wp:term":[{"taxonomy":"product_brand","embeddable":true,"href":"https:\/\/nfc-readers.com\/lt\/wp-json\/wp\/v2\/product_brand?post=2259"},{"taxonomy":"product_cat","embeddable":true,"href":"https:\/\/nfc-readers.com\/lt\/wp-json\/wp\/v2\/product_cat?post=2259"},{"taxonomy":"product_tag","embeddable":true,"href":"https:\/\/nfc-readers.com\/lt\/wp-json\/wp\/v2\/product_tag?post=2259"}],"curies":[{"name":"wp","href":"https:\/\/api.w.org\/{rel}","templated":true}]}}