{"id":2730,"date":"2024-06-07T08:01:07","date_gmt":"2024-06-07T08:01:07","guid":{"rendered":"https:\/\/nfc-readers.com\/?post_type=product&#038;p=2730"},"modified":"2024-09-24T02:54:03","modified_gmt":"2024-09-24T02:54:03","slug":"wallet-mate-nfc-reader-writer-support-apple-pay-and-google-vas","status":"publish","type":"product","link":"https:\/\/nfc-readers.com\/lt\/ic-reader\/wallet-mate-nfc-reader-writer-support-apple-pay-and-google-vas\/","title":{"rendered":"Wallet Mate NFC Reader Writer \u2013 palaikykite Apple Pay ir Google VAS"},"content":{"rendered":"<h1>Wallet Mate NFC Reader Writer \u2013 palaikykite Apple Pay ir Google VAS<\/h1>\n<div><\/div>\n<div class=\"auto-hide-last-sibling-br paragraph_1252f paragraph-element\"><strong>\u201eWallet Mate\u201c NFC skaitytuvo ra\u0161ytuvas<\/strong> pasirodo kaip moderniausia program\u0117l\u0117, integruojanti VAS protokolus ir NFC prieigos kontrol\u0117s skaitytuvo funkcijas, kad b\u016bt\u0173 galima patobulinti s\u0105veik\u0105 be korteli\u0173. Kartu su POS terminalu su NFC skaitytuvu, patikimomis saugumo priemon\u0117mis ir plataus pritaikymo suderinamumu, jis yra naujo komforto ir efektyvumo standarto pradininkas. D\u0117l dizaino ir funkcionalumo jis yra nepakei\u010diama \u012franga tiems, kurie nori i\u0161naudoti NFC technologijos prana\u0161umus saugioms, skland\u017eioms ir greitoms operacijoms atlikti.<\/div>\n<div><\/div>\n<h2 class=\"auto-hide-last-sibling-br paragraph_1252f paragraph-element\">USB 2.0 didel\u0117s spartos s\u0105saja<\/h2>\n<h3 class=\"auto-hide-last-sibling-br paragraph_1252f paragraph-element\"><br class=\"container_e695a wrapper_ad07b undefined\" \/>Atitikimas CCID standartams<br class=\"container_e695a wrapper_ad07b undefined\" \/>Mobilioji pinigin\u0117 ir bekontaktis intelektuali\u0173j\u0173 korteli\u0173 skaitytuvas:<br class=\"container_e695a wrapper_ad07b undefined\" \/>Certified by Apple VAS &amp; Google Smart Tap (Note: WalletMate is only certified for VAS, not for payment terminals)Data transfer rates reaching 424 kbps<br class=\"container_e695a wrapper_ad07b undefined\" \/>Integruota antena bekontak\u010diai prieigai prie \u017eym\u0173, leid\u017eianti nuskaityti kortel\u0119 iki 50 mm (priklausomai nuo \u017eymos tipo)<br class=\"container_e695a wrapper_ad07b undefined\" \/>Suderinamumas su ISO 14443 A ir B tipo kortel\u0117mis, MIFARE\u00ae, FeliCa ir vis\u0173 keturi\u0173 tip\u0173 NFC (ISO\/IEC 18092) \u017eymomis<br class=\"container_e695a wrapper_ad07b undefined\" \/>MIFARE\u00ae 7 bait\u0173 UID, MIFARE\u00ae Plus ir MIFARE\u00ae DESfire palaikymas<br class=\"container_e695a wrapper_ad07b undefined\" \/>Integruota apsaugos nuo susid\u016brimo funkcija (bet kuriuo momentu galima pasiekti tik vien\u0105 \u017eym\u0105)<\/h3>\n<h2 class=\"auto-hide-last-sibling-br paragraph_1252f paragraph-element\"><br class=\"container_e695a wrapper_ad07b undefined\" \/>NFC palaikymas:<\/h2>\n<h3 class=\"auto-hide-last-sibling-br paragraph_1252f paragraph-element\"><br class=\"container_e695a wrapper_ad07b undefined\" \/>Funkcionalumas skaitytuvo \/ ra\u0161ymo re\u017eimu<br class=\"container_e695a wrapper_ad07b undefined\" \/>\u201ePeer-to-Peer\u201c re\u017eimas<br class=\"container_e695a wrapper_ad07b undefined\" \/>Kortel\u0117s emuliacijos re\u017eimas<\/h3>\n<h2 class=\"auto-hide-last-sibling-br paragraph_1252f paragraph-element\"><br class=\"container_e695a wrapper_ad07b undefined\" \/>Program\u0173 programavimo s\u0105saja:<\/h2>\n<h3 class=\"auto-hide-last-sibling-br paragraph_1252f paragraph-element\"><br class=\"container_e695a wrapper_ad07b undefined\" \/>Apple VAS ir Google Smart Tap API suderinamumas su Windows ir Linux platformomis<br class=\"container_e695a wrapper_ad07b undefined\" \/>PC\/SC palaikymas<br class=\"container_e695a wrapper_ad07b undefined\" \/>CT-API palaikymas (palengvinamas kompiuterio \/ SC pagrindu sukurtas \u012fvynioklis)<\/h3>\n<h2 class=\"auto-hide-last-sibling-br paragraph_1252f paragraph-element\">Papildomos funkcijos:<\/h2>\n<h3 class=\"auto-hide-last-sibling-br paragraph_1252f paragraph-element\"><br class=\"container_e695a wrapper_ad07b undefined\" \/>Vartotojo valdomas dviej\u0173 spalv\u0173 LED<br class=\"container_e695a wrapper_ad07b undefined\" \/>Vartotojo valdoma garsinio \u012fsp\u0117jimo sistema<br class=\"container_e695a wrapper_ad07b undefined\" \/>Galimyb\u0117 atnaujinti USB programin\u0119 \u012frang\u0105<\/h3>\n<p>&nbsp;<\/p>\n<ul>\n<li>\n<table width=\"559\">\n<tbody>\n<tr>\n<td colspan=\"2\" width=\"559\">Fizin\u0117s charakteristikos<\/td>\n<\/tr>\n<tr>\n<td width=\"214\">Matmenys (mm)<\/td>\n<td width=\"345\">98,0 mm (ilgis) x 65,0 mm (plotis) x 12,8 mm (auk\u0161tis)<\/td>\n<\/tr>\n<tr>\n<td width=\"214\">Svoris (g)<\/td>\n<td width=\"345\">81 g<\/td>\n<\/tr>\n<tr>\n<td colspan=\"2\" width=\"559\">USB s\u0105saja<\/td>\n<\/tr>\n<tr>\n<td width=\"214\">protokolas<\/td>\n<td width=\"345\">USB CCID<\/td>\n<\/tr>\n<tr>\n<td width=\"214\">Jungties tipas<\/td>\n<td width=\"345\">A tipo USB (ACR1252U-MW)<\/td>\n<\/tr>\n<tr>\n<td width=\"214\">Maitinimo \u0161altinis<\/td>\n<td width=\"345\">I\u0161 USB prievado<\/td>\n<\/tr>\n<tr>\n<td width=\"214\">Greitis<\/td>\n<td width=\"345\">Visas USB greitis (12 Mbps)<\/td>\n<\/tr>\n<tr>\n<td width=\"214\">Kabelio ilgis<\/td>\n<td width=\"345\">1,0 m, Nenuimamas<\/td>\n<\/tr>\n<tr>\n<td colspan=\"2\" width=\"559\">Bekontakt\u0117 intelektualiosios kortel\u0117s s\u0105saja<\/td>\n<\/tr>\n<tr>\n<td width=\"214\">Standartinis<\/td>\n<td width=\"345\">ISO\/IEC 18092 NFC, ISO 14443 A ir B tipai, MIFARE\u00ae, FeliCa<\/td>\n<\/tr>\n<tr>\n<td rowspan=\"4\" width=\"214\">protokolas<\/td>\n<td width=\"345\">ISO 14443-4 suderinama kortel\u0117, T=CL<\/td>\n<\/tr>\n<tr>\n<td width=\"345\">MIFARE\u00ae Classic kortel\u0117, T=CL<\/td>\n<\/tr>\n<tr>\n<td width=\"345\">ISO18092, NFC \u017eymos<\/td>\n<\/tr>\n<tr>\n<td width=\"345\">FeliCa<\/td>\n<\/tr>\n<tr>\n<td colspan=\"2\" width=\"559\">Integruoti periferiniai \u012frenginiai<\/td>\n<\/tr>\n<tr>\n<td width=\"214\">LED<\/td>\n<td width=\"345\">1 dvispalvis: raudona ir \u017ealia<\/td>\n<\/tr>\n<tr>\n<td width=\"214\">Skambutis<\/td>\n<td width=\"345\">Monotoni\u0161kas<\/td>\n<\/tr>\n<tr>\n<td colspan=\"2\" width=\"559\">Kitos funkcijos<\/td>\n<\/tr>\n<tr>\n<td width=\"214\">Programin\u0117s \u012frangos atnaujinimas<\/td>\n<td width=\"345\">Palaikoma<\/td>\n<\/tr>\n<tr>\n<td colspan=\"2\" width=\"559\">Sertifikatai \/ atitiktis<\/td>\n<\/tr>\n<tr>\n<td rowspan=\"4\" width=\"214\">Sertifikatai \/ atitiktis<\/td>\n<td width=\"345\">Sertifikatai:<\/td>\n<\/tr>\n<tr>\n<td width=\"345\">Apple VAS, Google Smart Tap, NFC forumo sertifikavimo \u017eenklas, IEC\/EN 62368, CE, FCC, UKCA, J-LIS, VCCI, TELEC, KC, BIS, RoHS, REACH, WEEE<\/td>\n<\/tr>\n<tr>\n<td width=\"345\">Atitiktis:<\/td>\n<\/tr>\n<tr>\n<td width=\"345\">USB CCID, PC\/SC<\/td>\n<\/tr>\n<tr>\n<td colspan=\"2\" width=\"559\">\u012erenginio tvarkykl\u0117s operacin\u0117s sistemos palaikymas<\/td>\n<\/tr>\n<tr>\n<td width=\"214\">\u012erenginio tvarkykl\u0117s operacin\u0117s sistemos palaikymas<\/td>\n<td width=\"345\">\u201eWindows\u00ae\u201c, \u201eLinux\u00ae\u201c, \u201emacOS\u201c (kuriama), \u201eAndroid\u2122\u201c (kuriama)<\/td>\n<\/tr>\n<\/tbody>\n<\/table>\n<\/li>\n<\/ul>","protected":false},"excerpt":{"rendered":"<div>The Mobile Wallet,Innovative NFC Reader supports cardless engagement with digital passes, backed by VAS Apple and Google VAS for iOS and Android devices.<\/div>\n<div><\/div>","protected":false},"featured_media":2731,"template":"","meta":[],"product_brand":[],"product_cat":[45,40],"product_tag":[],"class_list":{"0":"post-2730","1":"product","2":"type-product","3":"status-publish","4":"has-post-thumbnail","6":"product_cat-contactless-nfc-reader","7":"product_cat-rfid-nfc-reader","9":"first","10":"instock","11":"shipping-taxable","12":"product-type-simple"},"_links":{"self":[{"href":"https:\/\/nfc-readers.com\/lt\/wp-json\/wp\/v2\/product\/2730","targetHints":{"allow":["GET"]}}],"collection":[{"href":"https:\/\/nfc-readers.com\/lt\/wp-json\/wp\/v2\/product"}],"about":[{"href":"https:\/\/nfc-readers.com\/lt\/wp-json\/wp\/v2\/types\/product"}],"wp:featuredmedia":[{"embeddable":true,"href":"https:\/\/nfc-readers.com\/lt\/wp-json\/wp\/v2\/media\/2731"}],"wp:attachment":[{"href":"https:\/\/nfc-readers.com\/lt\/wp-json\/wp\/v2\/media?parent=2730"}],"wp:term":[{"taxonomy":"product_brand","embeddable":true,"href":"https:\/\/nfc-readers.com\/lt\/wp-json\/wp\/v2\/product_brand?post=2730"},{"taxonomy":"product_cat","embeddable":true,"href":"https:\/\/nfc-readers.com\/lt\/wp-json\/wp\/v2\/product_cat?post=2730"},{"taxonomy":"product_tag","embeddable":true,"href":"https:\/\/nfc-readers.com\/lt\/wp-json\/wp\/v2\/product_tag?post=2730"}],"curies":[{"name":"wp","href":"https:\/\/api.w.org\/{rel}","templated":true}]}}