{"id":2732,"date":"2024-10-07T08:34:31","date_gmt":"2024-10-07T08:34:31","guid":{"rendered":"https:\/\/nfc-readers.com\/?post_type=product&#038;p=2732"},"modified":"2024-10-28T14:32:27","modified_gmt":"2024-10-28T14:32:27","slug":"nfc-reader-writer-support-apple-pay-and-google-vas","status":"publish","type":"product","link":"https:\/\/nfc-readers.com\/lt\/ic-reader\/nfc-reader-writer-support-apple-pay-and-google-vas\/","title":{"rendered":"NFC Reader Writer palaikymas Apple Pay ir Google VAS"},"content":{"rendered":"<div class=\"auto-hide-last-sibling-br paragraph_1252f paragraph-element\">\n<h1>NFC Reader Writer palaikymas Apple Pay ir Google VAS<\/h1>\n<p>\u012eveskite\u00a0<strong>NFC skaitytuvas<\/strong>, sud\u0117tinga technologija, skirta pagerinti bekontak\u010dius sandorius ir supaprastinti prieigos valdym\u0105 neprilygstamu efektyvumu. Nesvarbu, ar norite pagreitinti operacijas, padidinti saugum\u0105 ar tiesiog atnaujinti savo technologijas, NFC skaitytuvas yra esminis j\u016bs\u0173 arsenalo \u012frankis. Su geb\u0117jimu skaityti ir ra\u0161yti\u00a0<strong>NFC \u017eymos<\/strong>\u00a0ir kortel\u0117s, \u012fskaitant populiarius formatus, pvz\u00a0<strong>MIFARE<\/strong>, \u0161is \u012frenginys yra novatori\u0161k\u0173 mok\u0117jimo sprendim\u0173 prie\u0161akyje.<\/p>\n<h2>NFC skaitytuvo pasirinkimo prana\u0161umai<\/h2>\n<p>Investavimas \u012f NFC skaitytuv\u0105 n\u0117ra tik pirkinys; tai j\u016bs\u0173 mok\u0117jimo galimybi\u0173 atnaujinimas, suteikiantis daug privalum\u0173. Vis\u0173 pirma, tai padidina saugum\u0105, nes \u012fgalina\u00a0<strong>bekontaktis<\/strong>\u00a0mok\u0117jim\u0173, suma\u017einant su gryn\u0173j\u0173 pinig\u0173 operacijomis susijusi\u0105 rizik\u0105. Jis taip pat sukurtas taip, kad b\u016bt\u0173 patogus naudoti, nes gali pasigirti paprastu s\u0105rankos procesu, kur\u012f galima prijungti per USB prie \u012fvairi\u0173 \u012frengini\u0173, kad b\u016bt\u0173 galima integruoti su esamomis sistemomis. Kompakti\u0161kas ir ne\u0161iojamas dizainas u\u017etikrina, kad galite pasiimti NFC funkcij\u0105, kad ir kur eitum\u0117te, tod\u0117l jis puikiai tinka prekybininkams ir privatiems asmenims.<\/p>\n<h3>1.\u00a0<strong>I\u0161samus NFC palaikymas<\/strong><\/h3>\n<p>The\u00a0<strong>NFC skaitytuvas<\/strong>\u00a0palaiko kelias NFC funkcijas, \u012fskaitant skaitytuvo \/ ra\u0161ymo re\u017eim\u0105, lygiaver\u010dio ry\u0161io re\u017eim\u0105 ir kortel\u0117s emuliacijos re\u017eim\u0105. \u0160is universalumas u\u017etikrina suderinamum\u0105 su \u012fvairiomis operacijomis, pradedant nuo skaitymo\u00a0<strong>NFC kortel\u0117s<\/strong>\u00a0palengvinti mok\u0117jimus mobiliaisiais per\u00a0<strong>Google Pay<\/strong>\u00a0ir\u00a0<strong>Apple Pay<\/strong>.<\/p>\n<h4>Skaitytojo \/ Ra\u0161ytojo re\u017eimas<\/h4>\n<p>Naudodami skaitymo \/ ra\u0161ymo re\u017eim\u0105, vartotojai gali be vargo\u00a0<strong>skaityti ir ra\u0161yti<\/strong>\u00a0duomenis \u012f NFC \u017eymas, tod\u0117l \u012frenginys puikiai tinka atsarg\u0173 valdymo ir rinkodaros kampanijoms.<\/p>\n<h4>\u201ePeer-to-Peer\u201c re\u017eimas<\/h4>\n<p>\u201ePeer-to-Peer\u201c re\u017eimas palengvina duomen\u0173 dalijim\u0105si tarp dviej\u0173 NFC palaikan\u010di\u0173 \u012frengini\u0173, leid\u017eian\u010di\u0173 skland\u017eiai atlikti operacijas arba perduoti informacij\u0105, o tai padidina naudotoj\u0173 patogum\u0105.<\/p>\n<h3>2.\u00a0<strong>Auk\u0161ti suderinamumo standartai<\/strong><\/h3>\n<p>\u0160is NFC skaitytuvas yra suderinamas su daugybe intelektuali\u0173j\u0173 korteli\u0173, \u012fskaitant ISO 14443 A ir B tipo korteles, tod\u0117l tai yra universalus sprendimas \u012fmon\u0117ms, kurioms reikia\u00a0<strong>korteli\u0173 skaitytuvas<\/strong>\u00a0keli\u0173 tip\u0173 kortel\u0117ms.<\/p>\n<h4>Palaiko \u012fvairias NFC \u017eymas<\/h4>\n<p>Be ISO standart\u0173, \u012frenginys taip pat talpina tokius formatus kaip MIFARE\u00ae ir FeliCa, u\u017etikrinant\u012f visapusi\u0161k\u0105 palaikym\u0105 prakti\u0161kai visiems vartotojams.<\/p>\n<h4>USB jungtis<\/h4>\n<p>Su USB 2.0 didel\u0117s spartos s\u0105saja galite lengvai prijungti NFC skaitytuv\u0105 prie i\u0161mani\u0173j\u0173 telefon\u0173 ar plan\u0161etini\u0173 kompiuteri\u0173, kad greitai perduot\u0173 duomenis \u2013 viskas paruo\u0161ta naudoti\u00a0<strong>per USB<\/strong>.<\/p>\n<h3>3.\u00a0<strong>Tvirtos saugos funkcijos<\/strong><\/h3>\n<p>Saugumas yra itin svarbus bet kokiam operacij\u0173 \u012frenginiui, o NFC skaitytuvas i\u0161siskiria integruota apsaugos nuo susid\u016brimo funkcija, u\u017etikrinan\u010dia, kad vienu metu b\u016bt\u0173 nuskaitoma tik viena \u017eyma, o tai \u017eymiai suma\u017eina duomen\u0173 sugadinimo ar suk\u010diavimo tikimyb\u0119.<\/p>\n<h4>I\u0161pl\u0117stinis \u0161ifravimas<\/h4>\n<p>NFC skaitytuvas palaiko \u012fvairias \u0161ifravimo technologijas saugiam duomen\u0173 perdavimui, u\u017etikrindamas, kad slapta informacija b\u016bt\u0173 apsaugota viso operacijos metu.<\/p>\n<h4>Vartotojo \u012fsp\u0117jimai<\/h4>\n<p>\u012erengta vartotojo valdoma garsinio \u012fsp\u0117jimo sistema, naudotojai gali gauti tiesiogin\u012f gr\u012f\u017etam\u0105j\u012f ry\u0161\u012f operacij\u0173 metu, pagerindami naudojim\u0105 ir u\u017etikrindami, kad vartotojai \u017einot\u0173 apie s\u0117kmingus skaitymus.<\/p>\n<h3>4.\u00a0<strong>Poveikis aplinkai<\/strong><\/h3>\n<p>Kadangi \u012fmon\u0117s vis labiau suvokia savo poveik\u012f aplinkai, NFC skaitytuvas sukurtas atsi\u017evelgiant \u012f tvarum\u0105. \u012erenginys naudoja minimali\u0105 gali\u0105 ir gali b\u016bti prijungtas prie esam\u0173 sistem\u0173 be dideli\u0173 technin\u0117s \u012frangos atnaujinim\u0173, tod\u0117l suma\u017e\u0117ja atliek\u0173 kiekis.<\/p>\n<h4>Efektyvus energijos naudojimas<\/h4>\n<p>13,56 MHz da\u017eniu veikiantis NFC skaitytuvas taupo energij\u0105, tod\u0117l j\u012f galima pla\u010diai naudoti be dideli\u0173 elektros s\u0105naud\u0173. \u012emon\u0117s gali naudoti \u0161i\u0105 technologij\u0105 nesibaimindamos, kad padid\u0117s energijos poreikis.<\/p>\n<h3>5.\u00a0<strong>Patogus vartotojui dizainas<\/strong><\/h3>\n<p>NFC skaitytuvas pasi\u017eymi kompakti\u0161ku ir eleganti\u0161ku dizainu, kuris skland\u017eiai integruojamas \u012f j\u016bs\u0173 darbo eig\u0105. Naudotojo valdomas dviej\u0173 spalv\u0173 \u0161viesos diodas suteikia tiesiogin\u012f vaizdin\u012f gr\u012f\u017etam\u0105j\u012f ry\u0161\u012f veikimo metu, efektyviai informuodamas vartotojus apie operacij\u0173 b\u016bsenas.<\/p>\n<h4>Perkeliamumas<\/h4>\n<p>D\u0117l lengvo r\u0117mo jis yra idealus sprendimas keliaujan\u010dioms \u012fmon\u0117ms \u2013 nuo ma\u017emenin\u0117s prekybos parduotuvi\u0173 iki maisto sunkve\u017eimi\u0173, tod\u0117l j\u012f galima greitai panaudoti visur, kur reikia, tod\u0117l jis yra labai efektyvus tiek laikinai, tiek nuolat.<\/p>\n<h3>6.\u00a0<strong>Ekosistem\u0173 suderinamumas<\/strong><\/h3>\n<p>NFC skaitytuvas yra suderinamas su \u012fvairiomis operacin\u0117mis sistemomis, tokiomis kaip \u201eWindows\u201c, \u201eLinux\u201c ir \u201eAndroid\u201c, tod\u0117l j\u012f galima pla\u010diai pritaikyti \u012fvairiose aplinkose.<\/p>\n<h4>Lengvas integravimas su nusistov\u0117jusiomis sistemomis<\/h4>\n<p>Patobulinkite esamas POS sistemas naudodami NFC skaitytuv\u0105 ir i\u0161naudodami jo suderinamum\u0105 su pla\u010diai naudojamomis program\u0117li\u0173 parduotuv\u0117mis, kad atsisi\u0173stum\u0117te verslo poreikiams tinkamas programas.<\/p>\n<\/div>\n<table width=\"559\">\n<tbody>\n<tr>\n<td colspan=\"2\" width=\"559\">Fizin\u0117s charakteristikos<\/td>\n<\/tr>\n<tr>\n<td width=\"214\">Matmenys (mm)<\/td>\n<td width=\"345\">98,0 mm (ilgis) x 65,0 mm (plotis) x 12,8 mm (auk\u0161tis)<\/td>\n<\/tr>\n<tr>\n<td width=\"214\">Svoris (g)<\/td>\n<td width=\"345\">81 g<\/td>\n<\/tr>\n<tr>\n<td colspan=\"2\" width=\"559\">USB s\u0105saja<\/td>\n<\/tr>\n<tr>\n<td width=\"214\">protokolas<\/td>\n<td width=\"345\">USB CCID<\/td>\n<\/tr>\n<tr>\n<td width=\"214\">Jungties tipas<\/td>\n<td width=\"345\">A tipo USB (ACR1252U-MW)<\/td>\n<\/tr>\n<tr>\n<td width=\"214\">Maitinimo \u0161altinis<\/td>\n<td width=\"345\">I\u0161 USB prievado<\/td>\n<\/tr>\n<tr>\n<td width=\"214\">Greitis<\/td>\n<td width=\"345\">Visas USB greitis (12 Mbps)<\/td>\n<\/tr>\n<tr>\n<td width=\"214\">Kabelio ilgis<\/td>\n<td width=\"345\">1,0 m, Nenuimamas<\/td>\n<\/tr>\n<tr>\n<td colspan=\"2\" width=\"559\">Bekontakt\u0117 intelektualiosios kortel\u0117s s\u0105saja<\/td>\n<\/tr>\n<tr>\n<td width=\"214\">Standartinis<\/td>\n<td width=\"345\">ISO\/IEC 18092 NFC, ISO 14443 A ir B tipai, MIFARE\u00ae, FeliCa<\/td>\n<\/tr>\n<tr>\n<td rowspan=\"4\" width=\"214\">protokolas<\/td>\n<td width=\"345\">ISO 14443-4 suderinama kortel\u0117, T=CL<\/td>\n<\/tr>\n<tr>\n<td width=\"345\">MIFARE\u00ae Classic kortel\u0117, T=CL<\/td>\n<\/tr>\n<tr>\n<td width=\"345\">ISO18092, NFC \u017eymos<\/td>\n<\/tr>\n<tr>\n<td width=\"345\">FeliCa<\/td>\n<\/tr>\n<tr>\n<td colspan=\"2\" width=\"559\">Integruoti periferiniai \u012frenginiai<\/td>\n<\/tr>\n<tr>\n<td width=\"214\">LED<\/td>\n<td width=\"345\">1 dvispalvis: raudona ir \u017ealia<\/td>\n<\/tr>\n<tr>\n<td width=\"214\">Skambutis<\/td>\n<td width=\"345\">Monotoni\u0161kas<\/td>\n<\/tr>\n<tr>\n<td colspan=\"2\" width=\"559\">Kitos funkcijos<\/td>\n<\/tr>\n<tr>\n<td width=\"214\">Programin\u0117s \u012frangos atnaujinimas<\/td>\n<td width=\"345\">Palaikoma<\/td>\n<\/tr>\n<tr>\n<td colspan=\"2\" width=\"559\">Sertifikatai \/ atitiktis<\/td>\n<\/tr>\n<tr>\n<td rowspan=\"4\" width=\"214\">Sertifikatai \/ atitiktis<\/td>\n<td width=\"345\">Sertifikatai:<\/td>\n<\/tr>\n<tr>\n<td width=\"345\">Apple VAS, Google Smart Tap, NFC forumo sertifikavimo \u017eenklas, IEC\/EN 62368, CE, FCC, UKCA, J-LIS, VCCI, TELEC, KC, BIS, RoHS, REACH, WEEE<\/td>\n<\/tr>\n<tr>\n<td width=\"345\">Atitiktis:<\/td>\n<\/tr>\n<tr>\n<td width=\"345\">USB CCID, PC\/SC<\/td>\n<\/tr>\n<tr>\n<td colspan=\"2\" width=\"559\">\u012erenginio tvarkykl\u0117s operacin\u0117s sistemos palaikymas<\/td>\n<\/tr>\n<tr>\n<td width=\"214\">\u012erenginio tvarkykl\u0117s operacin\u0117s sistemos palaikymas<\/td>\n<td width=\"345\">\u201eWindows\u00ae\u201c, \u201eLinux\u00ae\u201c, \u201emacOS\u201c (kuriama), \u201eAndroid\u2122\u201c (kuriama)<\/td>\n<\/tr>\n<\/tbody>\n<\/table>\n<h2>Klient\u0173 atsiliepimai<\/h2>\n<blockquote><p>\u201eNFC skaitytuvas pakeit\u0117 tai, kaip apdorojame mok\u0117jimus. Tai greita, saugu ir ne\u012ftik\u0117tinai lengva integruoti su esamomis sistemomis! \u2013\u00a0<strong>Jamesas T.<\/strong>, ma\u017emenin\u0117s prekybos vadovas<\/p><\/blockquote>\n<blockquote><p>\u201eMan patinka, koks ne\u0161iojamas \u0161is NFC skaitytuvas! Tai puikiai tinka mano maisto sunkve\u017eimi\u0173 verslui. \u2013\u00a0<strong>Sandra W.<\/strong>, smulkaus verslo savininkas<\/p><\/blockquote>\n<h2>Da\u017enai u\u017eduodami klausimai (DUK)<\/h2>\n<p><strong>1. Koki\u0173 tip\u0173 korteles gali nuskaityti NFC skaitytuvas?<\/strong><br \/>\nNFC skaitytuvas palaiko ISO 14443 A ir B tipo korteles, MIFARE\u00ae, FeliCa ir visas NFC \u017eymas, atitinkan\u010dias ISO\/IEC 18092 standartus.<\/p>\n<p><strong>2. Ar NFC skaitytuvas suderinamas su i\u0161maniaisiais telefonais?<\/strong><br \/>\nTaip, galite lengvai prijungti NFC skaitytuv\u0105 prie daugumos i\u0161mani\u0173j\u0173 telefon\u0173 per USB, kad b\u016bt\u0173 lengviau atlikti operacijas ir dalytis duomenimis.<\/p>\n<p><strong>3. Ar galiu atnaujinti programin\u0119-aparatin\u0119 \u012frang\u0105?<\/strong><br \/>\nTaip, NFC skaitytuvas palaiko USB programin\u0117s aparatin\u0117s \u012frangos naujinimus, u\u017etikrindamas, kad turite naujausias funkcijas ir saugos naujinimus.<\/p>\n<p><strong>4. Kiek galiu nuskaityti NFC \u017eymas?<\/strong><br \/>\nNFC skaitytuvo nuskaitymo atstumas yra iki 50 mm, priklausomai nuo \u017eymos tipo ir specifini\u0173 jos galimybi\u0173.<\/p>\n<hr \/>\n<p>Pasirink\u0119 NFC skaitytuv\u0105, j\u016bs ne tik investuojate \u012f produkt\u0105; pasirenkate protingesn\u012f sandori\u0173 b\u016bd\u0105. Nesvarbu, ar integruojate j\u012f asmeniniam naudojimui, ar verslui, \u0161io \u012frenginio efektyvumas, suderinamumas ir saugumas daro j\u012f tikrai nepakei\u010diamu. Patirkite naujos kartos bekontak\u010dius mok\u0117jimus ir su\u017einokite, kok\u012f skirtum\u0105 jie gali tur\u0117ti j\u016bs\u0173 operacijose jau \u0161iandien!<\/p>","protected":false},"excerpt":{"rendered":"<div>NFC Reader Writer palaikymas Apple Pay ir Google VAS, patvirtintas per VAS<strong>\u00a0Apple ir Google VAS (prid\u0117tos vert\u0117s paslauga) <\/strong> Pramon\u0117s gigant\u0173 \u201eApple\u201c ir \u201eGoogle\u201c protokolus, \u0161is \u012frenginys atveria keli\u0105 revoliuciniam naudojimui be korteli\u0173, patvirtindamas daugyb\u0119 skaitmenini\u0173 leidim\u0173, \u012fskaitant, bet tuo neapsiribojant, lojalumo schemas, prieigos bilietus ir identifikavimo kredencialus, skirtus asmenims, dirbantiems \u012fmon\u0117se ar \u0161vietimo \u012fstaigose sistemoje \u201eiOS\u201c. ir Android \u012frenginiai.<\/div>\n<div><\/div>","protected":false},"featured_media":2731,"template":"","meta":[],"product_brand":[],"product_cat":[45,40],"product_tag":[],"class_list":{"0":"post-2732","1":"product","2":"type-product","3":"status-publish","4":"has-post-thumbnail","6":"product_cat-contactless-nfc-reader","7":"product_cat-rfid-nfc-reader","9":"first","10":"instock","11":"shipping-taxable","12":"product-type-simple"},"_links":{"self":[{"href":"https:\/\/nfc-readers.com\/lt\/wp-json\/wp\/v2\/product\/2732","targetHints":{"allow":["GET"]}}],"collection":[{"href":"https:\/\/nfc-readers.com\/lt\/wp-json\/wp\/v2\/product"}],"about":[{"href":"https:\/\/nfc-readers.com\/lt\/wp-json\/wp\/v2\/types\/product"}],"wp:featuredmedia":[{"embeddable":true,"href":"https:\/\/nfc-readers.com\/lt\/wp-json\/wp\/v2\/media\/2731"}],"wp:attachment":[{"href":"https:\/\/nfc-readers.com\/lt\/wp-json\/wp\/v2\/media?parent=2732"}],"wp:term":[{"taxonomy":"product_brand","embeddable":true,"href":"https:\/\/nfc-readers.com\/lt\/wp-json\/wp\/v2\/product_brand?post=2732"},{"taxonomy":"product_cat","embeddable":true,"href":"https:\/\/nfc-readers.com\/lt\/wp-json\/wp\/v2\/product_cat?post=2732"},{"taxonomy":"product_tag","embeddable":true,"href":"https:\/\/nfc-readers.com\/lt\/wp-json\/wp\/v2\/product_tag?post=2732"}],"curies":[{"name":"wp","href":"https:\/\/api.w.org\/{rel}","templated":true}]}}