{"id":2740,"date":"2024-06-11T01:53:04","date_gmt":"2024-06-11T01:53:04","guid":{"rendered":"https:\/\/nfc-readers.com\/?post_type=product&#038;p=2740"},"modified":"2024-09-24T02:48:08","modified_gmt":"2024-09-24T02:48:08","slug":"acr123u-nfc-lcd-contactless-reader-writer","status":"publish","type":"product","link":"https:\/\/nfc-readers.com\/lt\/ic-reader\/acr123u-nfc-lcd-contactless-reader-writer\/","title":{"rendered":"ACR123U NFC LCD bekontaktis skaitytuvas"},"content":{"rendered":"<h1>ACR123U NFC LCD bekontaktis skaitytuvas<\/h1>\n<p>ACR123U, ACR123S USB variantas, yra prieinamas, lankstus ir i\u0161manus bekontaktis skaitytuvas. J\u012f galima skland\u017eiai integruoti \u012f esamas pardavimo vietos (POS) sistemas arba kasos aparatus, paver\u010diant juos \u012f mok\u0117jimo be gryn\u0173j\u0173 pinig\u0173 terminalus. ACR123U pristatymas pagreitina atsiskaitymo proces\u0105, nes jis leid\u017eia klientams u\u017ebaigti mok\u0117jimus tiesiog bakstel\u0117jus kortel\u0119. \u0160is bekontaktis skaitytuvas \u2013 tai efektyvus sprendimas, padedantis padidinti mok\u0117jimo sistem\u0173 efektyvum\u0105.<\/p>\n<ul>\n<li>\n<h2>USB s\u0105saja duomen\u0173 perdavimo ir maitinimo \u0161altiniui<\/h2>\n<\/li>\n<li>\n<h2>ARM 32 bit\u0173 CortexTM-M3 procesorius<\/h2>\n<\/li>\n<li>\n<h2>I\u0161mani\u0173j\u0173 korteli\u0173 skaitytuvas:<\/h2>\n<ul>\n<li>\n<h3>Skaitymo \/ ra\u0161ymo greitis iki 848 kbps<\/h3>\n<\/li>\n<li>\n<h3>Integruota antena bekontaktei prieigai prie kortel\u0117s, kortel\u0117s nuskaitymo atstumas iki 50 mm (priklausomai nuo \u017eymos tipo)<\/h3>\n<\/li>\n<li>\n<h3>ISO 14443 4 dalies A ir B tipo korteli\u0173 ir MIFARE serijos palaikymas<\/h3>\n<\/li>\n<li>\n<h3>Integruota apsaugos nuo susid\u016brimo funkcija<\/h3>\n<\/li>\n<li>\n<h3>Trys su ISO 7816 suderinami SAM lizdai<\/h3>\n<\/li>\n<\/ul>\n<\/li>\n<li>\n<h2>Integruoti periferiniai \u012frenginiai:<\/h2>\n<ul>\n<li>\n<h3>16 raidini\u0173 ir skaitmenini\u0173 simboli\u0173 x 8 eilu\u010di\u0173 grafinis LCD (128 x 64 pikseliai)<\/h3>\n<\/li>\n<li>\n<h3>Keturi vartotojo valdomi \u0161viesos diodai (m\u0117lyna, geltona, \u017ealia ir raudona)<\/h3>\n<\/li>\n<li>\n<h3>Naudotojo valdomas bakstel\u0117jimo srities foninis ap\u0161vietimas (raudona, \u017ealia ir m\u0117lyna)<\/h3>\n<\/li>\n<li>\n<h3>Naudotojo valdomas garsiakalbis (garso tono indikacija)<\/h3>\n<\/li>\n<\/ul>\n<\/li>\n<\/ul>\n<table style=\"height: 1395px;\" width=\"611\">\n<tbody>\n<tr>\n<td colspan=\"2\" width=\"511\">Fizin\u0117s charakteristikos<\/td>\n<\/tr>\n<tr>\n<td rowspan=\"2\" width=\"215\">Matmenys (mm)<\/td>\n<td width=\"296\">Pagrindinis korpusas: 159,0 mm (ilgis) x 100,0 mm (plotis) x 21,0 mm (auk\u0161tis)<\/td>\n<\/tr>\n<tr>\n<td width=\"296\">Su stovu: 177,4 mm (ilgis) x 100,0 mm (plotis) x 94,5 mm (auk\u0161tis)<\/td>\n<\/tr>\n<tr>\n<td rowspan=\"2\" width=\"215\">Svoris (g)<\/td>\n<td width=\"296\">Pagrindinis korpusas: 281 g<\/td>\n<\/tr>\n<tr>\n<td width=\"296\">Su stovu: 506 g<\/td>\n<\/tr>\n<tr>\n<td colspan=\"2\" width=\"511\">USB s\u0105saja<\/td>\n<\/tr>\n<tr>\n<td width=\"215\">protokolas<\/td>\n<td width=\"296\">USB CCID<\/td>\n<\/tr>\n<tr>\n<td width=\"215\">Jungties tipas<\/td>\n<td width=\"296\">Standartinis A tipas<\/td>\n<\/tr>\n<tr>\n<td width=\"215\">Maitinimo \u0161altinis<\/td>\n<td width=\"296\">I\u0161 USB prievado<\/td>\n<\/tr>\n<tr>\n<td width=\"215\">Greitis<\/td>\n<td width=\"296\">Visas USB greitis (12 Mbps)<\/td>\n<\/tr>\n<tr>\n<td width=\"215\">Kabelio ilgis<\/td>\n<td width=\"296\">1,5 m, Stacionarus<\/td>\n<\/tr>\n<tr>\n<td colspan=\"2\" width=\"511\">Bekontakt\u0117 intelektualiosios kortel\u0117s s\u0105saja<\/td>\n<\/tr>\n<tr>\n<td width=\"215\">Standartinis<\/td>\n<td width=\"296\">ISO 14443 A ir B 1\u20134 dalys<\/td>\n<\/tr>\n<tr>\n<td rowspan=\"2\" width=\"215\">protokolas<\/td>\n<td width=\"296\">ISO 14443-4 suderinama kortel\u0117, T=CL<\/td>\n<\/tr>\n<tr>\n<td width=\"296\">MIFARE\u00ae Classic kortel\u0117, T=CL<\/td>\n<\/tr>\n<tr>\n<td colspan=\"2\" width=\"511\">SAM kortel\u0117s s\u0105saja<\/td>\n<\/tr>\n<tr>\n<td width=\"215\">Lizd\u0173 skai\u010dius<\/td>\n<td width=\"296\">3 standartiniai SIM dyd\u017eio korteli\u0173 lizdai<\/td>\n<\/tr>\n<tr>\n<td width=\"215\">Standartinis<\/td>\n<td width=\"296\">ISO 7816 A, B, C klas\u0117 (5 V, 3 V, 1,8 V)<\/td>\n<\/tr>\n<tr>\n<td width=\"215\">protokolas<\/td>\n<td width=\"296\">T=0; T=1<\/td>\n<\/tr>\n<tr>\n<td colspan=\"2\" width=\"511\">Integruoti periferiniai \u012frenginiai<\/td>\n<\/tr>\n<tr>\n<td rowspan=\"3\" width=\"215\">LCD<\/td>\n<td width=\"296\">Grafinis LCD su baltu foniniu ap\u0161vietimu<\/td>\n<\/tr>\n<tr>\n<td width=\"296\">Rezoliucija: 128x64 pikseliai<\/td>\n<\/tr>\n<tr>\n<td width=\"296\">Simboli\u0173 skai\u010dius: 16 simboli\u0173 x 8 eilut\u0117s<\/td>\n<\/tr>\n<tr>\n<td width=\"215\">LED<\/td>\n<td width=\"296\">4 vienos spalvos: m\u0117lyna, geltona, \u017ealia ir raudona<\/td>\n<\/tr>\n<tr>\n<td width=\"215\">Bakstel\u0117jimo regionas<\/td>\n<td width=\"296\">Trij\u0173 spalv\u0173 foninis ap\u0161vietimas: raudona, \u017ealia ir m\u0117lyna<\/td>\n<\/tr>\n<tr>\n<td width=\"215\">Prane\u0161\u0117jas<\/td>\n<td width=\"296\">Garso tono indikacija<\/td>\n<\/tr>\n<tr>\n<td colspan=\"2\" width=\"511\">Kitos funkcijos<\/td>\n<\/tr>\n<tr>\n<td width=\"215\">Saugumas<\/td>\n<td width=\"296\">Tamperio jungiklis (vidinis apsaugos nuo \u012fsibrovimo aptikimas ir apsauga)<\/td>\n<\/tr>\n<tr>\n<td width=\"215\">Programin\u0117s \u012frangos atnaujinimas<\/td>\n<td width=\"296\">Palaikoma<\/td>\n<\/tr>\n<tr>\n<td width=\"215\">Realaus laiko laikrodis<\/td>\n<td width=\"296\">Palaikoma<\/td>\n<\/tr>\n<tr>\n<td colspan=\"2\" width=\"511\">Sertifikatai \/ atitiktis<\/td>\n<\/tr>\n<tr>\n<td rowspan=\"12\" width=\"215\">Sertifikatai \/ atitiktis<\/td>\n<td width=\"296\">ISO 14443<\/td>\n<\/tr>\n<tr>\n<td width=\"296\">ISO 7816 (SAM lizdas)<\/td>\n<\/tr>\n<tr>\n<td width=\"296\">USB visu grei\u010diu<\/td>\n<\/tr>\n<tr>\n<td width=\"296\">PC\/SC<\/td>\n<\/tr>\n<tr>\n<td width=\"296\">CCID<\/td>\n<\/tr>\n<tr>\n<td width=\"296\">VCCI (Japonija)<\/td>\n<\/tr>\n<tr>\n<td width=\"296\">KC (Kor\u0117ja)<\/td>\n<\/tr>\n<tr>\n<td width=\"296\">Microsoft\u00ae WHQL<\/td>\n<\/tr>\n<tr>\n<td width=\"296\">CE<\/td>\n<\/tr>\n<tr>\n<td width=\"296\">FCC<\/td>\n<\/tr>\n<tr>\n<td width=\"296\">RoHS 2<\/td>\n<\/tr>\n<tr>\n<td width=\"296\">REACH<\/td>\n<\/tr>\n<tr>\n<td colspan=\"2\" width=\"511\">\u012erenginio tvarkykl\u0117s operacin\u0117s sistemos palaikymas<\/td>\n<\/tr>\n<tr>\n<td rowspan=\"4\" width=\"215\">\u012erenginio tvarkykl\u0117s operacin\u0117s sistemos palaikymas<\/td>\n<td width=\"296\">Windows\u00ae CE<\/td>\n<\/tr>\n<tr>\n<td width=\"296\">Windows\u00ae<\/td>\n<\/tr>\n<tr>\n<td width=\"296\">Linux\u00ae<\/td>\n<\/tr>\n<tr>\n<td width=\"296\">Solaris<\/td>\n<\/tr>\n<\/tbody>\n<\/table>","protected":false},"excerpt":{"rendered":"<div class=\"auto-hide-last-sibling-br paragraph_1252f paragraph-element\">\n<div class=\"auto-hide-last-sibling-br paragraph_1252f paragraph-element\">ACR123U,Affordable LCD USB Reader for cashless payments, enhancing checkout efficiency with intuitive design and compatibility with ISO 14443-4 cards.<\/div>\n<\/div>","protected":false},"featured_media":2741,"template":"","meta":[],"product_brand":[],"product_cat":[45],"product_tag":[],"class_list":{"0":"post-2740","1":"product","2":"type-product","3":"status-publish","4":"has-post-thumbnail","6":"product_cat-contactless-nfc-reader","8":"first","9":"instock","10":"shipping-taxable","11":"product-type-simple"},"_links":{"self":[{"href":"https:\/\/nfc-readers.com\/lt\/wp-json\/wp\/v2\/product\/2740","targetHints":{"allow":["GET"]}}],"collection":[{"href":"https:\/\/nfc-readers.com\/lt\/wp-json\/wp\/v2\/product"}],"about":[{"href":"https:\/\/nfc-readers.com\/lt\/wp-json\/wp\/v2\/types\/product"}],"wp:featuredmedia":[{"embeddable":true,"href":"https:\/\/nfc-readers.com\/lt\/wp-json\/wp\/v2\/media\/2741"}],"wp:attachment":[{"href":"https:\/\/nfc-readers.com\/lt\/wp-json\/wp\/v2\/media?parent=2740"}],"wp:term":[{"taxonomy":"product_brand","embeddable":true,"href":"https:\/\/nfc-readers.com\/lt\/wp-json\/wp\/v2\/product_brand?post=2740"},{"taxonomy":"product_cat","embeddable":true,"href":"https:\/\/nfc-readers.com\/lt\/wp-json\/wp\/v2\/product_cat?post=2740"},{"taxonomy":"product_tag","embeddable":true,"href":"https:\/\/nfc-readers.com\/lt\/wp-json\/wp\/v2\/product_tag?post=2740"}],"curies":[{"name":"wp","href":"https:\/\/api.w.org\/{rel}","templated":true}]}}