{"id":2744,"date":"2024-06-11T02:10:05","date_gmt":"2024-06-11T02:10:05","guid":{"rendered":"https:\/\/nfc-readers.com\/?post_type=product&#038;p=2744"},"modified":"2024-09-23T08:58:36","modified_gmt":"2024-09-23T08:58:36","slug":"acr123s-rs232-nfc-lcd-contactless-reader-writer","status":"publish","type":"product","link":"https:\/\/nfc-readers.com\/lt\/ic-reader\/acr123s-rs232-nfc-lcd-contactless-reader-writer\/","title":{"rendered":"ACR123S RS232 NFC LCD bekontaktis skaitytuvas"},"content":{"rendered":"<h1>ACR123S RS232 NFC LCD bekontaktis skaitytuvas<\/h1>\n<div><\/div>\n<div class=\"auto-hide-last-sibling-br paragraph_1252f paragraph-element\">Bekontak\u010di\u0173 technologij\u0173 augimas kei\u010dia vartotoj\u0173 pirkimo elgsen\u0105 visame pasaulyje, tod\u0117l did\u0117ja poreikis sukurti tvirt\u0105 sprendim\u0105, galint\u012f palaikyti bekontak\u010dio mok\u0117jimo programas. ACR123S buvo specialiai sukurtas siekiant patenkinti \u0161i\u0105 did\u0117jan\u010di\u0105 paklaus\u0105.<\/div>\n<div class=\"auto-hide-last-sibling-br paragraph_1252f paragraph-element\">ACR123S Intelligent bekontaktis skaitytuvas yra ekonomi\u0161kas, universalus ir i\u0161manus bekontaktis skaitytuvas, kur\u012f galima be vargo integruoti \u012f jau egzistuojan\u010dias POS (Point-of-Sale) sistemas ar kasos aparatus, taip suteikiant atsiskaitymo be gryn\u0173j\u0173 pinig\u0173 sistemos prana\u0161umus. Sukurta naudojant 13,56 MHz bekontakt\u0119 (RFID) technologij\u0105, ji yra suderinama su bet kokia bekontakte kortele, kuri atitinka ISO 14443-4 standart\u0105.<\/div>\n<div>\n<ul>\n<li>\n<h2>Serijin\u0117 RS232 s\u0105saja su RJ45 jungtimi<\/h2>\n<\/li>\n<li>\n<h2>USB s\u0105saja maitinimo \u0161altiniui<\/h2>\n<\/li>\n<li>\n<h2>ARM 32 bit\u0173 CortexTM-M3 procesorius<\/h2>\n<\/li>\n<li>\n<h2>I\u0161mani\u0173j\u0173 korteli\u0173 skaitytuvas:<\/h2>\n<ul>\n<li>\n<h3>Skaitymo \/ ra\u0161ymo greitis iki 848 kbps<\/h3>\n<\/li>\n<li>\n<h3>Integruota antena bekontaktei prieigai prie kortel\u0117s, kortel\u0117s nuskaitymo atstumas iki 50 mm (priklausomai nuo \u017eymos tipo)<\/h3>\n<\/li>\n<li>\n<h3>ISO 14443 4 dalies A ir B tipo korteli\u0173 ir MIFARE serijos palaikymas<\/h3>\n<\/li>\n<li>\n<h3>Integruota apsaugos nuo susid\u016brimo funkcija<\/h3>\n<\/li>\n<li>\n<h3>Trys su ISO 7816 suderinami SAM lizdai<\/h3>\n<\/li>\n<\/ul>\n<\/li>\n<li>\n<h2>Integruoti periferiniai \u012frenginiai:<\/h2>\n<ul>\n<li>\n<h3>16 raidini\u0173 ir skaitmenini\u0173 simboli\u0173 x 8 eilu\u010di\u0173 grafinis LCD (128 x 64 pikseliai)<\/h3>\n<\/li>\n<li>\n<h3>Keturi vartotojo valdomi \u0161viesos diodai (m\u0117lyna, geltona, \u017ealia ir raudona)<\/h3>\n<\/li>\n<li>\n<h3>Naudotojo valdomas bakstel\u0117jimo srities foninis ap\u0161vietimas (raudona, \u017ealia ir m\u0117lyna)<\/h3>\n<\/li>\n<li>\n<h3>Naudotojo valdomas garsiakalbis (garso tono indikacija)<\/h3>\n<\/li>\n<\/ul>\n<\/li>\n<\/ul>\n<table width=\"514\">\n<tbody>\n<tr>\n<td colspan=\"2\" width=\"514\">Fizin\u0117s charakteristikos<\/td>\n<\/tr>\n<tr>\n<td rowspan=\"2\" width=\"233\">Matmenys (mm)<\/td>\n<td width=\"281\">Pagrindinis korpusas: 159,0 mm (ilgis) x 100,0 mm (plotis) x 21,0 mm (auk\u0161tis)<\/td>\n<\/tr>\n<tr>\n<td width=\"281\">Su stovu: 177,4 mm (ilgis) x 100,0 mm (plotis) x 94,5 mm (auk\u0161tis)<\/td>\n<\/tr>\n<tr>\n<td rowspan=\"2\" width=\"233\">Svoris (g)<\/td>\n<td width=\"281\">Pagrindinis korpusas: 281 g<\/td>\n<\/tr>\n<tr>\n<td width=\"281\">Su stovu: 506 g<\/td>\n<\/tr>\n<tr>\n<td colspan=\"2\" width=\"514\">Serijin\u0117 s\u0105saja<\/td>\n<\/tr>\n<tr>\n<td width=\"233\">protokolas<\/td>\n<td width=\"281\">RS-232<\/td>\n<\/tr>\n<tr>\n<td width=\"233\">Jungties tipas<\/td>\n<td width=\"281\">RJ45 jungtis<\/td>\n<\/tr>\n<tr>\n<td width=\"233\">Maitinimo \u0161altinis<\/td>\n<td width=\"281\">I\u0161 USB prievado<\/td>\n<\/tr>\n<tr>\n<td width=\"233\">Kabelio ilgis<\/td>\n<td width=\"281\">1,5 m, fiksuotas (RJ45 + USB)<\/td>\n<\/tr>\n<tr>\n<td colspan=\"2\" width=\"514\">Bekontakt\u0117 intelektualiosios kortel\u0117s s\u0105saja<\/td>\n<\/tr>\n<tr>\n<td width=\"233\">Standartinis<\/td>\n<td width=\"281\">ISO 14443 A ir B 1\u20134 dalys<\/td>\n<\/tr>\n<tr>\n<td rowspan=\"2\" width=\"233\">protokolas<\/td>\n<td width=\"281\">ISO 14443-4 suderinama kortel\u0117, T=CL<\/td>\n<\/tr>\n<tr>\n<td width=\"281\">MIFARE\u00ae Classic kortel\u0117, T=CL<\/td>\n<\/tr>\n<tr>\n<td colspan=\"2\" width=\"514\">SAM kortel\u0117s s\u0105saja<\/td>\n<\/tr>\n<tr>\n<td width=\"233\">Lizd\u0173 skai\u010dius<\/td>\n<td width=\"281\">3 standartiniai SIM dyd\u017eio korteli\u0173 lizdai<\/td>\n<\/tr>\n<tr>\n<td width=\"233\">Standartinis<\/td>\n<td width=\"281\">ISO 7816 A, B, C klas\u0117 (5 V, 3 V, 1,8 V)<\/td>\n<\/tr>\n<tr>\n<td width=\"233\">protokolas<\/td>\n<td width=\"281\">T=0; T=1<\/td>\n<\/tr>\n<tr>\n<td colspan=\"2\" width=\"514\">Integruoti periferiniai \u012frenginiai<\/td>\n<\/tr>\n<tr>\n<td rowspan=\"3\" width=\"233\">LCD<\/td>\n<td width=\"281\">Grafinis LCD su baltu foniniu ap\u0161vietimu<\/td>\n<\/tr>\n<tr>\n<td width=\"281\">Rezoliucija: 128x64 pikseliai<\/td>\n<\/tr>\n<tr>\n<td width=\"281\">Simboli\u0173 skai\u010dius: 16 simboli\u0173 x 8 eilut\u0117s<\/td>\n<\/tr>\n<tr>\n<td width=\"233\">LED<\/td>\n<td width=\"281\">4 vienos spalvos: m\u0117lyna, geltona, \u017ealia ir raudona<\/td>\n<\/tr>\n<tr>\n<td width=\"233\">Bakstel\u0117jimo regionas<\/td>\n<td width=\"281\">Trij\u0173 spalv\u0173 foninis ap\u0161vietimas: raudona, \u017ealia ir m\u0117lyna<\/td>\n<\/tr>\n<tr>\n<td width=\"233\">Prane\u0161\u0117jas<\/td>\n<td width=\"281\">Garso tono indikacija<\/td>\n<\/tr>\n<tr>\n<td colspan=\"2\" width=\"514\">Kitos funkcijos<\/td>\n<\/tr>\n<tr>\n<td width=\"233\">Saugumas<\/td>\n<td width=\"281\">Tamperio jungiklis (vidinis apsaugos nuo \u012fsibrovimo aptikimas ir apsauga)<\/td>\n<\/tr>\n<tr>\n<td width=\"233\">Programin\u0117s \u012frangos atnaujinimas<\/td>\n<td width=\"281\">Palaikoma<\/td>\n<\/tr>\n<tr>\n<td width=\"233\">Realaus laiko laikrodis<\/td>\n<td width=\"281\">Palaikoma<\/td>\n<\/tr>\n<tr>\n<td colspan=\"2\" width=\"514\">Sertifikatai \/ atitiktis<\/td>\n<\/tr>\n<tr>\n<td rowspan=\"8\" width=\"233\">Sertifikatai \/ atitiktis<\/td>\n<td width=\"281\">ISO 14443<\/td>\n<\/tr>\n<tr>\n<td width=\"281\">ISO 7816 (SAM lizdas)<\/td>\n<\/tr>\n<tr>\n<td width=\"281\">VCCI (Japonija)<\/td>\n<\/tr>\n<tr>\n<td width=\"281\">KC (Kor\u0117ja)<\/td>\n<\/tr>\n<tr>\n<td width=\"281\">CE<\/td>\n<\/tr>\n<tr>\n<td width=\"281\">FCC<\/td>\n<\/tr>\n<tr>\n<td width=\"281\">RoHS 2<\/td>\n<\/tr>\n<tr>\n<td width=\"281\">REACH<\/td>\n<\/tr>\n<tr>\n<td colspan=\"2\" width=\"514\">\u012erenginio tvarkykl\u0117s operacin\u0117s sistemos palaikymas<\/td>\n<\/tr>\n<tr>\n<td rowspan=\"3\" width=\"233\">\u012erenginio tvarkykl\u0117s operacin\u0117s sistemos palaikymas<\/td>\n<td width=\"281\">Windows\u00ae CE<\/td>\n<\/tr>\n<tr>\n<td width=\"281\">Windows\u00ae<\/td>\n<\/tr>\n<tr>\n<td width=\"281\">Linux\u00ae<\/td>\n<\/tr>\n<\/tbody>\n<\/table>\n<\/div>","protected":false},"excerpt":{"rendered":"<div class=\"auto-hide-last-sibling-br paragraph_1252f paragraph-element\">The ACR123S is an innovative LCD USB 13.56 mhz RFID Reader that enhances POS systems with seamless contactless payment capabilities for a smoother checkout experience.<\/div>","protected":false},"featured_media":2745,"template":"","meta":[],"product_brand":[],"product_cat":[45],"product_tag":[],"class_list":{"0":"post-2744","1":"product","2":"type-product","3":"status-publish","4":"has-post-thumbnail","6":"product_cat-contactless-nfc-reader","8":"first","9":"instock","10":"shipping-taxable","11":"product-type-simple"},"_links":{"self":[{"href":"https:\/\/nfc-readers.com\/lt\/wp-json\/wp\/v2\/product\/2744","targetHints":{"allow":["GET"]}}],"collection":[{"href":"https:\/\/nfc-readers.com\/lt\/wp-json\/wp\/v2\/product"}],"about":[{"href":"https:\/\/nfc-readers.com\/lt\/wp-json\/wp\/v2\/types\/product"}],"wp:featuredmedia":[{"embeddable":true,"href":"https:\/\/nfc-readers.com\/lt\/wp-json\/wp\/v2\/media\/2745"}],"wp:attachment":[{"href":"https:\/\/nfc-readers.com\/lt\/wp-json\/wp\/v2\/media?parent=2744"}],"wp:term":[{"taxonomy":"product_brand","embeddable":true,"href":"https:\/\/nfc-readers.com\/lt\/wp-json\/wp\/v2\/product_brand?post=2744"},{"taxonomy":"product_cat","embeddable":true,"href":"https:\/\/nfc-readers.com\/lt\/wp-json\/wp\/v2\/product_cat?post=2744"},{"taxonomy":"product_tag","embeddable":true,"href":"https:\/\/nfc-readers.com\/lt\/wp-json\/wp\/v2\/product_tag?post=2744"}],"curies":[{"name":"wp","href":"https:\/\/api.w.org\/{rel}","templated":true}]}}