{"id":2752,"date":"2024-06-11T12:30:21","date_gmt":"2024-06-11T12:30:21","guid":{"rendered":"https:\/\/nfc-readers.com\/?post_type=product&#038;p=2752"},"modified":"2024-09-23T06:29:25","modified_gmt":"2024-09-23T06:29:25","slug":"acm1323u-hid-contactless-reader-writer","status":"publish","type":"product","link":"https:\/\/nfc-readers.com\/lt\/ic-reader\/acm1323u-hid-contactless-reader-writer\/","title":{"rendered":"ACM1323U HID bekontaktis skaitytuvas"},"content":{"rendered":"<h1>ACM1323U HID bekontaktis skaitytuvas<\/h1>\n<p>ACM1323 yra intelektuali\u0173j\u0173 korteli\u0173 skaitytuvo modulis, pagr\u012fstas 13,56 MHz bekontakte technologija. Jis naudoja HID protokol\u0105 ir USB s\u0105sajoje n\u0117ra \u012fdiegta tvarkykl\u0117. Jis palaiko A klas\u0117s intelektuali\u0173j\u0173 korteli\u0173 skaitym\u0105 ir ra\u0161ym\u0105, atitinkan\u010dias ISO144431 4 dal\u012f, \u012fskaitant CPU korteles, MIFARE Classic, Mifare 1K\/4K, Mifare Plus ir DESFire. ACM1323 yra tikras \u201eplug and play\u201c \u012frenginys, kur\u012f galima naudoti be joki\u0173 tvarkykli\u0173 ir sukurtas greitam integravimui \u012f \u012fterpt\u0105sias sistemas, tinkantis \u012fvairioms programoms, pvz., \u012fkrovimo ta\u0161kams, plan\u0161etiniams kompiuteriams, pardavimo automatams, vie\u0161ajam transportui, tinklo prieigos kontrolei, lankomumo ir kitos integruotos sistemos. Jis taip pat palaiko programin\u0117s \u012frangos atnaujinimus be papildom\u0173 aparatin\u0117s \u012frangos modifikacij\u0173.<\/p>\n<table width=\"628\">\n<tbody>\n<tr>\n<td colspan=\"2\" width=\"628\">Fizin\u0117s charakteristikos<\/td>\n<\/tr>\n<tr>\n<td width=\"335\">Matmenys (mm)<\/td>\n<td width=\"293\">73,5 x 40,0 x 5,0<\/td>\n<\/tr>\n<tr>\n<td width=\"335\">Svoris (g)<\/td>\n<td width=\"293\">7.2<\/td>\n<\/tr>\n<tr>\n<td colspan=\"2\" width=\"628\">USB s\u0105saja<\/td>\n<\/tr>\n<tr>\n<td width=\"335\">protokolas<\/td>\n<td width=\"293\">HID<\/td>\n<\/tr>\n<tr>\n<td width=\"335\">Jungties tipas<\/td>\n<td width=\"293\">USB<\/td>\n<\/tr>\n<tr>\n<td width=\"335\">Maitinimo \u0161altinis<\/td>\n<td width=\"293\">I\u0161 USB prievado<\/td>\n<\/tr>\n<tr>\n<td width=\"335\">Greitis<\/td>\n<td width=\"293\">USB 2.0 Full Speed (12 Mbps), suderinamas su USB 3.0<\/td>\n<\/tr>\n<tr>\n<td width=\"335\">Kabelio ilgis<\/td>\n<td width=\"293\">1m, nuimamas (pagal pageidavim\u0105)<\/td>\n<\/tr>\n<tr>\n<td colspan=\"2\" width=\"628\">Bekontakt\u0117 intelektualiosios kortel\u0117s s\u0105saja<\/td>\n<\/tr>\n<tr>\n<td width=\"335\">Standartinis<\/td>\n<td width=\"293\">ISO 14443 tipo A procesoriaus kortel\u0117 MIFARE Classic, Mifare 1K\/4K, Mifare Plus ir DESFire<\/td>\n<\/tr>\n<tr>\n<td rowspan=\"2\" width=\"335\">protokolas<\/td>\n<td width=\"293\">ISO 14443-4 suderinama kortel\u0117, T=CL<\/td>\n<\/tr>\n<tr>\n<td width=\"293\">MIFARE\u00ae Classic kortel\u0117, T=CL<\/td>\n<\/tr>\n<tr>\n<td colspan=\"2\" width=\"628\">Integruoti periferiniai \u012frenginiai<\/td>\n<\/tr>\n<tr>\n<td width=\"335\">LED<\/td>\n<td width=\"293\">1 dvispalvis: m\u0117lyna ir \u017ealia<\/td>\n<\/tr>\n<tr>\n<td colspan=\"2\" width=\"628\">Kitos funkcijos<\/td>\n<\/tr>\n<tr>\n<td rowspan=\"3\" width=\"335\">Kitos funkcijos<\/td>\n<td width=\"293\">Palaikomi korteli\u0173 tipai:<\/td>\n<\/tr>\n<tr>\n<td width=\"293\">ISO 14443 A ir B tipo 1\u20134 dalys,<\/td>\n<\/tr>\n<tr>\n<td width=\"293\">MIFARE Classic\u00ae, MIFARE DESFire\u00ae, MIFARE Ultralight\u00ae, MIFARE Plus\u00ae<\/td>\n<\/tr>\n<tr>\n<td width=\"335\">Programin\u0117s \u012frangos atnaujinimas<\/td>\n<td width=\"293\">Palaikoma<\/td>\n<\/tr>\n<tr>\n<td colspan=\"2\" width=\"628\">Sertifikatai \/ atitiktis<\/td>\n<\/tr>\n<tr>\n<td rowspan=\"4\" width=\"335\">Sertifikatai \/ atitiktis<\/td>\n<td width=\"293\">Sertifikatai:<\/td>\n<\/tr>\n<tr>\n<td width=\"293\">IEC\/EN 62368, CE, UKCA, FCC, VCCI, RoHS, REACH, WEEE, Microsoft\u00ae WHQL<\/td>\n<\/tr>\n<tr>\n<td width=\"293\">\u00a0 Atitiktis:<\/td>\n<\/tr>\n<tr>\n<td width=\"293\">pasisl\u0117p\u0117<\/td>\n<\/tr>\n<tr>\n<td colspan=\"2\" width=\"628\">\u012erenginio tvarkykl\u0117s operacin\u0117s sistemos palaikymas<\/td>\n<\/tr>\n<tr>\n<td width=\"335\">\u012erenginio tvarkykl\u0117s operacin\u0117s sistemos palaikymas<\/td>\n<td width=\"293\">Windows\u00ae, Linux\u00ae, macOS, Android\u2122<\/td>\n<\/tr>\n<\/tbody>\n<\/table>","protected":false},"excerpt":{"rendered":"<p>The ACM1323U is a versatile USB HID Card Reader that supports various Class A cards and integrates seamlessly into embedded systems.<\/p>","protected":false},"featured_media":2753,"template":"","meta":[],"product_brand":[],"product_cat":[41],"product_tag":[],"class_list":{"0":"post-2752","1":"product","2":"type-product","3":"status-publish","4":"has-post-thumbnail","6":"product_cat-module-ic-reader","8":"first","9":"instock","10":"shipping-taxable","11":"product-type-simple"},"_links":{"self":[{"href":"https:\/\/nfc-readers.com\/lt\/wp-json\/wp\/v2\/product\/2752","targetHints":{"allow":["GET"]}}],"collection":[{"href":"https:\/\/nfc-readers.com\/lt\/wp-json\/wp\/v2\/product"}],"about":[{"href":"https:\/\/nfc-readers.com\/lt\/wp-json\/wp\/v2\/types\/product"}],"wp:featuredmedia":[{"embeddable":true,"href":"https:\/\/nfc-readers.com\/lt\/wp-json\/wp\/v2\/media\/2753"}],"wp:attachment":[{"href":"https:\/\/nfc-readers.com\/lt\/wp-json\/wp\/v2\/media?parent=2752"}],"wp:term":[{"taxonomy":"product_brand","embeddable":true,"href":"https:\/\/nfc-readers.com\/lt\/wp-json\/wp\/v2\/product_brand?post=2752"},{"taxonomy":"product_cat","embeddable":true,"href":"https:\/\/nfc-readers.com\/lt\/wp-json\/wp\/v2\/product_cat?post=2752"},{"taxonomy":"product_tag","embeddable":true,"href":"https:\/\/nfc-readers.com\/lt\/wp-json\/wp\/v2\/product_tag?post=2752"}],"curies":[{"name":"wp","href":"https:\/\/api.w.org\/{rel}","templated":true}]}}