{"id":2773,"date":"2024-06-11T14:17:35","date_gmt":"2024-06-11T14:17:35","guid":{"rendered":"https:\/\/nfc-readers.com\/?post_type=product&#038;p=2773"},"modified":"2024-09-23T06:15:02","modified_gmt":"2024-09-23T06:15:02","slug":"acr1555u-a1-bluetooth-nfc-usb-contactless-reader-writer","status":"publish","type":"product","link":"https:\/\/nfc-readers.com\/lt\/ic-reader\/acr1555u-a1-bluetooth-nfc-usb-contactless-reader-writer\/","title":{"rendered":"ACR1555U-A1 Bluetooth NFC USB bekontak\u010di\u0173 skaitytuv\u0173 ra\u0161iklis"},"content":{"rendered":"<h1>ACR1555U-A1 Bluetooth NFC USB bekontak\u010di\u0173 skaitytuv\u0173 ra\u0161iklis<\/h1>\n<div class=\"auto-hide-last-sibling-br paragraph_1252f paragraph-element\">ACR1555U-A1 NFC Bluetooth\u00ae skaitytuvas suderinamas su ISO 14443 1-4 dalimis ir ISO 18092 standartais, palaikydamas daugyb\u0119 bekontak\u010di\u0173 korteli\u0173, \u012fskaitant MIFARE korteles, FeliCa\u2122 korteles, ISO 7816 A, B ir C klas\u0117s (5 V, 3V ir 1,8V) SAM kortel\u0117s ir NFC \u017eymos. Skaitytuvas palaiko \u201eBluetooth Standard 5.2\u201c, veikiant vienu re\u017eimu, taip pat yra C tipo USB \u012frenginys, u\u017etikrinantis suderinamum\u0105 su \u012fvairiomis operacin\u0117mis sistemomis, tokiomis kaip \u201eiOS\u201c, \u201eAndroid\u2122\u201c, \u201eLinux\u201c ir \u201eWindows\u201c. Energijos tiekimui ACR1555U yra 450 mAh 3,7 V li\u010dio jon\u0173 akumuliatorius. Jame yra 3 \u0161viesos diodai ir garsinis signalas, rodantis \u012frenginio veikimo b\u016bsen\u0105, taip pat 2 baterijos, \u012frenginio b\u016bsenos ir Bluetooth b\u016bsenos valdymo mygtukai. D\u0117l to ACR1555U yra universalus ir patogus NFC Bluetooth\u00ae skaitytuvas, tinkantis \u012fvairioms programoms.<\/div>\n<table width=\"641\">\n<tbody>\n<tr>\n<td colspan=\"2\" width=\"641\">Fizin\u0117s charakteristikos<\/td>\n<\/tr>\n<tr>\n<td width=\"210\">Matmenys (mm)<\/td>\n<td width=\"431\">93 mm (ilgis) x 58 mm (plotis) x 6,0 mm (auk\u0161tis)<\/td>\n<\/tr>\n<tr>\n<td width=\"210\"><\/td>\n<td width=\"431\">94 mm (ilgis) x 60,2 mm (plotis) x 9,0 mm (auk\u0161tis) (su kortel\u0117s laikikliu)<\/td>\n<\/tr>\n<tr>\n<td width=\"210\">Svoris (g)<\/td>\n<td width=\"431\">31,0 g (korteli\u0173 skaitytuvas)<\/td>\n<\/tr>\n<tr>\n<td width=\"210\"><\/td>\n<td width=\"431\">39,0 g (su kortel\u0117s laikikliu)<\/td>\n<\/tr>\n<tr>\n<td colspan=\"2\" width=\"641\">Bluetooth s\u0105saja<\/td>\n<\/tr>\n<tr>\n<td width=\"210\">protokolas<\/td>\n<td width=\"431\">Bluetooth\u00ae (\u201eBluetooth 5.2\u201c)<\/td>\n<\/tr>\n<tr>\n<td width=\"210\">Maitinimo \u0161altinis<\/td>\n<td width=\"431\">\u012ekraunama li\u010dio jon\u0173 baterija (kraunama per USB)<\/td>\n<\/tr>\n<tr>\n<td colspan=\"2\" width=\"641\">USB s\u0105saja<\/td>\n<\/tr>\n<tr>\n<td width=\"210\">protokolas<\/td>\n<td width=\"431\">USB CCID<\/td>\n<\/tr>\n<tr>\n<td width=\"210\">Jungties tipas<\/td>\n<td width=\"431\">USB C TIPO<\/td>\n<\/tr>\n<tr>\n<td width=\"210\">Maitinimo \u0161altinis<\/td>\n<td width=\"431\">I\u0161 USB prievado<\/td>\n<\/tr>\n<tr>\n<td width=\"210\">Greitis<\/td>\n<td width=\"431\">Visas USB greitis (12 Mbps)<\/td>\n<\/tr>\n<tr>\n<td width=\"210\">Kabelio ilgis<\/td>\n<td width=\"431\">1 m, Nuimamas<\/td>\n<\/tr>\n<tr>\n<td colspan=\"2\" width=\"641\">Bekontakt\u0117 intelektualiosios kortel\u0117s s\u0105saja<\/td>\n<\/tr>\n<tr>\n<td width=\"210\">Standartinis<\/td>\n<td width=\"431\">ISO\/IEC 18092 NFC, ISO15693, ISO 14443 A ir B tipai, MIFARE, FeliCa<\/td>\n<\/tr>\n<tr>\n<td width=\"210\">protokolas<\/td>\n<td width=\"431\">ISO 14443-4 suderinama kortel\u0117, T=CL<br \/>\nMIFARE klasikin\u0117 kortel\u0117, T=CL<br \/>\nISO 18092, NFC \u017eymos<br \/>\nFeliCa<\/td>\n<\/tr>\n<tr>\n<td colspan=\"2\" width=\"641\">Integruoti periferiniai \u012frenginiai<\/td>\n<\/tr>\n<tr>\n<td width=\"210\">LED<\/td>\n<td width=\"431\">2 dvispalv\u0117s: raudona ir m\u0117lyna, raudona ir \u017ealia<\/td>\n<\/tr>\n<tr>\n<td width=\"210\">Palaikykite \u012fvairias NFC funkcijas<\/td>\n<td width=\"431\"><\/td>\n<\/tr>\n<tr>\n<td width=\"210\"><\/td>\n<td width=\"431\">Korteli\u0173 skaitytuvo \/ ra\u0161ymo re\u017eimas<\/td>\n<\/tr>\n<tr>\n<td width=\"210\"><\/td>\n<td width=\"431\">Kortel\u0117s emuliacijos re\u017eimas<\/td>\n<\/tr>\n<tr>\n<td width=\"210\"><\/td>\n<td width=\"431\">Palaikykite klaviat\u016bros emuliacijos re\u017eim\u0105<\/td>\n<\/tr>\n<tr>\n<td colspan=\"2\" width=\"641\">Kitos funkcijos<\/td>\n<\/tr>\n<tr>\n<td width=\"210\">\u0160ifravimas<\/td>\n<td width=\"431\">\u012erenginyje esantis AES 128 \u0161ifravimo algoritmas<\/td>\n<\/tr>\n<tr>\n<td width=\"210\">Programin\u0117s \u012frangos atnaujinimas<\/td>\n<td width=\"431\">Palaikoma<\/td>\n<\/tr>\n<tr>\n<td colspan=\"2\" width=\"641\">Sertifikatai \/ atitiktis<\/td>\n<\/tr>\n<tr>\n<td rowspan=\"14\" width=\"210\">Sertifikatai \/ atitiktis<\/td>\n<td>EN \/IEC 62368<\/td>\n<\/tr>\n<tr>\n<td>ISO 18092<\/td>\n<\/tr>\n<tr>\n<td>ISO 14443<\/td>\n<\/tr>\n<tr>\n<td>ISO 15693<\/td>\n<\/tr>\n<tr>\n<td>Bluetooth\u00aeBQB<\/td>\n<\/tr>\n<tr>\n<td>KCC<\/td>\n<\/tr>\n<tr>\n<td>UKCA<\/td>\n<\/tr>\n<tr>\n<td>CE<\/td>\n<\/tr>\n<tr>\n<td>FCC<\/td>\n<\/tr>\n<tr>\n<td>RoHS<\/td>\n<\/tr>\n<tr>\n<td>REACH<\/td>\n<\/tr>\n<tr>\n<td>TELEC (Japonija)<\/td>\n<\/tr>\n<tr>\n<td>VCCI<\/td>\n<\/tr>\n<tr>\n<td>Microsoft\u00ae WHQL<\/td>\n<\/tr>\n<tr>\n<td colspan=\"2\" width=\"641\">\u012erenginio tvarkykl\u0117s operacin\u0117s sistemos palaikymas<\/td>\n<\/tr>\n<tr>\n<td rowspan=\"5\" width=\"210\">\u012erenginio tvarkykl\u0117s operacin\u0117s sistemos palaikymas<\/td>\n<td width=\"431\">Windows\u00ae<\/td>\n<\/tr>\n<tr>\n<td width=\"431\">Linux\u00ae<\/td>\n<\/tr>\n<tr>\n<td width=\"431\">MAC OS\u00ae 10.7 ir naujesn\u0117s versijos<\/td>\n<\/tr>\n<tr>\n<td width=\"431\">Android\u2122 4.3 ir naujesn\u0117s versijos<\/td>\n<\/tr>\n<tr>\n<td width=\"431\">iOS 8.0 ir naujesn\u0117s versijos<\/td>\n<\/tr>\n<\/tbody>\n<\/table>\n<p>&nbsp;<\/p>","protected":false},"excerpt":{"rendered":"<div class=\"auto-hide-last-sibling-br paragraph_1252f paragraph-element\">The ACR1555U-A1 is a portable Bluetooth\u00ae NFC Reader that enables smart card and NFC applications on the go.<\/div>","protected":false},"featured_media":2774,"template":"","meta":[],"product_brand":[],"product_cat":[45,38],"product_tag":[],"class_list":{"0":"post-2773","1":"product","2":"type-product","3":"status-publish","4":"has-post-thumbnail","6":"product_cat-contactless-nfc-reader","7":"product_cat-mobile-ble-nfc-reader","9":"first","10":"instock","11":"shipping-taxable","12":"product-type-simple"},"_links":{"self":[{"href":"https:\/\/nfc-readers.com\/lt\/wp-json\/wp\/v2\/product\/2773","targetHints":{"allow":["GET"]}}],"collection":[{"href":"https:\/\/nfc-readers.com\/lt\/wp-json\/wp\/v2\/product"}],"about":[{"href":"https:\/\/nfc-readers.com\/lt\/wp-json\/wp\/v2\/types\/product"}],"wp:featuredmedia":[{"embeddable":true,"href":"https:\/\/nfc-readers.com\/lt\/wp-json\/wp\/v2\/media\/2774"}],"wp:attachment":[{"href":"https:\/\/nfc-readers.com\/lt\/wp-json\/wp\/v2\/media?parent=2773"}],"wp:term":[{"taxonomy":"product_brand","embeddable":true,"href":"https:\/\/nfc-readers.com\/lt\/wp-json\/wp\/v2\/product_brand?post=2773"},{"taxonomy":"product_cat","embeddable":true,"href":"https:\/\/nfc-readers.com\/lt\/wp-json\/wp\/v2\/product_cat?post=2773"},{"taxonomy":"product_tag","embeddable":true,"href":"https:\/\/nfc-readers.com\/lt\/wp-json\/wp\/v2\/product_tag?post=2773"}],"curies":[{"name":"wp","href":"https:\/\/api.w.org\/{rel}","templated":true}]}}