{"id":2780,"date":"2024-06-12T02:05:36","date_gmt":"2024-06-12T02:05:36","guid":{"rendered":"https:\/\/nfc-readers.com\/?post_type=product&#038;p=2780"},"modified":"2024-09-23T06:11:23","modified_gmt":"2024-09-23T06:11:23","slug":"acr40u-premium-high-speed-usb-contact-smartcard-reader-writer","status":"publish","type":"product","link":"https:\/\/nfc-readers.com\/lt\/ic-reader\/acr40u-premium-high-speed-usb-contact-smartcard-reader-writer\/","title":{"rendered":"ACR40U auk\u0161\u010diausios kokyb\u0117s didel\u0117s spartos USB kontaktinis intelektuali\u0173j\u0173 korteli\u0173 skaitytuvas"},"content":{"rendered":"<h1>ACR40U auk\u0161\u010diausios kokyb\u0117s didel\u0117s spartos USB kontaktinis intelektuali\u0173j\u0173 korteli\u0173 skaitytuvas<\/h1>\n<div class=\"auto-hide-last-sibling-br paragraph_1252f paragraph-element\">Pristatome ACR40U, didel\u0117s spartos USB kontaktin\u012f intelektuali\u0173j\u0173 korteli\u0173 skaitytuv\u0105. Jis nuolat palaiko ISO 7816 A, B ir C klas\u0117s intelektuali\u0105sias korteles, mikroprocesori\u0173 korteles, naudojan\u010dias T=0 ir T=1 protokolus, ir plat\u0173 rinkoje prieinam\u0173 atminties korteli\u0173 asortiment\u0105. ACR40U turi dvigub\u0105 LED lemput\u0119, rodan\u010di\u0105 kortel\u0117s ir skaitytuvo b\u016bsena. Pagrindiniai patobulinimai apima galimyb\u0119 atnaujinti programin\u0119-aparatin\u0119 \u012frang\u0105 ir i\u0161saugoti naudotojo duomenis \u012frenginyje, kad b\u016bt\u0173 galima pritaikyti \u012fvairius taikymo scenarijus. Jame taip pat yra stovo priedas, leid\u017eiantis \u012fvairias konfig\u016bracijas, \u012fskaitant vertikali\u0105 ir horizontali\u0105 pad\u0117t\u012f. Laikantis CCID, PC\/SC ir Microsoft\u00ae WHQL standart\u0173, ACR40U garantuoja lengv\u0105 integravim\u0105 su daugybe operacini\u0173 sistem\u0173, toki\u0173 kaip Windows\u00ae, Linux\u00ae, macOS. , iOS, iPadOS ir Android\u2122. Jis palaiko A ir C tipo USB s\u0105sajas ir si\u016blo lanks\u010dias ry\u0161io parinktis.<\/div>\n<div>\n<ul>\n<li>\n<h2>USB 2.0 viso grei\u010dio s\u0105saja<\/h2>\n<\/li>\n<li>\n<h2>A tipo USB<\/h2>\n<\/li>\n<li>\n<h2>\u201ePlug and Play\u201c \u2013 CCID palaikymas suteikia did\u017eiausi\u0105 mobilum\u0105<\/h2>\n<\/li>\n<li>\n<h2>I\u0161mani\u0173j\u0173 korteli\u0173 skaitytuvas:<\/h2>\n<ul>\n<li>\n<h3>Palaiko ISO 7816 A, B ir C klas\u0117s (5 V, 3 V, 1,8 V) korteles<\/h3>\n<\/li>\n<li>\n<h3>Palaiko CAC<\/h3>\n<\/li>\n<li>\n<h3>Palaiko SIPRNET kortel\u0119<\/h3>\n<\/li>\n<li>\n<h3>Palaiko \u201eMyKad\u201c.<\/h3>\n<\/li>\n<li>\n<h3>Palaiko J-LIS kortel\u0119<\/h3>\n<\/li>\n<li>\n<h3>Palaiko mikroprocesorines korteles su T=0 arba T=1 protokolu<\/h3>\n<\/li>\n<li>\n<h3>Palaiko atminties korteles<\/h3>\n<\/li>\n<li>\n<h3>Palaiko PPS (protokolo ir parametr\u0173 pasirinkim\u0105)<\/h3>\n<\/li>\n<li>\n<h3>Apsauga nuo trumpojo jungimo<\/h3>\n<\/li>\n<\/ul>\n<\/li>\n<li>\n<h2>Program\u0173 programavimo s\u0105saja:<\/h2>\n<ul>\n<li>\n<h3>Palaiko PC\/SC<\/h3>\n<\/li>\n<li>\n<h3>Palaikykite CT-API<\/h3>\n<\/li>\n<\/ul>\n<\/li>\n<li>\n<h2>Palaiko visas pagrindines operacines sistemas<\/h2>\n<ul>\n<li>\n<h3>Windows\u00ae, Linux\u00ae, macOS, iOS, iPadOS, Android\u2122, Solaris\u2122<\/h3>\n<\/li>\n<\/ul>\n<\/li>\n<\/ul>\n<table width=\"606\">\n<tbody>\n<tr>\n<td colspan=\"2\" width=\"606\">Fizin\u0117s charakteristikos<\/td>\n<\/tr>\n<tr>\n<td width=\"211\">Matmenys (mm)<\/td>\n<td width=\"395\">62,5 mm (ilgis) \u00d7 67,6 mm (plotis) \u00d7 58,5 mm (auk\u0161tis)<\/td>\n<\/tr>\n<tr>\n<td width=\"211\">Svoris (g)<\/td>\n<td width=\"395\">40,0 g \u00b1 5,0 g<\/td>\n<\/tr>\n<tr>\n<td colspan=\"2\" width=\"606\">USB s\u0105saja<\/td>\n<\/tr>\n<tr>\n<td width=\"211\">protokolas<\/td>\n<td width=\"395\">USB CCID<\/td>\n<\/tr>\n<tr>\n<td width=\"211\">Jungties tipas<\/td>\n<td width=\"395\">Standartinis A tipas, C tipas<\/td>\n<\/tr>\n<tr>\n<td width=\"211\">Maitinimo \u0161altinis<\/td>\n<td width=\"395\">I\u0161 USB prievado<\/td>\n<\/tr>\n<tr>\n<td width=\"211\">Greitis<\/td>\n<td width=\"395\">USB 2.0 viso grei\u010dio (12 Mbps)<\/td>\n<\/tr>\n<tr>\n<td width=\"211\">Kabelio ilgis<\/td>\n<td width=\"395\">1 m, fiksuotas<\/td>\n<\/tr>\n<tr>\n<td colspan=\"2\" width=\"606\">Susisiekite su Smart Card s\u0105saja<\/td>\n<\/tr>\n<tr>\n<td width=\"211\">Lizd\u0173 skai\u010dius<\/td>\n<td width=\"395\">1 viso dyd\u017eio korteli\u0173 lizdas<\/td>\n<\/tr>\n<tr>\n<td width=\"211\">Standartinis<\/td>\n<td width=\"395\">ISO 7816 1\u20134 dalys, A, B, C klas\u0117 (5 V, 3 V, 1,8 V)<\/td>\n<\/tr>\n<tr>\n<td width=\"211\">protokolas<\/td>\n<td width=\"395\">T=0; T=1; Atminties korteli\u0173 palaikymas<\/td>\n<\/tr>\n<tr>\n<td width=\"211\">Kiti<\/td>\n<td width=\"395\">Mykad, \u0160MC, J-LIS, SIPRNET kortel\u0117<\/td>\n<\/tr>\n<tr>\n<td colspan=\"2\" width=\"606\">Sertifikatai \/ atitiktis<\/td>\n<\/tr>\n<tr>\n<td width=\"211\">Sertifikatai \/ atitiktis<\/td>\n<td width=\"395\">EN62368\/IEC 62368 CE FCC RoHS REACH EMV\u2122 1 lygis (kontaktas) UL 62368 J-LIS KC PBOC 1 lygis (kontaktas) TAA UKCA UL VCCI WEEE USB 2.0 visos spartos Microsoft\u00ae WHQL<\/td>\n<\/tr>\n<tr>\n<td colspan=\"2\" width=\"606\">\u012erenginio tvarkykl\u0117s operacin\u0117s sistemos palaikymas<\/td>\n<\/tr>\n<tr>\n<td width=\"211\">\u012erenginio tvarkykl\u0117s operacin\u0117s sistemos palaikymas<\/td>\n<td width=\"395\">Windows\u00ae Linux\u00ae macOS IOS iPadOS Android\u2122 Solaris\u2122<\/td>\n<\/tr>\n<tr>\n<td><\/td>\n<td><\/td>\n<\/tr>\n<\/tbody>\n<\/table>\n<\/div>","protected":false},"excerpt":{"rendered":"<div class=\"auto-hide-last-sibling-br paragraph_1252f paragraph-element\">The ACR40U is a compact EMV PBOC card reader that supports various smart cards and offers flexible connectivity options.<\/div>","protected":false},"featured_media":2783,"template":"","meta":[],"product_brand":[],"product_cat":[39],"product_tag":[],"class_list":{"0":"post-2780","1":"product","2":"type-product","3":"status-publish","4":"has-post-thumbnail","6":"product_cat-usb-ic-smartcard-reader","8":"first","9":"instock","10":"shipping-taxable","11":"product-type-simple"},"_links":{"self":[{"href":"https:\/\/nfc-readers.com\/lt\/wp-json\/wp\/v2\/product\/2780","targetHints":{"allow":["GET"]}}],"collection":[{"href":"https:\/\/nfc-readers.com\/lt\/wp-json\/wp\/v2\/product"}],"about":[{"href":"https:\/\/nfc-readers.com\/lt\/wp-json\/wp\/v2\/types\/product"}],"wp:featuredmedia":[{"embeddable":true,"href":"https:\/\/nfc-readers.com\/lt\/wp-json\/wp\/v2\/media\/2783"}],"wp:attachment":[{"href":"https:\/\/nfc-readers.com\/lt\/wp-json\/wp\/v2\/media?parent=2780"}],"wp:term":[{"taxonomy":"product_brand","embeddable":true,"href":"https:\/\/nfc-readers.com\/lt\/wp-json\/wp\/v2\/product_brand?post=2780"},{"taxonomy":"product_cat","embeddable":true,"href":"https:\/\/nfc-readers.com\/lt\/wp-json\/wp\/v2\/product_cat?post=2780"},{"taxonomy":"product_tag","embeddable":true,"href":"https:\/\/nfc-readers.com\/lt\/wp-json\/wp\/v2\/product_tag?post=2780"}],"curies":[{"name":"wp","href":"https:\/\/api.w.org\/{rel}","templated":true}]}}