{"id":2811,"date":"2024-06-19T06:28:23","date_gmt":"2024-06-19T06:28:23","guid":{"rendered":"https:\/\/nfc-readers.com\/?post_type=product&#038;p=2811"},"modified":"2024-09-23T05:57:05","modified_gmt":"2024-09-23T05:57:05","slug":"acr39t-a1-usb-contact-sim-sized-smartcard-reader-writer","status":"publish","type":"product","link":"https:\/\/nfc-readers.com\/lt\/ic-reader\/acr39t-a1-usb-contact-sim-sized-smartcard-reader-writer\/","title":{"rendered":"ACR39T-A1 USB kontaktinis SIM dyd\u017eio intelektuali\u0173j\u0173 korteli\u0173 skaitytuvas"},"content":{"rendered":"<h1>ACR39T-A1 USB kontaktinis SIM dyd\u017eio intelektuali\u0173j\u0173 korteli\u0173 skaitytuvas<\/h1>\n<p>ACR39T-A1 yra revoliucin\u0117 naujov\u0117 intelektuali\u0173j\u0173 korteli\u0173 skaitytuv\u0173 srityje. Nors jo forma yra nedidel\u0117, SIM kortel\u0117s dyd\u017eio, ji nekenkia daugybei funkcij\u0173. Jis skland\u017eiai sujungia pa\u017eangiausias technologijas su stilingu, \u0161iuolaiki\u0161ku dizainu, kad atitikt\u0173 grie\u017etus \u012fvairi\u0173 su intelektualiosiomis kortel\u0117mis susijusi\u0173 program\u0173 reikalavimus.<\/p>\n<ul>\n<li>\n<h2>USB 2.0 viso grei\u010dio s\u0105saja<\/h2>\n<\/li>\n<li>\n<h2>Suderinamas su USB 3.0<\/h2>\n<\/li>\n<li>\n<h2>\u201ePlug and Play\u201c \u2013 CCID palaikymas suteikia did\u017eiausi\u0105 mobilum\u0105<\/h2>\n<\/li>\n<li>\n<h2>I\u0161mani\u0173j\u0173 korteli\u0173 skaitytuvas:<\/h2>\n<ul>\n<li>\n<h3>Palaiko ISO 7816 A, B ir C klas\u0117s (5 V, 3 V, 1,8 V) korteles<\/h3>\n<\/li>\n<li>\n<h3>Palaiko mikroprocesorines korteles su T=0 arba T=1 protokolu<\/h3>\n<\/li>\n<li>\n<h3>Palaiko atminties korteles<\/h3>\n<\/li>\n<li>\n<h3>Palaiko PPS (protokolo ir parametr\u0173 pasirinkim\u0105)<\/h3>\n<\/li>\n<li>\n<h3>Apsauga nuo trumpojo jungimo<\/h3>\n<\/li>\n<\/ul>\n<\/li>\n<li>\n<h2>Program\u0173 programavimo s\u0105saja:<\/h2>\n<ul>\n<li>\n<h3>Palaiko PC\/SC<\/h3>\n<\/li>\n<li>\n<h3>Palaiko CT-API (per d\u0117kl\u0105 kompiuterio \/ SC vir\u0161uje)<\/h3>\n<\/li>\n<\/ul>\n<\/li>\n<li>\n<h2>Palaiko Android\u2122 3.1 ir naujesnes versijas<\/h2>\n<\/li>\n<\/ul>\n<table width=\"527\">\n<tbody>\n<tr>\n<td colspan=\"2\" width=\"527\">Fizin\u0117s charakteristikos<\/td>\n<\/tr>\n<tr>\n<td width=\"203\">Matmenys (mm)<\/td>\n<td width=\"324\">49,5 mm (ilgis) x 21,5 mm (plotis) x 9,0 mm (auk\u0161tis)<\/td>\n<\/tr>\n<tr>\n<td width=\"203\">Svoris (g)<\/td>\n<td width=\"324\">8,5 g<\/td>\n<\/tr>\n<tr>\n<td colspan=\"2\" width=\"527\">USB s\u0105saja<\/td>\n<\/tr>\n<tr>\n<td width=\"203\">protokolas<\/td>\n<td width=\"324\">USB CCID<\/td>\n<\/tr>\n<tr>\n<td width=\"203\">Jungties tipas<\/td>\n<td width=\"324\">Standartinis A tipas<\/td>\n<\/tr>\n<tr>\n<td width=\"203\">Maitinimo \u0161altinis<\/td>\n<td width=\"324\">I\u0161 USB prievado<\/td>\n<\/tr>\n<tr>\n<td width=\"203\">Greitis<\/td>\n<td width=\"324\">Visas USB greitis (12 Mbps)<\/td>\n<\/tr>\n<tr>\n<td colspan=\"2\" width=\"527\">Susisiekite su Smart Card s\u0105saja<\/td>\n<\/tr>\n<tr>\n<td width=\"203\">Lizd\u0173 skai\u010dius<\/td>\n<td width=\"324\">1 standartinio SIM dyd\u017eio kortel\u0117s lizdas<\/td>\n<\/tr>\n<tr>\n<td width=\"203\">Standartinis<\/td>\n<td width=\"324\">ISO 7816 1\u20134 dalys, A, B, C klas\u0117 (5 V, 3 V, 1,8 V)<\/td>\n<\/tr>\n<tr>\n<td width=\"203\">protokolas<\/td>\n<td width=\"324\">T=0; T=1; Atminties korteli\u0173 palaikymas<\/td>\n<\/tr>\n<tr>\n<td colspan=\"2\" width=\"527\">Sertifikatai \/ atitiktis<\/td>\n<\/tr>\n<tr>\n<td rowspan=\"13\" width=\"203\">Sertifikatai \/ atitiktis<\/td>\n<td width=\"324\">EN62368\/IEC 62368<\/td>\n<\/tr>\n<tr>\n<td width=\"324\">CE<\/td>\n<\/tr>\n<tr>\n<td width=\"324\">FCC<\/td>\n<\/tr>\n<tr>\n<td width=\"324\">RoHS<\/td>\n<\/tr>\n<tr>\n<td width=\"324\">REACH<\/td>\n<\/tr>\n<tr>\n<td width=\"324\">UKCA<\/td>\n<\/tr>\n<tr>\n<td width=\"324\">VCCI<\/td>\n<\/tr>\n<tr>\n<td width=\"324\">WEEE<\/td>\n<\/tr>\n<tr>\n<td width=\"324\">ISO 7816<\/td>\n<\/tr>\n<tr>\n<td width=\"324\">USB 2.0 visu grei\u010diu<\/td>\n<\/tr>\n<tr>\n<td width=\"324\">PC\/SC<\/td>\n<\/tr>\n<tr>\n<td width=\"324\">CCID<\/td>\n<\/tr>\n<tr>\n<td width=\"324\">Microsoft\u00ae WHQL<\/td>\n<\/tr>\n<tr>\n<td colspan=\"2\" width=\"527\">\u012erenginio tvarkykl\u0117s operacin\u0117s sistemos palaikymas<\/td>\n<\/tr>\n<tr>\n<td rowspan=\"5\" width=\"203\">\u012erenginio tvarkykl\u0117s operacin\u0117s sistemos palaikymas<\/td>\n<td width=\"324\">Windows\u00ae<\/td>\n<\/tr>\n<tr>\n<td width=\"324\">Linux\u00ae<\/td>\n<\/tr>\n<tr>\n<td width=\"324\">macOS\u00ae<\/td>\n<\/tr>\n<tr>\n<td width=\"324\">Solaris\u2122<\/td>\n<\/tr>\n<tr>\n<td width=\"324\">Android\u2122<\/td>\n<\/tr>\n<tr>\n<td><\/td>\n<td><\/td>\n<\/tr>\n<\/tbody>\n<\/table>","protected":false},"excerpt":{"rendered":"<div class=\"auto-hide-last-sibling-br paragraph_9dc5f paragraph-element\">The ACR39T-A1 is a compact pcsc ccid card reader that combines advanced technology with a modern design for versatile smart card applications.<\/div>","protected":false},"featured_media":2812,"template":"","meta":[],"product_brand":[],"product_cat":[39],"product_tag":[],"class_list":{"0":"post-2811","1":"product","2":"type-product","3":"status-publish","4":"has-post-thumbnail","6":"product_cat-usb-ic-smartcard-reader","8":"first","9":"instock","10":"shipping-taxable","11":"product-type-simple"},"_links":{"self":[{"href":"https:\/\/nfc-readers.com\/lt\/wp-json\/wp\/v2\/product\/2811","targetHints":{"allow":["GET"]}}],"collection":[{"href":"https:\/\/nfc-readers.com\/lt\/wp-json\/wp\/v2\/product"}],"about":[{"href":"https:\/\/nfc-readers.com\/lt\/wp-json\/wp\/v2\/types\/product"}],"wp:featuredmedia":[{"embeddable":true,"href":"https:\/\/nfc-readers.com\/lt\/wp-json\/wp\/v2\/media\/2812"}],"wp:attachment":[{"href":"https:\/\/nfc-readers.com\/lt\/wp-json\/wp\/v2\/media?parent=2811"}],"wp:term":[{"taxonomy":"product_brand","embeddable":true,"href":"https:\/\/nfc-readers.com\/lt\/wp-json\/wp\/v2\/product_brand?post=2811"},{"taxonomy":"product_cat","embeddable":true,"href":"https:\/\/nfc-readers.com\/lt\/wp-json\/wp\/v2\/product_cat?post=2811"},{"taxonomy":"product_tag","embeddable":true,"href":"https:\/\/nfc-readers.com\/lt\/wp-json\/wp\/v2\/product_tag?post=2811"}],"curies":[{"name":"wp","href":"https:\/\/api.w.org\/{rel}","templated":true}]}}