{"id":2815,"date":"2024-06-19T06:35:44","date_gmt":"2024-06-19T06:35:44","guid":{"rendered":"https:\/\/nfc-readers.com\/?post_type=product&#038;p=2815"},"modified":"2024-09-23T05:48:48","modified_gmt":"2024-09-23T05:48:48","slug":"acr39u-h1-high-speed-usb-contact-smartcard-reader-writer","status":"publish","type":"product","link":"https:\/\/nfc-readers.com\/lt\/ic-reader\/acr39u-h1-high-speed-usb-contact-smartcard-reader-writer\/","title":{"rendered":"ACR39U-H1 didel\u0117s spartos USB kontaktinis intelektuali\u0173j\u0173 korteli\u0173 skaitytuvo ra\u0161iklis"},"content":{"rendered":"<h1>ACR39U-H1 didel\u0117s spartos USB kontaktinis intelektuali\u0173j\u0173 korteli\u0173 skaitytuvo ra\u0161iklis<\/h1>\n<p>ACR39U-H1 yra universalus intelektuali\u0173j\u0173 korteli\u0173 skaitytuvas, palaikantis ISO 7816 A, B ir C klas\u0117s intelektuali\u0105sias korteles (5 V, 3 V ir 1,8 V), mikroprocesorines korteles su T=0 arba T=1 protokolu ir atmint\u012f. kortel\u0117s. Pa\u017eym\u0117tina, kad ji taip pat suderinama su Malaizijos tapatyb\u0117s kortele (Mykad). Jame yra visos spartos USB s\u0105saja ir lustin\u0117s kortel\u0117s skaitymo \/ ra\u0161ymo greitis iki 600 Kbps. ACR39U-H1 yra ne\u012ftik\u0117tinai patvarus, jo tarnavimo laikas yra 200 000 kortel\u0117s \u012fd\u0117jimo cikl\u0173. Jis turi \u012fvairius sertifikatus, \u012fskaitant EMV\u2122 Level 1 (Contact) ir PBOC (People&#039;s Bank of China), tod\u0117l jis yra puikus intelektuali\u0173j\u0173 korteli\u0173 skaitytuvas j\u016bs\u0173 el. bankininkyst\u0117s ir el. mok\u0117jim\u0173 programoms.<\/p>\n<ul>\n<li>\n<h2>Viso grei\u010dio USB s\u0105saja<\/h2>\n<\/li>\n<li>\n<h2>Suderinamas su USB 3.0<\/h2>\n<\/li>\n<li>\n<h2>A tipo USB jungtis<\/h2>\n<\/li>\n<li>\n<h2>\u201ePlug and Play\u201c \u2013 CCID palaikymas suteikia did\u017eiausi\u0105 mobilum\u0105<\/h2>\n<\/li>\n<li>\n<h2>I\u0161mani\u0173j\u0173 korteli\u0173 skaitytuvas:<\/h2>\n<ul>\n<li>\n<h3>Kontaktin\u0117 s\u0105saja:<\/h3>\n<ul>\n<li>Palaiko ISO 7816 A, B ir C klas\u0117s (5 V, 3 V, 1,8 V) korteles<\/li>\n<li>Palaiko CAC (bendr\u0105 prieigos kortel\u0119)<\/li>\n<li>Palaiko SIPRNET kortel\u0119<\/li>\n<li>Palaiko mikroprocesorines korteles su T=0 arba T=1 protokolu<\/li>\n<li>Palaiko atminties korteles<\/li>\n<li>Palaiko Mykad kortel\u0119<\/li>\n<li>Palaiko PPS (protokolo ir parametr\u0173 pasirinkim\u0105)<\/li>\n<li>Apsauga nuo trumpojo jungimo<\/li>\n<\/ul>\n<\/li>\n<\/ul>\n<\/li>\n<li>\n<h2>Program\u0173 programavimo s\u0105saja:<\/h2>\n<ul>\n<li>\n<h3>Palaiko PC\/SC<\/h3>\n<\/li>\n<li>\n<h3>Palaiko CT-API (per d\u0117kl\u0105 kompiuterio \/ SC vir\u0161uje)<\/h3>\n<\/li>\n<\/ul>\n<\/li>\n<li>\n<h2>Palaiko Android\u2122 3.1 ir naujesnes versijas<\/h2>\n<\/li>\n<\/ul>\n<table width=\"478\">\n<tbody>\n<tr>\n<td colspan=\"2\" width=\"478\">Fizin\u0117s charakteristikos<\/td>\n<\/tr>\n<tr>\n<td width=\"237\">Matmenys (mm)<\/td>\n<td width=\"241\">71,5 mm (ilgis) x 80,0 mm (plotis) x 80,0 mm (auk\u0161tis)<\/td>\n<\/tr>\n<tr>\n<td width=\"237\">Svoris (g)<\/td>\n<td width=\"241\">174 g<\/td>\n<\/tr>\n<tr>\n<td colspan=\"2\" width=\"478\">Atskiras re\u017eimas<\/td>\n<\/tr>\n<tr>\n<td width=\"237\">Operacin\u0117 sistema<\/td>\n<td width=\"241\">1 viso dyd\u017eio korteli\u0173 lizdas<\/td>\n<\/tr>\n<tr>\n<td colspan=\"2\" width=\"478\">USB s\u0105saja<\/td>\n<\/tr>\n<tr>\n<td width=\"237\">protokolas<\/td>\n<td width=\"241\">USB CCID<\/td>\n<\/tr>\n<tr>\n<td width=\"237\">Jungties tipas<\/td>\n<td width=\"241\">Standartinis A tipas<\/td>\n<\/tr>\n<tr>\n<td width=\"237\">Maitinimo \u0161altinis<\/td>\n<td width=\"241\">I\u0161 USB prievado<\/td>\n<\/tr>\n<tr>\n<td width=\"237\">Greitis<\/td>\n<td width=\"241\">USB 2.0 viso grei\u010dio (12 Mbps)<\/td>\n<\/tr>\n<tr>\n<td width=\"237\">Kabelio ilgis<\/td>\n<td width=\"241\">1,5 m, Stacionarus<\/td>\n<\/tr>\n<tr>\n<td colspan=\"2\" width=\"478\">Susisiekite su Smart Card s\u0105saja<\/td>\n<\/tr>\n<tr>\n<td width=\"237\">Lizd\u0173 skai\u010dius<\/td>\n<td width=\"241\">1 viso dyd\u017eio korteli\u0173 lizdas<\/td>\n<\/tr>\n<tr>\n<td width=\"237\">Standartinis<\/td>\n<td width=\"241\">ISO 7816 1\u20134 dalys, A, B, C klas\u0117 (5 V, 3 V, 1,8 V)<\/td>\n<\/tr>\n<tr>\n<td width=\"237\">protokolas<\/td>\n<td width=\"241\">T=0; T=1; Atminties korteli\u0173 palaikymas<\/td>\n<\/tr>\n<tr>\n<td width=\"237\">Kiti<\/td>\n<td width=\"241\">Mykad kortel\u0117s, CAC, PIV, SIPRNET i\u0161maniosios kortel\u0117s<\/td>\n<\/tr>\n<tr>\n<td colspan=\"2\" width=\"478\">Sertifikatai \/ atitiktis<\/td>\n<\/tr>\n<tr>\n<td rowspan=\"17\" width=\"237\">Sertifikatai \/ atitiktis<\/td>\n<td width=\"241\">EN62368\/IEC 62368<\/td>\n<\/tr>\n<tr>\n<td width=\"241\">CE<\/td>\n<\/tr>\n<tr>\n<td width=\"241\">FCC<\/td>\n<\/tr>\n<tr>\n<td width=\"241\">RoHS<\/td>\n<\/tr>\n<tr>\n<td width=\"241\">REACH<\/td>\n<\/tr>\n<tr>\n<td width=\"241\">EMV\u2122 1 lygis (kontaktai)<\/td>\n<\/tr>\n<tr>\n<td width=\"241\">KCC<\/td>\n<\/tr>\n<tr>\n<td width=\"241\">PBOC<\/td>\n<\/tr>\n<tr>\n<td width=\"241\">TAA (JAV)<\/td>\n<\/tr>\n<tr>\n<td width=\"241\">UKCA<\/td>\n<\/tr>\n<tr>\n<td width=\"241\">VCCI<\/td>\n<\/tr>\n<tr>\n<td width=\"241\">WEEE<\/td>\n<\/tr>\n<tr>\n<td width=\"241\">ISO 7816<\/td>\n<\/tr>\n<tr>\n<td width=\"241\">USB 2.0 visu grei\u010diu<\/td>\n<\/tr>\n<tr>\n<td width=\"241\">PC\/SC<\/td>\n<\/tr>\n<tr>\n<td width=\"241\">CCID<\/td>\n<\/tr>\n<tr>\n<td width=\"241\">Microsoft\u00ae WHQL<\/td>\n<\/tr>\n<tr>\n<td colspan=\"2\" width=\"478\">\u012erenginio tvarkykl\u0117s operacin\u0117s sistemos palaikymas<\/td>\n<\/tr>\n<tr>\n<td rowspan=\"5\" width=\"237\">\u012erenginio tvarkykl\u0117s operacin\u0117s sistemos palaikymas<\/td>\n<td width=\"241\">Windows\u00ae<\/td>\n<\/tr>\n<tr>\n<td width=\"241\">Linux\u00ae<\/td>\n<\/tr>\n<tr>\n<td width=\"241\">macOS\u00ae<\/td>\n<\/tr>\n<tr>\n<td width=\"241\">Solaris\u2122<\/td>\n<\/tr>\n<tr>\n<td width=\"241\">Android\u2122<\/td>\n<\/tr>\n<tr>\n<td><\/td>\n<td><\/td>\n<\/tr>\n<\/tbody>\n<\/table>","protected":false},"excerpt":{"rendered":"<p>The ACR39U-H1 is a user-friendly EMV PBOC card reader designed for various applications, including e-Government and access control.<\/p>","protected":false},"featured_media":2816,"template":"","meta":[],"product_brand":[],"product_cat":[39],"product_tag":[],"class_list":{"0":"post-2815","1":"product","2":"type-product","3":"status-publish","4":"has-post-thumbnail","6":"product_cat-usb-ic-smartcard-reader","8":"first","9":"instock","10":"shipping-taxable","11":"product-type-simple"},"_links":{"self":[{"href":"https:\/\/nfc-readers.com\/lt\/wp-json\/wp\/v2\/product\/2815","targetHints":{"allow":["GET"]}}],"collection":[{"href":"https:\/\/nfc-readers.com\/lt\/wp-json\/wp\/v2\/product"}],"about":[{"href":"https:\/\/nfc-readers.com\/lt\/wp-json\/wp\/v2\/types\/product"}],"wp:featuredmedia":[{"embeddable":true,"href":"https:\/\/nfc-readers.com\/lt\/wp-json\/wp\/v2\/media\/2816"}],"wp:attachment":[{"href":"https:\/\/nfc-readers.com\/lt\/wp-json\/wp\/v2\/media?parent=2815"}],"wp:term":[{"taxonomy":"product_brand","embeddable":true,"href":"https:\/\/nfc-readers.com\/lt\/wp-json\/wp\/v2\/product_brand?post=2815"},{"taxonomy":"product_cat","embeddable":true,"href":"https:\/\/nfc-readers.com\/lt\/wp-json\/wp\/v2\/product_cat?post=2815"},{"taxonomy":"product_tag","embeddable":true,"href":"https:\/\/nfc-readers.com\/lt\/wp-json\/wp\/v2\/product_tag?post=2815"}],"curies":[{"name":"wp","href":"https:\/\/api.w.org\/{rel}","templated":true}]}}