{"id":2875,"date":"2024-07-02T01:48:57","date_gmt":"2024-07-02T01:48:57","guid":{"rendered":"https:\/\/nfc-readers.com\/?post_type=product&#038;p=2875"},"modified":"2024-09-23T05:44:47","modified_gmt":"2024-09-23T05:44:47","slug":"acr39t-a5-usb-type-c-contact-sim-sized-smartcard-reader-writer","status":"publish","type":"product","link":"https:\/\/nfc-readers.com\/lt\/ic-reader\/acr39t-a5-usb-type-c-contact-sim-sized-smartcard-reader-writer\/","title":{"rendered":"ACR39T-A5 USB Type C Kontaktinis SIM dyd\u017eio Smartcard Reader Writer"},"content":{"rendered":"<h1>ACR39T-A5 USB Type C Kontaktinis SIM dyd\u017eio Smartcard Reader Writer<\/h1>\n<div class=\"auto-hide-last-sibling-br paragraph_9dc5f paragraph-element\">ACR39T-A5 yra prover\u017eis intelektuali\u0173j\u0173 korteli\u0173 skaitytuv\u0173 srityje, demonstruojantis pa\u017eangias technologijas ir \u0161iuolaikin\u012f dizain\u0105. \u0160is SIM dyd\u017eio intelektuali\u0173j\u0173 korteli\u0173 skaitytuvas gali b\u016bti kompakti\u0161kas, ta\u010diau jame yra daugyb\u0117 funkcij\u0173. ACR39T-A5, suderin\u0119s pa\u017eangiausias technologijas su eleganti\u0161ku dizainu, yra sukurtas taip, kad atitikt\u0173 grie\u017etus \u012fvairi\u0173 intelektuali\u0173j\u0173 korteli\u0173 taikom\u0173j\u0173 program\u0173 reikalavimus. ACR39T-A5 yra suderinamas su ISO 7816 A, B ir C klas\u0117s intelektualiosiomis kortel\u0117mis (veikia 5 V, 3 V ir 1,8 V) ir efektyviai tvarko daugyb\u0119 atminties korteli\u0173 ir mikroprocesori\u0173 korteli\u0173, naudojan\u010di\u0173 T=0 ir T=1 protokolus. \u012erenginys, turintis viso grei\u010dio USB s\u0105saj\u0105 su USB tipo C jungtimi, palaiko intelektuali\u0173j\u0173 korteli\u0173 skaitymo \/ ra\u0161ymo greit\u012f iki 600 Kbps. D\u0117l to jis yra puikus pasirinkimas \u012fvairiems sprendimams, \u012fskaitant fizin\u0119 ir login\u0119 prieigos kontrol\u0119, skaitmeninius para\u0161us ir internetin\u0119 bankininkyst\u0119.<\/div>\n<div>\n<ul>\n<li>\n<h2>USB 2.0 viso grei\u010dio s\u0105saja<\/h2>\n<\/li>\n<li>\n<h2>C tipo USB jungtis<\/h2>\n<\/li>\n<li>\n<h2>\u201ePlug and Play\u201c \u2013 CCID palaikymas suteikia did\u017eiausi\u0105 mobilum\u0105<\/h2>\n<\/li>\n<li>\n<h2>I\u0161mani\u0173j\u0173 korteli\u0173 skaitytuvas:<\/h2>\n<ul>\n<li>\n<h3>Palaiko ISO 7816 A, B ir C klas\u0117s (5 V, 3 V, 1,8 V) korteles<\/h3>\n<\/li>\n<li>\n<h3>Palaiko mikroprocesorines korteles su T=0 arba T=1 protokolu<\/h3>\n<\/li>\n<li>\n<h3>Palaiko atminties korteles<\/h3>\n<\/li>\n<li>\n<h3>Palaiko PPS (protokolo ir parametr\u0173 pasirinkim\u0105)<\/h3>\n<\/li>\n<li>\n<h3>Apsauga nuo trumpojo jungimo<\/h3>\n<\/li>\n<\/ul>\n<\/li>\n<li>\n<h2>Program\u0173 programavimo s\u0105saja:<\/h2>\n<ul>\n<li>\n<h3>Palaiko PC\/SC<\/h3>\n<\/li>\n<li>\n<h3>Palaiko CT-API (per d\u0117kl\u0105 kompiuterio \/ SC vir\u0161uje)<\/h3>\n<\/li>\n<\/ul>\n<\/li>\n<li>\n<h2>Palaiko Android\u2122 3.1 ir naujesnes versijas<\/h2>\n<\/li>\n<\/ul>\n<table width=\"636\">\n<tbody>\n<tr>\n<td colspan=\"2\" width=\"636\">\n<h2>Fizin\u0117s charakteristikos<\/h2>\n<\/td>\n<\/tr>\n<tr>\n<td width=\"223\">Matmenys (mm)<\/td>\n<td width=\"413\">49,5 mm (ilgis) \u00d7 21,5 mm (plotis) \u00d7 9,0 mm (auk\u0161tis)<\/td>\n<\/tr>\n<tr>\n<td width=\"223\">Svoris (g)<\/td>\n<td width=\"413\">7 g<\/td>\n<\/tr>\n<tr>\n<td colspan=\"2\" width=\"636\">USB s\u0105saja<\/td>\n<\/tr>\n<tr>\n<td width=\"223\">protokolas<\/td>\n<td width=\"413\">USB CCID<\/td>\n<\/tr>\n<tr>\n<td width=\"223\">Jungties tipas<\/td>\n<td width=\"413\">Standartinis C tipas<\/td>\n<\/tr>\n<tr>\n<td width=\"223\">Maitinimo \u0161altinis<\/td>\n<td width=\"413\">I\u0161 USB prievado<\/td>\n<\/tr>\n<tr>\n<td width=\"223\">Greitis<\/td>\n<td width=\"413\">Visas USB greitis (12 Mbps)<\/td>\n<\/tr>\n<tr>\n<td colspan=\"2\" width=\"636\">Susisiekite su Smart Card s\u0105saja<\/td>\n<\/tr>\n<tr>\n<td width=\"223\">Lizd\u0173 skai\u010dius<\/td>\n<td width=\"413\">1 SIM dyd\u017eio kortel\u0117s lizdas<\/td>\n<\/tr>\n<tr>\n<td width=\"223\">Standartinis<\/td>\n<td width=\"413\">ISO 7816 1\u20134 dalys, A, B, C klas\u0117 (5 V, 3 V, 1,8 V)<\/td>\n<\/tr>\n<tr>\n<td width=\"223\">protokolas<\/td>\n<td width=\"413\">T=0; T=1; Atminties korteli\u0173 palaikymas<\/td>\n<\/tr>\n<tr>\n<td colspan=\"2\" width=\"636\">Integruoti periferiniai \u012frenginiai<\/td>\n<\/tr>\n<tr>\n<td width=\"223\">LED<\/td>\n<td width=\"413\">1 vienspalv\u0117: \u017ealia<\/td>\n<\/tr>\n<tr>\n<td colspan=\"2\" width=\"636\">Sertifikatai \/ atitiktis<\/td>\n<\/tr>\n<tr>\n<td rowspan=\"13\" width=\"223\">Sertifikatai \/ atitiktis<\/td>\n<td width=\"413\">EN62368\/IEC 62368<\/td>\n<\/tr>\n<tr>\n<td width=\"413\">CE<\/td>\n<\/tr>\n<tr>\n<td width=\"413\">FCC<\/td>\n<\/tr>\n<tr>\n<td width=\"413\">RoHS<\/td>\n<\/tr>\n<tr>\n<td width=\"413\">REACH<\/td>\n<\/tr>\n<tr>\n<td width=\"413\">UKCA<\/td>\n<\/tr>\n<tr>\n<td width=\"413\">VCCI<\/td>\n<\/tr>\n<tr>\n<td width=\"413\">WEEE<\/td>\n<\/tr>\n<tr>\n<td width=\"413\">ISO 7816<\/td>\n<\/tr>\n<tr>\n<td width=\"413\">USB 2.0 visu grei\u010diu<\/td>\n<\/tr>\n<tr>\n<td width=\"413\">PC\/SC<\/td>\n<\/tr>\n<tr>\n<td width=\"413\">CCID<\/td>\n<\/tr>\n<tr>\n<td width=\"413\">Microsoft\u00ae WHQL<\/td>\n<\/tr>\n<tr>\n<td colspan=\"2\" width=\"636\">\u012erenginio tvarkykl\u0117s operacin\u0117s sistemos palaikymas<\/td>\n<\/tr>\n<tr>\n<td rowspan=\"4\" width=\"223\">\u012erenginio tvarkykl\u0117s operacin\u0117s sistemos palaikymas<\/td>\n<td width=\"413\">Windows\u00ae<\/td>\n<\/tr>\n<tr>\n<td width=\"413\">Linux\u00ae<\/td>\n<\/tr>\n<tr>\n<td width=\"413\">macOS\u00ae 10.7 ir naujesn\u0117s versijos<\/td>\n<\/tr>\n<tr>\n<td width=\"413\">Android\u2122 3.1 ir naujesn\u0117s versijos Solaris\u2122<\/td>\n<\/tr>\n<\/tbody>\n<\/table>\n<\/div>\n<div><\/div>","protected":false},"excerpt":{"rendered":"<div class=\"auto-hide-last-sibling-br paragraph_9dc5f paragraph-element\">The ACR39T-A5 is a compact SIM card reader that utilizes advanced technology for efficient smart card operations.<\/div>","protected":false},"featured_media":2876,"template":"","meta":[],"product_brand":[],"product_cat":[39],"product_tag":[],"class_list":{"0":"post-2875","1":"product","2":"type-product","3":"status-publish","4":"has-post-thumbnail","6":"product_cat-usb-ic-smartcard-reader","8":"first","9":"instock","10":"shipping-taxable","11":"product-type-simple"},"_links":{"self":[{"href":"https:\/\/nfc-readers.com\/lt\/wp-json\/wp\/v2\/product\/2875","targetHints":{"allow":["GET"]}}],"collection":[{"href":"https:\/\/nfc-readers.com\/lt\/wp-json\/wp\/v2\/product"}],"about":[{"href":"https:\/\/nfc-readers.com\/lt\/wp-json\/wp\/v2\/types\/product"}],"wp:featuredmedia":[{"embeddable":true,"href":"https:\/\/nfc-readers.com\/lt\/wp-json\/wp\/v2\/media\/2876"}],"wp:attachment":[{"href":"https:\/\/nfc-readers.com\/lt\/wp-json\/wp\/v2\/media?parent=2875"}],"wp:term":[{"taxonomy":"product_brand","embeddable":true,"href":"https:\/\/nfc-readers.com\/lt\/wp-json\/wp\/v2\/product_brand?post=2875"},{"taxonomy":"product_cat","embeddable":true,"href":"https:\/\/nfc-readers.com\/lt\/wp-json\/wp\/v2\/product_cat?post=2875"},{"taxonomy":"product_tag","embeddable":true,"href":"https:\/\/nfc-readers.com\/lt\/wp-json\/wp\/v2\/product_tag?post=2875"}],"curies":[{"name":"wp","href":"https:\/\/api.w.org\/{rel}","templated":true}]}}