{"id":2877,"date":"2024-07-02T01:58:12","date_gmt":"2024-07-02T01:58:12","guid":{"rendered":"https:\/\/nfc-readers.com\/?post_type=product&#038;p=2877"},"modified":"2024-09-23T05:42:11","modified_gmt":"2024-09-23T05:42:11","slug":"acr39f-a2-usb-contact-smartcard-reader-writer","status":"publish","type":"product","link":"https:\/\/nfc-readers.com\/lt\/ic-reader\/acr39f-a2-usb-contact-smartcard-reader-writer\/","title":{"rendered":"ACR39F A2 USB kontaktinis intelektuali\u0173j\u0173 korteli\u0173 skaitytuvo ra\u0161iklis"},"content":{"rendered":"<h1>ACR39F A2 USB kontaktinis intelektuali\u0173j\u0173 korteli\u0173 skaitytuvo ra\u0161iklis<\/h1>\n<div class=\"auto-hide-last-sibling-br paragraph_9dc5f paragraph-element\">ACR39F Smart Floppy si\u016blo optimal\u0173 sprendim\u0105, leid\u017eiant\u012f lengvai integruoti intelektuali\u0173j\u0173 korteli\u0173 skaitytuvus \u012f darbalaukio nustatymus. Jis jungiamas per USB s\u0105saj\u0105 ir maitinamas i\u0161 kompiuterio vidinio maitinimo \u0161altinio, tod\u0117l galima pritaikyti pagal vartotojo pageidavimus. Palaikantis ISO 7816 A, B ir C klas\u0117s intelektuali\u0105sias korteles, ACR39F Smart Floppy taip pat suderinamas su \u012fvairiomis atminties kortel\u0117mis ir mikroprocesorin\u0117mis kortel\u0117mis. kurie naudoja T=0 ir T=1 protokolus. Jame yra viso grei\u010dio USB s\u0105saja ir lustini\u0173 korteli\u0173 skaitymo \/ ra\u0161ymo greitis yra 600 Kbps. \u0160is tvirtas \u012frenginys sukurtas taip, kad atlaikyt\u0173 ma\u017eiausiai 100 000 kortel\u0117s \u012fd\u0117jimo cikl\u0173, u\u017etikrinant ilgalaik\u012f veikim\u0105.<\/div>\n<div>\n<ul>\n<li>\n<h2>USB 2.0 viso grei\u010dio s\u0105saja (per nuimam\u0105 laid\u0105)<\/h2>\n<\/li>\n<li>\n<h2>Suderinamas su USB 3.0<\/h2>\n<\/li>\n<li>\n<h2>\u201ePlug and Play\u201c \u2013 CCID palaikymas suteikia did\u017eiausi\u0105 mobilum\u0105<\/h2>\n<\/li>\n<li>\n<h2>I\u0161mani\u0173j\u0173 korteli\u0173 skaitytuvas:<\/h2>\n<ul>\n<li>\n<h3>Palaiko ISO 7816 A, B ir C klas\u0117s (5 V, 3 V, 1,8 V) korteles<\/h3>\n<\/li>\n<li>\n<h3>Palaiko CAC<\/h3>\n<\/li>\n<li>\n<h3>Palaiko SIPRNET kortel\u0119<\/h3>\n<\/li>\n<li>\n<h3>Palaiko J-LIS kortel\u0119<\/h3>\n<\/li>\n<li>\n<h3>Palaiko mikroprocesorines korteles su T=0 arba T=1 protokolu<\/h3>\n<\/li>\n<li>\n<h3>Palaiko atminties korteles<\/h3>\n<\/li>\n<li>\n<h3>Palaiko PPS (protokolo ir parametr\u0173 pasirinkim\u0105)<\/h3>\n<\/li>\n<li>\n<h3>Apsauga nuo trumpojo jungimo<\/h3>\n<\/li>\n<\/ul>\n<\/li>\n<li>\n<h2>Program\u0173 programavimo s\u0105saja:<\/h2>\n<ul>\n<li>\n<h3>Palaiko PC\/SC<\/h3>\n<\/li>\n<li>\n<h3>Palaiko CT-API (per d\u0117kl\u0105 kompiuterio \/ SC vir\u0161uje)<\/h3>\n<\/li>\n<\/ul>\n<\/li>\n<li>\n<h2>Palaiko Android\u2122 3.1 ir naujesnes versijas<\/h2>\n<\/li>\n<\/ul>\n<table style=\"height: 695px;\" width=\"639\">\n<tbody>\n<tr>\n<td colspan=\"2\" width=\"473\">\n<h2>Fizin\u0117s charakteristikos<\/h2>\n<\/td>\n<\/tr>\n<tr>\n<td width=\"179\">Matmenys (mm)<\/td>\n<td width=\"294\">125,0 mm (ilgis) \u00d7 101,0 mm (plotis) \u00d7 25,5 mm (auk\u0161tis)<\/td>\n<\/tr>\n<tr>\n<td width=\"179\">Svoris (g)<\/td>\n<td width=\"294\">82,5 g<\/td>\n<\/tr>\n<tr>\n<td colspan=\"2\" width=\"473\">USB s\u0105saja<\/td>\n<\/tr>\n<tr>\n<td width=\"179\">protokolas<\/td>\n<td width=\"294\">USB CCID<\/td>\n<\/tr>\n<tr>\n<td width=\"179\">Jungties tipas<\/td>\n<td width=\"294\">1 x 5 kontakt\u0173 antra\u0161t\u0117s jungtis<\/td>\n<\/tr>\n<tr>\n<td width=\"179\">Maitinimo \u0161altinis<\/td>\n<td width=\"294\">I\u0161 USB prievado<\/td>\n<\/tr>\n<tr>\n<td width=\"179\">Greitis<\/td>\n<td width=\"294\">Visas USB greitis (12 Mbps)<\/td>\n<\/tr>\n<tr>\n<td width=\"179\">Kabelio ilgis<\/td>\n<td width=\"294\">1,0 m, Nuimamas<\/td>\n<\/tr>\n<tr>\n<td colspan=\"2\" width=\"473\">Susisiekite su Smart Card s\u0105saja<\/td>\n<\/tr>\n<tr>\n<td width=\"179\">Lizd\u0173 skai\u010dius<\/td>\n<td width=\"294\">1 viso dyd\u017eio korteli\u0173 lizdas<\/td>\n<\/tr>\n<tr>\n<td width=\"179\">Standartinis<\/td>\n<td width=\"294\">ISO 7816 1\u20134 dalys, A, B, C klas\u0117 (5 V, 3 V, 1,8 V)<\/td>\n<\/tr>\n<tr>\n<td width=\"179\">protokolas<\/td>\n<td width=\"294\">T=0; T=1; Atminties korteli\u0173 palaikymas<\/td>\n<\/tr>\n<tr>\n<td width=\"179\">Kiti<\/td>\n<td width=\"294\">\u0160MC, PIV, SIPRNET, J-LIS lustin\u0117s kortel\u0117s<\/td>\n<\/tr>\n<tr>\n<td colspan=\"2\" width=\"473\">Sertifikatai \/ atitiktis<\/td>\n<\/tr>\n<tr>\n<td rowspan=\"9\" width=\"179\">Sertifikatai \/ atitiktis<\/td>\n<td width=\"294\">EN60950\/IEC 60950<\/td>\n<\/tr>\n<tr>\n<td width=\"294\">ISO 7816<\/td>\n<\/tr>\n<tr>\n<td width=\"294\">USB visu grei\u010diu<\/td>\n<\/tr>\n<tr>\n<td width=\"294\">EMV\u2122 1 lygis (kontaktai)<\/td>\n<\/tr>\n<tr>\n<td width=\"294\">PC\/SC<\/td>\n<\/tr>\n<tr>\n<td width=\"294\">CCID<\/td>\n<\/tr>\n<tr>\n<td width=\"294\">CE<\/td>\n<\/tr>\n<tr>\n<td width=\"294\">FCC<\/td>\n<\/tr>\n<tr>\n<td width=\"294\">WEEE<\/td>\n<\/tr>\n<\/tbody>\n<\/table>\n<\/div>","protected":false},"excerpt":{"rendered":"<div class=\"auto-hide-last-sibling-br paragraph_9dc5f paragraph-element\">ACR39F Smart Floppy yra universalus EMV USB korteli\u0173 skaitytuvas, kuris lengvai integruoja intelektuali\u0173j\u0173 korteli\u0173 skaitytuvus \u012f darbalaukio nustatymus.<\/div>","protected":false},"featured_media":2881,"template":"","meta":[],"product_brand":[],"product_cat":[39],"product_tag":[],"class_list":{"0":"post-2877","1":"product","2":"type-product","3":"status-publish","4":"has-post-thumbnail","6":"product_cat-usb-ic-smartcard-reader","8":"first","9":"instock","10":"shipping-taxable","11":"product-type-simple"},"_links":{"self":[{"href":"https:\/\/nfc-readers.com\/lt\/wp-json\/wp\/v2\/product\/2877","targetHints":{"allow":["GET"]}}],"collection":[{"href":"https:\/\/nfc-readers.com\/lt\/wp-json\/wp\/v2\/product"}],"about":[{"href":"https:\/\/nfc-readers.com\/lt\/wp-json\/wp\/v2\/types\/product"}],"wp:featuredmedia":[{"embeddable":true,"href":"https:\/\/nfc-readers.com\/lt\/wp-json\/wp\/v2\/media\/2881"}],"wp:attachment":[{"href":"https:\/\/nfc-readers.com\/lt\/wp-json\/wp\/v2\/media?parent=2877"}],"wp:term":[{"taxonomy":"product_brand","embeddable":true,"href":"https:\/\/nfc-readers.com\/lt\/wp-json\/wp\/v2\/product_brand?post=2877"},{"taxonomy":"product_cat","embeddable":true,"href":"https:\/\/nfc-readers.com\/lt\/wp-json\/wp\/v2\/product_cat?post=2877"},{"taxonomy":"product_tag","embeddable":true,"href":"https:\/\/nfc-readers.com\/lt\/wp-json\/wp\/v2\/product_tag?post=2877"}],"curies":[{"name":"wp","href":"https:\/\/api.w.org\/{rel}","templated":true}]}}