{"id":3365,"date":"2024-11-01T14:47:51","date_gmt":"2024-11-01T14:47:51","guid":{"rendered":"https:\/\/nfc-readers.com\/?post_type=product&#038;p=3365"},"modified":"2024-11-01T15:00:46","modified_gmt":"2024-11-01T15:00:46","slug":"custom-read-write-flexible-ntag213-215-216-epoxy-nfc-tag","status":"publish","type":"product","link":"https:\/\/nfc-readers.com\/lt\/ic-reader\/custom-read-write-flexible-ntag213-215-216-epoxy-nfc-tag\/","title":{"rendered":"Pasirinktin\u0117 skaitymo ir ra\u0161ymo lanksti NTAG213 215 216 epoksidin\u0117 NFC \u017eyma"},"content":{"rendered":"<h1 style=\"text-align: center;\"><strong>Pasirinktin\u0117 skaitymo ir ra\u0161ymo lanksti NTAG213 215 216 epoksidin\u0117 NFC \u017eyma<\/strong><\/h1>\n<p>&nbsp;<\/p>\n<p>\u0160iandieniniame spar\u010diai besivystan\u010diame skaitmeniniame pasaulyje NFC (Near Field Communication) technologija kei\u010dia tai, kaip mes s\u0105veikaujame su savo \u012frenginiais, dalijam\u0117s informacija ir bendraujame su vartotojais. The <strong>Pasirinktin\u0117 skaitymo ir ra\u0161ymo lanksti NTAG213\/215\/216 epoksidin\u0117 NFC \u017eyma<\/strong>\u00a0yra novatori\u0161kas produktas, skirtas pagerinti j\u016bs\u0173 bendravimo galimybes, tuo pa\u010diu yra universalus ir paprastas naudoti. \u0160i NFC \u017eyma i\u0161siskiria vandeniui atspariomis galimyb\u0117mis, pritaikomomis funkcijomis ir \u012fvairiomis programomis, tod\u0117l yra geriausias pasirinkimas tiek \u012fmon\u0117ms, tiek asmenims.<\/p>\n<p>I\u0161naudodami NFC gali\u0105 galite supaprastinti s\u0105veik\u0105, padidinti efektyvum\u0105 ir tiesiogiai \u012ftraukti vartotojus. Nesvarbu, ar ie\u0161kote NFC \u017eym\u0173, skirt\u0173 bendrinti socialin\u0117je \u017einiasklaidoje, ar kurdami i\u0161maniuosius sprendimus, \u0161is produktas si\u016blo puik\u0173 funkcionalumo ir patogumo derin\u012f. Padidinkite savo veiklos efektyvum\u0105 ir naudotoj\u0173 \u012fsitraukim\u0105 \u012ftraukdami tai <strong>NFC \u017eymos<\/strong>\u00a0\u012f savo strategij\u0105 \u0161iandien!<\/p>\n<p>&nbsp;<\/p>\n<h3><strong>Specialios NTAG213\/215\/216 epoksidin\u0117s NFC \u017eymos savyb\u0117s<\/strong><\/h3>\n<p>The\u00a0<strong>Pasirinktin\u0117 skaitymo ir ra\u0161ymo lanksti NTAG213\/215\/216 epoksidin\u0117 NFC \u017eyma<\/strong>\u00a0komplektuojamas su daugybe\u00a0<strong>ypatingos savyb\u0117s<\/strong>\u00a0kurios i\u0161skiria j\u012f i\u0161 standartini\u0173 NFC \u017eym\u0173.<\/p>\n<ul>\n<li><strong>Atsparus vandeniui \/ oro s\u0105lygoms:<\/strong>\u00a0\u0160ios NFC \u017eymos yra pagamintos i\u0161 med\u017eiag\u0173, kurios u\u017etikrina ilgaam\u017ei\u0161kum\u0105 ir funkcionalum\u0105 \u012fvairiomis aplinkos s\u0105lygomis. Nepriklausomai nuo to, ar jie naudojami viduje, ar lauke, jie atspar\u016bs dr\u0117gmei ir yra sukurti taip, kad atlaikyt\u0173 \u012fvairaus klimato s\u0105lygas.<\/li>\n<li><strong>Pritaikomas dydis ir formos koeficientas:<\/strong>\u00a0Galima \u012fsigyti standartinio dyd\u017eio\u00a0<strong>25 mm<\/strong>, su tinkinimo galimyb\u0117mis, \u0161ios\u00a0<strong>NFC lipdukai<\/strong>\u00a0gali b\u016bti pritaikytas tam, kad atitikt\u0173 konkre\u010dius projekto reikalavimus arba prek\u0117s \u017eenklo poreikius.<\/li>\n<li><strong>Perra\u0161omos atminties parinktys:<\/strong>\u00a0Priklausomai nuo pasirinkto lusto tipo, atmintis gali b\u016bti nuo\u00a0<strong>nuo 144 iki 888 bait\u0173<\/strong>, leid\u017eiant\u012f naudotojams saugoti esmin\u0119 informacij\u0105, pvz., URL adresus, kontaktin\u0119 informacij\u0105 arba programos duomenis. Tai \u012fgalina\u00a0<strong>perra\u0161omos NFC \u017eymos<\/strong>\u00a0prireikus panaudoti \u012fvairioms kampanijoms ir programoms.<\/li>\n<\/ul>\n<p>Skaitmenin\u0117je aplinkoje, kurioje informacija nuolat atnaujinama, pritaikomos ir lanks\u010dios galimyb\u0117s yra ne\u012fkainojama \u012fmon\u0117ms, norin\u010dioms i\u0161laikyti aktualum\u0105.<\/p>\n<p>&nbsp;<\/p>\n<h3><strong>NTAG213, NTAG215 ir NTAG216 lust\u0173 naudojimo prana\u0161umai<\/strong><\/h3>\n<p>Kiekvienas NTAG serijos lustas turi unikali\u0173 prana\u0161um\u0173, kurie patenkina skirtingus vartotoj\u0173 poreikius:<\/p>\n<ul>\n<li><strong>NTAG213:<\/strong>\u00a0Sukurtas paprastoms programoms, \u0161is lustas si\u016blo daug saugyklos ir pagrindini\u0173 funkcij\u0173, idealiai tinka bendrinti URL ar kontaktin\u0119 informacij\u0105.<\/li>\n<li><strong>NTAG215:<\/strong>\u00a0I\u0161pl\u0117stomis atminties galimyb\u0117mis NTAG215 puikiai tinka sud\u0117tingesn\u0117ms programoms, tokioms kaip mobilieji \u017eaidimai, ir kuriant pakankamai interaktyvi\u0173 potyri\u0173, kad i\u0161siskirt\u0173.<\/li>\n<li><strong>NTAG216:<\/strong>\u00a0Tiems, kuriems reikia dar daugiau duomen\u0173 saugyklos, NTAG216 suteikia did\u017eiausi\u0105 \u0161ios serijos atminties talp\u0105, tod\u0117l tinka programoms, kurioms reikia didesnio duomen\u0173 perdavimo ar saugojimo.<\/li>\n<\/ul>\n<p>&nbsp;<\/p>\n<h3><strong>Da\u017enai u\u017eduodami klausimai (DUK)<\/strong><\/h3>\n<h3>1.\u00a0<strong>Koki\u0173 tip\u0173 NFC \u017eymos galimos?<\/strong><\/h3>\n<p>Yra \u012fvairi\u0173 tip\u0173 NFC \u017eymos, \u012fskaitant NTAG213, NTAG215 ir NTAG216. Kiekvienas i\u0161 j\u0173 turi skirting\u0105 atminties talp\u0105 ir funkcijas. Be to, yra perra\u0161om\u0173 \u017eym\u0173, lipni\u0173 lipduk\u0173 ir specializuot\u0173 \u017eym\u0173, skirt\u0173 konkretiems pavir\u0161iams, \u012fskaitant metalo ir metalo aplikacijas.<\/p>\n<h3>2.\u00a0<strong>Kaip su\u017einoti, ar mano telefone \u012fjungtas NFC?<\/strong><\/h3>\n<p>Daugumoje pastaraisiais metais pagamint\u0173 i\u0161mani\u0173j\u0173 telefon\u0173, tiek Android, tiek iOS \u012frengini\u0173, \u012fdiegta NFC technologija. Galite patikrinti savo \u012frenginio specifikacijas arba nustatymus, kad su\u017einotum\u0117te, ar palaikomas NFC. Ie\u0161kokite NFC parinkties nustatym\u0173 meniu arba apsilankykite gamintojo svetain\u0117je.<\/p>\n<h3>3.\u00a0<strong>Ar galiu perra\u0161yti duomenis NFC \u017eymose?<\/strong><\/h3>\n<p>Taip! M\u016bs\u0173\u00a0<strong>NTAG213\/215\/216 NFC \u017eymos<\/strong>\u00a0yra perra\u0161omi, tai rei\u0161kia, kad juose saugomus duomenis galite atnaujinti arba keisti kelis kartus. Tai daro juos universaliu sprendimu verslui ir asmeniniam naudojimui, tod\u0117l juos galima lengvai atnaujinti nekei\u010diant \u017eymos.<\/p>\n<h3>4.\u00a0<strong>Koks yra NFC \u017eym\u0173 skaitymo atstumas?<\/strong><\/h3>\n<p>Paprastai NFC \u017eym\u0173 skaitymo atstumas yra\u00a0<strong>1-5 cm<\/strong>. \u0160is ma\u017eas atstumas u\u017etikrina saug\u0173 ir tiesiogin\u012f ry\u0161\u012f tarp NFC \u017eymos ir NFC palaikan\u010dio \u012frenginio.<\/p>\n<h3>5.\u00a0<strong>Ar NFC \u017eymos yra atsparios vandeniui?<\/strong><\/h3>\n<p>Taip, m\u016bs\u0173\u00a0<strong>Pritaikytos skaitymo ir ra\u0161ymo lanks\u010dios NTAG213\/215\/216 epoksidin\u0117s NFC \u017eymos<\/strong>\u00a0yra sukurti taip, kad b\u016bt\u0173 atspar\u016bs vandeniui ir oro s\u0105lygoms, tod\u0117l tinka naudoti lauke ir \u012fvairiomis aplinkos s\u0105lygomis.<\/p>","protected":false},"excerpt":{"rendered":"<p>Pasirinktin\u0117 skaitymo ir ra\u0161ymo lanksti NTAG213\/215\/216 epoksidin\u0117 NFC \u017eyma si\u016blo patvarius ir vandeniui atsparius sprendimus \u012fvairioms programoms, leid\u017eian\u010dius skland\u017eiai dalytis duomenimis ir s\u0105veikauti. Puikiai tinka rinkodarai, socialinei \u017einiasklaidai ir dar daugiau!<\/p>","protected":false},"featured_media":3366,"template":"","meta":[],"product_brand":[],"product_cat":[47],"product_tag":[],"class_list":{"0":"post-3365","1":"product","2":"type-product","3":"status-publish","4":"has-post-thumbnail","6":"product_cat-nfc-tags","8":"first","9":"instock","10":"shipping-taxable","11":"product-type-simple"},"_links":{"self":[{"href":"https:\/\/nfc-readers.com\/lt\/wp-json\/wp\/v2\/product\/3365","targetHints":{"allow":["GET"]}}],"collection":[{"href":"https:\/\/nfc-readers.com\/lt\/wp-json\/wp\/v2\/product"}],"about":[{"href":"https:\/\/nfc-readers.com\/lt\/wp-json\/wp\/v2\/types\/product"}],"wp:featuredmedia":[{"embeddable":true,"href":"https:\/\/nfc-readers.com\/lt\/wp-json\/wp\/v2\/media\/3366"}],"wp:attachment":[{"href":"https:\/\/nfc-readers.com\/lt\/wp-json\/wp\/v2\/media?parent=3365"}],"wp:term":[{"taxonomy":"product_brand","embeddable":true,"href":"https:\/\/nfc-readers.com\/lt\/wp-json\/wp\/v2\/product_brand?post=3365"},{"taxonomy":"product_cat","embeddable":true,"href":"https:\/\/nfc-readers.com\/lt\/wp-json\/wp\/v2\/product_cat?post=3365"},{"taxonomy":"product_tag","embeddable":true,"href":"https:\/\/nfc-readers.com\/lt\/wp-json\/wp\/v2\/product_tag?post=3365"}],"curies":[{"name":"wp","href":"https:\/\/api.w.org\/{rel}","templated":true}]}}