{"id":1550,"date":"2024-04-07T06:15:08","date_gmt":"2024-04-07T06:15:08","guid":{"rendered":"https:\/\/nfc-readers.com\/?post_type=product&#038;p=1550"},"modified":"2024-10-16T06:43:39","modified_gmt":"2024-10-16T06:43:39","slug":"acr1281u-c1-usb-dual-interface-reader","status":"publish","type":"product","link":"https:\/\/nfc-readers.com\/nl\/ic-reader\/acr1281u-c1-usb-dual-interface-reader\/","title":{"rendered":"ACR1281U-C1 USB-lezer met dubbele interface"},"content":{"rendered":"<h1>ACR1281U-C1 USB-lezer met dubbele interface<\/h1>\n<p>De ACR1281U-C1 DualBoost II is een verbeterde versie van de ACR128 DualBoost Reader. Als smartcardlezer biedt het een effici\u00ebnte dubbele interface die kan communiceren met alle smartcards die voldoen aan de ISO 7816- en ISO 14443-normen. Deze tweede generatie DualBoost II combineert traditioneel afzonderlijke contact- en contactloze smartcardbewerkingen in \u00e9\u00e9n samenhangende eenheid, waardoor \u00e9\u00e9n kaart voor diverse toepassingen kan worden gebruikt. Het nut ervan schittert in e-commerce, waardoor online betalingen via creditcards veilig kunnen worden verwerkt, en het speelt een belangrijke rol in het openbaar vervoer, door te helpen bij het opladen van contactloze kaarten binnen geautomatiseerde tariefsystemen. Het belichaamt de visie van de one-card-oplossing waarbij een groot aantal smartcardfunctionaliteiten worden verenigd in \u00e9\u00e9n kaart. De verbeterde DualBoost-serie is volledig PC\/SC-compatibel voor naadloze interactie met zowel contact- als contactloze interfaces. Als draagbare NFC-lezer verhoogt het de communicatie voor contactloze kaarten tot snelheden tot 848 kbps, wat tegemoetkomt aan geavanceerde toepassingen die hoge prestaties vereisen. De lezer is ook uitgerust met intelligente mechanismen om hybride en combikaarten te verwerken, wat de mogelijkheid biedt om contactloze kaarten te identificeren die verkeerd in de contactkaartsleuf zijn geplaatst. Integraal aan het ontwerp is de SAM-sleuf die de beveiliging op beide interfaces versterkt. Verbeterde functies zoals de mogelijkheid om firmware te upgraden via USB, compatibiliteit met contactgeheugenkaarten en ondersteuning voor uitgebreide APDU-opdrachten onderstrepen de ACR1281U-C1 DualBoost II als een kosteneffectieve en krachtige allesomvattende tool die het gemak en de veelzijdigheid binnen talloze smartcardsystemen verhoogt.<\/p>\n<p><iframe loading=\"lazy\" title=\"ACR1281U C1 Contact- en contactloze smartcardlezer\" width=\"1020\" height=\"574\" src=\"https:\/\/www.youtube.com\/embed\/dABTVMG9dvI?feature=oembed\" frameborder=\"0\" allow=\"accelerometer; autoplay; clipboard-write; encrypted-media; gyroscope; picture-in-picture; web-share\" referrerpolicy=\"strict-origin-when-cross-origin\" allowfullscreen><\/iframe><\/p>\n<ul>\n<li>\n<h2>USB 2.0-interface met volledige snelheid<\/h2>\n<\/li>\n<li>\n<h2>CCID-naleving<\/h2>\n<\/li>\n<li>\n<h2>Contactloze smartcardlezer:<\/h2>\n<ul>\n<li>\n<h3>Lees-\/schrijfsnelheid tot 848 kbps<\/h3>\n<\/li>\n<li>\n<h3>Ingebouwde antenne voor contactloze tagtoegang, met een kaartleesafstand tot 50 mm (afhankelijk van het tagtype)<\/h3>\n<\/li>\n<li>\n<h3>Ondersteunt ISO 14443 Part 4 Type A en B kaarten en MIFARE\u00ae-serie<\/h3>\n<\/li>\n<li>\n<h3>Ingebouwde anti-botsingsfunctie (er is slechts \u00e9\u00e9n tag tegelijk toegankelijk)<\/h3>\n<\/li>\n<li>\n<h3>Ondersteunt uitgebreide APDU (max. 64 kbytes)<\/h3>\n<\/li>\n<\/ul>\n<\/li>\n<li>\n<h2>Contact Smart Card Reader:<\/h2>\n<ul>\n<li>\n<h3>Ondersteunt ISO 7816 klasse A, B en C (5 V, 3 V en 1,8 V)<\/h3>\n<\/li>\n<li>\n<h3>Ondersteunt CAC (Common Access Card)<\/h3>\n<\/li>\n<li>\n<h3>Ondersteunt PIV (Personal Identity Verification Card)<\/h3>\n<\/li>\n<li>\n<h3>Ondersteunt microprocessorkaarten met T=0 of T=1 protocol<\/h3>\n<\/li>\n<li>\n<h3>Ondersteunt geheugenkaarten<\/h3>\n<\/li>\n<li>\n<h3>ISO 7816-conforme SAM-sleuf<\/h3>\n<\/li>\n<\/ul>\n<\/li>\n<li>\n<h2>Toepassingsprogrammeerinterface:<\/h2>\n<ul>\n<li>\n<h3>Ondersteunt PC\/SC<\/h3>\n<\/li>\n<li>\n<h3>Ondersteunt CT-API (via wrapper bovenop PC\/SC)<\/h3>\n<\/li>\n<\/ul>\n<\/li>\n<li>\n<h2>Ingebouwde randapparatuur:<\/h2>\n<ul>\n<li>\n<h3>Twee door de gebruiker te bedienen LED&#039;s<\/h3>\n<\/li>\n<li>\n<h3>Door de gebruiker te bedienen zoemer<\/h3>\n<\/li>\n<\/ul>\n<\/li>\n<li>\n<h2>USB-firmware-upgradebaarheid<\/h2>\n<\/li>\n<li>\n<div>\n<table width=\"551\">\n<tbody>\n<tr>\n<td colspan=\"2\" width=\"551\">Fysieke kenmerken<\/td>\n<\/tr>\n<tr>\n<td width=\"230\">Afmetingen (mm)<\/td>\n<td width=\"321\">120,5 mm (L) x 72,0 mm (B) x 20,4 mm (H)<\/td>\n<\/tr>\n<tr>\n<td width=\"230\">Gewicht (g)<\/td>\n<td width=\"321\">140 gram<\/td>\n<\/tr>\n<tr>\n<td colspan=\"2\" width=\"551\">USB-interface<\/td>\n<\/tr>\n<tr>\n<td width=\"230\">Protocol<\/td>\n<td width=\"321\">USB-CCID<\/td>\n<\/tr>\n<tr>\n<td width=\"230\">Aansluitingstype<\/td>\n<td width=\"321\">Standaard Type A<\/td>\n<\/tr>\n<tr>\n<td width=\"230\">Energiebron<\/td>\n<td width=\"321\">Vanaf USB-poort<\/td>\n<\/tr>\n<tr>\n<td width=\"230\">Snelheid<\/td>\n<td width=\"321\">USB volledige snelheid (12 Mbps)<\/td>\n<\/tr>\n<tr>\n<td width=\"230\">Kabellengte<\/td>\n<td width=\"321\">2,0 m, Vast<\/td>\n<\/tr>\n<tr>\n<td colspan=\"2\" width=\"551\">Contact Smart Card-interface<\/td>\n<\/tr>\n<tr>\n<td width=\"230\">Aantal slots<\/td>\n<td width=\"321\">1 kaartsleuf van volledige grootte<\/td>\n<\/tr>\n<tr>\n<td width=\"230\">Standaard<\/td>\n<td width=\"321\">ISO 7816 Klasse A, B, C (5 V, 3 V, 1,8 V)<\/td>\n<\/tr>\n<tr>\n<td width=\"230\">Protocol<\/td>\n<td width=\"321\">T=0; T=1<\/td>\n<\/tr>\n<tr>\n<td colspan=\"2\" width=\"551\">Contactloze smartcardinterface<\/td>\n<\/tr>\n<tr>\n<td width=\"230\">Standaard<\/td>\n<td width=\"321\">ISO 14443 A &amp; B Deel 1-4<\/td>\n<\/tr>\n<tr>\n<td rowspan=\"2\" width=\"230\">Protocol<\/td>\n<td width=\"321\">ISO 14443-4-conforme kaart, T=CL<\/td>\n<\/tr>\n<tr>\n<td width=\"321\">MIFARE\u00ae Classic-kaart, T=CL<\/td>\n<\/tr>\n<tr>\n<td colspan=\"2\" width=\"551\">SAM-kaartinterface<\/td>\n<\/tr>\n<tr>\n<td width=\"230\">Aantal slots<\/td>\n<td width=\"321\">1 standaard SIM-kaartsleuf<\/td>\n<\/tr>\n<tr>\n<td width=\"230\">Standaard<\/td>\n<td width=\"321\">ISO 7816 Klasse A (5 V)<\/td>\n<\/tr>\n<tr>\n<td width=\"230\">Protocol<\/td>\n<td width=\"321\">T=0; T=1<\/td>\n<\/tr>\n<tr>\n<td colspan=\"2\" width=\"551\">Ingebouwde randapparatuur<\/td>\n<\/tr>\n<tr>\n<td width=\"230\">LED<\/td>\n<td width=\"321\">2 eenkleurige: Rood en Groen<\/td>\n<\/tr>\n<tr>\n<td width=\"230\">Zoemer<\/td>\n<td width=\"321\">Monotoon<\/td>\n<\/tr>\n<tr>\n<td colspan=\"2\" width=\"551\">Andere functies<\/td>\n<\/tr>\n<tr>\n<td width=\"230\">Firmware-upgrade<\/td>\n<td width=\"321\">Ondersteund<\/td>\n<\/tr>\n<tr>\n<td colspan=\"2\" width=\"551\">Certificeringen\/Compliance<\/td>\n<\/tr>\n<tr>\n<td rowspan=\"10\" width=\"230\">Certificeringen\/Compliance<\/td>\n<td width=\"321\">ISO 14443<\/td>\n<\/tr>\n<tr>\n<td width=\"321\">ISO 7816<\/td>\n<\/tr>\n<tr>\n<td width=\"321\">USB volledige snelheid<\/td>\n<\/tr>\n<tr>\n<td width=\"321\">PC\/SC<\/td>\n<\/tr>\n<tr>\n<td width=\"321\">CCID<\/td>\n<\/tr>\n<tr>\n<td width=\"321\">Microsoft\u00ae WHQL<\/td>\n<\/tr>\n<tr>\n<td width=\"321\">CE<\/td>\n<\/tr>\n<tr>\n<td width=\"321\">FCC<\/td>\n<\/tr>\n<tr>\n<td width=\"321\">RoHS<\/td>\n<\/tr>\n<tr>\n<td width=\"321\">BEREIK<\/td>\n<\/tr>\n<tr>\n<td colspan=\"2\" width=\"551\">Ondersteuning voor besturingssysteem van apparaatstuurprogramma<\/td>\n<\/tr>\n<tr>\n<td rowspan=\"5\" width=\"230\">Ondersteuning voor besturingssysteem van apparaatstuurprogramma<\/td>\n<td width=\"321\">Vensters\u00ae<\/td>\n<\/tr>\n<tr>\n<td width=\"321\">Linux\u00ae<\/td>\n<\/tr>\n<tr>\n<td width=\"321\">MAC OS\u00ae<\/td>\n<\/tr>\n<tr>\n<td width=\"321\">Zonnestelsel<\/td>\n<\/tr>\n<tr>\n<td width=\"321\">Android\u2122<\/td>\n<\/tr>\n<\/tbody>\n<\/table>\n<\/div>\n<\/li>\n<\/ul>","protected":false},"excerpt":{"rendered":"<p>De ACR1281U-C1 is een veelzijdige USB-contact- en contactloze kaartlezer met een SAM-slot en draagbare NFC-mogelijkheden voor verbeterde prestaties bij smartcardtoepassingen.<\/p>","protected":false},"featured_media":1557,"template":"","meta":[],"product_brand":[],"product_cat":[45],"product_tag":[],"class_list":{"0":"post-1550","1":"product","2":"type-product","3":"status-publish","4":"has-post-thumbnail","6":"product_cat-contactless-nfc-reader","8":"first","9":"instock","10":"shipping-taxable","11":"product-type-simple"},"_links":{"self":[{"href":"https:\/\/nfc-readers.com\/nl\/wp-json\/wp\/v2\/product\/1550","targetHints":{"allow":["GET"]}}],"collection":[{"href":"https:\/\/nfc-readers.com\/nl\/wp-json\/wp\/v2\/product"}],"about":[{"href":"https:\/\/nfc-readers.com\/nl\/wp-json\/wp\/v2\/types\/product"}],"wp:featuredmedia":[{"embeddable":true,"href":"https:\/\/nfc-readers.com\/nl\/wp-json\/wp\/v2\/media\/1557"}],"wp:attachment":[{"href":"https:\/\/nfc-readers.com\/nl\/wp-json\/wp\/v2\/media?parent=1550"}],"wp:term":[{"taxonomy":"product_brand","embeddable":true,"href":"https:\/\/nfc-readers.com\/nl\/wp-json\/wp\/v2\/product_brand?post=1550"},{"taxonomy":"product_cat","embeddable":true,"href":"https:\/\/nfc-readers.com\/nl\/wp-json\/wp\/v2\/product_cat?post=1550"},{"taxonomy":"product_tag","embeddable":true,"href":"https:\/\/nfc-readers.com\/nl\/wp-json\/wp\/v2\/product_tag?post=1550"}],"curies":[{"name":"wp","href":"https:\/\/api.w.org\/{rel}","templated":true}]}}