{"id":1603,"date":"2024-04-07T07:42:37","date_gmt":"2024-04-07T07:42:37","guid":{"rendered":"https:\/\/nfc-readers.com\/?post_type=product&#038;p=1603"},"modified":"2024-10-16T02:49:08","modified_gmt":"2024-10-16T02:49:08","slug":"acr1581u-c1-15693-dualboost-iii-dual-interface-nfc-reader-writer","status":"publish","type":"product","link":"https:\/\/nfc-readers.com\/nl\/ic-reader\/acr1581u-c1-15693-dualboost-iii-dual-interface-nfc-reader-writer\/","title":{"rendered":"ACR1581U-C1 15693 DualBoost III Dual Interface NFC-lezer\/schrijver"},"content":{"rendered":"<h1>ACR1581U-C1 15693 DualBoost III Dual Interface NFC-lezer\/schrijver<\/h1>\n<p>De ACR1581U DualBoost III is een belichaming van geavanceerde veelzijdigheid en beveiliging, die contact- en contactloze technologie\u00ebn effici\u00ebnt combineert onder \u00e9\u00e9n dak met uitgebreide ondersteuning voor verschillende smartcardformaten. Of uw ambities nu liggen in technologische vooruitgang of robuuste beveiliging voor smartcardfuncties, de ACR1581U is een onge\u00ebvenaarde pleitbezorger voor betrouwbaarheid op het gebied van smartcardlezers.<\/p>\n<ul>\n<li>\n<h2>USB 2.0-interface met volledige snelheid<\/h2>\n<\/li>\n<li>\n<h2>CCID-naleving<\/h2>\n<\/li>\n<li>\n<h2>Contactloze smartcardlezer:<\/h2>\n<ul>\n<li>\n<h3>Lees-\/schrijfsnelheid ISO 14443A\/B tot 848 kbps<\/h3>\n<\/li>\n<li>\n<h3>Klokfrequentie tot 13,56 MHz<\/h3>\n<\/li>\n<li>\n<h3>Ingebouwde antenne voor contactloze tagtoegang, met een kaartleesafstand tot 70 mm (afhankelijk van het tagtype)<\/h3>\n<\/li>\n<li>\n<h3>Ondersteunt ISO 14443 Type A en B kaarten, ISO 15693 kaarten<\/h3>\n<\/li>\n<li>\n<h3>Ondersteunt MIFARE\u00ae, FeliCa, NFC-tags, SRI\/SRIX, CTS, Innovatron, Picopass, Topaz Card<\/h3>\n<\/li>\n<\/ul>\n<\/li>\n<li>\n<h2>Ondersteunt uitgebreide APDU (max. 64 kbytes)<\/h2>\n<\/li>\n<li>\n<h2><strong>Contact Smart Card-lezer<\/strong><\/h2>\n<ul>\n<li>\n<h3>Ondersteunt ISO 7816 klasse A, B en C (5 V, 3 V en 1,8 V) snelheden tot 1.250 kbps<\/h3>\n<\/li>\n<li>\n<h3>Ondersteunt CAC (Common Access Card)<\/h3>\n<\/li>\n<li>\n<h3>Ondersteunt PIV (Personal Identity Verification Card)<\/h3>\n<\/li>\n<li>\n<h3>Ondersteunt microprocessorkaarten met T=0 of T=1 protocol<\/h3>\n<\/li>\n<li>\n<h3>Ondersteunt geheugenkaarten<\/h3>\n<\/li>\n<li>\n<h3>ISO 7816-conforme SAM-sleuf (klasse A)<\/h3>\n<\/li>\n<\/ul>\n<\/li>\n<li>\n<h2>Toepassingsprogrammeerinterface:<\/h2>\n<ul>\n<li>\n<h3>Ondersteunt PC\/SC<\/h3>\n<\/li>\n<\/ul>\n<\/li>\n<li>\n<h2>Randapparatuur:<\/h2>\n<ul>\n<li>\n<h3>Door de gebruiker te bedienen tweekleurige LED (blauw en groen)<\/h3>\n<\/li>\n<li>\n<h3>Door de gebruiker te bedienen zoemer<\/h3>\n<\/li>\n<\/ul>\n<\/li>\n<li>\n<h2>USB-firmware-upgradebaarheid<\/h2>\n<\/li>\n<li>\n<div>\n<table width=\"483\">\n<tbody>\n<tr>\n<td colspan=\"2\" width=\"483\">Fysieke kenmerken<\/td>\n<\/tr>\n<tr>\n<td width=\"188\">Afmetingen (mm)<\/td>\n<td width=\"295\">120,5 mm (L) x 72,0 mm (B) x 20,4 mm (H)<\/td>\n<\/tr>\n<tr>\n<td width=\"188\">Gewicht (g)<\/td>\n<td width=\"295\">143 gram<\/td>\n<\/tr>\n<tr>\n<td colspan=\"2\" width=\"483\">USB-interface<\/td>\n<\/tr>\n<tr>\n<td width=\"188\">Protocol<\/td>\n<td width=\"295\">USB-CCID<\/td>\n<\/tr>\n<tr>\n<td width=\"188\">Aansluitingstype<\/td>\n<td width=\"295\">USB type-A (ACR1581U-C1), USB type-C (ACR1581U-CF)<\/td>\n<\/tr>\n<tr>\n<td width=\"188\">Energiebron<\/td>\n<td width=\"295\">Vanaf USB-poort<\/td>\n<\/tr>\n<tr>\n<td width=\"188\">Snelheid<\/td>\n<td width=\"295\">USB volledige snelheid (12 Mbps)<\/td>\n<\/tr>\n<tr>\n<td width=\"188\">Kabellengte<\/td>\n<td width=\"295\">2m, niet afneembaar<\/td>\n<\/tr>\n<tr>\n<td colspan=\"2\" width=\"483\">Contact Smart Card-interface<\/td>\n<\/tr>\n<tr>\n<td width=\"188\">Aantal slots<\/td>\n<td width=\"295\">1 kaartsleuf van volledige grootte<\/td>\n<\/tr>\n<tr>\n<td width=\"188\">Standaard<\/td>\n<td width=\"295\">ISO 7816 Klasse A, B, C (5 V, 3 V, 1,8 V)<\/td>\n<\/tr>\n<tr>\n<td width=\"188\">Protocol<\/td>\n<td width=\"295\">T=0; T=1<\/td>\n<\/tr>\n<tr>\n<td colspan=\"2\" width=\"483\">Contactloze smartcardinterface<\/td>\n<\/tr>\n<tr>\n<td width=\"188\">Standaard<\/td>\n<td width=\"295\">ISO 14443 Type A &amp; B, ISO 15693, MIFARE\u00ae, FeliCa<\/td>\n<\/tr>\n<tr>\n<td rowspan=\"4\" width=\"188\">Protocol<\/td>\n<td width=\"295\">ISO 14443-4-conforme kaart, T=CL<\/td>\n<\/tr>\n<tr>\n<td width=\"295\">ISO 15693<\/td>\n<\/tr>\n<tr>\n<td width=\"295\">MIFARE\u00ae Classic-kaart, T=CL<\/td>\n<\/tr>\n<tr>\n<td width=\"295\">FeliCa<\/td>\n<\/tr>\n<tr>\n<td colspan=\"2\" width=\"483\">SAM-kaartinterface<\/td>\n<\/tr>\n<tr>\n<td width=\"188\">Aantal slots<\/td>\n<td width=\"295\">1 standaard SIM-kaartsleuf<\/td>\n<\/tr>\n<tr>\n<td width=\"188\">Standaard<\/td>\n<td width=\"295\">ISO 7816 Klasse A (5V)<\/td>\n<\/tr>\n<tr>\n<td width=\"188\">Protocol<\/td>\n<td width=\"295\">T=0; T=1<\/td>\n<\/tr>\n<tr>\n<td colspan=\"2\" width=\"483\">Ingebouwde randapparatuur<\/td>\n<\/tr>\n<tr>\n<td width=\"188\">LED<\/td>\n<td width=\"295\">2 enkele kleuren: blauw en groen<\/td>\n<\/tr>\n<tr>\n<td width=\"188\">Zoemer<\/td>\n<td width=\"295\">Monotoon<\/td>\n<\/tr>\n<tr>\n<td colspan=\"2\" width=\"483\">Andere functies<\/td>\n<\/tr>\n<tr>\n<td rowspan=\"5\" width=\"188\">Andere functies<\/td>\n<td width=\"295\">Ondersteunde kaarttypen:<\/td>\n<\/tr>\n<tr>\n<td width=\"295\">ISO 14443 Type A &amp; B Delen 1-4,<\/td>\n<\/tr>\n<tr>\n<td width=\"295\">ISO 15693, MIFARE\u00ae, FeliCa, NFC-tags, SRI\/SRIX, CTS, Innovatron, Picopass, Topaz-kaart<\/td>\n<\/tr>\n<tr>\n<td width=\"295\">Andere NFC-functies:<\/td>\n<\/tr>\n<tr>\n<td width=\"295\">Smartcardlezer\/-schrijver, toetsenbordemulatie, kaartemulatie<\/td>\n<\/tr>\n<tr>\n<td width=\"188\">Firmware-upgrade<\/td>\n<td width=\"295\">Ondersteund<\/td>\n<\/tr>\n<tr>\n<td colspan=\"2\" width=\"483\">Certificeringen\/Compliance<\/td>\n<\/tr>\n<tr>\n<td rowspan=\"4\" width=\"188\">Certificeringen\/Compliance<\/td>\n<td width=\"295\">Certificeringen:<\/td>\n<\/tr>\n<tr>\n<td width=\"295\">IEC\/EN 62368, CE, FCC, UKCA, VCCI, RoHS, REACH, WEEE<\/td>\n<\/tr>\n<tr>\n<td width=\"295\">Nalevingen:<\/td>\n<\/tr>\n<tr>\n<td width=\"295\">USB-CCID, PC\/SC<\/td>\n<\/tr>\n<tr>\n<td colspan=\"2\" width=\"483\">Ondersteuning voor besturingssysteem van apparaatstuurprogramma<\/td>\n<\/tr>\n<tr>\n<td width=\"188\">Ondersteuning voor besturingssysteem van apparaatstuurprogramma<\/td>\n<td width=\"295\">Windows\u00ae, Linux\u00ae, macOS, Android\u2122, iOS\/iPadOS (16 of hoger)<\/td>\n<\/tr>\n<\/tbody>\n<\/table>\n<\/div>\n<\/li>\n<\/ul>","protected":false},"excerpt":{"rendered":"<p>De ACR1581U is een snelle NFC-smartcardlezer die NFC en ISO\/IEC 15693\uff0c14443 ondersteunt.<\/p>","protected":false},"featured_media":1605,"template":"","meta":[],"product_brand":[],"product_cat":[45,40],"product_tag":[],"class_list":{"0":"post-1603","1":"product","2":"type-product","3":"status-publish","4":"has-post-thumbnail","6":"product_cat-contactless-nfc-reader","7":"product_cat-rfid-nfc-reader","9":"first","10":"instock","11":"shipping-taxable","12":"product-type-simple"},"_links":{"self":[{"href":"https:\/\/nfc-readers.com\/nl\/wp-json\/wp\/v2\/product\/1603","targetHints":{"allow":["GET"]}}],"collection":[{"href":"https:\/\/nfc-readers.com\/nl\/wp-json\/wp\/v2\/product"}],"about":[{"href":"https:\/\/nfc-readers.com\/nl\/wp-json\/wp\/v2\/types\/product"}],"wp:featuredmedia":[{"embeddable":true,"href":"https:\/\/nfc-readers.com\/nl\/wp-json\/wp\/v2\/media\/1605"}],"wp:attachment":[{"href":"https:\/\/nfc-readers.com\/nl\/wp-json\/wp\/v2\/media?parent=1603"}],"wp:term":[{"taxonomy":"product_brand","embeddable":true,"href":"https:\/\/nfc-readers.com\/nl\/wp-json\/wp\/v2\/product_brand?post=1603"},{"taxonomy":"product_cat","embeddable":true,"href":"https:\/\/nfc-readers.com\/nl\/wp-json\/wp\/v2\/product_cat?post=1603"},{"taxonomy":"product_tag","embeddable":true,"href":"https:\/\/nfc-readers.com\/nl\/wp-json\/wp\/v2\/product_tag?post=1603"}],"curies":[{"name":"wp","href":"https:\/\/api.w.org\/{rel}","templated":true}]}}