{"id":2133,"date":"2024-04-22T03:16:50","date_gmt":"2024-04-22T03:16:50","guid":{"rendered":"https:\/\/nfc-readers.com\/?post_type=product&#038;p=2133"},"modified":"2024-09-24T06:04:13","modified_gmt":"2024-09-24T06:04:13","slug":"silicone-rfid-nfc-wristbands","status":"publish","type":"product","link":"https:\/\/nfc-readers.com\/nl\/ic-reader\/silicone-rfid-nfc-wristbands\/","title":{"rendered":"Siliconen RFID NFC-polsbandjes"},"content":{"rendered":"<table width=\"476\">\n<tbody>\n<tr style=\"font-style: inherit; font-weight: inherit;\">\n<td style=\"font-style: inherit;\" width=\"187\"><span style=\"font-style: inherit; font-weight: inherit;\" data-spm-anchor-id=\"a2700.details.0.i62.23d334f5zYksZe\">Product<\/span><\/td>\n<td style=\"font-style: inherit;\" width=\"289\"><span style=\"font-style: inherit; font-weight: inherit;\">\u00a0RFID siliconen polsbandje\u00a0<\/span><\/td>\n<\/tr>\n<tr style=\"font-style: inherit; font-weight: inherit;\">\n<td style=\"font-style: inherit;\" width=\"187\"><span style=\"font-style: inherit; font-weight: inherit;\">\u00a0Materiaal\u00a0<\/span><\/td>\n<td style=\"font-style: inherit;\" width=\"289\"><span style=\"font-style: inherit; font-weight: inherit;\">\u00a0Siliconen<\/span><\/td>\n<\/tr>\n<tr style=\"font-style: inherit; font-weight: inherit;\">\n<td style=\"font-style: inherit;\" width=\"187\"><span style=\"font-style: inherit; font-weight: inherit;\">\u00a0Maat<\/span><\/td>\n<td style=\"font-style: inherit;\" width=\"289\"><span style=\"font-style: inherit; font-weight: inherit;\">\u00a0Op maat gemaakt<\/span><\/td>\n<\/tr>\n<tr style=\"font-style: inherit; font-weight: inherit;\">\n<td style=\"font-style: inherit;\" width=\"187\"><span style=\"font-style: inherit; font-weight: inherit;\">\u00a0Kleur<\/span><\/td>\n<td style=\"font-style: inherit;\" width=\"289\"><span style=\"font-style: inherit; font-weight: inherit;\">\u00a0Blauw\/rood\/zwart\/wit\/geel\/grijs\/groen\/roze, etc., of aangepast<\/span><\/td>\n<\/tr>\n<tr style=\"font-style: inherit; font-weight: inherit;\">\n<td style=\"font-style: inherit;\" width=\"187\"><span style=\"font-style: inherit; font-weight: inherit;\">\u00a0Protocol<\/span><\/td>\n<td width=\"289\"><span style=\"font-style: inherit; font-weight: inherit;\">\u00a0ISO14443A, ISO15693<\/span><\/td>\n<\/tr>\n<tr style=\"font-style: inherit; font-weight: inherit;\">\n<td style=\"font-style: inherit;\" width=\"187\"><span style=\"font-style: inherit; font-weight: inherit;\">\u00a0HF-chip (13,56 MHz)\u00a0<\/span><\/td>\n<td style=\"font-style: inherit;\" width=\"289\"><span style=\"font-style: inherit; font-weight: inherit;\">\u00a0FM11RF08, S50, S70, M1K, NFC TAG213\/216 enz.<\/span><\/td>\n<\/tr>\n<tr style=\"font-style: inherit; font-weight: inherit;\">\n<td style=\"font-style: inherit;\" rowspan=\"4\" width=\"187\"><span style=\"font-style: inherit; font-weight: inherit;\">\u00a0Ambacht<\/span><\/td>\n<td style=\"font-style: inherit;\" width=\"289\"><span style=\"font-style: inherit; font-weight: inherit;\">\u00a0Afdrukken aanpassen<\/span><\/td>\n<\/tr>\n<tr>\n<td width=\"289\"><span style=\"font-style: inherit; font-weight: inherit;\">\u00a0Codeerservice beschikbaar<\/span><\/td>\n<\/tr>\n<tr>\n<td width=\"289\">\u00a0Laser\/printen UID of serienummer op kaart<\/td>\n<\/tr>\n<tr>\n<td width=\"289\">\u00a0UID en serienummer kunnen in Excel-formaat worden verstrekt<\/td>\n<\/tr>\n<tr style=\"font-style: inherit; font-weight: inherit;\">\n<td style=\"font-style: inherit;\" width=\"187\"><span style=\"font-style: inherit; font-weight: inherit;\">\u00a0Functies<\/span><\/td>\n<td style=\"font-style: inherit;\" width=\"289\"><span style=\"font-style: inherit; font-weight: inherit;\">\u00a0Gemakkelijk te dragen en te gebruiken, hoge prestaties, lage kosten, milieuvriendelijk, niet-giftig<\/span><\/td>\n<\/tr>\n<tr style=\"font-style: inherit; font-weight: inherit;\">\n<td style=\"font-style: inherit;\" width=\"187\"><span style=\"font-style: inherit; font-weight: inherit;\">\u00a0Sollicitatie\u00a0<\/span><\/td>\n<td style=\"font-style: inherit;\" width=\"289\"><span style=\"font-style: inherit; font-weight: inherit;\">\u00a0Breed toepasbaar op feesten, sportevenementen, in de sportschool, in restaurants, bij marathons etc., als toegangscontrole en betaling<\/span><\/td>\n<\/tr>\n<\/tbody>\n<\/table>\n<div>Siliconen RFID-polsbandjes<\/div>\n<div><\/div>\n<div>RFID-POLSBANDJES VOOR RV-PARKEN EN CAMPINGS Veilig gemak. Gebruik RFID-polsbandjes op uw RV-park of camping om veilige toegangscontrole tot verschillende delen van uw terrein mogelijk te maken en een cashless-eigendom te cre\u00ebren waar alles met \u00e9\u00e9n tik wordt afgehandeld. Cashless aankopen.<\/div>\n<div><\/div>\n<div>RFID-polsbandjes voor Family Entertainment Centers. Gebruik onze RFID-polsbandjes voor veilige debit-, NFC- en POS-transacties in Family Entertainment Centers, speelhallen, casino&#039;s en gamingcentra.<\/div>\n<div><\/div>\n<div>Voor elke toepassing. Gebruik onze waterdichte siliconen RFID-polsbandjes overal: in de sportschool, bij het zwembad, in de spa, in het waterpark of in het hotel. Betaal voor eten, diensten en voorzieningen met \u00e9\u00e9n tik op ons systeem of op uw POS-terminal. Siliconen RFID-polsbandjes zijn ook geschikt voor RFID-toegangscontrole, vergrendeling en personeelsbewaking in uw gebouw, kantoor, laboratorium of magazijn.<\/div>\n<div><\/div>\n<div><img loading=\"lazy\" decoding=\"async\" class=\"alignnone wp-image-2134\" src=\"https:\/\/nfc-readers.com\/wp-content\/uploads\/2024\/04\/H41cec2b20d6746e4bf71ea249b81ff01N-300x246.jpg\" alt=\"\" width=\"525\" height=\"431\" srcset=\"https:\/\/nfc-readers.com\/wp-content\/uploads\/2024\/04\/H41cec2b20d6746e4bf71ea249b81ff01N-300x246.jpg 300w, https:\/\/nfc-readers.com\/wp-content\/uploads\/2024\/04\/H41cec2b20d6746e4bf71ea249b81ff01N-1024x839.jpg 1024w, https:\/\/nfc-readers.com\/wp-content\/uploads\/2024\/04\/H41cec2b20d6746e4bf71ea249b81ff01N-768x629.jpg 768w, https:\/\/nfc-readers.com\/wp-content\/uploads\/2024\/04\/H41cec2b20d6746e4bf71ea249b81ff01N-1536x1258.jpg 1536w, https:\/\/nfc-readers.com\/wp-content\/uploads\/2024\/04\/H41cec2b20d6746e4bf71ea249b81ff01N-2048x1678.jpg 2048w, https:\/\/nfc-readers.com\/wp-content\/uploads\/2024\/04\/H41cec2b20d6746e4bf71ea249b81ff01N-600x491.jpg 600w\" sizes=\"auto, (max-width: 525px) 100vw, 525px\" \/><\/div>\n<div><img loading=\"lazy\" decoding=\"async\" class=\"alignnone wp-image-2135\" src=\"https:\/\/nfc-readers.com\/wp-content\/uploads\/2024\/04\/HTB1OdAhDr9YBuNjy0Fgq6AxcXXaH-300x300.jpg\" alt=\"\" width=\"527\" height=\"527\" srcset=\"https:\/\/nfc-readers.com\/wp-content\/uploads\/2024\/04\/HTB1OdAhDr9YBuNjy0Fgq6AxcXXaH-300x300.jpg 300w, https:\/\/nfc-readers.com\/wp-content\/uploads\/2024\/04\/HTB1OdAhDr9YBuNjy0Fgq6AxcXXaH-150x150.jpg 150w, https:\/\/nfc-readers.com\/wp-content\/uploads\/2024\/04\/HTB1OdAhDr9YBuNjy0Fgq6AxcXXaH-600x600.jpg 600w, https:\/\/nfc-readers.com\/wp-content\/uploads\/2024\/04\/HTB1OdAhDr9YBuNjy0Fgq6AxcXXaH-100x100.jpg 100w, https:\/\/nfc-readers.com\/wp-content\/uploads\/2024\/04\/HTB1OdAhDr9YBuNjy0Fgq6AxcXXaH.jpg 750w\" sizes=\"auto, (max-width: 527px) 100vw, 527px\" \/><\/div>\n<div><\/div>\n<div>\n<p>Veelgestelde vragen:<\/p>\n<p><strong>1. KUNT U ONS ENKELE STALEN AANBIEDEN?<\/strong><\/p>\n<p>Zodra we duidelijk weten welke producten u nodig hebt, kunnen we u vergelijkbare bestaande monsters ter referentie aanbieden.<\/p>\n<p>Gratis monster bij betaalde verzendkosten.<\/p>\n<p>Als u een aangepast labelmonster nodig hebt op basis van uw ontwerp en vereisten, dan worden er redelijke monsterkosten in rekening gebracht.<\/p>\n<p>&nbsp;<\/p>\n<p><strong>2. WIJ ZIJN GEEN DESKUNDIGE KOPER VAN UW TECHNOLOGIE. WELKE INFORMATIE HEBT U VAN ONS NODIG OM EEN OFFERTE TE KUNNEN UITBRENGEN?<\/strong><\/p>\n<p>Beste vriend, laat ons duidelijk weten wat de toepassing van de tag is, welk doel u wilt bereiken,<\/p>\n<p>Wij stellen u het geschikte product voor tegen een goede prijs<\/p>\n<p>&nbsp;<\/p>\n<p><strong>3. KUNNEN WIJ UW FABRIEK BEZOEKEN?<\/strong><\/p>\n<p>Ja, ik verwelkom u van harte met uw fabriekstour. En het is een eer om uw gids te zijn tijdens uw reis door China.<\/p>\n<p>&nbsp;<\/p>\n<\/div>\n<p>&nbsp;<\/p>","protected":false},"excerpt":{"rendered":"<p>RFID-polsbandjes van siliconen met NFC-chiptechnologie maken contactloze identificatie mogelijk voor ticketverkoop, toegangscontrole en evenementenbeheer.<\/p>","protected":false},"featured_media":2136,"template":"","meta":[],"product_brand":[],"product_cat":[50],"product_tag":[],"class_list":{"0":"post-2133","1":"product","2":"type-product","3":"status-publish","4":"has-post-thumbnail","6":"product_cat-silicone-rfid-nfc-wristbands","8":"first","9":"instock","10":"shipping-taxable","11":"product-type-simple"},"_links":{"self":[{"href":"https:\/\/nfc-readers.com\/nl\/wp-json\/wp\/v2\/product\/2133","targetHints":{"allow":["GET"]}}],"collection":[{"href":"https:\/\/nfc-readers.com\/nl\/wp-json\/wp\/v2\/product"}],"about":[{"href":"https:\/\/nfc-readers.com\/nl\/wp-json\/wp\/v2\/types\/product"}],"wp:featuredmedia":[{"embeddable":true,"href":"https:\/\/nfc-readers.com\/nl\/wp-json\/wp\/v2\/media\/2136"}],"wp:attachment":[{"href":"https:\/\/nfc-readers.com\/nl\/wp-json\/wp\/v2\/media?parent=2133"}],"wp:term":[{"taxonomy":"product_brand","embeddable":true,"href":"https:\/\/nfc-readers.com\/nl\/wp-json\/wp\/v2\/product_brand?post=2133"},{"taxonomy":"product_cat","embeddable":true,"href":"https:\/\/nfc-readers.com\/nl\/wp-json\/wp\/v2\/product_cat?post=2133"},{"taxonomy":"product_tag","embeddable":true,"href":"https:\/\/nfc-readers.com\/nl\/wp-json\/wp\/v2\/product_tag?post=2133"}],"curies":[{"name":"wp","href":"https:\/\/api.w.org\/{rel}","templated":true}]}}