{"id":2732,"date":"2024-10-07T08:34:31","date_gmt":"2024-10-07T08:34:31","guid":{"rendered":"https:\/\/nfc-readers.com\/?post_type=product&#038;p=2732"},"modified":"2024-10-28T14:32:27","modified_gmt":"2024-10-28T14:32:27","slug":"nfc-reader-writer-support-apple-pay-and-google-vas","status":"publish","type":"product","link":"https:\/\/nfc-readers.com\/nl\/ic-reader\/nfc-reader-writer-support-apple-pay-and-google-vas\/","title":{"rendered":"NFC Reader Writer ondersteunt Apple Pay en Google VAS"},"content":{"rendered":"<div class=\"auto-hide-last-sibling-br paragraph_1252f paragraph-element\">\n<h1>NFC Reader Writer ondersteunt Apple Pay en Google VAS<\/h1>\n<p>Ga naar de\u00a0<strong>NFC-lezer<\/strong>, een geavanceerd stukje technologie dat is ontworpen om contactloze transacties te verbeteren en toegangscontrole te stroomlijnen met onge\u00ebvenaarde effici\u00ebntie. Of u nu uw transacties sneller wilt maken, de beveiliging wilt verbeteren of gewoon uw technologie wilt upgraden, een NFC-lezer is een essentieel hulpmiddel in uw arsenaal. Met de mogelijkheid om te lezen en schrijven\u00a0<strong>NFC-tags<\/strong>\u00a0en kaarten, inclusief populaire formaten zoals\u00a0<strong>MIFARE<\/strong>, dit apparaat loopt voorop als het gaat om innovatieve betaaloplossingen.<\/p>\n<h2>Voordelen van het kiezen van de NFC-lezer<\/h2>\n<p>Investeren in een NFC Reader is niet zomaar een aankoop; het is een upgrade van uw betalingsmogelijkheden die talloze voordelen biedt. Allereerst verbetert het de beveiliging door\u00a0<strong>contactloos<\/strong>\u00a0betalingen, waardoor het risico dat gepaard gaat met contante transacties wordt verminderd. Het is ook ontworpen voor gebruiksgemak, met een eenvoudig installatieproces dat via USB verbinding kan maken met een breed scala aan apparaten, waardoor integratie met uw bestaande systemen mogelijk is. Het compacte en draagbare ontwerp zorgt ervoor dat u uw NFC-mogelijkheid overal mee naartoe kunt nemen, waardoor het ideaal is voor zowel handelaren als particulieren.<\/p>\n<h3>1.\u00a0<strong>Uitgebreide NFC-ondersteuning<\/strong><\/h3>\n<p>De\u00a0<strong>NFC-lezer<\/strong>\u00a0ondersteunt meerdere NFC-functionaliteiten, waaronder Reader\/Writer Mode, Peer-to-Peer Mode en Card Emulation Mode. Deze veelzijdigheid zorgt voor compatibiliteit met verschillende transacties, van het lezen\u00a0<strong>NFC-kaarten<\/strong>\u00a0om mobiele betalingen te vergemakkelijken via\u00a0<strong>Google Betalen<\/strong>\u00a0En\u00a0<strong>Apple Betalen<\/strong>.<\/p>\n<h4>Lezer\/Schrijver-modus<\/h4>\n<p>Met de Reader\/Writer-modus kunnen gebruikers moeiteloos\u00a0<strong>lezen en schrijven<\/strong>\u00a0gegevens naar NFC-tags, waardoor het apparaat perfect is voor toepassingen in voorraadbeheer en marketingcampagnes.<\/p>\n<h4>Peer-to-peer-modus<\/h4>\n<p>Met de Peer-to-Peer-modus kunt u gegevens delen tussen twee NFC-apparaten. Hierdoor verlopen transacties en informatieoverdrachten naadloos, wat het gebruiksgemak voor gebruikers vergroot.<\/p>\n<h3>2.\u00a0<strong>Hoge compatibiliteitsnormen<\/strong><\/h3>\n<p>Deze NFC-lezer is compatibel met een breed scala aan smartcards, waaronder ISO 14443 Type A- en B-kaarten, waardoor het een universele oplossing is voor bedrijven die een\u00a0<strong>kaartlezer<\/strong>\u00a0voor meerdere kaarttypen.<\/p>\n<h4>Ondersteunt verschillende NFC-tags<\/h4>\n<p>Naast de ISO-normen ondersteunt het apparaat ook formaten als MIFARE\u00ae en FeliCa, waardoor vrijwel alle gebruikers uitgebreide ondersteuning krijgen.<\/p>\n<h4>USB-connectiviteit<\/h4>\n<p>Met een USB 2.0 high-speed interface kunt u de NFC-lezer eenvoudig verbinden met smartphones of tablets voor snelle gegevensoverdrachten: alles is direct klaar voor gebruik.\u00a0<strong>via USB<\/strong>.<\/p>\n<h3>3.\u00a0<strong>Robuuste beveiligingsfuncties<\/strong><\/h3>\n<p>Veiligheid is van het grootste belang voor elk transactieapparaat en de NFC-lezer blinkt uit door de ge\u00efntegreerde anti-botsingsfunctie, die ervoor zorgt dat er slechts \u00e9\u00e9n tag tegelijk wordt gelezen. Dit verkleint de kans op gegevensbeschadiging of fraude aanzienlijk.<\/p>\n<h4>Geavanceerde encryptie<\/h4>\n<p>De NFC-lezer ondersteunt verschillende encryptietechnieken voor veilige gegevensoverdracht, zodat gevoelige informatie tijdens het transactieproces beschermd blijft.<\/p>\n<h4>Gebruikerswaarschuwingen<\/h4>\n<p>Dankzij het door de gebruiker te regelen hoorbare waarschuwingssysteem kunnen gebruikers tijdens handelingen direct feedback ontvangen. Dit verbetert de bruikbaarheid en zorgt ervoor dat gebruikers op de hoogte zijn van succesvolle metingen.<\/p>\n<h3>4.\u00a0<strong>Milieu-impact<\/strong><\/h3>\n<p>Omdat bedrijven zich steeds bewuster worden van hun ecologische voetafdruk, is de NFC Reader ontworpen met duurzaamheid in gedachten. Het apparaat verbruikt minimaal vermogen en kan worden aangesloten op bestaande systemen zonder uitgebreide hardware-upgrades, waardoor afval wordt verminderd.<\/p>\n<h4>Effici\u00ebnt stroomgebruik<\/h4>\n<p>De NFC Reader werkt op 13,56 MHz en is energiezuinig, waardoor hij uitgebreid gebruikt kan worden zonder hoge elektriciteitskosten. Bedrijven kunnen deze technologie gebruiken zonder bang te hoeven zijn voor een toename van de energievraag.<\/p>\n<h3>5.\u00a0<strong>Gebruiksvriendelijk ontwerp<\/strong><\/h3>\n<p>De NFC Reader heeft een compact en strak design dat naadloos integreert in uw workflow. De door de gebruiker te bedienen tweekleurige LED biedt directe visuele feedback tijdens het gebruik, waardoor gebruikers effectief op de hoogte worden gebracht van de transactiestatus.<\/p>\n<h4>Draagbaarheid<\/h4>\n<p>Dankzij het lichte frame is het een ideale oplossing voor bedrijven die veel onderweg zijn, van winkels tot foodtrucks. Het kan overal waar nodig snel worden ingezet en is daardoor zeer effici\u00ebnt voor zowel tijdelijke als permanente installaties.<\/p>\n<h3>6.\u00a0<strong>Ecosysteemcompatibiliteit<\/strong><\/h3>\n<p>De NFC-lezer is compatibel met verschillende besturingssystemen, zoals Windows, Linux en Android, waardoor hij breed toepasbaar is in uiteenlopende omgevingen.<\/p>\n<h4>Eenvoudige integratie met gevestigde systemen<\/h4>\n<p>Verbeter uw bestaande POS-systemen met de NFC-lezer en profiteer tegelijkertijd van de compatibiliteit met veelgebruikte app-stores om relevante applicaties voor uw zakelijke behoeften te downloaden.<\/p>\n<\/div>\n<table width=\"559\">\n<tbody>\n<tr>\n<td colspan=\"2\" width=\"559\">Fysieke kenmerken<\/td>\n<\/tr>\n<tr>\n<td width=\"214\">Afmetingen (mm)<\/td>\n<td width=\"345\">98,0 mm (L) x 65,0 mm (B) x 12,8 mm (H)<\/td>\n<\/tr>\n<tr>\n<td width=\"214\">Gewicht (g)<\/td>\n<td width=\"345\">81 gram<\/td>\n<\/tr>\n<tr>\n<td colspan=\"2\" width=\"559\">USB-interface<\/td>\n<\/tr>\n<tr>\n<td width=\"214\">Protocol<\/td>\n<td width=\"345\">USB-CCID<\/td>\n<\/tr>\n<tr>\n<td width=\"214\">Aansluitingstype<\/td>\n<td width=\"345\">USB Type-A (ACR1252U-MW)<\/td>\n<\/tr>\n<tr>\n<td width=\"214\">Energiebron<\/td>\n<td width=\"345\">Vanaf USB-poort<\/td>\n<\/tr>\n<tr>\n<td width=\"214\">Snelheid<\/td>\n<td width=\"345\">USB volledige snelheid (12 Mbps)<\/td>\n<\/tr>\n<tr>\n<td width=\"214\">Kabellengte<\/td>\n<td width=\"345\">1,0 m, niet-afneembaar<\/td>\n<\/tr>\n<tr>\n<td colspan=\"2\" width=\"559\">Contactloze smartcardinterface<\/td>\n<\/tr>\n<tr>\n<td width=\"214\">Standaard<\/td>\n<td width=\"345\">ISO\/IEC 18092 NFC, ISO 14443 Type A &amp; B, MIFARE\u00ae, FeliCa<\/td>\n<\/tr>\n<tr>\n<td rowspan=\"4\" width=\"214\">Protocol<\/td>\n<td width=\"345\">ISO 14443-4-conforme kaart, T=CL<\/td>\n<\/tr>\n<tr>\n<td width=\"345\">MIFARE\u00ae Classic-kaart, T=CL<\/td>\n<\/tr>\n<tr>\n<td width=\"345\">ISO18092, NFC-tags<\/td>\n<\/tr>\n<tr>\n<td width=\"345\">FeliCa<\/td>\n<\/tr>\n<tr>\n<td colspan=\"2\" width=\"559\">Ingebouwde randapparatuur<\/td>\n<\/tr>\n<tr>\n<td width=\"214\">LED<\/td>\n<td width=\"345\">1 tweekleurig: Rood en Groen<\/td>\n<\/tr>\n<tr>\n<td width=\"214\">Zoemer<\/td>\n<td width=\"345\">Monotoon<\/td>\n<\/tr>\n<tr>\n<td colspan=\"2\" width=\"559\">Andere functies<\/td>\n<\/tr>\n<tr>\n<td width=\"214\">Firmware-upgrade<\/td>\n<td width=\"345\">Ondersteund<\/td>\n<\/tr>\n<tr>\n<td colspan=\"2\" width=\"559\">Certificeringen\/Compliance<\/td>\n<\/tr>\n<tr>\n<td rowspan=\"4\" width=\"214\">Certificeringen\/Compliance<\/td>\n<td width=\"345\">Certificeringen:<\/td>\n<\/tr>\n<tr>\n<td width=\"345\">Apple VAS, Google Smart Tap, NFC Forum-certificeringsmerk, IEC\/EN 62368, CE, FCC, UKCA, J-LIS, VCCI, TELEC, KC, BIS, RoHS, REACH, WEEE<\/td>\n<\/tr>\n<tr>\n<td width=\"345\">Nalevingen:<\/td>\n<\/tr>\n<tr>\n<td width=\"345\">USB-CCID, PC\/SC<\/td>\n<\/tr>\n<tr>\n<td colspan=\"2\" width=\"559\">Ondersteuning voor besturingssysteem van apparaatstuurprogramma<\/td>\n<\/tr>\n<tr>\n<td width=\"214\">Ondersteuning voor besturingssysteem van apparaatstuurprogramma<\/td>\n<td width=\"345\">Windows\u00ae, Linux\u00ae, macOS (in ontwikkeling), Android\u2122 (in ontwikkeling)<\/td>\n<\/tr>\n<\/tbody>\n<\/table>\n<h2>Klantbeoordelingen<\/h2>\n<blockquote><p>\u201cDe NFC Reader heeft de manier waarop we betalingen verwerken getransformeerd. Het is snel, veilig en ongelooflijk eenvoudig te integreren met onze bestaande systemen!\u201d \u2013\u00a0<strong>door James T.<\/strong>, Winkelmanager<\/p><\/blockquote>\n<blockquote><p>\u201cIk vind het geweldig hoe draagbaar deze NFC Reader is! Het is perfect voor mijn foodtruckbedrijf.\u201d \u2013\u00a0<strong>Sandra W.<\/strong>, Eigenaar van een klein bedrijf<\/p><\/blockquote>\n<h2>Veelgestelde vragen (FAQ&#039;s)<\/h2>\n<p><strong>1. Welke soorten kaarten kan de NFC-lezer lezen?<\/strong><br \/>\nDe NFC-lezer ondersteunt ISO 14443 Type A- en B-kaarten, MIFARE\u00ae, FeliCa en alle NFC-tags die voldoen aan de ISO\/IEC 18092-normen.<\/p>\n<p><strong>2. Is de NFC-lezer compatibel met smartphones?<\/strong><br \/>\nJa, u kunt de NFC-lezer eenvoudig via USB verbinden met de meeste smartphones, zodat u snel transacties kunt uitvoeren en gegevens kunt delen.<\/p>\n<p><strong>3. Kan ik de firmware updaten?<\/strong><br \/>\nJa, de NFC-lezer ondersteunt USB-firmware-updates, zodat u altijd over de nieuwste functies en beveiligingsupgrades beschikt.<\/p>\n<p><strong>4. Hoe ver kan ik NFC-tags lezen?<\/strong><br \/>\nDe NFC-lezer heeft een leesafstand tot 50 mm, afhankelijk van het type tag en de specifieke mogelijkheden ervan.<\/p>\n<hr \/>\n<p>Door te kiezen voor de NFC Reader investeert u niet alleen in een product; u kiest voor een slimmere manier van transacties. Of u het nu integreert voor persoonlijk gebruik of voor een bedrijf, de effici\u00ebntie, compatibiliteit en beveiliging van dit apparaat maken het echt onmisbaar. Ervaar de volgende generatie contactloze betalingen en ontdek vandaag nog welk verschil het kan maken in uw transacties!<\/p>","protected":false},"excerpt":{"rendered":"<div>NFC Reader Writer ondersteunt Apple Pay en Google VAS, goedgekeurd door VAS<strong>\u00a0Apple en Google VAS (Value Added Service) <\/strong> Dit apparaat, dat is gebaseerd op de protocollen van de grote spelers in de sector Apple en Google, maakt de weg vrij voor een revolutionaire vorm van kaartloos betalen door een breed scala aan digitale passen te ondersteunen, waaronder maar niet beperkt tot loyaliteitsprogramma&#039;s, toegangstickets en identificatiegegevens voor personen in zakelijke of onderwijsinstellingen op iOS- en Android-apparaten.<\/div>\n<div><\/div>","protected":false},"featured_media":2731,"template":"","meta":[],"product_brand":[],"product_cat":[45,40],"product_tag":[],"class_list":{"0":"post-2732","1":"product","2":"type-product","3":"status-publish","4":"has-post-thumbnail","6":"product_cat-contactless-nfc-reader","7":"product_cat-rfid-nfc-reader","9":"first","10":"instock","11":"shipping-taxable","12":"product-type-simple"},"_links":{"self":[{"href":"https:\/\/nfc-readers.com\/nl\/wp-json\/wp\/v2\/product\/2732","targetHints":{"allow":["GET"]}}],"collection":[{"href":"https:\/\/nfc-readers.com\/nl\/wp-json\/wp\/v2\/product"}],"about":[{"href":"https:\/\/nfc-readers.com\/nl\/wp-json\/wp\/v2\/types\/product"}],"wp:featuredmedia":[{"embeddable":true,"href":"https:\/\/nfc-readers.com\/nl\/wp-json\/wp\/v2\/media\/2731"}],"wp:attachment":[{"href":"https:\/\/nfc-readers.com\/nl\/wp-json\/wp\/v2\/media?parent=2732"}],"wp:term":[{"taxonomy":"product_brand","embeddable":true,"href":"https:\/\/nfc-readers.com\/nl\/wp-json\/wp\/v2\/product_brand?post=2732"},{"taxonomy":"product_cat","embeddable":true,"href":"https:\/\/nfc-readers.com\/nl\/wp-json\/wp\/v2\/product_cat?post=2732"},{"taxonomy":"product_tag","embeddable":true,"href":"https:\/\/nfc-readers.com\/nl\/wp-json\/wp\/v2\/product_tag?post=2732"}],"curies":[{"name":"wp","href":"https:\/\/api.w.org\/{rel}","templated":true}]}}